{"id":264731,"date":"2026-02-21T01:00:53","date_gmt":"2026-02-21T01:00:53","guid":{"rendered":"https:\/\/selcedu.com\/orientacao\/"},"modified":"2026-02-25T01:26:53","modified_gmt":"2026-02-25T01:26:53","slug":"orientacao","status":"publish","type":"page","link":"https:\/\/selcedu.com\/pt-br\/orientacao\/","title":{"rendered":"Orienta\u00e7\u00e3o"},"content":{"rendered":"<p>[et_pb_section fb_built=&#8221;1&#8243; next_background_color=&#8221;#ffffff&#8221; module_id=&#8221;material-carrossel&#8221; _builder_version=&#8221;4.23&#8243; background_color=&#8221;#f4f4f4&#8243; custom_margin=&#8221;-50px|||||&#8221; custom_padding=&#8221;||||false|false&#8221; bottom_divider_style=&#8221;asymmetric&#8221; bottom_divider_height=&#8221;113px&#8221; bottom_divider_height_tablet=&#8221;68px&#8221; bottom_divider_height_phone=&#8221;46px&#8221; bottom_divider_height_last_edited=&#8221;on|phone&#8221; collapsed=&#8221;on&#8221; global_colors_info=&#8221;{}&#8221;][et_pb_row column_structure=&#8221;3_5,2_5&#8243; _builder_version=&#8221;4.23.1&#8243; background_enable_color=&#8221;off&#8221; width=&#8221;90%&#8221; max_width=&#8221;90%&#8221; custom_margin=&#8221;100px||||false|false&#8221; custom_padding=&#8221;50px|50px|50px|50px|false|false&#8221; border_radii=&#8221;on|20px|20px|20px|20px&#8221; locked=&#8221;off&#8221; global_colors_info=&#8221;{}&#8221;][et_pb_column type=&#8221;3_5&#8243; _builder_version=&#8221;4.16&#8243; custom_padding=&#8221;|||&#8221; global_colors_info=&#8221;{}&#8221; custom_padding__hover=&#8221;|||&#8221;][et_pb_text _builder_version=&#8221;4.23.4&#8243; text_font_size=&#8221;20px&#8221; header_font=&#8221;Montserrat|700|||||||&#8221; header_text_color=&#8221;gcid-e2b196e6-c1cd-4d7c-835d-4f50d20de00c&#8221; header_font_size=&#8221;45px&#8221; header_letter_spacing=&#8221;3px&#8221; header_line_height=&#8221;140%&#8221; header_2_font=&#8221;Montserrat|700|||||||&#8221; header_2_text_color=&#8221;gcid-e2b196e6-c1cd-4d7c-835d-4f50d20de00c&#8221; header_2_font_size=&#8221;35px&#8221; header_2_line_height=&#8221;2em&#8221; header_3_font=&#8221;Montserrat||||||||&#8221; header_3_text_align=&#8221;center&#8221; header_3_text_color=&#8221;#312a29&#8243; header_3_font_size=&#8221;18px&#8221; header_3_line_height=&#8221;1.5em&#8221; custom_margin=&#8221;-6px||||false|false&#8221; custom_padding=&#8221;0px||||false|false&#8221; animation_direction=&#8221;right&#8221; text_font_size_tablet=&#8221;&#8221; text_font_size_phone=&#8221;14px&#8221; text_font_size_last_edited=&#8221;on|phone&#8221; header_font_size_tablet=&#8221;40px&#8221; header_font_size_phone=&#8221;24px&#8221; header_font_size_last_edited=&#8221;on|tablet&#8221; global_colors_info=&#8221;{%22gcid-e2b196e6-c1cd-4d7c-835d-4f50d20de00c%22:%91%22header_text_color%22,%22header_2_text_color%22,%22header_text_color%22%93,%22gcid-d0328ec1-b9c5-42bf-af93-bacd6777b9fa%22:%91%22text_text_color%22%93}&#8221;]<\/p>\n<p>Bem-vindo ao SELC College<\/p>\n<div class=\"et_pb_module et_pb_text et_pb_text_0 et_pb_text_align_left et_pb_bg_layout_light\">\n<div class=\"et_pb_text_inner\">\n<h1 id=\"StudentSupports\">Orienta\u00e7\u00e3o<\/h1>\n<\/div>\n<\/div>\n<p>[\/et_pb_text][et_pb_text _builder_version=&#8221;4.23.4&#8243; _module_preset=&#8221;default&#8221; text_font=&#8221;Montserrat|300|||||||&#8221; text_text_color=&#8221;#000000&#8243; text_font_size=&#8221;16px&#8221; text_line_height=&#8221;1.8em&#8221; global_colors_info=&#8221;{%22gcid-d0328ec1-b9c5-42bf-af93-bacd6777b9fa%22:%91%22header_3_text_color%22%93}&#8221;]<\/p>\n<p data-start=\"241\" data-end=\"487\">Bem-vindo \u00e0 <strong data-start=\"252\" data-end=\"268\">SELC College<\/strong>, onde come\u00e7a o seu futuro capacitado no Canad\u00e1. Temos o compromisso de oferecer educa\u00e7\u00e3o de alta qualidade, apoio vital\u00edcio ao aluno e programas focados na carreira, projetados para ajudar voc\u00ea a ter sucesso nos setores competitivos de hoje. <\/p>\n<p data-start=\"489\" data-end=\"808\">Com mais <strong data-start=\"499\" data-end=\"523\">de 25 programas de diploma<\/strong> nos setores de sa\u00fade, neg\u00f3cios, log\u00edstica, marketing e apoio \u00e0 comunidade, a SELC oferece <strong data-start=\"622\" data-end=\"666\">experi\u00eancias de aprendizado em sala de aula e on-line<\/strong>. Nossos alunos se beneficiam do suporte ao idioma ingl\u00eas, atualiza\u00e7\u00e3o de cursos, assist\u00eancia para coloca\u00e7\u00e3o em empregos, microcredenciais e oportunidades de coopera\u00e7\u00e3o. <\/p>\n<p data-start=\"810\" data-end=\"1070\">Na SELC, mantemos um ambiente de aprendizado seguro, respeitoso e inclusivo. Espera-se que os alunos sigam o C\u00f3digo de Conduta da faculdade, mantenham pelo menos <strong data-start=\"966\" data-end=\"984\">80% de frequ\u00eancia<\/strong>, alcancem um <strong data-start=\"996\" data-end=\"1025\">m\u00ednimo de 60% de aprova\u00e7\u00e3o<\/strong> e mantenham a integridade acad\u00eamica em todos os momentos. <\/p>\n<p data-start=\"1072\" data-end=\"1189\">Estamos aqui para apoiar voc\u00ea &#8211; desde o seu primeiro dia de aula at\u00e9 a formatura e al\u00e9m. Vamos construir seu futuro juntos. <\/p>\n<p>[\/et_pb_text][\/et_pb_column][et_pb_column type=&#8221;2_5&#8243; _builder_version=&#8221;4.16&#8243; custom_padding=&#8221;|||&#8221; global_colors_info=&#8221;{}&#8221; custom_padding__hover=&#8221;|||&#8221;][et_pb_image src=&#8221;https:\/\/selcedu.com\/wp-content\/uploads\/2024\/12\/about-selc-college.jpg&#8221; alt=&#8221;sobre a selc college em vancouver&#8221; title_text=&#8221;sobre-selc-college&#8221; _builder_version=&#8221;4.27.4&#8243; _module_preset=&#8221;default&#8221; border_radii=&#8221;on|20px|20px|20px|20px&#8221; global_colors_info=&#8221;{}&#8221;][\/et_pb_image][\/et_pb_column][\/et_pb_row][\/et_pb_section][et_pb_section fb_built=&#8221;1&#8243; _builder_version=&#8221;4.23.1&#8243; _module_preset=&#8221;default&#8221; global_colors_info=&#8221;{}&#8221;][et_pb_row _builder_version=&#8221;4.27.4&#8243; _module_preset=&#8221;default&#8221; global_colors_info=&#8221;{}&#8221;][et_pb_column type=&#8221;4_4&#8243; _builder_version=&#8221;4.27.4&#8243; _module_preset=&#8221;default&#8221; global_colors_info=&#8221;{}&#8221;][et_pb_accordion _builder_version=&#8221;4.27.4&#8243; _module_preset=&#8221;default&#8221; hover_enabled=&#8221;0&#8243; global_colors_info=&#8221;{}&#8221; sticky_enabled=&#8221;0&#8243;][et_pb_accordion_item title=&#8221;Suporte ao aluno e contatos&#8221; open=&#8221;on&#8221; _builder_version=&#8221;4.27.4&#8243; _module_preset=&#8221;default&#8221; hover_enabled=&#8221;0&#8243; global_colors_info=&#8221;{}&#8221; sticky_enabled=&#8221;0&#8243;]<\/p>\n<p>Nossa Equipe de Servi\u00e7os ao Aluno est\u00e1 aqui para ajudar com preocupa\u00e7\u00f5es acad\u00eamicas, frequ\u00eancia, mudan\u00e7as de programa e assuntos estudantis.<\/p>\n<p>studentservice@selcedu.com<br \/>Para consultas gerais: info@selcedu.com<\/p>\n<p>[\/et_pb_accordion_item][et_pb_accordion_item title=&#8221;Pol\u00edtica acad\u00eamica e de frequ\u00eancia&#8221; _builder_version=&#8221;4.27.4&#8243; _module_preset=&#8221;default&#8221; global_colors_info=&#8221;{}&#8221; open=&#8221;off&#8221;]<\/p>\n<ul>\n<li data-start=\"1508\" data-end=\"1547\">\n<p data-start=\"1510\" data-end=\"1547\">\u00c9 necess\u00e1rio um m\u00ednimo de <strong data-start=\"1518\" data-end=\"1536\">80% de presen\u00e7a<\/strong> <\/p>\n<\/li>\n<li data-start=\"1548\" data-end=\"1574\">\n<p data-start=\"1550\" data-end=\"1574\">Nota de aprova\u00e7\u00e3o: <strong data-start=\"1565\" data-end=\"1572\">60%<\/strong>.<\/p>\n<\/li>\n<li data-start=\"1575\" data-end=\"1610\">\n<p data-start=\"1577\" data-end=\"1610\">Chegadas tardias afetam a frequ\u00eancia<\/p>\n<\/li>\n<li data-start=\"1611\" data-end=\"1760\">\n<p data-start=\"1613\" data-end=\"1760\">Os exames s\u00f3 podem ser reagendados com a devida documenta\u00e7\u00e3o<br data-start=\"1668\" data-end=\"1671\">O n\u00e3o cumprimento dos requisitos de frequ\u00eancia pode resultar na retomada do curso e em taxas adicionais.<\/p>\n<\/li>\n<\/ul>\n<p>[\/et_pb_accordion_item][et_pb_accordion_item title=&#8221;C\u00f3digo de Conduta e Integridade Acad\u00eamica&#8221; _builder_version=&#8221;4.27.4&#8243; _module_preset=&#8221;default&#8221; global_colors_info=&#8221;{}&#8221; open=&#8221;off&#8221;]<\/p>\n<ul>\n<li data-start=\"1814\" data-end=\"1848\">\n<p data-start=\"1816\" data-end=\"1848\">Respeitar todos os alunos e funcion\u00e1rios<\/p>\n<\/li>\n<li data-start=\"1849\" data-end=\"1892\">\n<p data-start=\"1851\" data-end=\"1892\">Sem abuso f\u00edsico, verbal ou emocional<\/p>\n<\/li>\n<li data-start=\"1893\" data-end=\"1935\">\n<p data-start=\"1895\" data-end=\"1935\">Sem \u00e1lcool ou subst\u00e2ncias que alterem o humor<\/p>\n<\/li>\n<li data-start=\"1936\" data-end=\"2047\">\n<p data-start=\"1938\" data-end=\"2047\">Toler\u00e2ncia zero para trapa\u00e7as e pl\u00e1gios<br data-start=\"1980\" data-end=\"1983\">A SELC segue uma <strong data-start=\"2005\" data-end=\"2022\">regra<\/strong> r\u00edgida de <strong data-start=\"2005\" data-end=\"2022\">tr\u00eas ataques<\/strong> para desonestidade acad\u00eamica.<\/p>\n<\/li>\n<\/ul>\n<p>[\/et_pb_accordion_item][et_pb_accordion_item title=&#8221;Educa\u00e7\u00e3o a dist\u00e2ncia (EAD)&#8221; _builder_version=&#8221;4.27.4&#8243; _module_preset=&#8221;default&#8221; global_colors_info=&#8221;{}&#8221; open=&#8221;off&#8221;]<\/p>\n<p>Cada semana inclui:<br data-start=\"2107\" data-end=\"2110\">\ud83d\udd52 16 horas em sala de aula<br data-start=\"2130\" data-end=\"2133\">\ud83d\udcbb 4 horas de educa\u00e7\u00e3o a dist\u00e2ncia (atividades on-line)<br data-start=\"2182\" data-end=\"2185\">Os envios de educa\u00e7\u00e3o a dist\u00e2ncia devem ser conclu\u00eddos dentro do prazo. Os envios atrasados ou incompletos receber\u00e3o zero de participa\u00e7\u00e3o nas horas de EAD. <\/p>\n<p>[\/et_pb_accordion_item][et_pb_accordion_item title=&#8221;Pagamentos e informa\u00e7\u00f5es financeiras&#8221; _builder_version=&#8221;4.27.4&#8243; _module_preset=&#8221;default&#8221; global_colors_info=&#8221;{}&#8221; open=&#8221;off&#8221;]<\/p>\n<ul data-start=\"2345\" data-end=\"2557\">\n<li data-start=\"2345\" data-end=\"2413\">\n<p data-start=\"2347\" data-end=\"2413\">O pagamento inicial e a primeira parcela devem ser pagos antes ou no primeiro dia<\/p>\n<\/li>\n<li data-start=\"2414\" data-end=\"2459\">\n<p data-start=\"2416\" data-end=\"2459\">As parcelas vencem no dia 15 do m\u00eas<\/p>\n<\/li>\n<li data-start=\"2460\" data-end=\"2485\">\n<p data-start=\"2462\" data-end=\"2485\">Taxa de atraso no pagamento: US$ 50<\/p>\n<\/li>\n<li data-start=\"2486\" data-end=\"2557\">\n<p data-start=\"2488\" data-end=\"2557\">V\u00e1rias op\u00e7\u00f5es de pagamento dispon\u00edveis (transfer\u00eancia eletr\u00f4nica, PayMyTuition, etc.)<\/p>\n<\/li>\n<\/ul>\n<p data-start=\"2559\" data-end=\"2636\">Os alunos devem manter suas contas em situa\u00e7\u00e3o regular para manter o acesso ao portal.<\/p>\n<p>[\/et_pb_accordion_item][et_pb_accordion_item title=&#8221;Suporte a cooperativas e carreiras&#8221; _builder_version=&#8221;4.27.4&#8243; _module_preset=&#8221;default&#8221; global_colors_info=&#8221;{}&#8221; open=&#8221;off&#8221;]<\/p>\n<p data-start=\"2676\" data-end=\"2809\">Oferecemos:<br data-start=\"2687\" data-end=\"2690\">\u2714 Revis\u00e3o do curr\u00edculo e da carta de apresenta\u00e7\u00e3o<br data-start=\"2720\" data-end=\"2723\">\u2714 Prepara\u00e7\u00e3o para a entrevista<br data-start=\"2746\" data-end=\"2749\">\u2714 Suporte para correspond\u00eancia de emprego e inscri\u00e7\u00e3o<br data-start=\"2782\" data-end=\"2785\">\u2714 Monitoramento da coloca\u00e7\u00e3o<\/p>\n<p data-start=\"2811\" data-end=\"2843\">Contato: <a data-start=\"2820\" data-end=\"2841\" class=\"decorated-link cursor-pointer\" rel=\"noopener\">placement@selcedu.com<\/a><\/p>\n<p>[\/et_pb_accordion_item][\/et_pb_accordion][\/et_pb_column][\/et_pb_row][\/et_pb_section][et_pb_section fb_built=&#8221;1&#8243; fullwidth=&#8221;on&#8221; _builder_version=&#8221;4.27.4&#8243; _module_preset=&#8221;default&#8221; global_colors_info=&#8221;{}&#8221;][\/et_pb_section][et_pb_section fb_built=&#8221;1&#8243; prev_background_color=&#8221;#ffffff&#8221; _builder_version=&#8221;4.23.4&#8243; _module_preset=&#8221;default&#8221; background_color=&#8221;#f2f2f2&#8243; custom_padding=&#8221;||1px|||&#8221; top_divider_style=&#8221;mountains&#8221; global_colors_info=&#8221;{}&#8221;][\/et_pb_section]<\/p>\n","protected":false},"excerpt":{"rendered":"<p>Bem-vindo ao SELC College Orienta\u00e7\u00e3o Bem-vindo \u00e0 SELC College, onde come\u00e7a o seu futuro capacitado no Canad\u00e1. Temos o compromisso de oferecer educa\u00e7\u00e3o de alta qualidade, apoio vital\u00edcio ao aluno e programas focados na carreira, projetados para ajudar voc\u00ea a ter sucesso nos setores competitivos de hoje. Com mais de 25 programas de diploma nos [&hellip;]<\/p>\n","protected":false},"author":22,"featured_media":263757,"parent":0,"menu_order":0,"comment_status":"closed","ping_status":"closed","template":"","meta":{"_et_pb_use_builder":"on","_et_pb_old_content":"","_et_gb_content_width":"","inline_featured_image":false,"footnotes":""},"class_list":["post-264731","page","type-page","status-publish","has-post-thumbnail","hentry"],"_links":{"self":[{"href":"https:\/\/selcedu.com\/pt-br\/wp-json\/wp\/v2\/pages\/264731","targetHints":{"allow":["GET"]}}],"collection":[{"href":"https:\/\/selcedu.com\/pt-br\/wp-json\/wp\/v2\/pages"}],"about":[{"href":"https:\/\/selcedu.com\/pt-br\/wp-json\/wp\/v2\/types\/page"}],"author":[{"embeddable":true,"href":"https:\/\/selcedu.com\/pt-br\/wp-json\/wp\/v2\/users\/22"}],"replies":[{"embeddable":true,"href":"https:\/\/selcedu.com\/pt-br\/wp-json\/wp\/v2\/comments?post=264731"}],"version-history":[{"count":29,"href":"https:\/\/selcedu.com\/pt-br\/wp-json\/wp\/v2\/pages\/264731\/revisions"}],"predecessor-version":[{"id":264897,"href":"https:\/\/selcedu.com\/pt-br\/wp-json\/wp\/v2\/pages\/264731\/revisions\/264897"}],"wp:featuredmedia":[{"embeddable":true,"href":"https:\/\/selcedu.com\/pt-br\/wp-json\/wp\/v2\/media\/263757"}],"wp:attachment":[{"href":"https:\/\/selcedu.com\/pt-br\/wp-json\/wp\/v2\/media?parent=264731"}],"curies":[{"name":"wp","href":"https:\/\/api.w.org\/{rel}","templated":true}]}}