{"id":263791,"date":"2025-09-17T18:53:04","date_gmt":"2025-09-17T18:53:04","guid":{"rendered":"https:\/\/selcedu.com\/263791-2\/"},"modified":"2025-09-17T18:53:59","modified_gmt":"2025-09-17T18:53:59","slug":"263791-2","status":"publish","type":"page","link":"https:\/\/selcedu.com\/pt-br\/263791-2\/","title":{"rendered":""},"content":{"rendered":"<p>[et_pb_section fb_built=&#8221;1&#8243; next_background_color=&#8221;#ffffff&#8221; module_id=&#8221;material-carrossel&#8221; _builder_version=&#8221;4.23&#8243; background_color=&#8221;#f4f4f4&#8243; custom_margin=&#8221;-50px|||||&#8221; custom_padding=&#8221;||||false|false&#8221; bottom_divider_style=&#8221;asymmetric&#8221; bottom_divider_height=&#8221;113px&#8221; bottom_divider_height_tablet=&#8221;68px&#8221; bottom_divider_height_phone=&#8221;46px&#8221; bottom_divider_height_last_edited=&#8221;on|phone&#8221; collapsed=&#8221;on&#8221; global_colors_info=&#8221;{}&#8221; theme_builder_area=&#8221;post_content&#8221;][et_pb_row _builder_version=&#8221;4.27.4&#8243; background_enable_color=&#8221;off&#8221; width=&#8221;90%&#8221; max_width=&#8221;90%&#8221; custom_margin=&#8221;100px||||false|false&#8221; custom_padding=&#8221;50px|50px|50px|50px|false|false&#8221; hover_enabled=&#8221;0&#8243; border_radii=&#8221;on|20px|20px|20px|20px&#8221; locked=&#8221;off&#8221; global_colors_info=&#8221;{}&#8221; theme_builder_area=&#8221;post_content&#8221; sticky_enabled=&#8221;0&#8243;][et_pb_column type=&#8221;4_4&#8243; _builder_version=&#8221;4.16&#8243; custom_padding=&#8221;|||&#8221; global_colors_info=&#8221;{}&#8221; custom_padding__hover=&#8221;|||&#8221; theme_builder_area=&#8221;post_content&#8221;][et_pb_text _builder_version=&#8221;4.27.4&#8243; text_font_size=&#8221;20px&#8221; header_font=&#8221;Montserrat|700|||||||&#8221; header_text_color=&#8221;gcid-e2b196e6-c1cd-4d7c-835d-4f50d20de00c&#8221; header_font_size=&#8221;45px&#8221; header_letter_spacing=&#8221;3px&#8221; header_line_height=&#8221;140%&#8221; header_2_font=&#8221;Montserrat|700|||||||&#8221; header_2_text_color=&#8221;gcid-e2b196e6-c1cd-4d7c-835d-4f50d20de00c&#8221; header_2_font_size=&#8221;35px&#8221; header_2_line_height=&#8221;2em&#8221; header_3_font=&#8221;Montserrat||||||||&#8221; header_3_text_align=&#8221;center&#8221; header_3_text_color=&#8221;#312a29&#8243; header_3_font_size=&#8221;18px&#8221; header_3_line_height=&#8221;1.5em&#8221; custom_margin=&#8221;-6px||||false|false&#8221; custom_padding=&#8221;0px||||false|false&#8221; animation_direction=&#8221;right&#8221; hover_enabled=&#8221;0&#8243; text_font_size_tablet=&#8221;&#8221; text_font_size_phone=&#8221;14px&#8221; text_font_size_last_edited=&#8221;on|phone&#8221; header_font_size_tablet=&#8221;40px&#8221; header_font_size_phone=&#8221;24px&#8221; header_font_size_last_edited=&#8221;on|tablet&#8221; global_colors_info=&#8221;{%22gcid-e2b196e6-c1cd-4d7c-835d-4f50d20de00c%22:%91%22header_text_color%22,%22header_2_text_color%22,%22header_text_color%22%93,%22gcid-d0328ec1-b9c5-42bf-af93-bacd6777b9fa%22:%91%22text_text_color%22%93}&#8221; theme_builder_area=&#8221;post_content&#8221; sticky_enabled=&#8221;0&#8243;]<\/p>\n<h1>Aux\u00edlio estudantil BC<\/h1>\n<p>[\/et_pb_text][et_pb_text _builder_version=&#8221;4.23.4&#8243; _module_preset=&#8221;default&#8221; text_font=&#8221;Montserrat|300|||||||&#8221; text_text_color=&#8221;#000000&#8243; text_font_size=&#8221;16px&#8221; text_line_height=&#8221;1.8em&#8221; global_colors_info=&#8221;{%22gcid-d0328ec1-b9c5-42bf-af93-bacd6777b9fa%22:%91%22header_3_text_color%22%93}&#8221; theme_builder_area=&#8221;post_content&#8221;]<\/p>\n<p>Invista em seu futuro no Granville College! Quer voc\u00ea esteja em Vancouver ou Surrey, oferecemos programas de diploma e treinamento para equip\u00e1-lo para uma carreira gratificante. Entendemos a import\u00e2ncia da acessibilidade financeira, e \u00e9 por isso que o Granville College \u00e9 uma institui\u00e7\u00e3o designada pelo StudentAidBC. Essa designa\u00e7\u00e3o permite que nossos alunos explorem op\u00e7\u00f5es de ajuda financeira, como subs\u00eddios e empr\u00e9stimos, por meio do StudentAidBC, tornando sua educa\u00e7\u00e3o uma realidade mais vi\u00e1vel. Nossa equipe dedicada est\u00e1 aqui para orient\u00e1-lo no processo de inscri\u00e7\u00e3o, garantindo que voc\u00ea tenha os recursos necess\u00e1rios para ter sucesso. N\u00e3o deixe que as barreiras financeiras impe\u00e7am voc\u00ea de estudar &#8211; entre em contato com o Granville College hoje mesmo e d\u00ea o primeiro passo em dire\u00e7\u00e3o ao seu futuro!     <\/p>\n<p>[\/et_pb_text][\/et_pb_column][\/et_pb_row][\/et_pb_section][et_pb_section fb_built=&#8221;1&#8243; _builder_version=&#8221;4.23.1&#8243; _module_preset=&#8221;default&#8221; global_colors_info=&#8221;{}&#8221; theme_builder_area=&#8221;post_content&#8221;][et_pb_row _builder_version=&#8221;4.27.4&#8243; _module_preset=&#8221;default&#8221; theme_builder_area=&#8221;post_content&#8221; module_alignment=&#8221;right&#8221; custom_margin=&#8221;||||false|false&#8221; hover_enabled=&#8221;0&#8243; sticky_enabled=&#8221;0&#8243;][et_pb_column _builder_version=&#8221;4.27.4&#8243; _module_preset=&#8221;default&#8221; type=&#8221;4_4&#8243; theme_builder_area=&#8221;post_content&#8221;][et_pb_image src=&#8221;https:\/\/selcedu.com\/wp-content\/uploads\/2025\/09\/Student-Aid-BC.png&#8221; _builder_version=&#8221;4.27.4&#8243; _module_preset=&#8221;default&#8221; theme_builder_area=&#8221;post_content&#8221; title_text=&#8221;Ajuda ao estudante-BC&#8221; hover_enabled=&#8221;0&#8243; sticky_enabled=&#8221;0&#8243;][\/et_pb_image][\/et_pb_column][\/et_pb_row][et_pb_row _builder_version=&#8221;4.27.4&#8243; _module_preset=&#8221;default&#8221; theme_builder_area=&#8221;post_content&#8221; module_alignment=&#8221;right&#8221; hover_enabled=&#8221;0&#8243; sticky_enabled=&#8221;0&#8243;][et_pb_column _builder_version=&#8221;4.27.4&#8243; _module_preset=&#8221;default&#8221; type=&#8221;4_4&#8243; theme_builder_area=&#8221;post_content&#8221;][et_pb_button button_text=&#8221;Descubra sua elegibilidade&#8221; _builder_version=&#8221;4.27.4&#8243; _module_preset=&#8221;default&#8221; theme_builder_area=&#8221;post_content&#8221; button_url=&#8221;https:\/\/studentaidbc.ca\/apply\/eligibility&#8221; url_new_window=&#8221;on&#8221; custom_button=&#8221;on&#8221; button_text_color=&#8221;#FFFFFF&#8221; button_bg_color=&#8221;#f15a28&#8243; button_bg_enable_color=&#8221;on&#8221; button_border_radius=&#8221;35px&#8221; button_font=&#8221;||||||||&#8221; custom_padding=&#8221;10px|20px|10px|20px|false|false&#8221; hover_enabled=&#8221;0&#8243; sticky_enabled=&#8221;0&#8243;][\/et_pb_button][et_pb_button button_text=&#8221;Verifique a designa\u00e7\u00e3o de sua escola&#8221; _builder_version=&#8221;4.27.4&#8243; _module_preset=&#8221;default&#8221; theme_builder_area=&#8221;post_content&#8221; button_url=&#8221;https:\/\/studentaidbc.ca\/apply\/eligibility#school&#8221; url_new_window=&#8221;on&#8221; custom_button=&#8221;on&#8221; button_text_color=&#8221;#FFFFFF&#8221; button_bg_color=&#8221;#f15a28&#8243; button_bg_enable_color=&#8221;on&#8221; button_border_radius=&#8221;35px&#8221; button_font=&#8221;||||||||&#8221; custom_padding=&#8221;10px|20px|10px|20px|false|false&#8221; hover_enabled=&#8221;0&#8243; sticky_enabled=&#8221;0&#8243;][\/et_pb_button][et_pb_button button_text=&#8221;Como solicitar um empr\u00e9stimo&#8221; _builder_version=&#8221;4.27.4&#8243; _module_preset=&#8221;default&#8221; theme_builder_area=&#8221;post_content&#8221; button_url=&#8221;https:\/\/studentaidbc.ca\/apply\/how-to-apply&#8221; url_new_window=&#8221;on&#8221; custom_button=&#8221;on&#8221; button_text_color=&#8221;#FFFFFF&#8221; button_bg_color=&#8221;#f15a28&#8243; button_bg_enable_color=&#8221;on&#8221; button_border_radius=&#8221;35px&#8221; button_font=&#8221;||||||||&#8221; custom_padding=&#8221;10px|20px|10px|20px|false|false&#8221; hover_enabled=&#8221;0&#8243; sticky_enabled=&#8221;0&#8243;][\/et_pb_button][\/et_pb_column][\/et_pb_row][\/et_pb_section]<\/p>\n","protected":false},"excerpt":{"rendered":"<p>Aux\u00edlio estudantil BCInvista em seu futuro no Granville College! Quer voc\u00ea esteja em Vancouver ou Surrey, oferecemos programas de diploma e treinamento para equip\u00e1-lo para uma carreira gratificante. Entendemos a import\u00e2ncia da acessibilidade financeira, e \u00e9 por isso que o Granville College \u00e9 uma institui\u00e7\u00e3o designada pelo StudentAidBC. Essa designa\u00e7\u00e3o permite que nossos alunos explorem [&hellip;]<\/p>\n","protected":false},"author":22,"featured_media":0,"parent":0,"menu_order":0,"comment_status":"closed","ping_status":"closed","template":"","meta":{"_et_pb_use_builder":"on","_et_pb_old_content":"","_et_gb_content_width":"","inline_featured_image":false,"footnotes":""},"class_list":["post-263791","page","type-page","status-publish","hentry"],"_links":{"self":[{"href":"https:\/\/selcedu.com\/pt-br\/wp-json\/wp\/v2\/pages\/263791","targetHints":{"allow":["GET"]}}],"collection":[{"href":"https:\/\/selcedu.com\/pt-br\/wp-json\/wp\/v2\/pages"}],"about":[{"href":"https:\/\/selcedu.com\/pt-br\/wp-json\/wp\/v2\/types\/page"}],"author":[{"embeddable":true,"href":"https:\/\/selcedu.com\/pt-br\/wp-json\/wp\/v2\/users\/22"}],"replies":[{"embeddable":true,"href":"https:\/\/selcedu.com\/pt-br\/wp-json\/wp\/v2\/comments?post=263791"}],"version-history":[{"count":6,"href":"https:\/\/selcedu.com\/pt-br\/wp-json\/wp\/v2\/pages\/263791\/revisions"}],"predecessor-version":[{"id":263806,"href":"https:\/\/selcedu.com\/pt-br\/wp-json\/wp\/v2\/pages\/263791\/revisions\/263806"}],"wp:attachment":[{"href":"https:\/\/selcedu.com\/pt-br\/wp-json\/wp\/v2\/media?parent=263791"}],"curies":[{"name":"wp","href":"https:\/\/api.w.org\/{rel}","templated":true}]}}