{"id":262541,"date":"2025-04-23T19:44:51","date_gmt":"2025-04-23T19:44:51","guid":{"rendered":"https:\/\/selcedu.com\/262541-2\/"},"modified":"2025-04-23T21:47:45","modified_gmt":"2025-04-23T21:47:45","slug":"262541-2","status":"publish","type":"page","link":"https:\/\/selcedu.com\/pt-br\/cursos-de-microcredenciais\/262541-2\/","title":{"rendered":"Curso de Fundamentos de Ci\u00eancias Gerenciais"},"content":{"rendered":"<p>[et_pb_section fb_built=&#8221;1&#8243; admin_label=&#8221;Header&#8221; _builder_version=&#8221;4.27.4&#8243; _module_preset=&#8221;default&#8221; background_color=&#8221;gcid-610d28dd-eb23-4fae-b502-62f0b357c8fd&#8221; background_enable_image=&#8221;off&#8221; locked=&#8221;off&#8221; collapsed=&#8221;off&#8221; global_colors_info=&#8221;{%22gcid-610d28dd-eb23-4fae-b502-62f0b357c8fd%22:%91%22background_color%22%93}&#8221;][et_pb_row column_structure=&#8221;2_3,1_3&#8243; _builder_version=&#8221;4.24.2&#8243; _module_preset=&#8221;default&#8221; max_width=&#8221;1280px&#8221; global_colors_info=&#8221;{}&#8221;][et_pb_column type=&#8221;2_3&#8243; _builder_version=&#8221;4.22.0&#8243; _module_preset=&#8221;default&#8221; global_colors_info=&#8221;{}&#8221;][et_pb_text _builder_version=&#8221;4.27.4&#8243; _module_preset=&#8221;18a8b8ad-7159-4d56-a941-2e384af3eb47&#8243; text_font=&#8221;Montserrat||||||||&#8221; text_text_color=&#8221;gcid-e2b196e6-c1cd-4d7c-835d-4f50d20de00c&#8221; text_font_size=&#8221;22px&#8221; text_line_height=&#8221;2.1em&#8221; header_font=&#8221;Montserrat|700|||||||&#8221; header_font_size=&#8221;72px&#8221; custom_margin=&#8221;||10px||false|false&#8221; custom_padding=&#8221;|||0px||&#8221; global_colors_info=&#8221;{%22gcid-e2b196e6-c1cd-4d7c-835d-4f50d20de00c%22:%91%22text_text_color%22%93}&#8221;]<\/p>\n<p>Obtenha suas microcredenciais em contabilidade financeira<\/p>\n<h1>Curso de Fundamentos de Ci\u00eancias Gerenciais (MNGS)<\/h1>\n<p>[\/et_pb_text][et_pb_text _builder_version=&#8221;4.27.4&#8243; _module_preset=&#8221;8e1fe94f-1b15-4785-a94b-2770014e4a9c&#8221; text_font=&#8221;Montserrat||||||||&#8221; global_colors_info=&#8221;{}&#8221;]<\/p>\n<p>Este curso apresenta a ci\u00eancia da administra\u00e7\u00e3o como o uso de modelos matem\u00e1ticos e ferramentas de computa\u00e7\u00e3o para informar a tomada de decis\u00f5es no mundo real e aumentar a efici\u00eancia organizacional. Os alunos aprendem os conceitos b\u00e1sicos de sistemas e gerenciamento de informa\u00e7\u00f5es, coletam e analisam dados estrat\u00e9gicos com software e colaboram para apresentar as percep\u00e7\u00f5es de forma clara. O curr\u00edculo abrange t\u00e9cnicas de gerenciamento de projetos e opera\u00e7\u00f5es &#8211; usando modelos de rede CPM e PERT para planejar e cronometrar projetos &#8211; e estruturas de tomada de decis\u00e3o que combinam julgamento gerencial com m\u00e9todos quantitativos.  <\/p>\n<p>As abordagens tradicionais de previs\u00e3o, incluindo an\u00e1lise de s\u00e9ries temporais e regress\u00e3o, capacitam os alunos a antecipar condi\u00e7\u00f5es futuras, enquanto os m\u00e9todos de gerenciamento de estoque e opera\u00e7\u00f5es fornecem ferramentas pr\u00e1ticas para otimizar recursos e orientar decis\u00f5es cotidianas. Ao longo do curso, a \u00eanfase no pensamento conceitual, no trabalho em equipe e na comunica\u00e7\u00e3o eficaz prepara os alunos para aplicar essas t\u00e9cnicas em diversos contextos comerciais. <\/p>\n<p>[\/et_pb_text][\/et_pb_column][et_pb_column type=&#8221;1_3&#8243; _builder_version=&#8221;4.22.0&#8243; _module_preset=&#8221;default&#8221; background_color=&#8221;#FFFFFF&#8221; custom_padding=&#8221;30px|30px|30px|30px|true|true&#8221; custom_padding_tablet=&#8221;30px|30px|30px|30px|true|true&#8221; custom_padding_phone=&#8221;20px|20px|20px|20px|true|true&#8221; custom_padding_last_edited=&#8221;on|phone&#8221; border_radii=&#8221;on|10px|10px|10px|10px&#8221; box_shadow_style=&#8221;preset4&#8243; box_shadow_horizontal=&#8221;0px&#8221; box_shadow_vertical=&#8221;60px&#8221; box_shadow_blur=&#8221;90px&#8221; box_shadow_color=&#8221;rgba(0,0,0,0.08)&#8221; global_colors_info=&#8221;{}&#8221;][et_pb_text _builder_version=&#8221;4.27.4&#8243; _module_preset=&#8221;e2378707-7b0a-48a2-ac5d-437dd3c1a165&#8243; text_font=&#8221;Montserrat||||||||&#8221; header_2_font=&#8221;Montserrat|700|||||||&#8221; custom_margin=&#8221;||10px||false|false&#8221; locked=&#8221;off&#8221; global_colors_info=&#8221;{}&#8221;]<\/p>\n<h2>O que est\u00e1 inclu\u00eddo<\/h2>\n<p>[\/et_pb_text][et_pb_blurb use_icon=&#8221;on&#8221; font_icon=&#8221;&#xf1c8;||fa||900&#8243; icon_color=&#8221;#ed591e&#8221; _builder_version=&#8221;4.27.4&#8243; _module_preset=&#8221;f7206702-2454-4456-8b9d-c16365833bb0&#8243; body_font=&#8221;Montserrat||||||||&#8221; body_text_color=&#8221;#000000&#8243; body_font_size=&#8221;17px&#8221; locked=&#8221;off&#8221; global_colors_info=&#8221;{%22gcid-eba9b965-b9f9-43f5-b7e8-a0591766089f%22:%91%22icon_color%22%93,%22gcid-e2b196e6-c1cd-4d7c-835d-4f50d20de00c%22:%91%22icon_color%22%93}&#8221;]<\/p>\n<p>Sess\u00e3o on-line e em sala de aula<\/p>\n<p>[\/et_pb_blurb][et_pb_blurb use_icon=&#8221;on&#8221; font_icon=&#8221;&#xf133;||fa||900&#8243; icon_color=&#8221;#ed591e&#8221; _builder_version=&#8221;4.27.4&#8243; _module_preset=&#8221;f7206702-2454-4456-8b9d-c16365833bb0&#8243; body_font=&#8221;Montserrat||||||||&#8221; body_text_color=&#8221;#000000&#8243; body_font_size=&#8221;17px&#8221; max_width=&#8221;1280px&#8221; locked=&#8221;off&#8221; global_colors_info=&#8221;{%22gcid-eba9b965-b9f9-43f5-b7e8-a0591766089f%22:%91%22icon_color%22,%22icon_color%22%93,%22gcid-e2b196e6-c1cd-4d7c-835d-4f50d20de00c%22:%91%22icon_color%22%93}&#8221;]<\/p>\n<p>3 semanas de estudo<\/p>\n<p>[\/et_pb_blurb][et_pb_blurb use_icon=&#8221;on&#8221; font_icon=&#8221;&#xf2f2;||fa||900&#8243; icon_color=&#8221;#ed591e&#8221; _builder_version=&#8221;4.27.4&#8243; _module_preset=&#8221;f7206702-2454-4456-8b9d-c16365833bb0&#8243; body_font=&#8221;Montserrat||||||||&#8221; body_text_color=&#8221;#000000&#8243; body_font_size=&#8221;17px&#8221; max_width=&#8221;1280px&#8221; locked=&#8221;off&#8221; global_colors_info=&#8221;{%22gcid-eba9b965-b9f9-43f5-b7e8-a0591766089f%22:%91%22icon_color%22,%22icon_color%22%93,%22gcid-e2b196e6-c1cd-4d7c-835d-4f50d20de00c%22:%91%22icon_color%22%93}&#8221;]<\/p>\n<p>60 horas de aulas<\/p>\n<p>[\/et_pb_blurb][et_pb_text _builder_version=&#8221;4.27.4&#8243; _module_preset=&#8221;21364c9c-f84f-4ddb-9c78-0367e33a9fa1&#8243; text_font=&#8221;Montserrat|700|||||||&#8221; text_font_size=&#8221;19px&#8221; custom_margin=&#8221;||0px||false|false&#8221; locked=&#8221;off&#8221; global_colors_info=&#8221;{}&#8221;]<\/p>\n<p>Programa\u00e7\u00e3o<\/p>\n<p>[\/et_pb_text][et_pb_text _builder_version=&#8221;4.27.4&#8243; _module_preset=&#8221;ddcf3654-05a8-4812-b3c1-3d9d7f8d77ec&#8221; text_font=&#8221;Montserrat||||||||&#8221; locked=&#8221;off&#8221; global_colors_info=&#8221;{}&#8221;]<\/p>\n<p>TBA<\/p>\n<p>[\/et_pb_text][et_pb_button button_url=&#8221;https:\/\/selcedu.com\/pt-br\/formulario-de-inscricao-on-line\/&#8221; url_new_window=&#8221;on&#8221; button_text=&#8221;Inscreva-se agora&#8221; _builder_version=&#8221;4.27.4&#8243; _module_preset=&#8221;06363a6c-4f96-40c1-8d7b-b91f71cedcbe&#8221; button_bg_color=&#8221;gcid-e2b196e6-c1cd-4d7c-835d-4f50d20de00c&#8221; button_border_radius=&#8221;15px&#8221; button_font=&#8221;Montserrat|700|||||||&#8221; locked=&#8221;off&#8221; global_colors_info=&#8221;{%22gcid-e2b196e6-c1cd-4d7c-835d-4f50d20de00c%22:%91%22button_bg_color%22%93}&#8221;][\/et_pb_button][\/et_pb_column][\/et_pb_row][\/et_pb_section][et_pb_section fb_built=&#8221;1&#8243; admin_label=&#8221;Course Chapters&#8221; _builder_version=&#8221;4.22.0&#8243; _module_preset=&#8221;default&#8221; collapsed=&#8221;off&#8221; global_colors_info=&#8221;{}&#8221;][et_pb_row column_structure=&#8221;1_3,2_3&#8243; _builder_version=&#8221;4.22.0&#8243; _module_preset=&#8221;default&#8221; max_width=&#8221;1280px&#8221; global_colors_info=&#8221;{}&#8221;][et_pb_column type=&#8221;1_3&#8243; _builder_version=&#8221;4.22.0&#8243; _module_preset=&#8221;default&#8221; global_colors_info=&#8221;{}&#8221;][et_pb_image src=&#8221;https:\/\/selcedu.com\/wp-content\/uploads\/2025\/04\/01-finance-student.jpg&#8221; alt=&#8221;microcredencial para a primeira inf\u00e2ncia&#8221; title_text=&#8221;01-estudante de finan\u00e7as&#8221; _builder_version=&#8221;4.27.4&#8243; _module_preset=&#8221;default&#8221; global_colors_info=&#8221;{}&#8221;][\/et_pb_image][\/et_pb_column][et_pb_column type=&#8221;2_3&#8243; _builder_version=&#8221;4.22.0&#8243; _module_preset=&#8221;default&#8221; global_colors_info=&#8221;{}&#8221;][et_pb_text _builder_version=&#8221;4.27.4&#8243; _module_preset=&#8221;e2378707-7b0a-48a2-ac5d-437dd3c1a165&#8243; text_font=&#8221;Montserrat||||||||&#8221; text_font_size=&#8221;15px&#8221; text_line_height=&#8221;1.8em&#8221; header_2_font=&#8221;Montserrat|700|||||||&#8221; header_2_text_color=&#8221;gcid-e2b196e6-c1cd-4d7c-835d-4f50d20de00c&#8221; header_2_line_height=&#8221;1.9em&#8221; custom_margin=&#8221;||30px||false|false&#8221; locked=&#8221;off&#8221; global_colors_info=&#8221;{%22gcid-e2b196e6-c1cd-4d7c-835d-4f50d20de00c%22:%91%22header_2_text_color%22%93}&#8221;]<\/p>\n<h2>Objetivos de aprendizado para o curso Fundamentos de Marketing e Pesquisa<\/h2>\n<p>[\/et_pb_text][et_pb_text _builder_version=&#8221;4.27.4&#8243; _module_preset=&#8221;e2378707-7b0a-48a2-ac5d-437dd3c1a165&#8243; text_font=&#8221;Montserrat||||||||&#8221; text_text_color=&#8221;#000000&#8243; text_font_size=&#8221;16px&#8221; text_line_height=&#8221;1.9em&#8221; locked=&#8221;off&#8221; global_colors_info=&#8221;{%22gcid-e2b196e6-c1cd-4d7c-835d-4f50d20de00c%22:%91%22header_2_text_color%22%93}&#8221;]Os alunos come\u00e7am dominando a abordagem da ci\u00eancia da administra\u00e7\u00e3o para a solu\u00e7\u00e3o de problemas, participando da tomada de decis\u00f5es com v\u00e1rios crit\u00e9rios, tanto individualmente quanto em equipes, e realizando an\u00e1lises estat\u00edsticas e de probabilidade. Eles exploram m\u00e9todos b\u00e1sicos de previs\u00e3o &#8211; s\u00e9ries temporais, regress\u00e3o e qualitativa &#8211; e aprendem os principais elementos do gerenciamento de projetos, incluindo planejamento, programa\u00e7\u00e3o, controle e supervis\u00e3o de equipes de projeto. <\/p>\n<p>A partir dessa base, os alunos aplicam modelos de rede populares e t\u00e9cnicas de fluxo de rede a uma variedade de problemas, criam e seguem gr\u00e1ficos de Gantt e PERT e utilizam componentes de tomada de decis\u00e3o no gerenciamento de opera\u00e7\u00f5es. Eles tamb\u00e9m realizam an\u00e1lises de estoque nos est\u00e1gios de fabrica\u00e7\u00e3o e preveem a demanda em horizontes de curto, m\u00e9dio e longo prazo. <\/p>\n<p>Por fim, os alunos identificam problemas adequados \u00e0 programa\u00e7\u00e3o linear, formulam-nos como modelos matem\u00e1ticos e os resolvem usando t\u00e9cnicas estabelecidas e software para PC. Eles distinguem entre formas de programa\u00e7\u00e3o linear inteiras e cont\u00ednuas e desenvolvem habilidades de trabalho em equipe e colabora\u00e7\u00e3o para analisar problemas e implementar solu\u00e7\u00f5es de forma eficaz.[\/et_pb_text][\/et_pb_column][\/et_pb_row][\/et_pb_section][et_pb_section fb_built=&#8221;1&#8243; next_background_color=&#8221;#ffffff&#8221; module_id=&#8221;material-carrossel&#8221; _builder_version=&#8221;4.23.1&#8243; background_color=&#8221;#f4f4f4&#8243; custom_margin=&#8221;-50px|||||&#8221; custom_padding=&#8221;||125px||false|false&#8221; bottom_divider_style=&#8221;asymmetric&#8221; bottom_divider_height=&#8221;113px&#8221; bottom_divider_height_tablet=&#8221;68px&#8221; bottom_divider_height_phone=&#8221;46px&#8221; bottom_divider_height_last_edited=&#8221;on|phone&#8221; scroll_vertical_motion=&#8221;0|59|59|100|4|0|-4&#8243; locked=&#8221;off&#8221; collapsed=&#8221;on&#8221; global_colors_info=&#8221;{}&#8221;][et_pb_row column_structure=&#8221;1_2,1_2&#8243; _builder_version=&#8221;4.23.1&#8243; _module_preset=&#8221;default&#8221; max_width=&#8221;1945px&#8221; global_colors_info=&#8221;{}&#8221;][et_pb_column type=&#8221;1_2&#8243; _builder_version=&#8221;4.23.1&#8243; _module_preset=&#8221;default&#8221; global_colors_info=&#8221;{}&#8221;][et_pb_text _builder_version=&#8221;4.27.4&#8243; text_font_size=&#8221;20px&#8221; header_font=&#8221;Montserrat|700|||||||&#8221; header_text_color=&#8221;gcid-e2b196e6-c1cd-4d7c-835d-4f50d20de00c&#8221; header_font_size=&#8221;45px&#8221; header_letter_spacing=&#8221;3px&#8221; header_line_height=&#8221;140%&#8221; header_2_font=&#8221;Montserrat|700|||||||&#8221; header_2_text_color=&#8221;gcid-e2b196e6-c1cd-4d7c-835d-4f50d20de00c&#8221; header_2_font_size=&#8221;35px&#8221; header_2_line_height=&#8221;2em&#8221; header_3_font=&#8221;Montserrat||||||||&#8221; header_3_text_align=&#8221;center&#8221; header_3_text_color=&#8221;#312a29&#8243; header_3_font_size=&#8221;18px&#8221; header_3_line_height=&#8221;1.5em&#8221; custom_margin=&#8221;-6px||||false|false&#8221; custom_padding=&#8221;0px||||false|false&#8221; animation_direction=&#8221;right&#8221; text_font_size_tablet=&#8221;&#8221; text_font_size_phone=&#8221;14px&#8221; text_font_size_last_edited=&#8221;on|phone&#8221; header_font_size_tablet=&#8221;40px&#8221; header_font_size_phone=&#8221;24px&#8221; header_font_size_last_edited=&#8221;on|tablet&#8221; global_colors_info=&#8221;{%22gcid-e2b196e6-c1cd-4d7c-835d-4f50d20de00c%22:%91%22header_text_color%22,%22header_2_text_color%22,%22header_text_color%22%93,%22gcid-d0328ec1-b9c5-42bf-af93-bacd6777b9fa%22:%91%22text_text_color%22%93}&#8221;]<\/p>\n<h2>Requisitos de admiss\u00e3o<\/h2>\n<p>[\/et_pb_text][et_pb_text _builder_version=&#8221;4.27.4&#8243; _module_preset=&#8221;default&#8221; text_text_color=&#8221;gcid-d0328ec1-b9c5-42bf-af93-bacd6777b9fa&#8221; text_font_size=&#8221;15px&#8221; global_colors_info=&#8221;{%22gcid-d0328ec1-b9c5-42bf-af93-bacd6777b9fa%22:%91%22header_3_text_color%22,%22text_text_color%22%93}&#8221;]Ao considerar a inscri\u00e7\u00e3o no curso Fundamentals of Management Sciences, os futuros alunos devem estar cientes dos requisitos espec\u00edficos de admiss\u00e3o destinados a garantir uma experi\u00eancia educacional bem-sucedida e enriquecedora.<\/p>\n<p><strong>Este curso foi aprovado pelo PTIRU.<\/strong>[\/et_pb_text][\/et_pb_column][et_pb_column type=&#8221;1_2&#8243; _builder_version=&#8221;4.23.1&#8243; _module_preset=&#8221;default&#8221; global_colors_info=&#8221;{}&#8221;][et_pb_accordion open_toggle_text_color=&#8221;gcid-e2b196e6-c1cd-4d7c-835d-4f50d20de00c&#8221; closed_toggle_text_color=&#8221;#FFFFFF&#8221; closed_toggle_background_color=&#8221;gcid-e2b196e6-c1cd-4d7c-835d-4f50d20de00c&#8221; toggle_icon=&#8221;&#x22;||divi||400&#8243; icon_color=&#8221;#FFFFFF&#8221; use_icon_font_size=&#8221;on&#8221; icon_font_size=&#8221;24px&#8221; _builder_version=&#8221;4.27.4&#8243; _module_preset=&#8221;default&#8221; toggle_level=&#8221;h3&#8243; toggle_font=&#8221;Montserrat||||||||&#8221; toggle_font_size=&#8221;18px&#8221; closed_toggle_font=&#8221;Montserrat||||||||&#8221; body_font=&#8221;Montserrat||||||||&#8221; body_font_size=&#8221;16px&#8221; hover_enabled=&#8221;0&#8243; border_radii=&#8221;on|10px|10px|10px|10px&#8221; global_colors_info=&#8221;{%22gcid-e2b196e6-c1cd-4d7c-835d-4f50d20de00c%22:%91%22closed_toggle_background_color%22,%22open_toggle_text_color%22%93}&#8221; sticky_enabled=&#8221;0&#8243;][et_pb_accordion_item title=&#8221;Requisitos de idioma&#8221; open=&#8221;on&#8221; _builder_version=&#8221;4.27.4&#8243; _module_preset=&#8221;default&#8221; body_font=&#8221;Montserrat||||||||&#8221; hover_enabled=&#8221;0&#8243; global_colors_info=&#8221;{}&#8221; toggle_level=&#8221;h3&#8243; toggle_font=&#8221;Montserrat||||||||&#8221; sticky_enabled=&#8221;0&#8243;]<\/p>\n<p><span>&#8211; IELTS: 6<\/span><br \/><span>&#8211; Duolingo: 95<\/span><br \/><span>&#8211; TOEFL (IBT): 75<\/span><br \/><span>&#8211; Cambridge: FCE<\/span><br \/><span>&#8211; CELPIP: 7<\/span><br \/><span>&#8211; Cael: 50<\/span><br \/><span>&#8211; PTE: 46<\/span><br \/><span>&#8211; Cambridge Linguaskill: N\u00edvel B2<\/span><br \/><span>&#8211; LanguageCert Acad\u00eamico: N\u00edvel B2<\/span><br \/><span>&#8211; Teste de ingl\u00eas de Michigan: N\u00edvel B2<\/span><br \/><span>&#8211; iTEP Acad\u00eamico: 3,5<\/span><br \/><span>&#8211; EIKEN: S\u00e9rie Pr\u00e9-1<\/span><br \/><span>&#8211; SELC: EAP N\u00edvel 3 &#8211; nota m\u00ednima de 75%<\/span><\/p>\n<p>[\/et_pb_accordion_item][et_pb_accordion_item title=&#8221;Outros requisitos de admiss\u00e3o&#8221; _builder_version=&#8221;4.27.4&#8243; _module_preset=&#8221;default&#8221; global_colors_info=&#8221;{}&#8221; open=&#8221;off&#8221;]<\/p>\n<ul>\n<li>Comprovante de cidadania canadense ou de resid\u00eancia permanente para estudantes nacionais<\/li>\n<li>Os candidatos devem ter 18 anos de idade ou mais e ter conclu\u00eddo o ensino m\u00e9dio e\/ou iniciado os estudos p\u00f3s-secund\u00e1rios OU ter alcan\u00e7ado o status de estudante maduro: 19 anos de idade, ter conclu\u00eddo o ensino m\u00e9dio h\u00e1 pelo menos um ano e ter experi\u00eancia m\u00ednima de 100 horas no setor de programas.<\/li>\n<\/ul>\n<p>[\/et_pb_accordion_item][\/et_pb_accordion][\/et_pb_column][\/et_pb_row][\/et_pb_section][et_pb_section fb_built=&#8221;1&#8243; admin_label=&#8221;Footer&#8221; _builder_version=&#8221;4.24.2&#8243; _module_preset=&#8221;default&#8221; saved_tabs=&#8221;all&#8221; collapsed=&#8221;on&#8221; global_colors_info=&#8221;{}&#8221;][et_pb_row column_structure=&#8221;1_2,1_2&#8243; make_equal=&#8221;on&#8221; _builder_version=&#8221;4.27.4&#8243; _module_preset=&#8221;default&#8221; background_color=&#8221;gcid-eba9b965-b9f9-43f5-b7e8-a0591766089f&#8221; background_position=&#8221;center_right&#8221; max_width=&#8221;1280px&#8221; overflow-x=&#8221;visible&#8221; overflow-y=&#8221;visible&#8221; custom_margin=&#8221;||30px||false|false&#8221; custom_padding=&#8221;0px||0px||true|false&#8221; border_radii=&#8221;on|10px|10px|10px|10px&#8221; global_colors_info=&#8221;{%22gcid-eba9b965-b9f9-43f5-b7e8-a0591766089f%22:%91%22background_color%22%93}&#8221;][et_pb_column type=&#8221;1_2&#8243; _builder_version=&#8221;4.21.0&#8243; _module_preset=&#8221;default&#8221; custom_padding=&#8221;60px|60px|60px|60px|true|true&#8221; custom_padding_tablet=&#8221;30px|30px|30px|30px|true|true&#8221; custom_padding_phone=&#8221;20px|20px|20px|20px|true|true&#8221; custom_padding_last_edited=&#8221;on|tablet&#8221; global_colors_info=&#8221;{}&#8221;][et_pb_text _builder_version=&#8221;4.27.4&#8243; _module_preset=&#8221;c18c744f-333b-4e9c-a7dc-a69ab2a8c5b9&#8243; text_font=&#8221;Montserrat||||||||&#8221; header_2_text_color=&#8221;#000000&#8243; custom_margin=&#8221;||10px||false|false&#8221; global_colors_info=&#8221;{}&#8221;]<\/p>\n<h2>Aprenda e ganhe<\/h2>\n<p>[\/et_pb_text][et_pb_text _builder_version=&#8221;4.27.4&#8243; _module_preset=&#8221;8e1fe94f-1b15-4785-a94b-2770014e4a9c&#8221; text_font=&#8221;Montserrat||||||||&#8221; text_text_color=&#8221;#000000&#8243; global_colors_info=&#8221;{}&#8221;]Aprenda novas habilidades, obtenha certifica\u00e7\u00f5es reconhecidas e avance em sua carreira &#8211; tudo isso com um treinamento flex\u00edvel e pr\u00e1tico criado para causar impacto imediato no local de trabalho. Com a nossa abordagem &#8220;Aprenda e Ganhe&#8221;, voc\u00ea pode aprimorar suas habilidades rapidamente e permanecer \u00e0 frente em sua \u00e1rea. Comece sua jornada hoje mesmo![\/et_pb_text][et_pb_button button_text=&#8221;Verifique outras microcredenciais&#8221; _builder_version=&#8221;4.27.4&#8243; _module_preset=&#8221;06363a6c-4f96-40c1-8d7b-b91f71cedcbe&#8221; button_border_radius=&#8221;15px&#8221; button_font=&#8221;Montserrat|700|||||||&#8221; global_colors_info=&#8221;{}&#8221;][\/et_pb_button][\/et_pb_column][et_pb_column type=&#8221;1_2&#8243; _builder_version=&#8221;4.22.0&#8243; _module_preset=&#8221;default&#8221; global_colors_info=&#8221;{}&#8221;][et_pb_image src=&#8221;https:\/\/selcedu.com\/wp-content\/uploads\/2025\/02\/virtual-courses-illustration-26@2x.png&#8221; title_text=&#8221;cursos-virtuais-ilustra\u00e7\u00e3o-26@2x&#8221; _builder_version=&#8221;4.27.4&#8243; _module_preset=&#8221;default&#8221; positioning=&#8221;absolute&#8221; position_origin_a=&#8221;bottom_left&#8221; position_origin_a_tablet=&#8221;&#8221; position_origin_a_phone=&#8221;&#8221; position_origin_a_last_edited=&#8221;on|tablet&#8221; position_origin_f_tablet=&#8221;&#8221; position_origin_f_phone=&#8221;&#8221; position_origin_f_last_edited=&#8221;on|tablet&#8221; position_origin_r_tablet=&#8221;&#8221; position_origin_r_phone=&#8221;&#8221; position_origin_r_last_edited=&#8221;on|tablet&#8221; width=&#8221;100%&#8221; scroll_horizontal_motion_enable=&#8221;on&#8221; scroll_horizontal_motion=&#8221;0|100|100|100|-0.5|0|0&#8243; positioning_tablet=&#8221;none&#8221; positioning_phone=&#8221;&#8221; positioning_last_edited=&#8221;on|tablet&#8221; global_colors_info=&#8221;{}&#8221;][\/et_pb_image][\/et_pb_column][\/et_pb_row][\/et_pb_section]<\/p>\n","protected":false},"excerpt":{"rendered":"<p>Obtenha suas microcredenciais em contabilidade financeira Curso de Fundamentos de Ci\u00eancias Gerenciais (MNGS)Este curso apresenta a ci\u00eancia da administra\u00e7\u00e3o como o uso de modelos matem\u00e1ticos e ferramentas de computa\u00e7\u00e3o para informar a tomada de decis\u00f5es no mundo real e aumentar a efici\u00eancia organizacional. Os alunos aprendem os conceitos b\u00e1sicos de sistemas e gerenciamento de informa\u00e7\u00f5es, [&hellip;]<\/p>\n","protected":false},"author":22,"featured_media":0,"parent":261277,"menu_order":0,"comment_status":"closed","ping_status":"closed","template":"","meta":{"_et_pb_use_builder":"on","_et_pb_old_content":"","_et_gb_content_width":"","inline_featured_image":false,"footnotes":""},"class_list":["post-262541","page","type-page","status-publish","hentry"],"_links":{"self":[{"href":"https:\/\/selcedu.com\/pt-br\/wp-json\/wp\/v2\/pages\/262541","targetHints":{"allow":["GET"]}}],"collection":[{"href":"https:\/\/selcedu.com\/pt-br\/wp-json\/wp\/v2\/pages"}],"about":[{"href":"https:\/\/selcedu.com\/pt-br\/wp-json\/wp\/v2\/types\/page"}],"author":[{"embeddable":true,"href":"https:\/\/selcedu.com\/pt-br\/wp-json\/wp\/v2\/users\/22"}],"replies":[{"embeddable":true,"href":"https:\/\/selcedu.com\/pt-br\/wp-json\/wp\/v2\/comments?post=262541"}],"version-history":[{"count":9,"href":"https:\/\/selcedu.com\/pt-br\/wp-json\/wp\/v2\/pages\/262541\/revisions"}],"predecessor-version":[{"id":262603,"href":"https:\/\/selcedu.com\/pt-br\/wp-json\/wp\/v2\/pages\/262541\/revisions\/262603"}],"up":[{"embeddable":true,"href":"https:\/\/selcedu.com\/pt-br\/wp-json\/wp\/v2\/pages\/261277"}],"wp:attachment":[{"href":"https:\/\/selcedu.com\/pt-br\/wp-json\/wp\/v2\/media?parent=262541"}],"curies":[{"name":"wp","href":"https:\/\/api.w.org\/{rel}","templated":true}]}}