{"id":261393,"date":"2024-03-05T21:52:35","date_gmt":"2024-03-05T21:52:35","guid":{"rendered":"https:\/\/selcedu.com\/blog-canada\/"},"modified":"2025-04-22T17:12:18","modified_gmt":"2025-04-22T17:12:18","slug":"blog-canada","status":"publish","type":"page","link":"https:\/\/selcedu.com\/pt-br\/blog-canada\/","title":{"rendered":"Blog Canad\u00e1"},"content":{"rendered":"<p>[et_pb_section fb_built=&#8221;1&#8243; custom_padding_last_edited=&#8221;on|tablet&#8221; admin_label=&#8221;Hero&#8221; _builder_version=&#8221;4.27.4&#8243; use_background_color_gradient=&#8221;on&#8221; background_color_gradient_direction=&#8221;50deg&#8221; background_color_gradient_stops=&#8221;gcid-d0328ec1-b9c5-42bf-af93-bacd6777b9fa 25%|rgba(237,89,31,0.23) 100%&#8221; background_color_gradient_overlays_image=&#8221;on&#8221; background_color_gradient_start=&#8221;#001b56&#8243; background_color_gradient_start_position=&#8221;25%&#8221; background_color_gradient_end=&#8221;rgba(92,126,188,0.81)&#8221; background_image=&#8221;https:\/\/selcedu.com\/wp-content\/uploads\/2024\/03\/blog-canada.webp&#8221; width=&#8221;90%&#8221; width_tablet=&#8221;100%&#8221; width_phone=&#8221;100%&#8221; width_last_edited=&#8221;on|desktop&#8221; custom_margin=&#8221;-35px||||false|false&#8221; custom_margin_tablet=&#8221;0px||||false|false&#8221; custom_margin_phone=&#8221;0px||||false|false&#8221; custom_margin_last_edited=&#8221;on|desktop&#8221; custom_padding=&#8221;6vw||0vw|10vw|false|false&#8221; custom_padding_tablet=&#8221;|10vw||10vw|false|true&#8221; custom_padding_phone=&#8221;&#8221; border_radii=&#8221;off|||10px|&#8221; locked=&#8221;off&#8221; global_colors_info=&#8221;{%22gcid-e2b196e6-c1cd-4d7c-835d-4f50d20de00c%22:%91%22background_color_gradient_stops%22%93,%22gcid-d0328ec1-b9c5-42bf-af93-bacd6777b9fa%22:%91%22background_color_gradient_stops%22%93,%22gcid-d3c67a6e-5de1-4ce1-9027-87f2b7ea3866%22:%91%22background_color_gradient_stops%22%93}&#8221;][et_pb_row column_structure=&#8221;3_5,2_5&#8243; _builder_version=&#8221;4.27.4&#8243; width=&#8221;100%&#8221; max_width=&#8221;1373px&#8221; custom_padding=&#8221;27px|||||&#8221; global_colors_info=&#8221;{}&#8221;][et_pb_column type=&#8221;3_5&#8243; _builder_version=&#8221;4.16&#8243; global_colors_info=&#8221;{}&#8221;][et_pb_text _builder_version=&#8221;4.27.4&#8243; text_text_color=&#8221;#FFFFFF&#8221; text_font_size=&#8221;20px&#8221; link_font=&#8221;Montserrat||||||||&#8221; link_text_color=&#8221;#FFFFFF&#8221; link_font_size=&#8221;15px&#8221; header_font=&#8221;Montserrat|700|||||||&#8221; header_text_color=&#8221;#FFFFFF&#8221; header_font_size=&#8221;45px&#8221; header_letter_spacing=&#8221;3px&#8221; header_line_height=&#8221;140%&#8221; header_2_font=&#8221;Montserrat|700|||||||&#8221; header_2_text_color=&#8221;gcid-e2b196e6-c1cd-4d7c-835d-4f50d20de00c&#8221; header_2_font_size=&#8221;35px&#8221; header_2_line_height=&#8221;2em&#8221; header_3_font=&#8221;Montserrat||||||||&#8221; header_3_text_align=&#8221;center&#8221; header_3_text_color=&#8221;#312a29&#8243; header_3_font_size=&#8221;18px&#8221; header_3_line_height=&#8221;1.5em&#8221; custom_margin=&#8221;-6px||||false|false&#8221; custom_padding=&#8221;0px||||false|false&#8221; animation_direction=&#8221;right&#8221; text_font_size_tablet=&#8221;&#8221; text_font_size_phone=&#8221;14px&#8221; text_font_size_last_edited=&#8221;on|phone&#8221; header_font_size_tablet=&#8221;40px&#8221; header_font_size_phone=&#8221;24px&#8221; header_font_size_last_edited=&#8221;on|tablet&#8221; locked=&#8221;off&#8221; global_colors_info=&#8221;{%22gcid-d0328ec1-b9c5-42bf-af93-bacd6777b9fa%22:%91%22header_3_text_color%22,%22header_3_text_color%22%93,%22gcid-e2b196e6-c1cd-4d7c-835d-4f50d20de00c%22:%91%22header_2_text_color%22%93}&#8221;]<\/p>\n<h1>Blog para estudantes no Canad\u00e1<\/h1>\n<p>[\/et_pb_text][et_pb_text _builder_version=&#8221;4.23.4&#8243; text_font_size=&#8221;18px&#8221; text_line_height=&#8221;1.8em&#8221; background_layout=&#8221;dark&#8221; text_font_size_tablet=&#8221;15px&#8221; text_font_size_phone=&#8221;14px&#8221; text_font_size_last_edited=&#8221;on|phone&#8221; global_colors_info=&#8221;{}&#8221;]<\/p>\n<p>O melhor blog para estudantes que sonham em vir para o Canad\u00e1. Estamos aqui para fornecer as melhores informa\u00e7\u00f5es sobre como encontrar um emprego, experi\u00eancia de vida, construir uma carreira e muito mais somente para voc\u00ea. <\/p>\n<p>[\/et_pb_text][\/et_pb_column][et_pb_column type=&#8221;2_5&#8243; _builder_version=&#8221;4.27.4&#8243; transform_scale_tablet=&#8221;&#8221; transform_scale_phone=&#8221;&#8221; transform_scale_last_edited=&#8221;on|desktop&#8221; transform_translate=&#8221;0px|-66px&#8221; transform_translate_tablet=&#8221;0px|0px&#8221; transform_translate_phone=&#8221;0px|0px&#8221; transform_translate_last_edited=&#8221;on|desktop&#8221; transform_translate_linked_tablet=&#8221;off&#8221; transform_rotate_tablet=&#8221;&#8221; transform_rotate_phone=&#8221;&#8221; transform_rotate_last_edited=&#8221;on|desktop&#8221; transform_skew_tablet=&#8221;&#8221; transform_skew_phone=&#8221;&#8221; transform_skew_last_edited=&#8221;on|desktop&#8221; transform_origin_tablet=&#8221;&#8221; transform_origin_phone=&#8221;&#8221; transform_origin_last_edited=&#8221;on|desktop&#8221; transform_styles_last_edited=&#8221;on|desktop&#8221; custom_padding=&#8221;60px||||false|false&#8221; custom_padding_tablet=&#8221;0px||||false|false&#8221; custom_padding_phone=&#8221;&#8221; custom_padding_last_edited=&#8221;on|tablet&#8221; transform_styles_tablet=&#8221;&#8221; transform_styles_phone=&#8221;&#8221; border_radii=&#8221;on|5px|5px|5px|5px&#8221; global_colors_info=&#8221;{}&#8221;][\/et_pb_column][\/et_pb_row][\/et_pb_section][et_pb_section fb_built=&#8221;1&#8243; _builder_version=&#8221;4.16&#8243; custom_padding=&#8221;0px||||false|false&#8221; global_colors_info=&#8221;{}&#8221;][et_pb_row _builder_version=&#8221;4.27.4&#8243; width=&#8221;100%&#8221; max_width=&#8221;1347px&#8221; custom_margin=&#8221;100px||||false|false&#8221; global_colors_info=&#8221;{}&#8221;][et_pb_column type=&#8221;4_4&#8243; _builder_version=&#8221;4.16&#8243; global_colors_info=&#8221;{}&#8221;][et_pb_blog fullwidth=&#8221;off&#8221; posts_number=&#8221;9&#8243; show_categories=&#8221;off&#8221; _builder_version=&#8221;4.27.4&#8243; header_font=&#8221;Montserrat|600|||||||&#8221; header_text_color=&#8221;gcid-d0328ec1-b9c5-42bf-af93-bacd6777b9fa&#8221; header_line_height=&#8221;1.5em&#8221; body_font=&#8221;Montserrat||||||||&#8221; body_text_color=&#8221;#62748a&#8221; meta_font=&#8221;Montserrat|600|||||||&#8221; meta_text_color=&#8221;#62748a&#8221; meta_font_size=&#8221;12px&#8221; pagination_font=&#8221;Exo 2||||||||&#8221; pagination_text_color=&#8221;gcid-e2b196e6-c1cd-4d7c-835d-4f50d20de00c&#8221; pagination_font_size=&#8221;18px&#8221; custom_margin=&#8221;-3vw||||false|false&#8221; custom_margin_tablet=&#8221;0vw||||false|false&#8221; custom_margin_phone=&#8221;&#8221; custom_margin_last_edited=&#8221;on|tablet&#8221; hover_enabled=&#8221;0&#8243; border_radii=&#8221;on|12px|12px|12px|12px&#8221; border_width_all=&#8221;0px&#8221; box_shadow_style=&#8221;preset1&#8243; box_shadow_vertical=&#8221;60px&#8221; box_shadow_blur=&#8221;80px&#8221; box_shadow_spread=&#8221;-10px&#8221; box_shadow_color=&#8221;rgba(0,0,0,0.2)&#8221; locked=&#8221;off&#8221; global_colors_info=&#8221;{%22gcid-d0328ec1-b9c5-42bf-af93-bacd6777b9fa%22:%91%22header_text_color%22%93,%22gcid-e2b196e6-c1cd-4d7c-835d-4f50d20de00c%22:%91%22pagination_text_color%22%93}&#8221; sticky_enabled=&#8221;0&#8243;][\/et_pb_blog][\/et_pb_column][\/et_pb_row][\/et_pb_section]<\/p>\n","protected":false},"excerpt":{"rendered":"<p>Blog para estudantes no Canad\u00e1O melhor blog para estudantes que sonham em vir para o Canad\u00e1. Estamos aqui para fornecer as melhores informa\u00e7\u00f5es sobre como encontrar um emprego, experi\u00eancia de vida, construir uma carreira e muito mais somente para voc\u00ea.<\/p>\n","protected":false},"author":22,"featured_media":261394,"parent":0,"menu_order":0,"comment_status":"closed","ping_status":"closed","template":"","meta":{"_et_pb_use_builder":"on","_et_pb_old_content":"","_et_gb_content_width":"","inline_featured_image":false,"footnotes":""},"class_list":["post-261393","page","type-page","status-publish","has-post-thumbnail","hentry"],"_links":{"self":[{"href":"https:\/\/selcedu.com\/pt-br\/wp-json\/wp\/v2\/pages\/261393","targetHints":{"allow":["GET"]}}],"collection":[{"href":"https:\/\/selcedu.com\/pt-br\/wp-json\/wp\/v2\/pages"}],"about":[{"href":"https:\/\/selcedu.com\/pt-br\/wp-json\/wp\/v2\/types\/page"}],"author":[{"embeddable":true,"href":"https:\/\/selcedu.com\/pt-br\/wp-json\/wp\/v2\/users\/22"}],"replies":[{"embeddable":true,"href":"https:\/\/selcedu.com\/pt-br\/wp-json\/wp\/v2\/comments?post=261393"}],"version-history":[{"count":3,"href":"https:\/\/selcedu.com\/pt-br\/wp-json\/wp\/v2\/pages\/261393\/revisions"}],"predecessor-version":[{"id":262425,"href":"https:\/\/selcedu.com\/pt-br\/wp-json\/wp\/v2\/pages\/261393\/revisions\/262425"}],"wp:featuredmedia":[{"embeddable":true,"href":"https:\/\/selcedu.com\/pt-br\/wp-json\/wp\/v2\/media\/261394"}],"wp:attachment":[{"href":"https:\/\/selcedu.com\/pt-br\/wp-json\/wp\/v2\/media?parent=261393"}],"curies":[{"name":"wp","href":"https:\/\/api.w.org\/{rel}","templated":true}]}}