{"id":261384,"date":"2024-01-20T08:55:57","date_gmt":"2024-01-20T08:55:57","guid":{"rendered":"https:\/\/selcedu.com\/formulario-de-inscricao-on-line\/"},"modified":"2025-03-25T22:21:06","modified_gmt":"2025-03-25T22:21:06","slug":"formulario-de-inscricao-on-line","status":"publish","type":"page","link":"https:\/\/selcedu.com\/pt-br\/formulario-de-inscricao-on-line\/","title":{"rendered":"Formul\u00e1rio de inscri\u00e7\u00e3o on-line"},"content":{"rendered":"\n[et_pb_section fb_built=&#8221;1&#8243; next_background_color=&#8221;gcid-d0328ec1-b9c5-42bf-af93-bacd6777b9fa&#8221; module_id=&#8221;material-carrossel&#8221; _builder_version=&#8221;4.25.1&#8243; background_color=&#8221;#FFFFFF&#8221; custom_margin=&#8221;-50px|||||&#8221; custom_padding=&#8221;||||false|false&#8221; bottom_divider_style=&#8221;asymmetric&#8221; bottom_divider_height=&#8221;113px&#8221; bottom_divider_height_tablet=&#8221;68px&#8221; bottom_divider_height_phone=&#8221;46px&#8221; bottom_divider_height_last_edited=&#8221;on|phone&#8221; hover_enabled=&#8221;0&#8243; collapsed=&#8221;off&#8221; global_colors_info=&#8221;{}&#8221; sticky_enabled=&#8221;0&#8243;][et_pb_row column_structure=&#8221;3_5,2_5&#8243; _builder_version=&#8221;4.23.1&#8243; background_enable_color=&#8221;off&#8221; width=&#8221;90%&#8221; max_width=&#8221;90%&#8221; custom_margin=&#8221;100px||||false|false&#8221; custom_padding=&#8221;50px|50px|50px|50px|false|false&#8221; border_radii=&#8221;on|20px|20px|20px|20px&#8221; locked=&#8221;off&#8221; global_colors_info=&#8221;{}&#8221;][et_pb_column type=&#8221;3_5&#8243; _builder_version=&#8221;4.16&#8243; custom_padding=&#8221;|||&#8221; global_colors_info=&#8221;{}&#8221; custom_padding__hover=&#8221;|||&#8221;][et_pb_text _builder_version=&#8221;4.23.4&#8243; text_font_size=&#8221;20px&#8221; header_font=&#8221;Montserrat|700|||||||&#8221; header_text_color=&#8221;gcid-e2b196e6-c1cd-4d7c-835d-4f50d20de00c&#8221; header_font_size=&#8221;45px&#8221; header_letter_spacing=&#8221;3px&#8221; header_line_height=&#8221;140%&#8221; header_2_font=&#8221;Montserrat|700|||||||&#8221; header_2_text_color=&#8221;gcid-e2b196e6-c1cd-4d7c-835d-4f50d20de00c&#8221; header_2_font_size=&#8221;35px&#8221; header_2_line_height=&#8221;2em&#8221; header_3_font=&#8221;Montserrat||||||||&#8221; header_3_text_align=&#8221;center&#8221; header_3_text_color=&#8221;#312a29&#8243; header_3_font_size=&#8221;18px&#8221; header_3_line_height=&#8221;1.5em&#8221; custom_margin=&#8221;-6px||||false|false&#8221; custom_padding=&#8221;0px||||false|false&#8221; animation_direction=&#8221;right&#8221; text_font_size_tablet=&#8221;&#8221; text_font_size_phone=&#8221;14px&#8221; text_font_size_last_edited=&#8221;on|phone&#8221; header_font_size_tablet=&#8221;40px&#8221; header_font_size_phone=&#8221;24px&#8221; header_font_size_last_edited=&#8221;on|tablet&#8221; global_colors_info=&#8221;{%22gcid-e2b196e6-c1cd-4d7c-835d-4f50d20de00c%22:%91%22header_text_color%22,%22header_2_text_color%22,%22header_text_color%22%93,%22gcid-d0328ec1-b9c5-42bf-af93-bacd6777b9fa%22:%91%22text_text_color%22%93}&#8221;]<p>Seu primeiro passo no Canad\u00e1<\/p>\n<h1>Formul\u00e1rio de registro on-line<\/h1>[\/et_pb_text][et_pb_text _builder_version=&#8221;4.23.4&#8243; _module_preset=&#8221;default&#8221; text_font=&#8221;Montserrat|300|||||||&#8221; text_text_color=&#8221;#000000&#8243; text_font_size=&#8221;16px&#8221; text_line_height=&#8221;1.8em&#8221; global_colors_info=&#8221;{%22gcid-d0328ec1-b9c5-42bf-af93-bacd6777b9fa%22:%91%22header_3_text_color%22%93}&#8221;]Estamos entusiasmados por ter voc\u00ea a bordo. Registrar-se conosco \u00e9 o seu primeiro passo para um mundo de sucesso no Canad\u00e1. Nosso processo de registro \u00e9 r\u00e1pido, f\u00e1cil e abre as portas para uma s\u00e9rie de benef\u00edcios![\/et_pb_text][\/et_pb_column][et_pb_column type=&#8221;2_5&#8243; _builder_version=&#8221;4.16&#8243; custom_padding=&#8221;|||&#8221; global_colors_info=&#8221;{}&#8221; custom_padding__hover=&#8221;|||&#8221;][et_pb_image src=&#8221;https:\/\/selcedu.com\/wp-content\/uploads\/2024\/03\/Apply-Now.webp&#8221; alt=&#8221;Inscreva-se agora&#8221; title_text=&#8221;Inscreva-se agora&#8221; _builder_version=&#8221;4.24.2&#8243; _module_preset=&#8221;default&#8221; border_radii=&#8221;on|20px|20px|20px|20px&#8221; global_colors_info=&#8221;{}&#8221;][\/et_pb_image][\/et_pb_column][\/et_pb_row][et_pb_row _builder_version=&#8221;4.25.1&#8243; _module_preset=&#8221;default&#8221; width=&#8221;100%&#8221; max_width=&#8221;2245px&#8221; hover_enabled=&#8221;0&#8243; global_colors_info=&#8221;{}&#8221; background_color=&#8221;#FFFFFF&#8221; sticky_enabled=&#8221;0&#8243;][et_pb_column type=&#8221;4_4&#8243; _builder_version=&#8221;4.23.4&#8243; _module_preset=&#8221;default&#8221; global_colors_info=&#8221;{}&#8221;][et_pb_code _builder_version=&#8221;4.25.1&#8243; _module_preset=&#8221;default&#8221; hover_enabled=&#8221;0&#8243; global_colors_info=&#8221;{}&#8221; custom_margin=&#8221;||150px||false|false&#8221; sticky_enabled=&#8221;0&#8243; custom_padding=&#8221;||||false|false&#8221;]    <iframe src=\"https:\/\/form.selccollege.com\/\" style=\"width: 100%; height: 100vh; border: none;\"><\/iframe><!-- [et_pb_line_break_holder] -->[\/et_pb_code][\/et_pb_column][\/et_pb_row][\/et_pb_section]\n","protected":false},"excerpt":{"rendered":"<p>Seu primeiro passo no Canad\u00e1 Formul\u00e1rio de registro on-lineEstamos entusiasmados por ter voc\u00ea a bordo. Registrar-se conosco \u00e9 o seu primeiro passo para um mundo de sucesso no Canad\u00e1. Nosso processo de registro \u00e9 r\u00e1pido, f\u00e1cil e abre as portas para uma s\u00e9rie de benef\u00edcios!<\/p>\n","protected":false},"author":22,"featured_media":261385,"parent":0,"menu_order":0,"comment_status":"closed","ping_status":"closed","template":"","meta":{"_et_pb_use_builder":"on","_et_pb_old_content":"","_et_gb_content_width":"","inline_featured_image":false,"footnotes":""},"class_list":["post-261384","page","type-page","status-publish","has-post-thumbnail","hentry"],"_links":{"self":[{"href":"https:\/\/selcedu.com\/pt-br\/wp-json\/wp\/v2\/pages\/261384","targetHints":{"allow":["GET"]}}],"collection":[{"href":"https:\/\/selcedu.com\/pt-br\/wp-json\/wp\/v2\/pages"}],"about":[{"href":"https:\/\/selcedu.com\/pt-br\/wp-json\/wp\/v2\/types\/page"}],"author":[{"embeddable":true,"href":"https:\/\/selcedu.com\/pt-br\/wp-json\/wp\/v2\/users\/22"}],"replies":[{"embeddable":true,"href":"https:\/\/selcedu.com\/pt-br\/wp-json\/wp\/v2\/comments?post=261384"}],"version-history":[{"count":1,"href":"https:\/\/selcedu.com\/pt-br\/wp-json\/wp\/v2\/pages\/261384\/revisions"}],"predecessor-version":[{"id":261386,"href":"https:\/\/selcedu.com\/pt-br\/wp-json\/wp\/v2\/pages\/261384\/revisions\/261386"}],"wp:featuredmedia":[{"embeddable":true,"href":"https:\/\/selcedu.com\/pt-br\/wp-json\/wp\/v2\/media\/261385"}],"wp:attachment":[{"href":"https:\/\/selcedu.com\/pt-br\/wp-json\/wp\/v2\/media?parent=261384"}],"curies":[{"name":"wp","href":"https:\/\/api.w.org\/{rel}","templated":true}]}}