{"id":261351,"date":"2024-04-04T21:34:48","date_gmt":"2024-04-04T21:34:48","guid":{"rendered":"https:\/\/selcedu.com\/politica-de-privacidade\/"},"modified":"2025-03-25T22:18:58","modified_gmt":"2025-03-25T22:18:58","slug":"politica-de-privacidade","status":"publish","type":"page","link":"https:\/\/selcedu.com\/pt-br\/politica-de-privacidade\/","title":{"rendered":"Pol\u00edtica de privacidade"},"content":{"rendered":"<p>[et_pb_section fb_built=&#8221;1&#8243; next_background_color=&#8221;#ffffff&#8221; module_id=&#8221;material-carrossel&#8221; _builder_version=&#8221;4.23.4&#8243; background_color=&#8221;gcid-e2b196e6-c1cd-4d7c-835d-4f50d20de00c&#8221; custom_margin=&#8221;-50px|||||&#8221; custom_padding=&#8221;||||false|false&#8221; bottom_divider_style=&#8221;asymmetric&#8221; bottom_divider_height=&#8221;113px&#8221; bottom_divider_height_tablet=&#8221;68px&#8221; bottom_divider_height_phone=&#8221;46px&#8221; bottom_divider_height_last_edited=&#8221;on|phone&#8221; collapsed=&#8221;on&#8221; global_colors_info=&#8221;{%22gcid-e2b196e6-c1cd-4d7c-835d-4f50d20de00c%22:%91%22background_color%22%93}&#8221; theme_builder_area=&#8221;post_content&#8221;][et_pb_row column_structure=&#8221;3_5,2_5&#8243; _builder_version=&#8221;4.23.1&#8243; background_enable_color=&#8221;off&#8221; width=&#8221;90%&#8221; max_width=&#8221;90%&#8221; custom_margin=&#8221;100px||||false|false&#8221; custom_padding=&#8221;50px|50px|50px|50px|false|false&#8221; border_radii=&#8221;on|20px|20px|20px|20px&#8221; locked=&#8221;off&#8221; global_colors_info=&#8221;{}&#8221; theme_builder_area=&#8221;post_content&#8221;][et_pb_column type=&#8221;3_5&#8243; _builder_version=&#8221;4.16&#8243; custom_padding=&#8221;|||&#8221; global_colors_info=&#8221;{}&#8221; custom_padding__hover=&#8221;|||&#8221; theme_builder_area=&#8221;post_content&#8221;][et_pb_text _builder_version=&#8221;4.24.2&#8243; text_text_color=&#8221;#FFFFFF&#8221; text_font_size=&#8221;20px&#8221; link_font=&#8221;Montserrat||||||||&#8221; link_text_color=&#8221;#FFFFFF&#8221; link_font_size=&#8221;15px&#8221; header_font=&#8221;Montserrat|700|||||||&#8221; header_text_color=&#8221;#FFFFFF&#8221; header_font_size=&#8221;45px&#8221; header_letter_spacing=&#8221;3px&#8221; header_line_height=&#8221;140%&#8221; header_2_font=&#8221;Montserrat|700|||||||&#8221; header_2_text_color=&#8221;gcid-e2b196e6-c1cd-4d7c-835d-4f50d20de00c&#8221; header_2_font_size=&#8221;35px&#8221; header_2_line_height=&#8221;2em&#8221; header_3_font=&#8221;Montserrat||||||||&#8221; header_3_text_align=&#8221;center&#8221; header_3_text_color=&#8221;#312a29&#8243; header_3_font_size=&#8221;18px&#8221; header_3_line_height=&#8221;1.5em&#8221; custom_margin=&#8221;-6px||||false|false&#8221; custom_padding=&#8221;0px||||false|false&#8221; animation_direction=&#8221;right&#8221; hover_enabled=&#8221;0&#8243; text_font_size_tablet=&#8221;&#8221; text_font_size_phone=&#8221;14px&#8221; text_font_size_last_edited=&#8221;on|phone&#8221; header_font_size_tablet=&#8221;40px&#8221; header_font_size_phone=&#8221;24px&#8221; header_font_size_last_edited=&#8221;on|tablet&#8221; global_colors_info=&#8221;{%22gcid-d0328ec1-b9c5-42bf-af93-bacd6777b9fa%22:%91%22header_3_text_color%22,%22header_3_text_color%22%93,%22gcid-e2b196e6-c1cd-4d7c-835d-4f50d20de00c%22:%91%22header_2_text_color%22%93}&#8221; theme_builder_area=&#8221;post_content&#8221; sticky_enabled=&#8221;0&#8243;]<\/p>\n<nav aria-label=\"breadcrumbs\"><a href=\"#\">SELC<\/a><span class=\"separator\"> | <\/span><a href=\"#\">Privacidade<\/a><\/nav>\n<h1>Pol\u00edtica de privacidade<\/h1>\n<p>[\/et_pb_text][\/et_pb_column][et_pb_column type=&#8221;2_5&#8243; _builder_version=&#8221;4.16&#8243; custom_padding=&#8221;|||&#8221; global_colors_info=&#8221;{}&#8221; custom_padding__hover=&#8221;|||&#8221; theme_builder_area=&#8221;post_content&#8221;][\/et_pb_column][\/et_pb_row][\/et_pb_section][et_pb_section fb_built=&#8221;1&#8243; _builder_version=&#8221;4.23.4&#8243; _module_preset=&#8221;default&#8221; global_colors_info=&#8221;{}&#8221; theme_builder_area=&#8221;post_content&#8221;][et_pb_row _builder_version=&#8221;4.24.2&#8243; _module_preset=&#8221;default&#8221; theme_builder_area=&#8221;post_content&#8221;][et_pb_column _builder_version=&#8221;4.24.2&#8243; _module_preset=&#8221;default&#8221; type=&#8221;4_4&#8243; theme_builder_area=&#8221;post_content&#8221;][et_pb_text _builder_version=&#8221;4.24.2&#8243; _module_preset=&#8221;default&#8221; theme_builder_area=&#8221;post_content&#8221; hover_enabled=&#8221;0&#8243; sticky_enabled=&#8221;0&#8243;]<\/p>\n<p>Na Faculdade SELC, temos o compromisso de proteger sua privacidade. Este aviso descreve nossa abordagem \u00e0 privacidade e seguran\u00e7a de informa\u00e7\u00f5es pessoais em todas as nossas plataformas, incluindo nosso site <a target=\"_new\" href=\"https:\/\/selcedu.com\/pt-br\/\" rel=\"noopener\">selcedu.com<\/a>. <\/p>\n<h2>Informa\u00e7\u00f5es pessoais<\/h2>\n<p>Definimos &#8220;Informa\u00e7\u00f5es pessoais&#8221; como quaisquer dados que possam identificar ou entrar em contato com voc\u00ea, como seu nome, e-mail ou n\u00famero de identifica\u00e7\u00e3o, e outros dados, como pontua\u00e7\u00f5es de testes, quando vinculados \u00e0s suas Informa\u00e7\u00f5es pessoais.<\/p>\n<h2>Coleta de informa\u00e7\u00f5es pessoais<\/h2>\n<p><strong>Por meio de nosso site:<\/strong> Coletamos informa\u00e7\u00f5es pessoais quando voc\u00ea interage com nosso site, inclusive:<\/p>\n<ul>\n<li><strong>Informa\u00e7\u00f5es de contato:<\/strong> Para nos comunicarmos com voc\u00ea (nome, e-mail, n\u00fameros de telefone).<\/li>\n<li><strong>Informa\u00e7\u00f5es de relacionamento:<\/strong> Para servi\u00e7os personalizados (prefer\u00eancias de teste, detalhes da escola, datas de formatura).<\/li>\n<li><strong>Informa\u00e7\u00f5es sobre transa\u00e7\u00f5es:<\/strong> Detalhes de suas intera\u00e7\u00f5es com a Faculdade SELC (inscri\u00e7\u00e3o em testes, compras, registros de atendimento ao cliente).<\/li>\n<\/ul>\n<p><strong>Informa\u00e7\u00f5es confidenciais:<\/strong> Conforme necess\u00e1rio, podemos coletar dados confidenciais, incluindo dados biom\u00e9tricos e informa\u00e7\u00f5es para acomoda\u00e7\u00f5es ou solicita\u00e7\u00f5es de ajuda financeira, em conformidade com as normas legais.<\/p>\n<h2>Uso de informa\u00e7\u00f5es pessoais<\/h2>\n<p>Suas informa\u00e7\u00f5es pessoais s\u00e3o usadas para:<\/p>\n<ul>\n<li>Fornecer e melhorar nossos servi\u00e7os e comunica\u00e7\u00f5es.<\/li>\n<li>Fornecer marketing personalizado, com base em suas prefer\u00eancias.<\/li>\n<li>Analisar o uso para obter insights e tend\u00eancias educacionais.<\/li>\n<li>Gerenciar nossas opera\u00e7\u00f5es, desde o processamento de pagamentos at\u00e9 a conformidade legal.<\/li>\n<\/ul>\n<h2>Cookies e tecnologia<\/h2>\n<p>Ao visitar o site selcedu.com, usamos cookies e outras tecnologias para aprimorar sua experi\u00eancia e coletar dados relacionados \u00e0 sua intera\u00e7\u00e3o com nosso site. Essas informa\u00e7\u00f5es, quando associadas \u00e0s suas informa\u00e7\u00f5es pessoais, est\u00e3o cobertas por este aviso. <\/p>\n<h2>Reten\u00e7\u00e3o de dados<\/h2>\n<p>Mantemos as informa\u00e7\u00f5es pessoais pelo tempo necess\u00e1rio para nossas opera\u00e7\u00f5es e conforme exigido por lei. Voc\u00ea pode solicitar a exclus\u00e3o de seus dados entrando em contato conosco pelo <a target=\"_new\" rel=\"noopener\">e-mail marketing@selcedu.com.<\/a> <\/p>\n<h2>Como entrar em contato conosco<\/h2>\n<p>Em caso de d\u00favidas ou preocupa\u00e7\u00f5es relacionadas \u00e0s nossas pr\u00e1ticas de privacidade ou a este aviso, entre em contato conosco pelo e-mail <a target=\"_new\" rel=\"noopener\">marketing@selcedu.com<\/a> ou visite nossa p\u00e1gina de contato em <a target=\"_new\" rel=\"noopener\">selcedu.com\/contact<\/a>.<\/p>\n<p>[\/et_pb_text][\/et_pb_column][\/et_pb_row][\/et_pb_section]<\/p>\n","protected":false},"excerpt":{"rendered":"<p>SELC | Privacidade Pol\u00edtica de privacidadeNa Faculdade SELC, temos o compromisso de proteger sua privacidade. Este aviso descreve nossa abordagem \u00e0 privacidade e seguran\u00e7a de informa\u00e7\u00f5es pessoais em todas as nossas plataformas, incluindo nosso site selcedu.com. Informa\u00e7\u00f5es pessoais Definimos &#8220;Informa\u00e7\u00f5es pessoais&#8221; como quaisquer dados que possam identificar ou entrar em contato com voc\u00ea, como seu [&hellip;]<\/p>\n","protected":false},"author":22,"featured_media":0,"parent":0,"menu_order":0,"comment_status":"closed","ping_status":"closed","template":"","meta":{"_et_pb_use_builder":"on","_et_pb_old_content":"","_et_gb_content_width":"","inline_featured_image":false,"footnotes":""},"class_list":["post-261351","page","type-page","status-publish","hentry"],"_links":{"self":[{"href":"https:\/\/selcedu.com\/pt-br\/wp-json\/wp\/v2\/pages\/261351","targetHints":{"allow":["GET"]}}],"collection":[{"href":"https:\/\/selcedu.com\/pt-br\/wp-json\/wp\/v2\/pages"}],"about":[{"href":"https:\/\/selcedu.com\/pt-br\/wp-json\/wp\/v2\/types\/page"}],"author":[{"embeddable":true,"href":"https:\/\/selcedu.com\/pt-br\/wp-json\/wp\/v2\/users\/22"}],"replies":[{"embeddable":true,"href":"https:\/\/selcedu.com\/pt-br\/wp-json\/wp\/v2\/comments?post=261351"}],"version-history":[{"count":1,"href":"https:\/\/selcedu.com\/pt-br\/wp-json\/wp\/v2\/pages\/261351\/revisions"}],"predecessor-version":[{"id":261356,"href":"https:\/\/selcedu.com\/pt-br\/wp-json\/wp\/v2\/pages\/261351\/revisions\/261356"}],"wp:attachment":[{"href":"https:\/\/selcedu.com\/pt-br\/wp-json\/wp\/v2\/media?parent=261351"}],"curies":[{"name":"wp","href":"https:\/\/api.w.org\/{rel}","templated":true}]}}