{"id":261341,"date":"2024-04-15T22:49:39","date_gmt":"2024-04-15T22:49:39","guid":{"rendered":"https:\/\/selcedu.com\/requisitos-de-admissao\/"},"modified":"2025-03-25T22:23:39","modified_gmt":"2025-03-25T22:23:39","slug":"requisitos-de-admissao","status":"publish","type":"page","link":"https:\/\/selcedu.com\/pt-br\/admissoes\/requisitos-de-admissao\/","title":{"rendered":"Requisitos de admiss\u00e3o"},"content":{"rendered":"<p>[et_pb_section fb_built=&#8221;1&#8243; next_background_color=&#8221;#ffffff&#8221; module_id=&#8221;material-carrossel&#8221; _builder_version=&#8221;4.23.4&#8243; background_color=&#8221;gcid-e2b196e6-c1cd-4d7c-835d-4f50d20de00c&#8221; use_background_color_gradient=&#8221;on&#8221; background_color_gradient_direction=&#8221;45deg&#8221; background_color_gradient_stops=&#8221;#e86a15 28%|rgba(232,106,21,0.24) 99%&#8221; background_color_gradient_overlays_image=&#8221;on&#8221; background_image=&#8221;https:\/\/selcedu.com\/wp-content\/uploads\/2024\/03\/admission-process.webp&#8221; custom_margin=&#8221;-50px|||||&#8221; custom_padding=&#8221;||||false|false&#8221; bottom_divider_style=&#8221;asymmetric&#8221; bottom_divider_height=&#8221;113px&#8221; bottom_divider_height_tablet=&#8221;68px&#8221; bottom_divider_height_phone=&#8221;46px&#8221; bottom_divider_height_last_edited=&#8221;on|phone&#8221; collapsed=&#8221;on&#8221; global_colors_info=&#8221;{%22gcid-e2b196e6-c1cd-4d7c-835d-4f50d20de00c%22:%91%22background_color%22%93}&#8221;][et_pb_row column_structure=&#8221;3_5,2_5&#8243; _builder_version=&#8221;4.23.1&#8243; background_enable_color=&#8221;off&#8221; width=&#8221;90%&#8221; max_width=&#8221;90%&#8221; custom_margin=&#8221;100px||||false|false&#8221; custom_padding=&#8221;50px|50px|50px|50px|false|false&#8221; border_radii=&#8221;on|20px|20px|20px|20px&#8221; locked=&#8221;off&#8221; global_colors_info=&#8221;{}&#8221;][et_pb_column type=&#8221;3_5&#8243; _builder_version=&#8221;4.16&#8243; custom_padding=&#8221;|||&#8221; global_colors_info=&#8221;{}&#8221; custom_padding__hover=&#8221;|||&#8221;][et_pb_text _builder_version=&#8221;4.24.3&#8243; text_text_color=&#8221;#FFFFFF&#8221; text_font_size=&#8221;20px&#8221; link_font=&#8221;Montserrat||||||||&#8221; link_text_color=&#8221;#FFFFFF&#8221; link_font_size=&#8221;15px&#8221; header_font=&#8221;Montserrat|700|||||||&#8221; header_text_color=&#8221;#FFFFFF&#8221; header_font_size=&#8221;45px&#8221; header_letter_spacing=&#8221;3px&#8221; header_line_height=&#8221;140%&#8221; header_2_font=&#8221;Montserrat|700|||||||&#8221; header_2_text_color=&#8221;gcid-e2b196e6-c1cd-4d7c-835d-4f50d20de00c&#8221; header_2_font_size=&#8221;35px&#8221; header_2_line_height=&#8221;2em&#8221; header_3_font=&#8221;Montserrat||||||||&#8221; header_3_text_align=&#8221;center&#8221; header_3_text_color=&#8221;#312a29&#8243; header_3_font_size=&#8221;18px&#8221; header_3_line_height=&#8221;1.5em&#8221; custom_margin=&#8221;-6px||||false|false&#8221; custom_padding=&#8221;0px||||false|false&#8221; animation_direction=&#8221;right&#8221; text_font_size_tablet=&#8221;&#8221; text_font_size_phone=&#8221;14px&#8221; text_font_size_last_edited=&#8221;on|phone&#8221; header_font_size_tablet=&#8221;40px&#8221; header_font_size_phone=&#8221;24px&#8221; header_font_size_last_edited=&#8221;on|tablet&#8221; global_colors_info=&#8221;{%22gcid-d0328ec1-b9c5-42bf-af93-bacd6777b9fa%22:%91%22header_3_text_color%22,%22header_3_text_color%22%93,%22gcid-e2b196e6-c1cd-4d7c-835d-4f50d20de00c%22:%91%22header_2_text_color%22%93}&#8221;]<\/p>\n<h1>Requisitos de admiss\u00e3o<\/h1>\n<p>[\/et_pb_text][et_pb_text _builder_version=&#8221;4.24.3&#8243; _module_preset=&#8221;default&#8221; text_font=&#8221;Montserrat|300|||||||&#8221; text_text_color=&#8221;#FFFFFF&#8221; text_font_size=&#8221;16px&#8221; text_line_height=&#8221;1.8em&#8221; custom_margin=&#8221;||50px||false|false&#8221; custom_margin_tablet=&#8221;||0px||false|false&#8221; custom_margin_phone=&#8221;||0px||false|false&#8221; custom_margin_last_edited=&#8221;on|desktop&#8221; global_colors_info=&#8221;{%22gcid-d0328ec1-b9c5-42bf-af93-bacd6777b9fa%22:%91%22header_3_text_color%22%93}&#8221;]Os requisitos de admiss\u00e3o s\u00e3o definidos para que os alunos maximizem sua experi\u00eancia educacional em nossa faculdade. \u00c9 essencial que voc\u00ea entenda os requisitos de admiss\u00e3o que orientar\u00e3o seu processo de inscri\u00e7\u00e3o.   <\/p>\n<p>Nosso objetivo \u00e9 garantir uma avalia\u00e7\u00e3o completa e equitativa para todos os candidatos. Abaixo est\u00e3o os principais componentes que voc\u00ea precisar\u00e1 preparar ao se candidatar \u00e0 nossa institui\u00e7\u00e3o.[\/et_pb_text][\/et_pb_column][et_pb_column type=&#8221;2_5&#8243; _builder_version=&#8221;4.16&#8243; custom_padding=&#8221;|||&#8221; global_colors_info=&#8221;{}&#8221; custom_padding__hover=&#8221;|||&#8221;][\/et_pb_column][\/et_pb_row][\/et_pb_section][et_pb_section fb_built=&#8221;1&#8243; use_custom_gutter=&#8221;on&#8221; gutter_width=&#8221;2&#8243; specialty=&#8221;on&#8221; _builder_version=&#8221;4.23.4&#8243; _module_preset=&#8221;default&#8221; width=&#8221;100%&#8221; max_width=&#8221;100%&#8221; inner_max_width=&#8221;1400px&#8221; global_colors_info=&#8221;{}&#8221;][et_pb_column type=&#8221;1_3&#8243; _builder_version=&#8221;4.16&#8243; custom_padding=&#8221;|||&#8221; global_colors_info=&#8221;{}&#8221; custom_padding__hover=&#8221;|||&#8221;][pac_divi_table_of_contents title=&#8221;Esbo\u00e7o de admiss\u00e3o&#8221; opened_icon=&#8221;:||divi||400&#8243; closed_icon=&#8221;;||divi||400&#8243; included_headings=&#8221;off|on|off|off|off|off&#8221; title_container_bg_color=&#8221;gcid-e2b196e6-c1cd-4d7c-835d-4f50d20de00c&#8221; _builder_version=&#8221;4.23.4&#8243; _module_preset=&#8221;default&#8221; title_font_font=&#8221;Montserrat||||||||&#8221; title_text_align=&#8221;left&#8221; title_font_size=&#8221;18px&#8221; keyword_highlight_font=&#8221;Montserrat||||||||&#8221; sticky_position=&#8221;top&#8221; sticky_offset_top=&#8221;71px&#8221; sticky_limit_bottom=&#8221;section&#8221; sticky_position_tablet=&#8221;none&#8221; sticky_position_phone=&#8221;none&#8221; sticky_position_last_edited=&#8221;on|desktop&#8221; border_radii=&#8221;on|10px|10px|10px|10px&#8221; global_colors_info=&#8221;{%22gcid-e2b196e6-c1cd-4d7c-835d-4f50d20de00c%22:%91%22title_container_bg_color%22%93}&#8221;][\/pac_divi_table_of_contents][\/et_pb_column][et_pb_column type=&#8221;2_3&#8243; specialty_columns=&#8221;2&#8243; _builder_version=&#8221;4.16&#8243; custom_padding=&#8221;|||&#8221; global_colors_info=&#8221;{}&#8221; custom_padding__hover=&#8221;|||&#8221;][et_pb_row_inner _builder_version=&#8221;4.24.3&#8243; _module_preset=&#8221;default&#8221; scroll_vertical_motion=&#8221;0|40|55|100|4|0|-4&#8243; scroll_blur=&#8221;0|30|60|100|10|0|0&#8243; motion_trigger_start=&#8221;top&#8221; global_colors_info=&#8221;{}&#8221;][et_pb_column_inner saved_specialty_column_type=&#8221;2_3&#8243; _builder_version=&#8221;4.23.4&#8243; _module_preset=&#8221;default&#8221; global_colors_info=&#8221;{}&#8221;][et_pb_text _builder_version=&#8221;4.27.4&#8243; _module_preset=&#8221;default&#8221; text_font=&#8221;Montserrat|300|||||||&#8221; text_text_color=&#8221;gcid-d0328ec1-b9c5-42bf-af93-bacd6777b9fa&#8221; text_font_size=&#8221;16px&#8221; text_line_height=&#8221;1.8em&#8221; hover_enabled=&#8221;0&#8243; global_colors_info=&#8221;{%22gcid-d0328ec1-b9c5-42bf-af93-bacd6777b9fa%22:%91%22header_3_text_color%22,%22text_text_color%22%93}&#8221; sticky_enabled=&#8221;0&#8243;]<\/p>\n<p>Cada programa pode ter diferentes requisitos de admiss\u00e3o e solicita\u00e7\u00f5es adicionais para que os alunos participem do programa.<\/p>\n<p>Siga nossos requisitos gerais de admiss\u00e3o. Consulte nossa p\u00e1gina de <a href=\"https:\/\/selcedu.com\/programs\/\" target=\"_blank\" rel=\"noopener\" title=\"programas de diploma\">programas de diploma<\/a> para ver os requisitos de cada programa. <\/p>\n<p>Todos os candidatos e registrantes, independentemente do status de cidadania ou pa\u00eds de origem, devem demonstrar um n\u00edvel adequado de profici\u00eancia em ingl\u00eas.<\/p>\n<p>&nbsp;<\/p>\n<h2>Requisitos de idioma<\/h2>\n<p>[\/et_pb_text][et_pb_tabs active_tab_background_color=&#8221;gcid-e2b196e6-c1cd-4d7c-835d-4f50d20de00c&#8221; active_tab_text_color=&#8221;#FFFFFF&#8221; _builder_version=&#8221;4.27.4&#8243; _module_preset=&#8221;default&#8221; body_font=&#8221;Montserrat||||||||&#8221; body_font_size=&#8221;16px&#8221; body_line_height=&#8221;1.8em&#8221; tab_font=&#8221;Montserrat||||||||&#8221; tab_line_height=&#8221;2.5em&#8221; hover_enabled=&#8221;0&#8243; global_colors_info=&#8221;{%22gcid-e2b196e6-c1cd-4d7c-835d-4f50d20de00c%22:%91%22active_tab_background_color%22%93}&#8221; sticky_enabled=&#8221;0&#8243;][et_pb_tab title=&#8221;IELTS 6.0&#8243; _builder_version=&#8221;4.27.4&#8243; _module_preset=&#8221;default&#8221; hover_enabled=&#8221;0&#8243; global_colors_info=&#8221;{}&#8221; sticky_enabled=&#8221;0&#8243;]<\/p>\n<p>H\u00e1 duas maneiras de atender ao requisito de ingl\u00eas:<\/p>\n<p>1. Complete os dois itens a seguir:<\/p>\n<p>A) Ingl\u00eas 10, 11 ou 12 ou equivalente com um m\u00ednimo de nota &#8216;C&#8217; Para profici\u00eancia em leitura e escrita<\/p>\n<p>B) Dois anos de educa\u00e7\u00e3o em tempo integral em ingl\u00eas em um pa\u00eds de l\u00edngua inglesa para profici\u00eancia em conversa\u00e7\u00e3o e compreens\u00e3o auditiva<\/p>\n<p>OU<\/p>\n<p>2. Demonstrar profici\u00eancia em leitura, escrita, fala e audi\u00e7\u00e3o por meio de<\/p>\n<p>concluir um dos seguintes cursos ou avalia\u00e7\u00f5es para atingir n\u00edveis aceit\u00e1veis:<\/p>\n<p><strong>IELTS<\/strong>: 6<\/p>\n<p><strong>Duolingo<\/strong>: 95<\/p>\n<p><strong>TOEIC<\/strong>: 700<\/p>\n<p><strong>TOEFL (papel)<\/strong>: 537<\/p>\n<p><strong>TOEFL (IBT)<\/strong>: 75<\/p>\n<p><strong>Cambridge<\/strong>: FCE<\/p>\n<p><strong>CELPIP<\/strong>: 7<\/p>\n<p><strong>Cael<\/strong>: 50<\/p>\n<p><strong>PTE<\/strong>: 46<\/p>\n<p><strong>LanguageCERT<\/strong>: N\u00edvel B2<\/p>\n<p>[\/et_pb_tab][et_pb_tab title=&#8221;IELTS 5.5&#8243; _builder_version=&#8221;4.27.4&#8243; _module_preset=&#8221;default&#8221; hover_enabled=&#8221;0&#8243; global_colors_info=&#8221;{}&#8221; sticky_enabled=&#8221;0&#8243;]<\/p>\n<p>H\u00e1 duas maneiras de atender ao requisito de ingl\u00eas:<\/p>\n<p>1. Complete os dois itens a seguir:<\/p>\n<p>A) Ingl\u00eas 10, 11 ou 12 ou equivalente com um m\u00ednimo de nota &#8216;C&#8217; Para profici\u00eancia em leitura e escrita<\/p>\n<p>B) Dois anos de educa\u00e7\u00e3o em tempo integral em ingl\u00eas em um pa\u00eds de l\u00edngua inglesa para profici\u00eancia em conversa\u00e7\u00e3o e compreens\u00e3o auditiva<\/p>\n<p>OU<\/p>\n<p>2. Demonstrar profici\u00eancia em leitura, escrita, fala e audi\u00e7\u00e3o por meio de<\/p>\n<p>concluir um dos seguintes cursos ou avalia\u00e7\u00f5es para atingir n\u00edveis aceit\u00e1veis:<\/p>\n<p><strong>IELTS<\/strong>: 5,5<\/p>\n<p><strong>Duolingo<\/strong>: 95<\/p>\n<p><strong>TOEIC<\/strong>: 650<\/p>\n<p><strong>TOEFL (papel)<\/strong>: 500<\/p>\n<p><strong>TOEFL (IBT)<\/strong>: 65<\/p>\n<p><strong>Cambridge<\/strong>: PET-FCE<\/p>\n<p><strong>CELPIP<\/strong>: 6<\/p>\n<p><strong>Cael<\/strong>: 40<\/p>\n<p><strong>PTE<\/strong>: 36<\/p>\n<p>[\/et_pb_tab][\/et_pb_tabs][et_pb_text _builder_version=&#8221;4.25.1&#8243; _module_preset=&#8221;default&#8221; text_font=&#8221;Montserrat|300|||||||&#8221; text_text_color=&#8221;gcid-d0328ec1-b9c5-42bf-af93-bacd6777b9fa&#8221; text_font_size=&#8221;16px&#8221; text_line_height=&#8221;1.8em&#8221; global_colors_info=&#8221;{%22gcid-d0328ec1-b9c5-42bf-af93-bacd6777b9fa%22:%91%22header_3_text_color%22,%22text_text_color%22%93}&#8221;]<\/p>\n<h2>2. Requisitos acad\u00eamicos e pessoais<\/h2>\n<p>Os alunos precisam de TODOS os itens a seguir:<\/p>\n<p>*Comprovante de cidadania canadense ou de resid\u00eancia permanente para estudantes nacionais<br \/>*Os candidatos devem ter 18 anos de idade ou mais e ter conclu\u00eddo o ensino m\u00e9dio e\/ou iniciado os estudos p\u00f3s-secund\u00e1rios OU ter alcan\u00e7ado o status de estudante maduro: 19 anos de idade<\/p>\n<p>[\/et_pb_text][ds_timeline _builder_version=&#8221;4.24.3&#8243; _module_preset=&#8221;default&#8221; global_colors_info=&#8221;{}&#8221;][\/ds_timeline][\/et_pb_column_inner][\/et_pb_row_inner][\/et_pb_column][\/et_pb_section]<\/p>\n","protected":false},"excerpt":{"rendered":"<p>Requisitos de admiss\u00e3oOs requisitos de admiss\u00e3o s\u00e3o definidos para que os alunos maximizem sua experi\u00eancia educacional em nossa faculdade. \u00c9 essencial que voc\u00ea entenda os requisitos de admiss\u00e3o que orientar\u00e3o seu processo de inscri\u00e7\u00e3o. Nosso objetivo \u00e9 garantir uma avalia\u00e7\u00e3o completa e equitativa para todos os candidatos. Abaixo est\u00e3o os principais componentes que voc\u00ea precisar\u00e1 [&hellip;]<\/p>\n","protected":false},"author":22,"featured_media":261342,"parent":261455,"menu_order":0,"comment_status":"closed","ping_status":"closed","template":"","meta":{"_et_pb_use_builder":"on","_et_pb_old_content":"","_et_gb_content_width":"","inline_featured_image":false,"footnotes":""},"class_list":["post-261341","page","type-page","status-publish","has-post-thumbnail","hentry"],"_links":{"self":[{"href":"https:\/\/selcedu.com\/pt-br\/wp-json\/wp\/v2\/pages\/261341","targetHints":{"allow":["GET"]}}],"collection":[{"href":"https:\/\/selcedu.com\/pt-br\/wp-json\/wp\/v2\/pages"}],"about":[{"href":"https:\/\/selcedu.com\/pt-br\/wp-json\/wp\/v2\/types\/page"}],"author":[{"embeddable":true,"href":"https:\/\/selcedu.com\/pt-br\/wp-json\/wp\/v2\/users\/22"}],"replies":[{"embeddable":true,"href":"https:\/\/selcedu.com\/pt-br\/wp-json\/wp\/v2\/comments?post=261341"}],"version-history":[{"count":10,"href":"https:\/\/selcedu.com\/pt-br\/wp-json\/wp\/v2\/pages\/261341\/revisions"}],"predecessor-version":[{"id":261374,"href":"https:\/\/selcedu.com\/pt-br\/wp-json\/wp\/v2\/pages\/261341\/revisions\/261374"}],"up":[{"embeddable":true,"href":"https:\/\/selcedu.com\/pt-br\/wp-json\/wp\/v2\/pages\/261455"}],"wp:featuredmedia":[{"embeddable":true,"href":"https:\/\/selcedu.com\/pt-br\/wp-json\/wp\/v2\/media\/261342"}],"wp:attachment":[{"href":"https:\/\/selcedu.com\/pt-br\/wp-json\/wp\/v2\/media?parent=261341"}],"curies":[{"name":"wp","href":"https:\/\/api.w.org\/{rel}","templated":true}]}}