{"id":261308,"date":"2024-10-17T07:29:43","date_gmt":"2024-10-17T07:29:43","guid":{"rendered":"https:\/\/selcedu.com\/acomodacao-para-estudantes\/"},"modified":"2025-04-23T20:57:50","modified_gmt":"2025-04-23T20:57:50","slug":"acomodacao-para-estudantes","status":"publish","type":"page","link":"https:\/\/selcedu.com\/pt-br\/admissoes\/servicos-ao-aluno\/acomodacao-para-estudantes\/","title":{"rendered":"Acomoda\u00e7\u00e3o para estudantes"},"content":{"rendered":"<p>[et_pb_section fb_built=&#8221;1&#8243; next_background_color=&#8221;#ffffff&#8221; module_id=&#8221;material-carrossel&#8221; _builder_version=&#8221;4.23.4&#8243; background_color=&#8221;gcid-e2b196e6-c1cd-4d7c-835d-4f50d20de00c&#8221; use_background_color_gradient=&#8221;on&#8221; background_color_gradient_direction=&#8221;45deg&#8221; background_color_gradient_stops=&#8221;#e86a15 28%|rgba(232,106,21,0.24) 99%&#8221; background_color_gradient_overlays_image=&#8221;on&#8221; background_image=&#8221;https:\/\/selcedu.com\/wp-content\/uploads\/2024\/03\/admission-process.webp&#8221; custom_margin=&#8221;-50px|||||&#8221; custom_padding=&#8221;||||false|false&#8221; bottom_divider_style=&#8221;asymmetric&#8221; bottom_divider_height=&#8221;113px&#8221; bottom_divider_height_tablet=&#8221;68px&#8221; bottom_divider_height_phone=&#8221;46px&#8221; bottom_divider_height_last_edited=&#8221;on|phone&#8221; collapsed=&#8221;on&#8221; global_colors_info=&#8221;{%22gcid-e2b196e6-c1cd-4d7c-835d-4f50d20de00c%22:%91%22background_color%22%93}&#8221;][et_pb_row column_structure=&#8221;3_5,2_5&#8243; _builder_version=&#8221;4.23.1&#8243; background_enable_color=&#8221;off&#8221; width=&#8221;90%&#8221; max_width=&#8221;90%&#8221; custom_margin=&#8221;100px||||false|false&#8221; custom_padding=&#8221;50px|50px|50px|50px|false|false&#8221; border_radii=&#8221;on|20px|20px|20px|20px&#8221; locked=&#8221;off&#8221; global_colors_info=&#8221;{}&#8221;][et_pb_column type=&#8221;3_5&#8243; _builder_version=&#8221;4.16&#8243; custom_padding=&#8221;|||&#8221; global_colors_info=&#8221;{}&#8221; custom_padding__hover=&#8221;|||&#8221;][et_pb_text _builder_version=&#8221;4.27.0&#8243; text_text_color=&#8221;#FFFFFF&#8221; text_font_size=&#8221;20px&#8221; link_font=&#8221;Montserrat||||||||&#8221; link_text_color=&#8221;#FFFFFF&#8221; link_font_size=&#8221;15px&#8221; header_font=&#8221;Montserrat|700|||||||&#8221; header_text_color=&#8221;#FFFFFF&#8221; header_font_size=&#8221;45px&#8221; header_letter_spacing=&#8221;3px&#8221; header_line_height=&#8221;140%&#8221; header_2_font=&#8221;Montserrat|700|||||||&#8221; header_2_text_color=&#8221;gcid-e2b196e6-c1cd-4d7c-835d-4f50d20de00c&#8221; header_2_font_size=&#8221;35px&#8221; header_2_line_height=&#8221;2em&#8221; header_3_font=&#8221;Montserrat||||||||&#8221; header_3_text_align=&#8221;center&#8221; header_3_text_color=&#8221;#312a29&#8243; header_3_font_size=&#8221;18px&#8221; header_3_line_height=&#8221;1.5em&#8221; custom_margin=&#8221;-6px||||false|false&#8221; custom_padding=&#8221;0px||||false|false&#8221; animation_direction=&#8221;right&#8221; text_font_size_tablet=&#8221;&#8221; text_font_size_phone=&#8221;14px&#8221; text_font_size_last_edited=&#8221;on|phone&#8221; header_font_size_tablet=&#8221;40px&#8221; header_font_size_phone=&#8221;24px&#8221; header_font_size_last_edited=&#8221;on|tablet&#8221; global_colors_info=&#8221;{%22gcid-d0328ec1-b9c5-42bf-af93-bacd6777b9fa%22:%91%22header_3_text_color%22,%22header_3_text_color%22%93,%22gcid-e2b196e6-c1cd-4d7c-835d-4f50d20de00c%22:%91%22header_2_text_color%22%93}&#8221;]<\/p>\n<h1>Acomoda\u00e7\u00e3o para estudantes<\/h1>\n<p>[\/et_pb_text][et_pb_text _builder_version=&#8221;4.27.0&#8243; _module_preset=&#8221;default&#8221; text_font=&#8221;Montserrat|300|||||||&#8221; text_text_color=&#8221;#FFFFFF&#8221; text_font_size=&#8221;16px&#8221; text_line_height=&#8221;1.8em&#8221; custom_margin=&#8221;||50px||false|false&#8221; custom_margin_tablet=&#8221;||0px||false|false&#8221; custom_margin_phone=&#8221;||0px||false|false&#8221; custom_margin_last_edited=&#8221;on|desktop&#8221; global_colors_info=&#8221;{%22gcid-d0328ec1-b9c5-42bf-af93-bacd6777b9fa%22:%91%22header_3_text_color%22%93}&#8221;]Encontrar o lugar certo para morar enquanto estuda \u00e9 uma das decis\u00f5es mais importantes que voc\u00ea tomar\u00e1 como estudante. Entendemos que uma moradia segura, confort\u00e1vel e conveniente \u00e9 fundamental para o seu sucesso acad\u00eamico.   <\/p>\n<p>\u00c9 por isso que fizemos parcerias com provedores de acomoda\u00e7\u00e3o confi\u00e1veis no Canad\u00e1 para oferecer uma variedade de op\u00e7\u00f5es de hospedagem ou de casa de fam\u00edlia que se adaptam a diferentes estilos de vida e or\u00e7amentos.[\/et_pb_text][\/et_pb_column][et_pb_column type=&#8221;2_5&#8243; _builder_version=&#8221;4.16&#8243; custom_padding=&#8221;|||&#8221; global_colors_info=&#8221;{}&#8221; custom_padding__hover=&#8221;|||&#8221;][\/et_pb_column][\/et_pb_row][\/et_pb_section][et_pb_section fb_built=&#8221;1&#8243; use_custom_gutter=&#8221;on&#8221; gutter_width=&#8221;2&#8243; specialty=&#8221;on&#8221; _builder_version=&#8221;4.23.4&#8243; _module_preset=&#8221;default&#8221; width=&#8221;100%&#8221; max_width=&#8221;100%&#8221; inner_max_width=&#8221;1400px&#8221; global_colors_info=&#8221;{}&#8221;][et_pb_column type=&#8221;1_3&#8243; _builder_version=&#8221;4.16&#8243; custom_padding=&#8221;|||&#8221; global_colors_info=&#8221;{}&#8221; custom_padding__hover=&#8221;|||&#8221;][pac_divi_table_of_contents title=&#8221;Esbo\u00e7o de admiss\u00e3o&#8221; opened_icon=&#8221;:||divi||400&#8243; closed_icon=&#8221;;||divi||400&#8243; included_headings=&#8221;off|on|off|off|off|off&#8221; title_container_bg_color=&#8221;gcid-e2b196e6-c1cd-4d7c-835d-4f50d20de00c&#8221; _builder_version=&#8221;4.23.4&#8243; _module_preset=&#8221;default&#8221; title_font_font=&#8221;Montserrat||||||||&#8221; title_text_align=&#8221;left&#8221; title_font_size=&#8221;18px&#8221; keyword_highlight_font=&#8221;Montserrat||||||||&#8221; sticky_position=&#8221;top&#8221; sticky_offset_top=&#8221;71px&#8221; sticky_limit_bottom=&#8221;section&#8221; sticky_position_tablet=&#8221;none&#8221; sticky_position_phone=&#8221;none&#8221; sticky_position_last_edited=&#8221;on|desktop&#8221; border_radii=&#8221;on|10px|10px|10px|10px&#8221; global_colors_info=&#8221;{%22gcid-e2b196e6-c1cd-4d7c-835d-4f50d20de00c%22:%91%22title_container_bg_color%22%93}&#8221;][\/pac_divi_table_of_contents][\/et_pb_column][et_pb_column type=&#8221;2_3&#8243; specialty_columns=&#8221;2&#8243; _builder_version=&#8221;4.16&#8243; custom_padding=&#8221;|||&#8221; global_colors_info=&#8221;{}&#8221; custom_padding__hover=&#8221;|||&#8221;][et_pb_row_inner _builder_version=&#8221;4.24.3&#8243; _module_preset=&#8221;default&#8221; scroll_vertical_motion=&#8221;0|40|55|100|4|0|-4&#8243; scroll_blur=&#8221;0|30|60|100|10|0|0&#8243; motion_trigger_start=&#8221;top&#8221; global_colors_info=&#8221;{}&#8221;][et_pb_column_inner saved_specialty_column_type=&#8221;2_3&#8243; _builder_version=&#8221;4.23.4&#8243; _module_preset=&#8221;default&#8221; global_colors_info=&#8221;{}&#8221;][et_pb_text _builder_version=&#8221;4.27.0&#8243; _module_preset=&#8221;default&#8221; text_font=&#8221;Montserrat|300|||||||&#8221; text_text_color=&#8221;gcid-d0328ec1-b9c5-42bf-af93-bacd6777b9fa&#8221; text_font_size=&#8221;16px&#8221; text_line_height=&#8221;1.8em&#8221; link_text_color=&#8221;gcid-e2b196e6-c1cd-4d7c-835d-4f50d20de00c&#8221; global_colors_info=&#8221;{%22gcid-d0328ec1-b9c5-42bf-af93-bacd6777b9fa%22:%91%22header_3_text_color%22,%22header_3_text_color%22,%22text_text_color%22%93,%22gcid-e2b196e6-c1cd-4d7c-835d-4f50d20de00c%22:%91%22link_text_color%22%93}&#8221;]<\/p>\n<p>Escolher a acomoda\u00e7\u00e3o certa n\u00e3o se trata apenas de ter um lugar para dormir &#8211; trata-se de criar um lar que apoie seu crescimento acad\u00eamico e pessoal.<\/p>\n<p>Nossa variedade de op\u00e7\u00f5es de hospedagem e servi\u00e7os centrados no aluno garantem que sua experi\u00eancia de vida melhore seu tempo na Faculdade SELC, permitindo que voc\u00ea se concentre em atingir suas metas acad\u00eamicas.<\/p>\n<h2>Nossos parceiros de acomoda\u00e7\u00e3o para estudantes no Canad\u00e1<\/h2>\n<p><a href=\"https:\/\/vanmates.com\/\" target=\"_blank\" rel=\"dofollow noopener\" title=\"  Acomoda\u00e7\u00e3o em Vanmates\"><strong>Acomoda\u00e7\u00e3o em Vanmates<\/strong><\/a><span style=\"box-sizing: border-box; margin: 0px; padding: 0px;\">  \u00e9 uma das empresas de acomoda\u00e7\u00e3o para estudantes mais conhecidas e bem avaliadas do Canad\u00e1. Eles oferecem op\u00e7\u00f5es diversificadas de acomoda\u00e7\u00e3o para estudantes internacionais <\/span>.<\/p>\n<p>Os alunos podem reservar sua acomoda\u00e7\u00e3o usando o link abaixo.<\/p>\n<p>[\/et_pb_text][et_pb_button button_url=&#8221;https:\/\/vanmatescanada.typeform.com\/to\/UshnYNfy&#8221; button_text=&#8221;Formul\u00e1rio de solicita\u00e7\u00e3o de Vanmates&#8221; button_alignment=&#8221;left&#8221; _builder_version=&#8221;4.27.0&#8243; _module_preset=&#8221;default&#8221; custom_button=&#8221;on&#8221; button_text_color=&#8221;#FFFFFF&#8221; button_bg_color=&#8221;gcid-e2b196e6-c1cd-4d7c-835d-4f50d20de00c&#8221; button_border_width=&#8221;0px&#8221; button_border_color=&#8221;gcid-e2b196e6-c1cd-4d7c-835d-4f50d20de00c&#8221; button_border_radius=&#8221;5px&#8221; button_font=&#8221;Montserrat|300|||||||&#8221; button_icon=&#8221;&#x3d;||divi||400&#8243; button_on_hover=&#8221;off&#8221; custom_padding=&#8221;20px|50px|20px|30px|false|false&#8221; locked=&#8221;off&#8221; global_colors_info=&#8221;{%22gcid-e2b196e6-c1cd-4d7c-835d-4f50d20de00c%22:%91%22button_bg_color%22,%22button_text_color__hover%22,%22button_border_color%22,%22button_border_color__hover%22%93}&#8221; button_bg_color__hover_enabled=&#8221;on|hover&#8221; button_text_size__hover_enabled=&#8221;on|hover&#8221; button_bg_color__hover=&#8221;#FFFFFF&#8221; button_bg_enable_color__hover=&#8221;on&#8221; button_text_color__hover_enabled=&#8221;on|desktop&#8221; button_text_color__hover=&#8221;#ed591e&#8221; button_text_size__hover=&#8221;21px&#8221; button_border_width__hover_enabled=&#8221;on|hover&#8221; button_border_width__hover=&#8221;1px&#8221; button_border_color__hover_enabled=&#8221;on|hover&#8221; button_border_color__hover=&#8221;#ed591e&#8221;][\/et_pb_button][et_pb_text _builder_version=&#8221;4.27.0&#8243; _module_preset=&#8221;default&#8221; text_font=&#8221;Montserrat|300|||||||&#8221; text_text_color=&#8221;gcid-d0328ec1-b9c5-42bf-af93-bacd6777b9fa&#8221; text_font_size=&#8221;16px&#8221; text_line_height=&#8221;1.8em&#8221; link_text_color=&#8221;gcid-e2b196e6-c1cd-4d7c-835d-4f50d20de00c&#8221; global_colors_info=&#8221;{%22gcid-d0328ec1-b9c5-42bf-af93-bacd6777b9fa%22:%91%22header_3_text_color%22,%22header_3_text_color%22,%22text_text_color%22%93,%22gcid-e2b196e6-c1cd-4d7c-835d-4f50d20de00c%22:%91%22link_text_color%22%93}&#8221;]<\/p>\n<p><a href=\"northwesthomestay.com\" target=\"_blank\" rel=\"nofollow noopener\" title=\"Ag\u00eancia Northwest\"><strong>Ag\u00eancia Northwest<\/strong><\/a><span style=\"box-sizing: border-box; margin: 0px; padding: 0px;\"> <span>est\u00e1 comprometida com a sua satisfa\u00e7\u00e3o e com a qualidade dos servi\u00e7os que oferecemos<\/span>. <\/span> <\/p>\n<p>Os alunos podem reservar sua acomoda\u00e7\u00e3o usando o link abaixo.<\/p>\n<p>[\/et_pb_text][et_pb_button button_url=&#8221;https:\/\/share.hsforms.com\/1DCplmT4RR4m1GxklLBO6rAc758g&#8221; button_text=&#8221;Formul\u00e1rio de solicita\u00e7\u00e3o da Northwest&#8221; button_alignment=&#8221;left&#8221; _builder_version=&#8221;4.27.0&#8243; _module_preset=&#8221;default&#8221; custom_button=&#8221;on&#8221; button_text_color=&#8221;#FFFFFF&#8221; button_bg_color=&#8221;gcid-e2b196e6-c1cd-4d7c-835d-4f50d20de00c&#8221; button_border_width=&#8221;0px&#8221; button_border_color=&#8221;gcid-e2b196e6-c1cd-4d7c-835d-4f50d20de00c&#8221; button_border_radius=&#8221;5px&#8221; button_font=&#8221;Montserrat|300|||||||&#8221; button_icon=&#8221;&#x3d;||divi||400&#8243; button_on_hover=&#8221;off&#8221; custom_padding=&#8221;20px|50px|20px|30px|false|false&#8221; locked=&#8221;off&#8221; global_colors_info=&#8221;{%22gcid-e2b196e6-c1cd-4d7c-835d-4f50d20de00c%22:%91%22button_bg_color%22,%22button_text_color__hover%22,%22button_border_color%22,%22button_border_color__hover%22%93}&#8221; button_bg_color__hover_enabled=&#8221;on|hover&#8221; button_text_size__hover_enabled=&#8221;on|hover&#8221; button_bg_color__hover=&#8221;#FFFFFF&#8221; button_bg_enable_color__hover=&#8221;on&#8221; button_text_color__hover_enabled=&#8221;on|desktop&#8221; button_text_color__hover=&#8221;#ed591e&#8221; button_text_size__hover=&#8221;21px&#8221; button_border_width__hover_enabled=&#8221;on|hover&#8221; button_border_width__hover=&#8221;1px&#8221; button_border_color__hover_enabled=&#8221;on|hover&#8221; button_border_color__hover=&#8221;#ed591e&#8221;][\/et_pb_button][et_pb_text _builder_version=&#8221;4.27.4&#8243; _module_preset=&#8221;default&#8221; text_font=&#8221;Montserrat|300|||||||&#8221; text_text_color=&#8221;gcid-d0328ec1-b9c5-42bf-af93-bacd6777b9fa&#8221; text_font_size=&#8221;16px&#8221; text_line_height=&#8221;1.8em&#8221; link_text_color=&#8221;gcid-e2b196e6-c1cd-4d7c-835d-4f50d20de00c&#8221; hover_enabled=&#8221;0&#8243; global_colors_info=&#8221;{%22gcid-d0328ec1-b9c5-42bf-af93-bacd6777b9fa%22:%91%22header_3_text_color%22,%22header_3_text_color%22,%22text_text_color%22%93,%22gcid-e2b196e6-c1cd-4d7c-835d-4f50d20de00c%22:%91%22link_text_color%22%93}&#8221; sticky_enabled=&#8221;0&#8243;]<\/p>\n<p><a href=\"https:\/\/www.homesweethomestay.com\" target=\"_blank\" rel=\"nofollow noopener\" title=\"Ag\u00eancia Northwest\"><strong>Home Sweet Homestay Canad\u00e1<\/strong><\/a><span style=\"box-sizing: border-box; margin: 0px; padding: 0px;\"> <span>\u00e9 um agente exclusivo\/fornecedor direto de programas de acomoda\u00e7\u00e3o para escolas.<\/span><\/span><\/p>\n<p><span style=\"box-sizing: border-box; margin: 0px; padding: 0px;\"><span>  Os alunos internacionais interessados em aproveitar os servi\u00e7os premium do HSH podem se informar com um representante em sua \u00e1rea local sobre a organiza\u00e7\u00e3o de reservas.<\/span><\/span><\/p>\n<p>[\/et_pb_text][et_pb_button button_url=&#8221;https:\/\/www.homesweethomestay.com\/students\/selc-student-application-form\/&#8221; button_text=&#8221;Formul\u00e1rio de solicita\u00e7\u00e3o de hospedagem em casa de fam\u00edlia Home Sweet Homestay&#8221; button_alignment=&#8221;left&#8221; _builder_version=&#8221;4.27.4&#8243; _module_preset=&#8221;default&#8221; custom_button=&#8221;on&#8221; button_text_color=&#8221;#FFFFFF&#8221; button_bg_color=&#8221;gcid-e2b196e6-c1cd-4d7c-835d-4f50d20de00c&#8221; button_border_width=&#8221;0px&#8221; button_border_color=&#8221;gcid-e2b196e6-c1cd-4d7c-835d-4f50d20de00c&#8221; button_border_radius=&#8221;5px&#8221; button_font=&#8221;Montserrat|300|||||||&#8221; button_icon=&#8221;&#x3d;||divi||400&#8243; button_on_hover=&#8221;off&#8221; custom_padding=&#8221;20px|50px|20px|30px|false|false&#8221; hover_enabled=&#8221;0&#8243; locked=&#8221;off&#8221; global_colors_info=&#8221;{%22gcid-e2b196e6-c1cd-4d7c-835d-4f50d20de00c%22:%91%22button_bg_color%22,%22button_text_color__hover%22,%22button_border_color%22,%22button_border_color__hover%22%93}&#8221; button_bg_color__hover_enabled=&#8221;on|hover&#8221; button_text_size__hover_enabled=&#8221;on|hover&#8221; button_bg_color__hover=&#8221;#FFFFFF&#8221; button_bg_enable_color__hover=&#8221;on&#8221; button_text_color__hover_enabled=&#8221;on|desktop&#8221; button_text_color__hover=&#8221;#ed591e&#8221; button_text_size__hover=&#8221;21px&#8221; button_border_width__hover_enabled=&#8221;on|hover&#8221; button_border_width__hover=&#8221;1px&#8221; button_border_color__hover_enabled=&#8221;on|hover&#8221; button_border_color__hover=&#8221;#ed591e&#8221; url_new_window=&#8221;on&#8221; sticky_enabled=&#8221;0&#8243;][\/et_pb_button][et_pb_text _builder_version=&#8221;4.27.0&#8243; _module_preset=&#8221;default&#8221; text_font=&#8221;Montserrat|300|||||||&#8221; text_text_color=&#8221;gcid-d0328ec1-b9c5-42bf-af93-bacd6777b9fa&#8221; text_font_size=&#8221;16px&#8221; text_line_height=&#8221;1.8em&#8221; global_colors_info=&#8221;{%22gcid-d0328ec1-b9c5-42bf-af93-bacd6777b9fa%22:%91%22header_3_text_color%22,%22text_text_color%22%93}&#8221;]<\/p>\n<h2>Tipos de acomoda\u00e7\u00e3o<\/h2>\n<p>&nbsp;<\/p>\n<h3>1. Alojamento no campus<\/h3>\n<p>A vida no campus oferece a experi\u00eancia estudantil mais integrada. Voc\u00ea estar\u00e1 a poucos passos das aulas, das instala\u00e7\u00f5es do campus e de uma comunidade estudantil vibrante. Ideal para alunos que querem estar totalmente imersos na vida do campus, a moradia no campus promove fortes conex\u00f5es com outros alunos, oferecendo um equil\u00edbrio entre estudo e vida social.  <\/p>\n<p><strong>Caracter\u00edsticas:<\/strong><\/p>\n<ul>\n<li>Quartos totalmente mobiliados<\/li>\n<li>Planos de refei\u00e7\u00f5es e op\u00e7\u00f5es de restaurantes<\/li>\n<li>Equipe de seguran\u00e7a e suporte 24 horas por dia, 7 dias por semana<\/li>\n<li>Acesso a lounges de estudantes, \u00e1reas de estudo e espa\u00e7os comuns<\/li>\n<li>Organiza\u00e7\u00e3o de eventos sociais para aumentar a intera\u00e7\u00e3o entre os alunos<\/li>\n<\/ul>\n<p><strong>Benef\u00edcios<\/strong>:<\/p>\n<ul>\n<li>F\u00e1cil acesso a recursos acad\u00eamicos e atividades no campus<\/li>\n<li>Maior envolvimento social e oportunidades para fazer amizades<\/li>\n<li>Log\u00edstica simplificada, com utilidades e outros servi\u00e7os inclu\u00eddos<\/li>\n<\/ul>\n<h3>2. Apartamentos fora do campus<\/h3>\n<p>Se voc\u00ea preferir mais independ\u00eancia, nossas op\u00e7\u00f5es de apartamento fora do campus oferecem maior autonomia e ainda est\u00e3o convenientemente localizadas perto do campus.<\/p>\n<p>Escolha entre uma variedade de apartamentos projetados para a vida estudantil, desde est\u00fadios at\u00e9 espa\u00e7os compartilhados com colegas de quarto. Voc\u00ea desfrutar\u00e1 da liberdade de administrar seu pr\u00f3prio espa\u00e7o enquanto se beneficia da seguran\u00e7a e do apoio de provedores de hospedagem confi\u00e1veis. <\/p>\n<p><strong>Caracter\u00edsticas<\/strong>:<\/p>\n<ul>\n<li>Op\u00e7\u00f5es de apartamentos individuais ou compartilhados<\/li>\n<li>Cozinhas e salas de estar totalmente equipadas<\/li>\n<li>Proximidade de transporte p\u00fablico e comodidades locais<\/li>\n<li>Termos de aluguel flex\u00edveis adaptados aos hor\u00e1rios dos alunos<\/li>\n<\/ul>\n<p><strong>Benef\u00edcios<\/strong>:<\/p>\n<ul>\n<li>Mais espa\u00e7o pessoal e independ\u00eancia<\/li>\n<li>Liberdade para criar seu pr\u00f3prio ambiente de vida<\/li>\n<li>Comunidades unidas dentro do complexo de apartamentos<\/li>\n<li>Op\u00e7\u00f5es de pre\u00e7os acess\u00edveis que se ajustam ao or\u00e7amento dos alunos<\/li>\n<\/ul>\n<p><strong>Programas de hospedagem em casa de fam\u00edlia<\/strong><\/p>\n<p>Experimente um interc\u00e2mbio cultural e o conforto de um lar com nosso programa de hospedagem em casa de fam\u00edlia, onde os alunos moram com fam\u00edlias locais. Essa op\u00e7\u00e3o \u00e9 perfeita para alunos que desejam uma conex\u00e3o mais profunda com a cultura e a comunidade locais, oferecendo uma oportunidade \u00fanica de praticar o idioma e se adaptar ao estilo de vida local. As fam\u00edlias anfitri\u00e3s s\u00e3o cuidadosamente selecionadas para proporcionar um ambiente acolhedor e de apoio.  <\/p>\n<p><strong>Caracter\u00edsticas:<\/strong><\/p>\n<ul>\n<li>Quartos privados ou compartilhados em uma casa de fam\u00edlia<\/li>\n<li>Refei\u00e7\u00f5es caseiras fornecidas pela fam\u00edlia anfitri\u00e3<\/li>\n<li>Ambiente familiar de apoio e exposi\u00e7\u00e3o \u00e0 cultura local<\/li>\n<li>Oportunidades de praticar ingl\u00eas ou franc\u00eas em conversas di\u00e1rias<\/li>\n<\/ul>\n<p><strong>Benef\u00edcios:<\/strong><\/p>\n<ul>\n<li>Apoio personalizado de sua fam\u00edlia anfitri\u00e3<\/li>\n<li>Imers\u00e3o cultural e uma melhor compreens\u00e3o da vida local<\/li>\n<li>Ideal para estudantes internacionais que desejam facilitar a transi\u00e7\u00e3o<\/li>\n<li>Op\u00e7\u00f5es de moradia acess\u00edveis com menos custos adicionais de vida<\/li>\n<\/ul>\n<h2>Como solicitar acomoda\u00e7\u00e3o<\/h2>\n<p>A solicita\u00e7\u00e3o de acomoda\u00e7\u00e3o \u00e9 simples e flex\u00edvel para atender \u00e0s suas prefer\u00eancias. Veja como voc\u00ea pode come\u00e7ar: <\/p>\n<p><strong>1. Explore suas op\u00e7\u00f5es<\/strong>: Navegue pelas op\u00e7\u00f5es de moradia e decida qual tipo de acomoda\u00e7\u00e3o melhor se adapta \u00e0s suas necessidades e estilo de vida.<\/p>\n<p><strong>2. Envie sua solicita\u00e7\u00e3o<\/strong>: Preencha o formul\u00e1rio de solicita\u00e7\u00e3o de acomoda\u00e7\u00e3o on-line. Certifique-se de que voc\u00ea forne\u00e7a detalhes precisos sobre suas prefer\u00eancias de moradia e quaisquer requisitos espec\u00edficos (por exemplo, necessidades alimentares, acessibilidade). <\/p>\n<p><strong>3. Receber uma oferta de hospedagem<\/strong>: Depois que sua inscri\u00e7\u00e3o for processada, voc\u00ea receber\u00e1 uma oferta de acomoda\u00e7\u00e3o, detalhando sua atribui\u00e7\u00e3o de moradia e as datas de mudan\u00e7a.<\/p>\n<p><strong>4. Confirme sua coloca\u00e7\u00e3o<\/strong>: Aceite a oferta de hospedagem e siga as instru\u00e7\u00f5es para confirmar sua vaga. N\u00e3o se esque\u00e7a de cumprir os prazos de pagamento ou de fornecer os documentos necess\u00e1rios. <\/p>\n<p><strong>5. Prepare-se para a mudan\u00e7a<\/strong>: Nossa equipe de servi\u00e7os estudantis fornecer\u00e1 instru\u00e7\u00f5es detalhadas no dia da mudan\u00e7a e ajudar\u00e1 voc\u00ea a se acomodar em sua nova casa.<\/p>\n<p>[\/et_pb_text][ds_timeline _builder_version=&#8221;4.24.3&#8243; _module_preset=&#8221;default&#8221; global_colors_info=&#8221;{}&#8221;][\/ds_timeline][\/et_pb_column_inner][\/et_pb_row_inner][\/et_pb_column][\/et_pb_section]<\/p>\n","protected":false},"excerpt":{"rendered":"<p>Acomoda\u00e7\u00e3o para estudantesEncontrar o lugar certo para morar enquanto estuda \u00e9 uma das decis\u00f5es mais importantes que voc\u00ea tomar\u00e1 como estudante. Entendemos que uma moradia segura, confort\u00e1vel e conveniente \u00e9 fundamental para o seu sucesso acad\u00eamico. \u00c9 por isso que fizemos parcerias com provedores de acomoda\u00e7\u00e3o confi\u00e1veis no Canad\u00e1 para oferecer uma variedade de op\u00e7\u00f5es [&hellip;]<\/p>\n","protected":false},"author":22,"featured_media":261311,"parent":261315,"menu_order":0,"comment_status":"closed","ping_status":"closed","template":"","meta":{"_et_pb_use_builder":"on","_et_pb_old_content":"","_et_gb_content_width":"","inline_featured_image":false,"footnotes":""},"class_list":["post-261308","page","type-page","status-publish","has-post-thumbnail","hentry"],"_links":{"self":[{"href":"https:\/\/selcedu.com\/pt-br\/wp-json\/wp\/v2\/pages\/261308","targetHints":{"allow":["GET"]}}],"collection":[{"href":"https:\/\/selcedu.com\/pt-br\/wp-json\/wp\/v2\/pages"}],"about":[{"href":"https:\/\/selcedu.com\/pt-br\/wp-json\/wp\/v2\/types\/page"}],"author":[{"embeddable":true,"href":"https:\/\/selcedu.com\/pt-br\/wp-json\/wp\/v2\/users\/22"}],"replies":[{"embeddable":true,"href":"https:\/\/selcedu.com\/pt-br\/wp-json\/wp\/v2\/comments?post=261308"}],"version-history":[{"count":3,"href":"https:\/\/selcedu.com\/pt-br\/wp-json\/wp\/v2\/pages\/261308\/revisions"}],"predecessor-version":[{"id":262560,"href":"https:\/\/selcedu.com\/pt-br\/wp-json\/wp\/v2\/pages\/261308\/revisions\/262560"}],"up":[{"embeddable":true,"href":"https:\/\/selcedu.com\/pt-br\/wp-json\/wp\/v2\/pages\/261315"}],"wp:featuredmedia":[{"embeddable":true,"href":"https:\/\/selcedu.com\/pt-br\/wp-json\/wp\/v2\/media\/261311"}],"wp:attachment":[{"href":"https:\/\/selcedu.com\/pt-br\/wp-json\/wp\/v2\/media?parent=261308"}],"curies":[{"name":"wp","href":"https:\/\/api.w.org\/{rel}","templated":true}]}}