{"id":261299,"date":"2024-08-24T07:38:10","date_gmt":"2024-08-24T07:38:10","guid":{"rendered":"https:\/\/selcedu.com\/pagamentos-de-taxas-de-matricula\/"},"modified":"2026-01-08T22:29:43","modified_gmt":"2026-01-08T22:29:43","slug":"pagamentos-de-taxas-de-matricula","status":"publish","type":"page","link":"https:\/\/selcedu.com\/pt-br\/admissoes\/pagamentos-de-taxas-de-matricula\/","title":{"rendered":"Pagamentos de taxas de matr\u00edcula"},"content":{"rendered":"\n[et_pb_section fb_built=&#8221;1&#8243; next_background_color=&#8221;#ffffff&#8221; module_id=&#8221;material-carrossel&#8221; _builder_version=&#8221;4.27.0&#8243; background_color=&#8221;gcid-e2b196e6-c1cd-4d7c-835d-4f50d20de00c&#8221; use_background_color_gradient=&#8221;on&#8221; background_color_gradient_direction=&#8221;45deg&#8221; background_color_gradient_stops=&#8221;#e86a15 28%|rgba(232,106,21,0.24) 99%&#8221; background_color_gradient_overlays_image=&#8221;on&#8221; background_image=&#8221;https:\/\/selcedu.com\/wp-content\/uploads\/2024\/08\/tuition-fee-payment-for-students.webp&#8221; custom_margin=&#8221;-50px|||||&#8221; custom_padding=&#8221;||||false|false&#8221; bottom_divider_style=&#8221;asymmetric&#8221; bottom_divider_height=&#8221;113px&#8221; bottom_divider_height_tablet=&#8221;68px&#8221; bottom_divider_height_phone=&#8221;46px&#8221; bottom_divider_height_last_edited=&#8221;on|phone&#8221; collapsed=&#8221;on&#8221; global_colors_info=&#8221;{%22gcid-e2b196e6-c1cd-4d7c-835d-4f50d20de00c%22:%91%22background_color%22%93}&#8221;][et_pb_row column_structure=&#8221;3_5,2_5&#8243; _builder_version=&#8221;4.23.1&#8243; background_enable_color=&#8221;off&#8221; width=&#8221;90%&#8221; max_width=&#8221;90%&#8221; custom_margin=&#8221;100px||||false|false&#8221; custom_padding=&#8221;50px|50px|50px|50px|false|false&#8221; border_radii=&#8221;on|20px|20px|20px|20px&#8221; locked=&#8221;off&#8221; global_colors_info=&#8221;{}&#8221;][et_pb_column type=&#8221;3_5&#8243; _builder_version=&#8221;4.16&#8243; custom_padding=&#8221;|||&#8221; global_colors_info=&#8221;{}&#8221; custom_padding__hover=&#8221;|||&#8221;][et_pb_text _builder_version=&#8221;4.27.0&#8243; text_text_color=&#8221;#FFFFFF&#8221; text_font_size=&#8221;20px&#8221; link_font=&#8221;Montserrat||||||||&#8221; link_text_color=&#8221;#FFFFFF&#8221; link_font_size=&#8221;15px&#8221; header_font=&#8221;Montserrat|700|||||||&#8221; header_text_color=&#8221;#FFFFFF&#8221; header_font_size=&#8221;45px&#8221; header_letter_spacing=&#8221;3px&#8221; header_line_height=&#8221;140%&#8221; header_2_font=&#8221;Montserrat|700|||||||&#8221; header_2_text_color=&#8221;gcid-e2b196e6-c1cd-4d7c-835d-4f50d20de00c&#8221; header_2_font_size=&#8221;35px&#8221; header_2_line_height=&#8221;2em&#8221; header_3_font=&#8221;Montserrat||||||||&#8221; header_3_text_align=&#8221;center&#8221; header_3_text_color=&#8221;#312a29&#8243; header_3_font_size=&#8221;18px&#8221; header_3_line_height=&#8221;1.5em&#8221; custom_margin=&#8221;-6px||||false|false&#8221; custom_padding=&#8221;0px||||false|false&#8221; animation_direction=&#8221;right&#8221; text_font_size_tablet=&#8221;&#8221; text_font_size_phone=&#8221;14px&#8221; text_font_size_last_edited=&#8221;on|phone&#8221; header_font_size_tablet=&#8221;40px&#8221; header_font_size_phone=&#8221;24px&#8221; header_font_size_last_edited=&#8221;on|tablet&#8221; global_colors_info=&#8221;{%22gcid-d0328ec1-b9c5-42bf-af93-bacd6777b9fa%22:%91%22header_3_text_color%22,%22header_3_text_color%22%93,%22gcid-e2b196e6-c1cd-4d7c-835d-4f50d20de00c%22:%91%22header_2_text_color%22%93}&#8221;]<h1>Pagar suas taxas de matr\u00edcula<\/h1>[\/et_pb_text][et_pb_text _builder_version=&#8221;4.27.0&#8243; _module_preset=&#8221;default&#8221; text_font=&#8221;Montserrat|300|||||||&#8221; text_text_color=&#8221;#FFFFFF&#8221; text_font_size=&#8221;16px&#8221; text_line_height=&#8221;1.8em&#8221; custom_margin=&#8221;||50px||false|false&#8221; custom_margin_tablet=&#8221;||0px||false|false&#8221; custom_margin_phone=&#8221;||0px||false|false&#8221; custom_margin_last_edited=&#8221;on|desktop&#8221; global_colors_info=&#8221;{%22gcid-d0328ec1-b9c5-42bf-af93-bacd6777b9fa%22:%91%22header_3_text_color%22%93}&#8221;]<p>Sabendo que isso faz parte da jornada educacional, a Faculdade SELC se compromete a tornar o processo de pagamento das <a href=\"https:\/\/selcedu.com\/pt-br\/admissoes\/taxas-do-programa\/\" target=\"_blank\" rel=\"noopener\" title=\"taxas de matr\u00edcula para programas de carreira\">mensalidades<\/a> o mais conveniente e livre de problemas poss\u00edvel. A SELC College fez uma parceria com a Flywire e o PayMyTuition para oferecer uma maneira segura e flex\u00edvel de fazer pagamentos internacionais.<\/p>[\/et_pb_text][\/et_pb_column][et_pb_column type=&#8221;2_5&#8243; _builder_version=&#8221;4.16&#8243; custom_padding=&#8221;|||&#8221; global_colors_info=&#8221;{}&#8221; custom_padding__hover=&#8221;|||&#8221;][\/et_pb_column][\/et_pb_row][\/et_pb_section][et_pb_section fb_built=&#8221;1&#8243; use_custom_gutter=&#8221;on&#8221; gutter_width=&#8221;2&#8243; specialty=&#8221;on&#8221; _builder_version=&#8221;4.23.4&#8243; _module_preset=&#8221;default&#8221; width=&#8221;100%&#8221; max_width=&#8221;100%&#8221; inner_max_width=&#8221;1400px&#8221; global_colors_info=&#8221;{}&#8221;][et_pb_column type=&#8221;1_3&#8243; _builder_version=&#8221;4.16&#8243; custom_padding=&#8221;|||&#8221; global_colors_info=&#8221;{}&#8221; custom_padding__hover=&#8221;|||&#8221;][pac_divi_table_of_contents title=&#8221;Op\u00e7\u00f5es de pagamento da taxa de matr\u00edcula&#8221; opened_icon=&#8221;:||divi||400&#8243; closed_icon=&#8221;;||divi||400&#8243; included_headings=&#8221;off|on|off|off|off|off&#8221; title_container_bg_color=&#8221;gcid-e2b196e6-c1cd-4d7c-835d-4f50d20de00c&#8221; _builder_version=&#8221;4.27.0&#8243; _module_preset=&#8221;default&#8221; title_font_font=&#8221;Montserrat||||||||&#8221; title_text_align=&#8221;left&#8221; title_font_size=&#8221;18px&#8221; keyword_highlight_font=&#8221;Montserrat||||||||&#8221; sticky_position=&#8221;top&#8221; sticky_offset_top=&#8221;71px&#8221; sticky_limit_bottom=&#8221;section&#8221; sticky_position_tablet=&#8221;none&#8221; sticky_position_phone=&#8221;none&#8221; sticky_position_last_edited=&#8221;on|desktop&#8221; border_radii=&#8221;on|10px|10px|10px|10px&#8221; global_colors_info=&#8221;{%22gcid-e2b196e6-c1cd-4d7c-835d-4f50d20de00c%22:%91%22title_container_bg_color%22%93}&#8221;][\/pac_divi_table_of_contents][\/et_pb_column][et_pb_column type=&#8221;2_3&#8243; specialty_columns=&#8221;2&#8243; _builder_version=&#8221;4.16&#8243; custom_padding=&#8221;|||&#8221; global_colors_info=&#8221;{}&#8221; custom_padding__hover=&#8221;|||&#8221;][et_pb_row_inner _builder_version=&#8221;4.24.3&#8243; _module_preset=&#8221;default&#8221; scroll_vertical_motion=&#8221;0|40|55|100|4|0|-4&#8243; scroll_blur=&#8221;0|30|60|100|10|0|0&#8243; motion_trigger_start=&#8221;top&#8221; global_colors_info=&#8221;{}&#8221;][et_pb_column_inner saved_specialty_column_type=&#8221;2_3&#8243; _builder_version=&#8221;4.23.4&#8243; _module_preset=&#8221;default&#8221; global_colors_info=&#8221;{}&#8221;][et_pb_text _builder_version=&#8221;4.27.0&#8243; _module_preset=&#8221;default&#8221; text_font=&#8221;Montserrat|300|||||||&#8221; text_text_color=&#8221;gcid-d0328ec1-b9c5-42bf-af93-bacd6777b9fa&#8221; text_font_size=&#8221;16px&#8221; text_line_height=&#8221;1.8em&#8221; global_colors_info=&#8221;{%22gcid-d0328ec1-b9c5-42bf-af93-bacd6777b9fa%22:%91%22header_3_text_color%22,%22text_text_color%22%93}&#8221;]<h2>Pagamento com o FlyWire<\/h2>\nA SELC College se uniu \u00e0 FlyWire para oferecer a voc\u00ea uma maneira f\u00e1cil de fazer pagamentos de taxas internacionais por meio de um portal on-line. Com a FlyWire, voc\u00ea n\u00e3o apenas economizar\u00e1 em taxas banc\u00e1rias e taxas de c\u00e2mbio, mas tamb\u00e9m acompanhar\u00e1 o andamento do seu pagamento do in\u00edcio ao fim. \n<iframe src=\"https:\/\/player.vimeo.com\/video\/189693395?badge=0&amp;autopause=0&amp;player_id=0&amp;app_id=58479\" frameborder=\"0\" allow=\"autoplay; fullscreen; picture-in-picture; clipboard-write\" style=\"position: absolute; top: 0; left: 0; width: 100%; height: 100%;\" title=\"Como funciona o Flywire\"><\/iframe>\n<script src=\"https:\/\/player.vimeo.com\/api\/player.js\"><\/script>\n<h3>Por que escolher o Flywire com a SELC College?<\/h3>\n<ul>\n\t<li><strong>Processo de pagamento sem interrup\u00e7\u00f5es:<\/strong> Fa\u00e7a, acompanhe e autentique todos os seus pagamentos facilmente on-line.<\/li>\n\t<li><strong>Op\u00e7\u00f5es de pagamento locais:<\/strong> Aproveite uma grande variedade de m\u00e9todos de pagamento locais dispon\u00edveis em cada pa\u00eds ou regi\u00e3o, como transfer\u00eancias banc\u00e1rias, cart\u00f5es de cr\u00e9dito, carteiras eletr\u00f4nicas e muitos outros.<\/li>\n\t<li><strong>Suporte multil\u00edngue:<\/strong> O suporte ao cliente est\u00e1 dispon\u00edvel em uma ampla variedade de idiomas por meio de bate-papo ao vivo, e-mail, telefone, etc.<\/li>\n\t<li><strong>Economia de custos:<\/strong> Economize em taxas banc\u00e1rias e em aumentos nas taxas de c\u00e2mbio por meio de servi\u00e7os banc\u00e1rios favor\u00e1veis e FOREX competitivo &#8211; garanta que voc\u00ea esteja obtendo a melhor oferta para o seu pagamento com a Flywire.<\/li>\n<\/ul>[\/et_pb_text][et_pb_button button_url=&#8221;http:\/\/selcedu.flywire.com&#8221; url_new_window=&#8221;on&#8221; button_text=&#8221;Pague com o FlyWire&#8221; button_alignment=&#8221;center&#8221; _builder_version=&#8221;4.27.0&#8243; _module_preset=&#8221;default&#8221; custom_button=&#8221;on&#8221; button_text_color=&#8221;#FFFFFF&#8221; button_bg_color=&#8221;gcid-e2b196e6-c1cd-4d7c-835d-4f50d20de00c&#8221; button_border_width=&#8221;0px&#8221; button_border_color=&#8221;gcid-e2b196e6-c1cd-4d7c-835d-4f50d20de00c&#8221; button_border_radius=&#8221;5px&#8221; button_font=&#8221;Montserrat|300|||||||&#8221; button_icon=&#8221;&#x3d;||divi||400&#8243; button_on_hover=&#8221;off&#8221; custom_padding=&#8221;20px|50px|20px|30px|false|false&#8221; locked=&#8221;off&#8221; global_colors_info=&#8221;{%22gcid-e2b196e6-c1cd-4d7c-835d-4f50d20de00c%22:%91%22button_bg_color%22,%22button_text_color__hover%22,%22button_border_color%22,%22button_border_color__hover%22%93}&#8221; button_bg_color__hover_enabled=&#8221;on|hover&#8221; button_text_size__hover_enabled=&#8221;on|hover&#8221; button_bg_color__hover=&#8221;#FFFFFF&#8221; button_bg_enable_color__hover=&#8221;on&#8221; button_text_color__hover_enabled=&#8221;on|desktop&#8221; button_text_color__hover=&#8221;#ed591e&#8221; button_text_size__hover=&#8221;21px&#8221; button_border_width__hover_enabled=&#8221;on|hover&#8221; button_border_width__hover=&#8221;1px&#8221; button_border_color__hover_enabled=&#8221;on|hover&#8221; button_border_color__hover=&#8221;#ed591e&#8221;][\/et_pb_button][et_pb_text _builder_version=&#8221;4.27.0&#8243; _module_preset=&#8221;default&#8221; text_font=&#8221;Montserrat|300|||||||&#8221; text_text_color=&#8221;gcid-d0328ec1-b9c5-42bf-af93-bacd6777b9fa&#8221; text_font_size=&#8221;16px&#8221; text_line_height=&#8221;1.8em&#8221; global_colors_info=&#8221;{%22gcid-d0328ec1-b9c5-42bf-af93-bacd6777b9fa%22:%91%22header_3_text_color%22,%22text_text_color%22%93}&#8221;]<h2>Pagamento com PayMyTuition<\/h2>\nA SELC College tem o prazer de oferecer o PayMyTuition como outro m\u00e9todo de pagamento de taxas internacionais. Essa plataforma segura simplifica o processo de pagamento, oferecendo uma gama de op\u00e7\u00f5es adaptadas \u00e0s suas necessidades. \n<iframe width=\"560\" height=\"315\" src=\"https:\/\/www.youtube.com\/embed\/4CIy-gdyoP8?si=GZwvC07EXACabqiC\" title=\"Reprodutor de v\u00eddeo do YouTube\" frameborder=\"0\" allow=\"accelerometer; autoplay; clipboard-write; encrypted-media; gyroscope; picture-in-picture; web-share\" referrerpolicy=\"strict-origin-when-cross-origin\" allowfullscreen=\"\"><\/iframe>\n<br><h3>Por que escolher o PayMyTuition com a SELC College?<\/h3>\n<ul>\n\t<li> <strong> Pagamentos simplificados:<\/strong> Gerencie e acompanhe seus pagamentos on-line sem problemas.<\/li>\n\t<li><strong>Acessibilidade global<\/strong>: Voc\u00ea pode pagar em mais de 180 pa\u00edses em mais de 135 moedas.<\/li>\n\t<li><strong>M\u00e9todos de pagamento flex\u00edveis:<\/strong> Voc\u00ea pode escolher entre op\u00e7\u00f5es de pagamento locais, incluindo transfer\u00eancias banc\u00e1rias, cart\u00f5es de cr\u00e9dito e muito mais.<\/li>\n\t<li><strong>Suporte especializado:<\/strong> Aproveite o atendimento multil\u00edngue ao cliente e as taxas de c\u00e2mbio competitivas com garantias de taxas.<\/li>\n<\/ul>[\/et_pb_text][et_pb_button button_url=&#8221;https:\/\/payment.paymytuition.com\/paynow\/selc&#8221; url_new_window=&#8221;on&#8221; button_text=&#8221;Pague com o PayMyTuition&#8221; button_alignment=&#8221;center&#8221; _builder_version=&#8221;4.27.0&#8243; _module_preset=&#8221;default&#8221; custom_button=&#8221;on&#8221; button_text_color=&#8221;#FFFFFF&#8221; button_bg_color=&#8221;gcid-e2b196e6-c1cd-4d7c-835d-4f50d20de00c&#8221; button_border_width=&#8221;0px&#8221; button_border_color=&#8221;gcid-e2b196e6-c1cd-4d7c-835d-4f50d20de00c&#8221; button_border_radius=&#8221;5px&#8221; button_font=&#8221;Montserrat|300|||||||&#8221; button_icon=&#8221;&#x3d;||divi||400&#8243; button_on_hover=&#8221;off&#8221; custom_padding=&#8221;20px|50px|20px|30px|false|false&#8221; locked=&#8221;off&#8221; global_colors_info=&#8221;{%22gcid-e2b196e6-c1cd-4d7c-835d-4f50d20de00c%22:%91%22button_bg_color%22,%22button_text_color__hover%22,%22button_border_color%22,%22button_border_color__hover%22%93}&#8221; button_bg_color__hover_enabled=&#8221;on|hover&#8221; button_text_size__hover_enabled=&#8221;on|hover&#8221; button_bg_color__hover=&#8221;#FFFFFF&#8221; button_bg_enable_color__hover=&#8221;on&#8221; button_text_color__hover_enabled=&#8221;on|desktop&#8221; button_text_color__hover=&#8221;#ed591e&#8221; button_text_size__hover=&#8221;21px&#8221; button_border_width__hover_enabled=&#8221;on|hover&#8221; button_border_width__hover=&#8221;1px&#8221; button_border_color__hover_enabled=&#8221;on|hover&#8221; button_border_color__hover=&#8221;#ed591e&#8221;][\/et_pb_button][et_pb_text _builder_version=&#8221;4.27.2&#8243; _module_preset=&#8221;default&#8221; text_font=&#8221;Montserrat|300|||||||&#8221; text_text_color=&#8221;gcid-d0328ec1-b9c5-42bf-af93-bacd6777b9fa&#8221; text_font_size=&#8221;16px&#8221; text_line_height=&#8221;1.8em&#8221; global_colors_info=&#8221;{%22gcid-d0328ec1-b9c5-42bf-af93-bacd6777b9fa%22:%91%22header_3_text_color%22,%22text_text_color%22%93}&#8221;]<h2>Pagamento com a TransferMate<\/h2>\n<p>TransferMate-Edvisor \u00e9 o nosso m\u00e9todo de pagamento preferido. Eles oferecem aos alunos internacionais uma maneira mais f\u00e1cil e econ\u00f4mica de pagar suas taxas. <\/p>\n<p><iframe width=\"560\" height=\"315\" src=\"https:\/\/www.youtube.com\/embed\/-K3nvlmYJ74?si=GHGBs8c-ZR35YK5t\" title=\"Reprodutor de v\u00eddeo do YouTube\" frameborder=\"0\" allow=\"accelerometer; autoplay; clipboard-write; encrypted-media; gyroscope; picture-in-picture; web-share\" referrerpolicy=\"strict-origin-when-cross-origin\" allowfullscreen=\"\"><\/iframe><\/p>\n<h3>Por que escolher o Transfermate com a SELC College?<\/h3>\n<ul>\n<li>Pague em sua moeda local em uma conta banc\u00e1ria local<\/li>\n<li>N\u00e3o h\u00e1 cobran\u00e7as banc\u00e1rias internacionais do seu banco<\/li>\n<li>Excelentes taxas de c\u00e2mbio<\/li>\n<li>Simples on-line com cart\u00f5es de cr\u00e9dito ou pagamentos por transfer\u00eancia banc\u00e1ria<\/li>\n<li>Atendimento ao cliente 24 horas com suporte multil\u00edngue<\/li>\n<li>Acompanhamento de pagamentos on-line 24 horas por dia com notifica\u00e7\u00f5es por SMS e e-mail<\/li>\n<\/ul>\n<p>O TransferMate-Edvisor permite que voc\u00ea fa\u00e7a pagamentos internacionais sem tarifas banc\u00e1rias internacionais e oferece taxas de c\u00e2mbio competitivas.<\/p>\n<p>Se voc\u00ea \u00e9 um aluno internacional pagando taxas para a SELC, use esse m\u00e9todo seguro e r\u00e1pido para pagar suas taxas. Esse \u00e9 o nosso m\u00e9todo de pagamento preferencial. <\/p>\n<p><strong>Como funciona:<\/strong><\/p>\n<ol>\n<li>Registre-se no site seguro da TransferMate e insira seus detalhes de pagamento.<\/li>\n<li>Receba a taxa de c\u00e2mbio do dia e, em seguida, escolha transfer\u00eancia eletr\u00f4nica ou cart\u00e3o de cr\u00e9dito como m\u00e9todo de pagamento.<\/li>\n<li>Assim que a TransferMate recebe seus fundos, eles os transferem imediatamente para a Miila no Canad\u00e1.<\/li>\n<\/ol>[\/et_pb_text][et_pb_button button_url=&#8221;https:\/\/selc.transfermateeducation.com\/&#8221; url_new_window=&#8221;on&#8221; button_text=&#8221;Pagar com a TransferMate&#8221; button_alignment=&#8221;center&#8221; _builder_version=&#8221;4.27.2&#8243; _module_preset=&#8221;default&#8221; custom_button=&#8221;on&#8221; button_text_color=&#8221;#FFFFFF&#8221; button_bg_color=&#8221;gcid-e2b196e6-c1cd-4d7c-835d-4f50d20de00c&#8221; button_border_width=&#8221;0px&#8221; button_border_color=&#8221;gcid-e2b196e6-c1cd-4d7c-835d-4f50d20de00c&#8221; button_border_radius=&#8221;5px&#8221; button_font=&#8221;Montserrat|300|||||||&#8221; button_icon=&#8221;&#x3d;||divi||400&#8243; button_on_hover=&#8221;off&#8221; custom_padding=&#8221;20px|50px|20px|30px|false|false&#8221; hover_enabled=&#8221;0&#8243; locked=&#8221;off&#8221; global_colors_info=&#8221;{%22gcid-e2b196e6-c1cd-4d7c-835d-4f50d20de00c%22:%91%22button_bg_color%22,%22button_text_color__hover%22,%22button_border_color%22,%22button_border_color__hover%22%93}&#8221; button_bg_color__hover_enabled=&#8221;on|hover&#8221; button_text_size__hover_enabled=&#8221;on|hover&#8221; button_bg_color__hover=&#8221;#FFFFFF&#8221; button_bg_enable_color__hover=&#8221;on&#8221; button_text_color__hover_enabled=&#8221;on|desktop&#8221; button_text_color__hover=&#8221;#ed591e&#8221; button_text_size__hover=&#8221;21px&#8221; button_border_width__hover_enabled=&#8221;on|hover&#8221; button_border_width__hover=&#8221;1px&#8221; button_border_color__hover_enabled=&#8221;on|hover&#8221; button_border_color__hover=&#8221;#ed591e&#8221; sticky_enabled=&#8221;0&#8243;][\/et_pb_button][\/et_pb_column_inner][\/et_pb_row_inner][\/et_pb_column][\/et_pb_section]\n","protected":false},"excerpt":{"rendered":"<p>Pagar suas taxas de matr\u00edculaSabendo que isso faz parte da jornada educacional, a Faculdade SELC se compromete a tornar o processo de pagamento das mensalidades o mais conveniente e livre de problemas poss\u00edvel. A SELC College fez uma parceria com a Flywire e o PayMyTuition para oferecer uma maneira segura e flex\u00edvel de fazer pagamentos [&hellip;]<\/p>\n","protected":false},"author":22,"featured_media":261306,"parent":261455,"menu_order":0,"comment_status":"closed","ping_status":"closed","template":"","meta":{"_et_pb_use_builder":"on","_et_pb_old_content":"","_et_gb_content_width":"","inline_featured_image":false,"footnotes":""},"class_list":["post-261299","page","type-page","status-publish","has-post-thumbnail","hentry"],"_links":{"self":[{"href":"https:\/\/selcedu.com\/pt-br\/wp-json\/wp\/v2\/pages\/261299","targetHints":{"allow":["GET"]}}],"collection":[{"href":"https:\/\/selcedu.com\/pt-br\/wp-json\/wp\/v2\/pages"}],"about":[{"href":"https:\/\/selcedu.com\/pt-br\/wp-json\/wp\/v2\/types\/page"}],"author":[{"embeddable":true,"href":"https:\/\/selcedu.com\/pt-br\/wp-json\/wp\/v2\/users\/22"}],"replies":[{"embeddable":true,"href":"https:\/\/selcedu.com\/pt-br\/wp-json\/wp\/v2\/comments?post=261299"}],"version-history":[{"count":4,"href":"https:\/\/selcedu.com\/pt-br\/wp-json\/wp\/v2\/pages\/261299\/revisions"}],"predecessor-version":[{"id":264379,"href":"https:\/\/selcedu.com\/pt-br\/wp-json\/wp\/v2\/pages\/261299\/revisions\/264379"}],"up":[{"embeddable":true,"href":"https:\/\/selcedu.com\/pt-br\/wp-json\/wp\/v2\/pages\/261455"}],"wp:featuredmedia":[{"embeddable":true,"href":"https:\/\/selcedu.com\/pt-br\/wp-json\/wp\/v2\/media\/261306"}],"wp:attachment":[{"href":"https:\/\/selcedu.com\/pt-br\/wp-json\/wp\/v2\/media?parent=261299"}],"curies":[{"name":"wp","href":"https:\/\/api.w.org\/{rel}","templated":true}]}}