{"id":261298,"date":"2024-10-30T18:59:03","date_gmt":"2024-10-30T18:59:03","guid":{"rendered":"https:\/\/selcedu.com\/seguro-medico-para-estudantes\/"},"modified":"2025-08-27T20:27:03","modified_gmt":"2025-08-27T20:27:03","slug":"seguro-medico-para-estudantes","status":"publish","type":"page","link":"https:\/\/selcedu.com\/pt-br\/admissoes\/servicos-ao-aluno\/seguro-medico-para-estudantes\/","title":{"rendered":"Seguro m\u00e9dico para estudantes"},"content":{"rendered":"<p>[et_pb_section fb_built=&#8221;1&#8243; next_background_color=&#8221;#ffffff&#8221; module_id=&#8221;material-carrossel&#8221; _builder_version=&#8221;4.27.0&#8243; background_color=&#8221;gcid-e2b196e6-c1cd-4d7c-835d-4f50d20de00c&#8221; use_background_color_gradient=&#8221;on&#8221; background_color_gradient_direction=&#8221;45deg&#8221; background_color_gradient_stops=&#8221;#e86a15 28%|rgba(232,106,21,0.24) 99%&#8221; background_color_gradient_overlays_image=&#8221;on&#8221; background_image=&#8221;https:\/\/selcedu.com\/wp-content\/uploads\/2024\/10\/student-medical-insurance-in-bc.webp&#8221; custom_margin=&#8221;-50px|||||&#8221; custom_padding=&#8221;||||false|false&#8221; bottom_divider_style=&#8221;asymmetric&#8221; bottom_divider_height=&#8221;113px&#8221; bottom_divider_height_tablet=&#8221;68px&#8221; bottom_divider_height_phone=&#8221;46px&#8221; bottom_divider_height_last_edited=&#8221;on|phone&#8221; collapsed=&#8221;on&#8221; global_colors_info=&#8221;{%22gcid-e2b196e6-c1cd-4d7c-835d-4f50d20de00c%22:%91%22background_color%22%93}&#8221;][et_pb_row column_structure=&#8221;3_5,2_5&#8243; _builder_version=&#8221;4.23.1&#8243; background_enable_color=&#8221;off&#8221; width=&#8221;90%&#8221; max_width=&#8221;90%&#8221; custom_margin=&#8221;100px||||false|false&#8221; custom_padding=&#8221;50px|50px|50px|50px|false|false&#8221; border_radii=&#8221;on|20px|20px|20px|20px&#8221; locked=&#8221;off&#8221; global_colors_info=&#8221;{}&#8221;][et_pb_column type=&#8221;3_5&#8243; _builder_version=&#8221;4.16&#8243; custom_padding=&#8221;|||&#8221; global_colors_info=&#8221;{}&#8221; custom_padding__hover=&#8221;|||&#8221;][et_pb_text _builder_version=&#8221;4.27.0&#8243; text_text_color=&#8221;#322b2a&#8221; text_font_size=&#8221;16px&#8221; text_line_height=&#8221;1.8em&#8221; link_text_color=&#8221;#ed591e&#8221; header_font=&#8221;Montserrat|700|||||||&#8221; header_text_color=&#8221;#FFFFFF&#8221; header_font_size=&#8221;36px&#8221; animation_direction=&#8221;right&#8221; global_colors_info=&#8221;{%22gcid-d0328ec1-b9c5-42bf-af93-bacd6777b9fa%22:%91%22header_3_text_color%22,%22header_3_text_color%22%93,%22gcid-e2b196e6-c1cd-4d7c-835d-4f50d20de00c%22:%91%22header_2_text_color%22%93}&#8221;]<\/p>\n<h1>Seguro m\u00e9dico para estudantes em Vancouver, BC<\/h1>\n<p>[\/et_pb_text][et_pb_text _builder_version=&#8221;4.27.0&#8243; _module_preset=&#8221;default&#8221; text_text_color=&#8221;#FFFFFF&#8221; text_font_size=&#8221;16px&#8221; text_line_height=&#8221;1.8em&#8221; link_text_color=&#8221;#ed591e&#8221; custom_margin=&#8221;||40px||false|false&#8221; global_colors_info=&#8221;{%22gcid-d0328ec1-b9c5-42bf-af93-bacd6777b9fa%22:%91%22header_3_text_color%22%93}&#8221;]<\/p>\n<p>O seguro m\u00e9dico \u00e9 essencial para todos os alunos, para garantir a tranquilidade e o acesso \u00e0 assist\u00eancia m\u00e9dica enquanto voc\u00ea estuda na Col\u00fambia Brit\u00e2nica. Gerenciar as despesas de sa\u00fade pode ser um desafio, por isso, fizemos parcerias com provedores de seguro confi\u00e1veis para oferecer planos de seguro abrangentes, acess\u00edveis e adequados para estudantes. <\/p>\n<p>Nossas op\u00e7\u00f5es de seguro cobrem v\u00e1rias necessidades m\u00e9dicas, garantindo que voc\u00ea tenha a prote\u00e7\u00e3o necess\u00e1ria para se concentrar em seus estudos e aproveitar seu tempo na Col\u00fambia Brit\u00e2nica.<\/p>\n<p>[\/et_pb_text][\/et_pb_column][et_pb_column type=&#8221;2_5&#8243; _builder_version=&#8221;4.16&#8243; custom_padding=&#8221;|||&#8221; global_colors_info=&#8221;{}&#8221; custom_padding__hover=&#8221;|||&#8221;][\/et_pb_column][\/et_pb_row][\/et_pb_section][et_pb_section fb_built=&#8221;1&#8243; use_custom_gutter=&#8221;on&#8221; gutter_width=&#8221;2&#8243; specialty=&#8221;on&#8221; _builder_version=&#8221;4.23.4&#8243; _module_preset=&#8221;default&#8221; width=&#8221;100%&#8221; max_width=&#8221;100%&#8221; inner_max_width=&#8221;1400px&#8221; global_colors_info=&#8221;{}&#8221;][et_pb_column type=&#8221;1_3&#8243; _builder_version=&#8221;4.16&#8243; custom_padding=&#8221;|||&#8221; global_colors_info=&#8221;{}&#8221; custom_padding__hover=&#8221;|||&#8221;][pac_divi_table_of_contents title=&#8221;Esbo\u00e7o de admiss\u00e3o&#8221; opened_icon=&#8221;:||divi||400&#8243; closed_icon=&#8221;;||divi||400&#8243; included_headings=&#8221;off|on|off|off|off|off&#8221; title_container_bg_color=&#8221;gcid-e2b196e6-c1cd-4d7c-835d-4f50d20de00c&#8221; _builder_version=&#8221;4.23.4&#8243; _module_preset=&#8221;default&#8221; title_font_font=&#8221;Montserrat||||||||&#8221; title_text_align=&#8221;left&#8221; title_font_size=&#8221;18px&#8221; keyword_highlight_font=&#8221;Montserrat||||||||&#8221; sticky_position=&#8221;top&#8221; sticky_offset_top=&#8221;71px&#8221; sticky_limit_bottom=&#8221;section&#8221; sticky_position_tablet=&#8221;none&#8221; sticky_position_phone=&#8221;none&#8221; sticky_position_last_edited=&#8221;on|desktop&#8221; border_radii=&#8221;on|10px|10px|10px|10px&#8221; global_colors_info=&#8221;{%22gcid-e2b196e6-c1cd-4d7c-835d-4f50d20de00c%22:%91%22title_container_bg_color%22%93}&#8221;][\/pac_divi_table_of_contents][\/et_pb_column][et_pb_column type=&#8221;2_3&#8243; specialty_columns=&#8221;2&#8243; _builder_version=&#8221;4.16&#8243; custom_padding=&#8221;|||&#8221; global_colors_info=&#8221;{}&#8221; custom_padding__hover=&#8221;|||&#8221;][et_pb_row_inner _builder_version=&#8221;4.24.3&#8243; _module_preset=&#8221;default&#8221; scroll_vertical_motion=&#8221;0|40|55|100|4|0|-4&#8243; scroll_blur=&#8221;0|30|60|100|10|0|0&#8243; motion_trigger_start=&#8221;top&#8221; global_colors_info=&#8221;{}&#8221;][et_pb_column_inner saved_specialty_column_type=&#8221;2_3&#8243; _builder_version=&#8221;4.23.4&#8243; _module_preset=&#8221;default&#8221; global_colors_info=&#8221;{}&#8221;][et_pb_button button_url=&#8221;https:\/\/student-portal.edvisor.io\/selc\/selc&#8221; button_text=&#8221;Seguro alternativo para estudantes em BC&#8221; button_alignment=&#8221;left&#8221; _builder_version=&#8221;4.27.4&#8243; _module_preset=&#8221;default&#8221; custom_button=&#8221;on&#8221; button_text_color=&#8221;#FFFFFF&#8221; button_bg_color=&#8221;gcid-e2b196e6-c1cd-4d7c-835d-4f50d20de00c&#8221; button_border_width=&#8221;0px&#8221; button_border_color=&#8221;gcid-e2b196e6-c1cd-4d7c-835d-4f50d20de00c&#8221; button_border_radius=&#8221;5px&#8221; button_font=&#8221;Montserrat|300|||||||&#8221; button_icon=&#8221;&#x3d;||divi||400&#8243; button_on_hover=&#8221;off&#8221; custom_padding=&#8221;20px|50px|20px|30px|false|false&#8221; hover_enabled=&#8221;0&#8243; locked=&#8221;off&#8221; global_colors_info=&#8221;{%22gcid-e2b196e6-c1cd-4d7c-835d-4f50d20de00c%22:%91%22button_bg_color%22,%22button_text_color__hover%22,%22button_border_color%22,%22button_border_color__hover%22%93}&#8221; button_bg_color__hover_enabled=&#8221;on|hover&#8221; button_text_size__hover_enabled=&#8221;on|hover&#8221; button_bg_color__hover=&#8221;#FFFFFF&#8221; button_bg_enable_color__hover=&#8221;on&#8221; button_text_color__hover_enabled=&#8221;on|desktop&#8221; button_text_color__hover=&#8221;#ed591e&#8221; button_text_size__hover=&#8221;21px&#8221; button_border_width__hover_enabled=&#8221;on|hover&#8221; button_border_width__hover=&#8221;1px&#8221; button_border_color__hover_enabled=&#8221;on|hover&#8221; button_border_color__hover=&#8221;#ed591e&#8221; url_new_window=&#8221;on&#8221; sticky_enabled=&#8221;0&#8243;][\/et_pb_button][et_pb_text _builder_version=&#8221;4.27.0&#8243; _module_preset=&#8221;default&#8221; text_text_color=&#8221;gcid-d0328ec1-b9c5-42bf-af93-bacd6777b9fa&#8221; text_font_size=&#8221;16px&#8221; text_line_height=&#8221;1.8em&#8221; link_text_color=&#8221;gcid-e2b196e6-c1cd-4d7c-835d-4f50d20de00c&#8221; header_2_text_color=&#8221;gcid-e2b196e6-c1cd-4d7c-835d-4f50d20de00c&#8221; header_3_text_color=&#8221;gcid-e2b196e6-c1cd-4d7c-835d-4f50d20de00c&#8221; global_colors_info=&#8221;{%22gcid-d0328ec1-b9c5-42bf-af93-bacd6777b9fa%22:%91%22header_3_text_color%22,%22text_text_color%22%93,%22gcid-e2b196e6-c1cd-4d7c-835d-4f50d20de00c%22:%91%22link_text_color%22,%22header_3_text_color%22,%22header_2_text_color%22%93}&#8221;]<\/p>\n<h2>Seguro m\u00e9dico para estudantes<\/h2>\n<p>O seguro m\u00e9dico \u00e9 um requisito para todos os estudantes internacionais na Col\u00fambia Brit\u00e2nica. Ele garante acesso a servi\u00e7os essenciais de sa\u00fade e prote\u00e7\u00e3o contra despesas m\u00e9dicas inesperadas durante seus estudos. <\/p>\n<h2>Op\u00e7\u00f5es de seguro m\u00e9dico em BC<\/h2>\n<p>As op\u00e7\u00f5es de seguro m\u00e9dico em Vancouver oferecem uma grande variedade de escolhas para os estudantes selecionarem qualquer plano de seguro de sa\u00fade. H\u00e1 uma op\u00e7\u00e3o principal de seguro de sa\u00fade que a maioria dos alunos prefere. <\/p>\n<p>No entanto, os alunos devem considerar a possibilidade de verificar planos de seguro m\u00e9dico alternativos para obter cobertura total.  <\/p>\n<h3>Plano de Servi\u00e7o M\u00e9dico (MSP)<\/h3>\n<p>O <a href=\"https:\/\/www2.gov.bc.ca\/gov\/content\/health\/health-drug-coverage\/msp\" target=\"_blank\" rel=\"noopener\" title=\"plano de servi\u00e7os m\u00e9dicos\">Medical Services Plan (MSP)<\/a> \u00e9 o programa de seguro de sa\u00fade da prov\u00edncia que oferece cobertura m\u00e9dica essencial para residentes, inclusive estudantes internacionais. Todos os alunos que permanecerem na Col\u00fambia Brit\u00e2nica por mais de seis meses devem se inscrever no MSP para ter acesso aos servi\u00e7os de sa\u00fade necess\u00e1rios, inclusive consultas m\u00e9dicas, atendimento hospitalar e servi\u00e7os de diagn\u00f3stico. <\/p>\n<h4>O que o MSP cobre?<\/h4>\n<p>Uma vez inscrito, o MSP oferece os seguintes servi\u00e7os essenciais de sa\u00fade:<\/p>\n<ol>\n<li><strong>Consultas m\u00e9dicas e cuidados prim\u00e1rios<\/strong><br \/>O MSP cobre consultas regulares a cl\u00ednicos gerais (m\u00e9dicos de fam\u00edlia) e outros prestadores de cuidados prim\u00e1rios.<\/li>\n<li><strong>Servi\u00e7os hospitalares<\/strong><br \/>O MSP oferece cobertura para servi\u00e7os medicamente necess\u00e1rios, inclusive cirurgias, interna\u00e7\u00f5es hospitalares e visitas a especialistas, quando indicados por um m\u00e9dico.<\/li>\n<li><strong>Servi\u00e7os de diagn\u00f3stico<\/strong><br \/>A cobertura inclui testes de diagn\u00f3stico medicamente necess\u00e1rios, como raios X, ultrassons e testes de laborat\u00f3rio.<\/li>\n<\/ol>\n<p><strong>Servi\u00e7os adicionais (n\u00e3o cobertos pelo MSP):<\/strong><\/p>\n<ul>\n<li>Medicamentos prescritos (exceto em casos espec\u00edficos)<\/li>\n<li>Cuidados odontol\u00f3gicos<\/li>\n<li>Cuidados com a vis\u00e3o (exames oftalmol\u00f3gicos e \u00f3culos)<\/li>\n<li>Fisioterapia, quiropraxia e outros servi\u00e7os param\u00e9dicos<\/li>\n<\/ul>\n<p><em>Observa\u00e7\u00e3o<\/em>: Para servi\u00e7os n\u00e3o cobertos, como atendimento odontol\u00f3gico e oftalmol\u00f3gico, os alunos geralmente optam pelo <strong>Seguro de Sa\u00fade Estendido<\/strong> para garantir um acesso mais abrangente \u00e0 assist\u00eancia m\u00e9dica.<\/p>\n<h4>Como se inscrever no MSP<\/h4>\n<p>A inscri\u00e7\u00e3o no MSP \u00e9 simples, mas \u00e9 essencial que voc\u00ea inicie o processo logo ap\u00f3s a chegada \u00e0 Col\u00fambia Brit\u00e2nica. Veja a seguir como voc\u00ea pode se inscrever: <\/p>\n<ol>\n<li><strong>Envie sua solicita\u00e7\u00e3o<\/strong>: Preencha o formul\u00e1rio de solicita\u00e7\u00e3o do MSP on-line no site do governo de BC. Voc\u00ea precisar\u00e1 da sua permiss\u00e3o de estudo e de outros detalhes de identifica\u00e7\u00e3o pessoal. <\/li>\n<li><strong>Aguarde o processamento<\/strong>: H\u00e1 um per\u00edodo de espera de at\u00e9 tr\u00eas meses a partir da data da solicita\u00e7\u00e3o, durante o qual voc\u00ea pode precisar de um seguro privado tempor\u00e1rio.<\/li>\n<li><strong>Receba seu cart\u00e3o de servi\u00e7os BC<\/strong>: Uma vez inscrito, voc\u00ea receber\u00e1 um Cart\u00e3o de Servi\u00e7os BC, que ser\u00e1 necess\u00e1rio para acessar os servi\u00e7os de sa\u00fade cobertos pelo MSP.<\/li>\n<li><strong>Pr\u00eamio mensal<\/strong>: Normalmente, os alunos internacionais s\u00e3o obrigados a pagar um pr\u00eamio mensal para o MSP, que \u00e9 de aproximadamente US$ 75 por m\u00eas. Certifique-se de que seus pagamentos estejam configurados de acordo com os requisitos do plano <\/li>\n<\/ol>\n<h4>Por que a MSP \u00e9 essencial para estudantes internacionais<\/h4>\n<p>O MSP n\u00e3o \u00e9 apenas obrigat\u00f3rio, mas tamb\u00e9m oferece benef\u00edcios essenciais para ajudar voc\u00ea a manter sua sa\u00fade durante seus estudos na Col\u00fambia Brit\u00e2nica:<\/p>\n<ul>\n<li><strong>Acesso a servi\u00e7os m\u00e9dicos essenciais<\/strong>: Garante que voc\u00ea possa consultar um m\u00e9dico ou ir a um hospital quando necess\u00e1rio, sem se preocupar com altos custos do pr\u00f3prio bolso.<\/li>\n<li><strong>Paz de esp\u00edrito<\/strong>: A cobertura do MSP permite que os alunos se concentrem em sua jornada acad\u00eamica, sabendo que t\u00eam acesso aos servi\u00e7os de sa\u00fade necess\u00e1rios.<\/li>\n<li><strong>Facilidade de uso<\/strong>: O MSP \u00e9 amplamente aceito em toda a Col\u00fambia Brit\u00e2nica, tornando conveniente o acesso a servi\u00e7os de sa\u00fade em praticamente qualquer lugar da prov\u00edncia.<\/li>\n<\/ul>\n<h3>Alternativa ao Plano de Servi\u00e7o M\u00e9dico (MSP)<\/h3>\n<p>O MSP tem um per\u00edodo de espera de at\u00e9 tr\u00eas meses. Os alunos devem considerar o Medical Service Plan Alternatives nos primeiros tr\u00eas meses de sua estadia. Os alunos devem <span style=\"box-sizing: border-box; margin: 0px; padding: 0px;\">ter<\/span><strong> um seguro privado<\/strong> <strong> tempor\u00e1rio<\/strong> durante esse per\u00edodo.  <\/p>\n<p>Voc\u00ea pode acessar o plano de servi\u00e7os m\u00e9dicos alternativos no link abaixo.<\/p>\n<p>[\/et_pb_text][et_pb_button button_url=&#8221;https:\/\/student-portal.edvisor.io\/selc\/selc&#8221; button_text=&#8221;Seguro alternativo para estudantes em BC&#8221; button_alignment=&#8221;left&#8221; _builder_version=&#8221;4.27.4&#8243; _module_preset=&#8221;default&#8221; custom_button=&#8221;on&#8221; button_text_color=&#8221;#FFFFFF&#8221; button_bg_color=&#8221;gcid-e2b196e6-c1cd-4d7c-835d-4f50d20de00c&#8221; button_border_width=&#8221;0px&#8221; button_border_color=&#8221;gcid-e2b196e6-c1cd-4d7c-835d-4f50d20de00c&#8221; button_border_radius=&#8221;5px&#8221; button_font=&#8221;Montserrat|300|||||||&#8221; button_icon=&#8221;&#x3d;||divi||400&#8243; button_on_hover=&#8221;off&#8221; custom_padding=&#8221;20px|50px|20px|30px|false|false&#8221; hover_enabled=&#8221;0&#8243; locked=&#8221;off&#8221; global_colors_info=&#8221;{%22gcid-e2b196e6-c1cd-4d7c-835d-4f50d20de00c%22:%91%22button_bg_color%22,%22button_text_color__hover%22,%22button_border_color%22,%22button_border_color__hover%22%93}&#8221; button_bg_color__hover_enabled=&#8221;on|hover&#8221; button_text_size__hover_enabled=&#8221;on|hover&#8221; button_bg_color__hover=&#8221;#FFFFFF&#8221; button_bg_enable_color__hover=&#8221;on&#8221; button_text_color__hover_enabled=&#8221;on|desktop&#8221; button_text_color__hover=&#8221;#ed591e&#8221; button_text_size__hover=&#8221;21px&#8221; button_border_width__hover_enabled=&#8221;on|hover&#8221; button_border_width__hover=&#8221;1px&#8221; button_border_color__hover_enabled=&#8221;on|hover&#8221; button_border_color__hover=&#8221;#ed591e&#8221; url_new_window=&#8221;on&#8221; sticky_enabled=&#8221;0&#8243;][\/et_pb_button][\/et_pb_column_inner][\/et_pb_row_inner][\/et_pb_column][\/et_pb_section]<\/p>\n","protected":false},"excerpt":{"rendered":"<p>Seguro m\u00e9dico para estudantes em Vancouver, BCO seguro m\u00e9dico \u00e9 essencial para todos os alunos, para garantir a tranquilidade e o acesso \u00e0 assist\u00eancia m\u00e9dica enquanto voc\u00ea estuda na Col\u00fambia Brit\u00e2nica. Gerenciar as despesas de sa\u00fade pode ser um desafio, por isso, fizemos parcerias com provedores de seguro confi\u00e1veis para oferecer planos de seguro abrangentes, [&hellip;]<\/p>\n","protected":false},"author":22,"featured_media":261300,"parent":261315,"menu_order":0,"comment_status":"closed","ping_status":"closed","template":"","meta":{"_et_pb_use_builder":"on","_et_pb_old_content":"","_et_gb_content_width":"","inline_featured_image":false,"footnotes":""},"class_list":["post-261298","page","type-page","status-publish","has-post-thumbnail","hentry"],"_links":{"self":[{"href":"https:\/\/selcedu.com\/pt-br\/wp-json\/wp\/v2\/pages\/261298","targetHints":{"allow":["GET"]}}],"collection":[{"href":"https:\/\/selcedu.com\/pt-br\/wp-json\/wp\/v2\/pages"}],"about":[{"href":"https:\/\/selcedu.com\/pt-br\/wp-json\/wp\/v2\/types\/page"}],"author":[{"embeddable":true,"href":"https:\/\/selcedu.com\/pt-br\/wp-json\/wp\/v2\/users\/22"}],"replies":[{"embeddable":true,"href":"https:\/\/selcedu.com\/pt-br\/wp-json\/wp\/v2\/comments?post=261298"}],"version-history":[{"count":14,"href":"https:\/\/selcedu.com\/pt-br\/wp-json\/wp\/v2\/pages\/261298\/revisions"}],"predecessor-version":[{"id":263727,"href":"https:\/\/selcedu.com\/pt-br\/wp-json\/wp\/v2\/pages\/261298\/revisions\/263727"}],"up":[{"embeddable":true,"href":"https:\/\/selcedu.com\/pt-br\/wp-json\/wp\/v2\/pages\/261315"}],"wp:featuredmedia":[{"embeddable":true,"href":"https:\/\/selcedu.com\/pt-br\/wp-json\/wp\/v2\/media\/261300"}],"wp:attachment":[{"href":"https:\/\/selcedu.com\/pt-br\/wp-json\/wp\/v2\/media?parent=261298"}],"curies":[{"name":"wp","href":"https:\/\/api.w.org\/{rel}","templated":true}]}}