{"id":261289,"date":"2024-11-19T00:11:13","date_gmt":"2024-11-19T00:11:13","guid":{"rendered":"https:\/\/selcedu.com\/universidade-de-beal\/"},"modified":"2026-01-08T22:31:31","modified_gmt":"2026-01-08T22:31:31","slug":"universidade-de-beal","status":"publish","type":"page","link":"https:\/\/selcedu.com\/pt-br\/programas-de-caminhos\/universidade-de-beal\/","title":{"rendered":"Universidade de Beal"},"content":{"rendered":"\n[et_pb_section fb_built=&#8221;1&#8243; admin_label=&#8221;Header&#8221; _builder_version=&#8221;4.27.2&#8243; use_background_color_gradient=&#8221;on&#8221; background_color_gradient_direction=&#8221;270deg&#8221; background_color_gradient_stops=&#8221;rgba(234,203,0,0) 37%|#163362 100%&#8221; background_color_gradient_overlays_image=&#8221;on&#8221; background_color_gradient_start=&#8221;rgba(23,0,190,0.3)&#8221; background_color_gradient_end=&#8221;rgba(23,0,190,0.9)&#8221; background_color_gradient_end_position=&#8221;64%&#8221; background_image=&#8221;https:\/\/selcedu.com\/wp-content\/uploads\/2024\/11\/beal-university-pathway.webp&#8221; background_position=&#8221;center_right&#8221; transform_scale_tablet=&#8221;&#8221; transform_scale_phone=&#8221;&#8221; transform_scale_last_edited=&#8221;on|desktop&#8221; transform_translate_tablet=&#8221;&#8221; transform_translate_phone=&#8221;0px|0px&#8221; transform_translate_last_edited=&#8221;on|desktop&#8221; transform_translate_linked=&#8221;off&#8221; transform_rotate_tablet=&#8221;&#8221; transform_rotate_phone=&#8221;&#8221; transform_rotate_last_edited=&#8221;on|desktop&#8221; transform_skew_tablet=&#8221;&#8221; transform_skew_phone=&#8221;&#8221; transform_skew_last_edited=&#8221;on|desktop&#8221; transform_origin_tablet=&#8221;&#8221; transform_origin_phone=&#8221;&#8221; transform_origin_last_edited=&#8221;on|desktop&#8221; transform_styles_last_edited=&#8221;on|desktop&#8221; custom_margin=&#8221;-45px||||false|false&#8221; custom_margin_tablet=&#8221;-45px||||false|false&#8221; custom_margin_phone=&#8221;-45px||||false|false&#8221; custom_margin_last_edited=&#8221;on|tablet&#8221; custom_padding=&#8221;6vw||0vw||false|false&#8221; transform_styles_tablet=&#8221;&#8221; transform_styles_phone=&#8221;&#8221; global_colors_info=&#8221;{}&#8221;][et_pb_row _builder_version=&#8221;4.27.2&#8243; z_index=&#8221;10&#8243; max_width=&#8221;none&#8221; global_colors_info=&#8221;{}&#8221;][et_pb_column type=&#8221;4_4&#8243; _builder_version=&#8221;4.16&#8243; global_colors_info=&#8221;{}&#8221;][et_pb_text _builder_version=&#8221;4.27.2&#8243; text_font_size=&#8221;16px&#8221; text_line_height=&#8221;1.8em&#8221; header_font=&#8221;Montserrat|700|||||||&#8221; header_font_size=&#8221;4vw&#8221; header_line_height=&#8221;1.3em&#8221; background_layout=&#8221;dark&#8221; width=&#8221;87%&#8221; header_font_size_tablet=&#8221;&#8221; header_font_size_phone=&#8221;42px&#8221; header_font_size_last_edited=&#8221;on|phone&#8221; header_text_shadow_style=&#8221;preset1&#8243; header_text_shadow_horizontal_length=&#8221;-0.03em&#8221; header_text_shadow_vertical_length=&#8221;-0.02em&#8221; header_text_shadow_blur_strength=&#8221;0.22em&#8221; global_colors_info=&#8221;{}&#8221;]<p><img decoding=\"async\" src=\"https:\/\/selcedu.com\/wp-content\/uploads\/2024\/11\/beal-university-white-logo.svg\" width=\"300\" height=\"300\" alt=\"logotipo branco da beal university\" class=\"wp-image-258594 alignnone size-medium\" title=\"\"><\/p>\n<h1>Caminho para a Universidade Beal<\/h1>[\/et_pb_text][et_pb_text _builder_version=&#8221;4.27.2&#8243; text_font_size=&#8221;16px&#8221; text_line_height=&#8221;1.8em&#8221; background_layout=&#8221;dark&#8221; max_width=&#8221;800px&#8221; global_colors_info=&#8221;{}&#8221;]<p>Esse caminho oferece uma transi\u00e7\u00e3o perfeita para os alunos que buscam estudos avan\u00e7ados na \u00e1rea de enfermagem, combinando o treinamento pr\u00e1tico da SELC com o curr\u00edculo acad\u00eamico abrangente da Beal University. Os alunos ganham tempo valioso e economia de custos enquanto constroem uma base s\u00f3lida para suas carreiras de enfermagem. <\/p>\n<p>&nbsp;<\/p>[\/et_pb_text][\/et_pb_column][\/et_pb_row][et_pb_row custom_padding_last_edited=&#8221;on|phone&#8221; _builder_version=&#8221;4.27.2&#8243; use_background_color_gradient=&#8221;on&#8221; background_color_gradient_direction=&#8221;-45deg&#8221; background_color_gradient_stops=&#8221;#163362 29%|rgba(206,14,45,0) 59%&#8221; background_color_gradient_start=&#8221;#000000&#8243; background_color_gradient_start_position=&#8221;64%&#8221; background_color_gradient_end=&#8221;rgba(0,0,0,0)&#8221; background_color_gradient_end_position=&#8221;0%&#8221; max_width=&#8221;none&#8221; custom_margin=&#8221;-14vw||||false|false&#8221; custom_margin_tablet=&#8221;0px||||false|false&#8221; custom_margin_phone=&#8221;&#8221; custom_margin_last_edited=&#8221;on|phone&#8221; custom_padding=&#8221;80px||80px|40%|true|false&#8221; custom_padding_tablet=&#8221;60px||60px|35%|true|false&#8221; custom_padding_phone=&#8221;40px||40px||true|false&#8221; box_shadow_style=&#8221;preset4&#8243; box_shadow_horizontal=&#8221;30vw&#8221; box_shadow_vertical=&#8221;0px&#8221; box_shadow_color=&#8221;#163362&#8243; global_colors_info=&#8221;{%22gcid-d0328ec1-b9c5-42bf-af93-bacd6777b9fa%22:%91%22background_color_gradient_stops%22%93}&#8221;][et_pb_column type=&#8221;4_4&#8243; _builder_version=&#8221;4.16&#8243; global_colors_info=&#8221;{}&#8221;][\/et_pb_column][\/et_pb_row][\/et_pb_section][et_pb_section fb_built=&#8221;1&#8243; custom_padding_last_edited=&#8221;on|tablet&#8221; admin_label=&#8221;About&#8221; _builder_version=&#8221;4.27.2&#8243; background_color=&#8221;#163362&#8243; use_background_color_gradient=&#8221;on&#8221; background_color_gradient_direction=&#8221;135deg&#8221; background_color_gradient_stops=&#8221;rgba(255,255,255,0) 32%|#ffffff 32%&#8221; background_color_gradient_start=&#8221;rgba(255,255,255,0)&#8221; background_color_gradient_start_position=&#8221;32%&#8221; background_color_gradient_end=&#8221;#ffffff&#8221; background_color_gradient_end_position=&#8221;0%&#8221; background_enable_image=&#8221;off&#8221; background_position=&#8221;top_left&#8221; custom_padding=&#8221;0px||10vw||false|false&#8221; custom_padding_tablet=&#8221;||||false|false&#8221; custom_padding_phone=&#8221;&#8221; global_colors_info=&#8221;{}&#8221;][et_pb_row column_structure=&#8221;1_2,1_2&#8243; _builder_version=&#8221;4.23.4&#8243; max_width=&#8221;none&#8221; custom_padding=&#8221;0px|||||&#8221; global_colors_info=&#8221;{}&#8221;][et_pb_column type=&#8221;1_2&#8243; _builder_version=&#8221;4.16&#8243; global_colors_info=&#8221;{}&#8221;][et_pb_text _builder_version=&#8221;4.27.2&#8243; _module_preset=&#8221;default&#8221; custom_margin=&#8221;150px||||false|false&#8221; border_radii=&#8221;on|25px|25px|25px|25px&#8221; global_colors_info=&#8221;{}&#8221;]<p><iframe width=\"560\" height=\"315\" src=\"https:\/\/www.youtube.com\/embed\/FIQlpGUxxVc?si=GaMv6NxHKip-brNA\" title=\"Reprodutor de v\u00eddeo do YouTube\" frameborder=\"0\" allow=\"accelerometer; autoplay; clipboard-write; encrypted-media; gyroscope; picture-in-picture; web-share\" referrerpolicy=\"strict-origin-when-cross-origin\" allowfullscreen=\"\"><\/iframe><\/p>[\/et_pb_text][\/et_pb_column][et_pb_column type=&#8221;1_2&#8243; _builder_version=&#8221;4.23.4&#8243; custom_padding=&#8221;5vw||||false|false&#8221; custom_padding_tablet=&#8221;0vw||||false|false&#8221; custom_padding_phone=&#8221;&#8221; custom_padding_last_edited=&#8221;on|tablet&#8221; global_colors_info=&#8221;{}&#8221;][et_pb_text _builder_version=&#8221;4.27.2&#8243; header_2_font=&#8221;Montserrat|700|||||||&#8221; header_2_text_color=&#8221;gcid-d0328ec1-b9c5-42bf-af93-bacd6777b9fa&#8221; header_2_font_size=&#8221;30px&#8221; header_2_line_height=&#8221;1.7em&#8221; background_layout=&#8221;dark&#8221; max_width=&#8221;600px&#8221; custom_padding=&#8221;50px||||false|false&#8221; header_2_font_size_tablet=&#8221;28px&#8221; header_2_font_size_phone=&#8221;18px&#8221; header_2_font_size_last_edited=&#8221;on|desktop&#8221; locked=&#8221;off&#8221; global_colors_info=&#8221;{%22gcid-d0328ec1-b9c5-42bf-af93-bacd6777b9fa%22:%91%22header_3_text_color%22,%22header_2_text_color%22%93}&#8221;]<p><span><img decoding=\"async\" src=\"https:\/\/selcedu.com\/wp-content\/uploads\/2024\/11\/beal-university-coloured.svg\" width=\"300\" height=\"300\" alt=\"logotipo colorido da beal university\" class=\"wp-image-258593 alignnone size-medium\" title=\"\"><\/span><\/p>\n<h2><span>Sobre a Beal University<\/span><\/h2>\n<p><span><\/span><\/p>[\/et_pb_text][et_pb_text _builder_version=&#8221;4.27.0&#8243; text_text_color=&#8221;gcid-d0328ec1-b9c5-42bf-af93-bacd6777b9fa&#8221; text_font_size=&#8221;16px&#8221; text_line_height=&#8221;1.8em&#8221; max_width=&#8221;500px&#8221; max_width_tablet=&#8221;100%&#8221; max_width_phone=&#8221;&#8221; max_width_last_edited=&#8221;on|tablet&#8221; custom_padding=&#8221;||||false|false&#8221; global_colors_info=&#8221;{%22gcid-d0328ec1-b9c5-42bf-af93-bacd6777b9fa%22:%91%22header_3_text_color%22,%22text_text_color%22%93}&#8221;]<p><a href=\"https:\/\/beal.edu\/\" target=\"_blank\" rel=\"noopener\">A Beal University<\/a>, fundada em 1891, \u00e9 uma institui\u00e7\u00e3o privada localizada em Bangor, Maine. Oferece uma variedade de programas de diploma acelerado, associado, bacharelado e mestrado em seis campos de estudo: Ci\u00eancias da Sa\u00fade, Neg\u00f3cios, Aconselhamento sobre Depend\u00eancia, Enfermagem e Tecnologia de Soldagem. A universidade oferece op\u00e7\u00f5es flex\u00edveis de aprendizado, incluindo formatos on-line e h\u00edbridos, para atender \u00e0s diversas necessidades dos alunos. A Beal University \u00e9 credenciada pela Accrediting Commission of Career Schools and Colleges (ACCSC).<\/p>[\/et_pb_text][\/et_pb_column][\/et_pb_row][\/et_pb_section][et_pb_section fb_built=&#8221;1&#8243; admin_label=&#8221;Services&#8221; _builder_version=&#8221;4.27.2&#8243; background_color=&#8221;#163362&#8243; width=&#8221;87%&#8221; module_alignment=&#8221;center&#8221; custom_margin=&#8221;||50px||false|false&#8221; border_radii=&#8221;on|20px|20px|20px|20px&#8221; global_colors_info=&#8221;{}&#8221;][et_pb_row _builder_version=&#8221;4.24.3&#8243; _module_preset=&#8221;default&#8221; global_colors_info=&#8221;{}&#8221;][et_pb_column type=&#8221;4_4&#8243; _builder_version=&#8221;4.24.3&#8243; _module_preset=&#8221;default&#8221; global_colors_info=&#8221;{}&#8221;][et_pb_text _builder_version=&#8221;4.27.2&#8243; header_2_font=&#8221;Montserrat|700|||||||&#8221; header_2_text_align=&#8221;center&#8221; header_2_text_color=&#8221;#FFFFFF&#8221; header_2_font_size=&#8221;30px&#8221; header_2_line_height=&#8221;1.2em&#8221; header_3_text_color=&#8221;#FFFFFF&#8221; module_alignment=&#8221;center&#8221; header_2_font_size_tablet=&#8221;&#8221; header_2_font_size_phone=&#8221;30px&#8221; header_2_font_size_last_edited=&#8221;on|phone&#8221; global_colors_info=&#8221;{%22gcid-d0328ec1-b9c5-42bf-af93-bacd6777b9fa%22:%91%22header_3_text_color%22%93}&#8221;]<h2>Como o Pathway to Beal University funciona para os alunos?<\/h2>[\/et_pb_text][\/et_pb_column][\/et_pb_row][et_pb_row column_structure=&#8221;1_3,1_3,1_3&#8243; _builder_version=&#8221;4.24.3&#8243; _module_preset=&#8221;default&#8221; global_colors_info=&#8221;{}&#8221;][et_pb_column type=&#8221;1_3&#8243; _builder_version=&#8221;4.24.3&#8243; _module_preset=&#8221;default&#8221; global_colors_info=&#8221;{}&#8221;][et_pb_text _builder_version=&#8221;4.24.3&#8243; _module_preset=&#8221;default&#8221; text_text_color=&#8221;#FFFFFF&#8221; text_font_size=&#8221;43px&#8221; header_3_text_color=&#8221;#FFFFFF&#8221; custom_margin=&#8221;|80%|||false|false&#8221; custom_padding=&#8221;|||20px|false|false&#8221; border_radii=&#8221;on|150px|150px|150px|150px&#8221; border_width_all=&#8221;3px&#8221; border_color_all=&#8221;#FFFFFF&#8221; box_shadow_style=&#8221;preset4&#8243; box_shadow_vertical=&#8221;11px&#8221; box_shadow_spread=&#8221;-5px&#8221; global_colors_info=&#8221;{%22gcid-d0328ec1-b9c5-42bf-af93-bacd6777b9fa%22:%91%22header_3_text_color%22%93}&#8221;]<p>1<\/p>[\/et_pb_text][et_pb_text _builder_version=&#8221;4.24.3&#8243; text_text_color=&#8221;#FFFFFF&#8221; text_font_size=&#8221;16px&#8221; text_line_height=&#8221;1.8em&#8221; header_3_font=&#8221;Montserrat|600|||||||&#8221; header_3_text_color=&#8221;#FFFFFF&#8221; header_3_line_height=&#8221;1.5em&#8221; max_width=&#8221;500px&#8221; max_width_tablet=&#8221;100%&#8221; max_width_phone=&#8221;&#8221; max_width_last_edited=&#8221;on|tablet&#8221; custom_padding=&#8221;||||false|false&#8221; global_colors_info=&#8221;{}&#8221;]<h3>Prepara\u00e7\u00e3o para o idioma ingl\u00eas<\/h3>\n<p><strong>(Somente se necess\u00e1rio)<\/strong><\/p>\n<p>Essa etapa \u00e9 crucial para os alunos que precisam melhorar suas habilidades no idioma ingl\u00eas para atender \u00e0s exig\u00eancias acad\u00eamicas da educa\u00e7\u00e3o p\u00f3s-secund\u00e1ria no Canad\u00e1. Se a sua profici\u00eancia em ingl\u00eas n\u00e3o estiver no n\u00edvel exigido, voc\u00ea precisar\u00e1 se inscrever nesse programa durante o processo de admiss\u00e3o. <\/p>[\/et_pb_text][\/et_pb_column][et_pb_column type=&#8221;1_3&#8243; _builder_version=&#8221;4.24.3&#8243; _module_preset=&#8221;default&#8221; global_colors_info=&#8221;{}&#8221;][et_pb_text _builder_version=&#8221;4.24.3&#8243; _module_preset=&#8221;default&#8221; text_text_color=&#8221;#FFFFFF&#8221; text_font_size=&#8221;43px&#8221; header_3_text_color=&#8221;#FFFFFF&#8221; custom_margin=&#8221;|80%|||false|false&#8221; custom_padding=&#8221;|||20px|false|false&#8221; border_radii=&#8221;on|150px|150px|150px|150px&#8221; border_width_all=&#8221;3px&#8221; border_color_all=&#8221;#FFFFFF&#8221; box_shadow_style=&#8221;preset4&#8243; box_shadow_vertical=&#8221;11px&#8221; box_shadow_spread=&#8221;-5px&#8221; global_colors_info=&#8221;{%22gcid-d0328ec1-b9c5-42bf-af93-bacd6777b9fa%22:%91%22header_3_text_color%22%93}&#8221;]<p>2<\/p>[\/et_pb_text][et_pb_text _builder_version=&#8221;4.27.2&#8243; text_text_color=&#8221;#FFFFFF&#8221; text_font_size=&#8221;16px&#8221; text_line_height=&#8221;1.8em&#8221; header_3_font=&#8221;Montserrat|600|||||||&#8221; header_3_text_color=&#8221;#FFFFFF&#8221; header_3_line_height=&#8221;1.5em&#8221; max_width=&#8221;500px&#8221; max_width_tablet=&#8221;100%&#8221; max_width_phone=&#8221;&#8221; max_width_last_edited=&#8221;on|tablet&#8221; custom_padding=&#8221;||||false|false&#8221; global_colors_info=&#8221;{%22gcid-d0328ec1-b9c5-42bf-af93-bacd6777b9fa%22:%91%22header_3_text_color%22,%22header_3_text_color%22%93,%22gcid-e2b196e6-c1cd-4d7c-835d-4f50d20de00c%22:%91%22header_3_text_color%22%93}&#8221;]<h3>Estudar o Programa de Diploma de Assistente de Sa\u00fade na SELC College<\/h3>\n<p>Depois de aprimorar suas habilidades em ingl\u00eas, a pr\u00f3xima etapa \u00e9 concluir um diploma especializado em Health Care Assistant Diploma. Esse programa oferece conhecimento b\u00e1sico e habilidades cruciais para uma carreira de gerenciamento de neg\u00f3cios. <\/p>[\/et_pb_text][\/et_pb_column][et_pb_column type=&#8221;1_3&#8243; _builder_version=&#8221;4.24.3&#8243; _module_preset=&#8221;default&#8221; global_colors_info=&#8221;{}&#8221;][et_pb_text _builder_version=&#8221;4.24.3&#8243; _module_preset=&#8221;default&#8221; text_text_color=&#8221;#FFFFFF&#8221; text_font_size=&#8221;43px&#8221; header_3_text_color=&#8221;#FFFFFF&#8221; custom_margin=&#8221;|80%|||false|false&#8221; custom_padding=&#8221;|||20px|false|false&#8221; border_radii=&#8221;on|150px|150px|150px|150px&#8221; border_width_all=&#8221;3px&#8221; border_color_all=&#8221;#FFFFFF&#8221; box_shadow_style=&#8221;preset4&#8243; box_shadow_vertical=&#8221;11px&#8221; box_shadow_spread=&#8221;-5px&#8221; global_colors_info=&#8221;{%22gcid-d0328ec1-b9c5-42bf-af93-bacd6777b9fa%22:%91%22header_3_text_color%22%93}&#8221;]<p>3<\/p>[\/et_pb_text][et_pb_text _builder_version=&#8221;4.27.2&#8243; text_text_color=&#8221;#FFFFFF&#8221; text_font_size=&#8221;16px&#8221; text_line_height=&#8221;1.8em&#8221; header_3_font=&#8221;Montserrat|600|||||||&#8221; header_3_text_color=&#8221;#FFFFFF&#8221; header_3_line_height=&#8221;1.5em&#8221; max_width=&#8221;500px&#8221; max_width_tablet=&#8221;100%&#8221; max_width_phone=&#8221;&#8221; max_width_last_edited=&#8221;on|tablet&#8221; custom_padding=&#8221;||||false|false&#8221; hover_enabled=&#8221;0&#8243; global_colors_info=&#8221;{%22gcid-d0328ec1-b9c5-42bf-af93-bacd6777b9fa%22:%91%22header_3_text_color%22,%22header_3_text_color%22%93,%22gcid-e2b196e6-c1cd-4d7c-835d-4f50d20de00c%22:%91%22header_3_text_color%22%93}&#8221; sticky_enabled=&#8221;0&#8243;]<h3>Transfira suas horas para a Beal University<\/h3>\n<div class=\"flex max-w-full flex-col flex-grow\">\n<div data-message-author-role=\"assistant\" data-message-id=\"2576a426-c33c-4978-a89f-5468c2f66427\" dir=\"auto\" class=\"min-h-8 text-message flex w-full flex-col items-end gap-2 whitespace-normal break-words [.text-message+&amp;]:mt-5\" data-message-model-slug=\"gpt-4o\">\n<div class=\"flex w-full flex-col gap-1 empty:hidden first:pt-[3px]\">\n<div class=\"markdown prose w-full break-words dark:prose-invert dark\">\n<p>Depois de concluir o Programa de Assistente de Sa\u00fade na SELC, voc\u00ea estar\u00e1 qualificado para transferir horas para a Beal University. Quarenta horas s\u00e3o creditadas para o curso &#8220;Conceitos Fundamentais de Enfermagem II&#8221;. <\/p>\n<\/div>\n<\/div>\n<\/div>\n<\/div>\n<p><span data-teams=\"true\"><span class=\"ui-provider a b c d e f g h i j k l m n o p q r s t u v w x y z ab ac ae af ag ah ai aj ak\" dir=\"ltr\"> <\/span><\/span><\/p>[\/et_pb_text][\/et_pb_column][\/et_pb_row][\/et_pb_section][et_pb_section fb_built=&#8221;1&#8243; admin_label=&#8221;FAQ&#8221; _builder_version=&#8221;4.24.3&#8243; use_background_color_gradient=&#8221;on&#8221; background_color_gradient_direction=&#8221;45deg&#8221; background_color_gradient_stops=&#8221;gcid-d0328ec1-b9c5-42bf-af93-bacd6777b9fa 30%|gcid-e2b196e6-c1cd-4d7c-835d-4f50d20de00c 30%&#8221; background_color_gradient_start=&#8221;#000000&#8243; background_color_gradient_end=&#8221;#1700be&#8221; transform_translate=&#8221;0px|1px&#8221; transform_translate_linked=&#8221;off&#8221; overflow-x=&#8221;hidden&#8221; overflow-y=&#8221;hidden&#8221; custom_margin=&#8221;||||false|false&#8221; custom_padding=&#8221;0vw||0px||false|false&#8221; global_colors_info=&#8221;{%22gcid-e2b196e6-c1cd-4d7c-835d-4f50d20de00c%22:%91%22background_color_gradient_stops%22%93,%22gcid-d0328ec1-b9c5-42bf-af93-bacd6777b9fa%22:%91%22background_color_gradient_stops%22%93,%22gcid-a0ba1aeb-fd6f-46ff-9395-a15ba774ec59%22:%91%22background_color_gradient_stops%22%93,%22gcid-ad03bea6-153c-40dc-84e3-42d8be8ae377%22:%91%22background_color_gradient_stops%22%93,%22gcid-d88780af-9f2b-435a-95eb-61ad43cf376a%22:%91%22background_color_gradient_stops%22%93}&#8221;][et_pb_row column_structure=&#8221;2_5,3_5&#8243; _builder_version=&#8221;4.23.4&#8243; custom_padding=&#8221;0px||0px||true|false&#8221; box_shadow_style=&#8221;preset4&#8243; box_shadow_horizontal=&#8221;30vw&#8221; box_shadow_vertical=&#8221;0px&#8221; box_shadow_color=&#8221;#ffffff&#8221; box_shadow_horizontal_tablet=&#8221;&#8221; box_shadow_horizontal_phone=&#8221;&#8221; box_shadow_horizontal_last_edited=&#8221;on|phone&#8221; global_colors_info=&#8221;{}&#8221;][et_pb_column type=&#8221;2_5&#8243; _builder_version=&#8221;4.16&#8243; custom_padding=&#8221;100px||100px||true|false&#8221; custom_padding_tablet=&#8221;|40px|5vw|40px|false|true&#8221; custom_padding_last_edited=&#8221;off|desktop&#8221; global_colors_info=&#8221;{}&#8221;][et_pb_text _builder_version=&#8221;4.23.4&#8243; header_2_font=&#8221;Montserrat|700|||||||&#8221; header_2_font_size=&#8221;30px&#8221; header_2_line_height=&#8221;1.8em&#8221; background_layout=&#8221;dark&#8221; header_2_font_size_tablet=&#8221;&#8221; header_2_font_size_phone=&#8221;30px&#8221; header_2_font_size_last_edited=&#8221;on|phone&#8221; locked=&#8221;off&#8221; global_colors_info=&#8221;{}&#8221;]<h2>Perguntas frequentes sobre os programas Pathway<\/h2>[\/et_pb_text][\/et_pb_column][et_pb_column type=&#8221;3_5&#8243; _builder_version=&#8221;4.16&#8243; background_color=&#8221;#ffffff&#8221; transform_translate=&#8221;1px|0px&#8221; transform_translate_linked=&#8221;off&#8221; custom_padding=&#8221;100px|40px|100px|40px|true|true&#8221; custom_padding_tablet=&#8221;5vw|30px||30px|false|true&#8221; custom_padding_phone=&#8221;|20px||20px|false|true&#8221; custom_padding_last_edited=&#8221;on|phone&#8221; box_shadow_horizontal_last_edited=&#8221;off|phone&#8221; box_shadow_spread_tablet=&#8221;0vw&#8221; box_shadow_spread_phone=&#8221;&#8221; box_shadow_spread_last_edited=&#8221;on|phone&#8221; global_colors_info=&#8221;{}&#8221;][et_pb_accordion closed_toggle_text_color=&#8221;#2a2a2a&#8221; closed_toggle_background_color=&#8221;rgba(0,0,0,0)&#8221; icon_color=&#8221;gcid-d0328ec1-b9c5-42bf-af93-bacd6777b9fa&#8221; use_icon_font_size=&#8221;on&#8221; icon_font_size=&#8221;24px&#8221; _builder_version=&#8221;4.24.3&#8243; toggle_level=&#8221;h3&#8243; toggle_font=&#8221;Montserrat|700|||||||&#8221; toggle_font_size=&#8221;24px&#8221; toggle_line_height=&#8221;1.4em&#8221; body_font=&#8221;Montserrat||||||||&#8221; body_line_height=&#8221;1.8em&#8221; toggle_font_size_tablet=&#8221;20px&#8221; toggle_font_size_phone=&#8221;16px&#8221; toggle_font_size_last_edited=&#8221;on|phone&#8221; border_width_all=&#8221;0px&#8221; border_color_all=&#8221;#d8d8d8&#8243; border_width_bottom=&#8221;1px&#8221; global_colors_info=&#8221;{%22gcid-d0328ec1-b9c5-42bf-af93-bacd6777b9fa%22:%91%22icon_color%22%93}&#8221;][et_pb_accordion_item title=&#8221;O que \u00e9 um programa de percurso e como ele ajuda os estudantes internacionais no Canad\u00e1?&#8221; open=&#8221;on&#8221; _builder_version=&#8221;4.24.3&#8243; custom_margin=&#8221;||0px||false|false&#8221; custom_padding=&#8221;32px|0px|32px|0px|true|false&#8221; global_colors_info=&#8221;{}&#8221;]O programa pathway \u00e9 projetado para ajudar os alunos internacionais que podem precisar de prepara\u00e7\u00e3o acad\u00eamica adicional ou habilidades no idioma ingl\u00eas antes de se matricularem em um programa de gradua\u00e7\u00e3o completo. Na Faculdade SELC, o programa pathway oferece cursos b\u00e1sicos e treinamento no idioma que preparam os alunos para estudos adicionais. Depois de concluir o programa com sucesso, voc\u00ea estar\u00e1 mais bem equipado para atender aos padr\u00f5es acad\u00eamicos das institui\u00e7\u00f5es de ensino superior canadenses.[\/et_pb_accordion_item][et_pb_accordion_item title=&#8221;Como \u00e9 o processo de um pathway no Canad\u00e1?&#8221; _builder_version=&#8221;4.24.3&#8243; custom_margin=&#8221;||0px||false|false&#8221; custom_padding=&#8221;32px|0px|32px|0px|true|false&#8221; global_colors_info=&#8221;{}&#8221; open=&#8221;off&#8221;]Depois de concluir o programa de pathway na SELC College, voc\u00ea ter\u00e1 a oportunidade de se transferir para outra faculdade ou universidade no Canad\u00e1 para continuar sua gradua\u00e7\u00e3o. O processo geralmente envolve a inscri\u00e7\u00e3o em uma institui\u00e7\u00e3o parceira que tenha um acordo com a SELC. \u00c9 importante que voc\u00ea atenda aos crit\u00e9rios de transfer\u00eancia, que normalmente incluem a manuten\u00e7\u00e3o de um determinado GPA e uma boa pontua\u00e7\u00e3o de profici\u00eancia em ingl\u00eas.[\/et_pb_accordion_item][et_pb_accordion_item title=&#8221;Que tipo de servi\u00e7os de apoio a Faculdade SELC oferece aos alunos internacionais durante o programa de percurso?&#8221; _builder_version=&#8221;4.24.3&#8243; custom_margin=&#8221;||0px||false|false&#8221; custom_padding=&#8221;32px|0px|32px|0px|true|false&#8221; global_colors_info=&#8221;{}&#8221; open=&#8221;off&#8221;]A SELC College oferece uma s\u00e9rie de servi\u00e7os de apoio para ajudar os alunos internacionais a se adaptarem \u00e0 vida no Canad\u00e1 e a terem sucesso acad\u00eamico. Esses servi\u00e7os geralmente incluem programas de orienta\u00e7\u00e3o, orienta\u00e7\u00e3o acad\u00eamica, aconselhamento, ajuda com os regulamentos de visto e, \u00e0s vezes, assist\u00eancia para encontrar acomoda\u00e7\u00e3o e empregos de meio per\u00edodo. Esses apoios s\u00e3o vitais para ajudar voc\u00ea a navegar com efici\u00eancia pelos seus estudos e pela vida em um novo pa\u00eds.[\/et_pb_accordion_item][\/et_pb_accordion][\/et_pb_column][\/et_pb_row][\/et_pb_section]\n","protected":false},"excerpt":{"rendered":"<p>Caminho para a Universidade BealEsse caminho oferece uma transi\u00e7\u00e3o perfeita para os alunos que buscam estudos avan\u00e7ados na \u00e1rea de enfermagem, combinando o treinamento pr\u00e1tico da SELC com o curr\u00edculo acad\u00eamico abrangente da Beal University. Os alunos ganham tempo valioso e economia de custos enquanto constroem uma base s\u00f3lida para suas carreiras de enfermagem. &nbsp; [&hellip;]<\/p>\n","protected":false},"author":22,"featured_media":261291,"parent":261417,"menu_order":0,"comment_status":"closed","ping_status":"closed","template":"","meta":{"_et_pb_use_builder":"on","_et_pb_old_content":"","_et_gb_content_width":"","inline_featured_image":false,"footnotes":""},"class_list":["post-261289","page","type-page","status-publish","has-post-thumbnail","hentry"],"_links":{"self":[{"href":"https:\/\/selcedu.com\/pt-br\/wp-json\/wp\/v2\/pages\/261289","targetHints":{"allow":["GET"]}}],"collection":[{"href":"https:\/\/selcedu.com\/pt-br\/wp-json\/wp\/v2\/pages"}],"about":[{"href":"https:\/\/selcedu.com\/pt-br\/wp-json\/wp\/v2\/types\/page"}],"author":[{"embeddable":true,"href":"https:\/\/selcedu.com\/pt-br\/wp-json\/wp\/v2\/users\/22"}],"replies":[{"embeddable":true,"href":"https:\/\/selcedu.com\/pt-br\/wp-json\/wp\/v2\/comments?post=261289"}],"version-history":[{"count":4,"href":"https:\/\/selcedu.com\/pt-br\/wp-json\/wp\/v2\/pages\/261289\/revisions"}],"predecessor-version":[{"id":264434,"href":"https:\/\/selcedu.com\/pt-br\/wp-json\/wp\/v2\/pages\/261289\/revisions\/264434"}],"up":[{"embeddable":true,"href":"https:\/\/selcedu.com\/pt-br\/wp-json\/wp\/v2\/pages\/261417"}],"wp:featuredmedia":[{"embeddable":true,"href":"https:\/\/selcedu.com\/pt-br\/wp-json\/wp\/v2\/media\/261291"}],"wp:attachment":[{"href":"https:\/\/selcedu.com\/pt-br\/wp-json\/wp\/v2\/media?parent=261289"}],"curies":[{"name":"wp","href":"https:\/\/api.w.org\/{rel}","templated":true}]}}