{"id":261257,"date":"2025-03-10T22:03:08","date_gmt":"2025-03-10T22:03:08","guid":{"rendered":"https:\/\/selcedu.com\/cadeia-de-suprimentos\/"},"modified":"2025-06-13T17:22:11","modified_gmt":"2025-06-13T17:22:11","slug":"cadeia-de-suprimentos","status":"publish","type":"page","link":"https:\/\/selcedu.com\/pt-br\/cursos-de-microcredenciais\/cadeia-de-suprimentos\/","title":{"rendered":"Cadeia de suprimentos"},"content":{"rendered":"<p>[et_pb_section fb_built=&#8221;1&#8243; admin_label=&#8221;Header&#8221; _builder_version=&#8221;4.27.4&#8243; _module_preset=&#8221;default&#8221; background_color=&#8221;gcid-610d28dd-eb23-4fae-b502-62f0b357c8fd&#8221; background_enable_image=&#8221;off&#8221; locked=&#8221;off&#8221; collapsed=&#8221;off&#8221; global_colors_info=&#8221;{%22gcid-610d28dd-eb23-4fae-b502-62f0b357c8fd%22:%91%22background_color%22%93}&#8221;][et_pb_row column_structure=&#8221;2_3,1_3&#8243; _builder_version=&#8221;4.27.4&#8243; _module_preset=&#8221;default&#8221; max_width=&#8221;1280px&#8221; global_colors_info=&#8221;{}&#8221;][et_pb_column type=&#8221;2_3&#8243; _builder_version=&#8221;4.27.4&#8243; _module_preset=&#8221;default&#8221; global_colors_info=&#8221;{}&#8221;][et_pb_text _builder_version=&#8221;4.27.4&#8243; _module_preset=&#8221;18a8b8ad-7159-4d56-a941-2e384af3eb47&#8243; text_font=&#8221;Montserrat||||||||&#8221; text_text_color=&#8221;gcid-e2b196e6-c1cd-4d7c-835d-4f50d20de00c&#8221; text_font_size=&#8221;22px&#8221; text_line_height=&#8221;2.1em&#8221; header_font=&#8221;Montserrat|700|||||||&#8221; header_font_size=&#8221;72px&#8221; custom_margin=&#8221;||10px||false|false&#8221; global_colors_info=&#8221;{%22gcid-e2b196e6-c1cd-4d7c-835d-4f50d20de00c%22:%91%22text_text_color%22%93}&#8221;]<\/p>\n<p>  Obtenha suas microcredenciais de cadeia de suprimentos<\/p>\n<h1>Microcredenciais para a cadeia de suprimentos<\/h1>\n<p>[\/et_pb_text][et_pb_text _builder_version=&#8221;4.27.4&#8243; _module_preset=&#8221;8e1fe94f-1b15-4785-a94b-2770014e4a9c&#8221; text_font=&#8221;Montserrat||||||||&#8221; global_colors_info=&#8221;{}&#8221;]<\/p>\n<p>Os microcertificados em gerenciamento da cadeia de suprimentos equipam os alunos com habilidades essenciais em otimiza\u00e7\u00e3o da cadeia de suprimentos, gerenciamento de custos, mitiga\u00e7\u00e3o de riscos e log\u00edstica de transporte global.<\/p>\n<p>Os alunos ganhar\u00e3o experi\u00eancia na an\u00e1lise de influ\u00eancias econ\u00f4micas, na otimiza\u00e7\u00e3o de processos log\u00edsticos e na tomada de decis\u00f5es eficientes em sistemas de transporte para aprimorar o desempenho da cadeia de suprimentos.<\/p>\n<p>Esse programa prepara os alunos para fun\u00e7\u00f5es profissionais no setor de cadeia de suprimentos, enfatizando as pr\u00e1ticas recomendadas, o planejamento estrat\u00e9gico e a efici\u00eancia operacional.<\/p>\n<p>[\/et_pb_text][et_pb_image src=&#8221;https:\/\/selcedu.com\/wp-content\/uploads\/2025\/03\/supply-chain-micro-credentials.svg&#8221; alt=&#8221;microcredenciais da cadeia de suprimentos&#8221; title_text=&#8221;microcredenciais da cadeia de suprimentos&#8221; _builder_version=&#8221;4.27.4&#8243; _module_preset=&#8221;default&#8221; max_width=&#8221;80%&#8221; global_colors_info=&#8221;{}&#8221;][\/et_pb_image][\/et_pb_column][et_pb_column type=&#8221;1_3&#8243; _builder_version=&#8221;4.22.0&#8243; _module_preset=&#8221;default&#8221; background_color=&#8221;#FFFFFF&#8221; custom_padding=&#8221;30px|30px|30px|30px|true|true&#8221; custom_padding_tablet=&#8221;30px|30px|30px|30px|true|true&#8221; custom_padding_phone=&#8221;20px|20px|20px|20px|true|true&#8221; custom_padding_last_edited=&#8221;on|phone&#8221; border_radii=&#8221;on|10px|10px|10px|10px&#8221; box_shadow_style=&#8221;preset4&#8243; box_shadow_horizontal=&#8221;0px&#8221; box_shadow_vertical=&#8221;60px&#8221; box_shadow_blur=&#8221;90px&#8221; box_shadow_color=&#8221;rgba(0,0,0,0.08)&#8221; global_colors_info=&#8221;{}&#8221;][et_pb_text _builder_version=&#8221;4.27.4&#8243; _module_preset=&#8221;e2378707-7b0a-48a2-ac5d-437dd3c1a165&#8243; text_font=&#8221;Montserrat||||||||&#8221; header_2_font=&#8221;Montserrat|700|||||||&#8221; custom_margin=&#8221;||10px||false|false&#8221; locked=&#8221;off&#8221; global_colors_info=&#8221;{}&#8221;]<\/p>\n<h2>O que est\u00e1 inclu\u00eddo<\/h2>\n<p>[\/et_pb_text][et_pb_blurb use_icon=&#8221;on&#8221; font_icon=&#8221;&#xf1c8;||fa||900&#8243; icon_color=&#8221;#ed591e&#8221; _builder_version=&#8221;4.27.4&#8243; _module_preset=&#8221;f7206702-2454-4456-8b9d-c16365833bb0&#8243; body_font=&#8221;Montserrat||||||||&#8221; body_text_color=&#8221;#000000&#8243; body_font_size=&#8221;17px&#8221; locked=&#8221;off&#8221; global_colors_info=&#8221;{%22gcid-eba9b965-b9f9-43f5-b7e8-a0591766089f%22:%91%22icon_color%22%93,%22gcid-e2b196e6-c1cd-4d7c-835d-4f50d20de00c%22:%91%22icon_color%22%93}&#8221;]<\/p>\n<p>Sess\u00e3o on-line e em sala de aula<\/p>\n<p>[\/et_pb_blurb][et_pb_blurb use_icon=&#8221;on&#8221; font_icon=&#8221;&#xf133;||fa||900&#8243; icon_color=&#8221;#ed591e&#8221; _builder_version=&#8221;4.27.4&#8243; _module_preset=&#8221;f7206702-2454-4456-8b9d-c16365833bb0&#8243; body_font=&#8221;Montserrat||||||||&#8221; body_text_color=&#8221;#000000&#8243; body_font_size=&#8221;17px&#8221; max_width=&#8221;1280px&#8221; hover_enabled=&#8221;0&#8243; locked=&#8221;off&#8221; global_colors_info=&#8221;{%22gcid-eba9b965-b9f9-43f5-b7e8-a0591766089f%22:%91%22icon_color%22,%22icon_color%22%93,%22gcid-e2b196e6-c1cd-4d7c-835d-4f50d20de00c%22:%91%22icon_color%22%93}&#8221; sticky_enabled=&#8221;0&#8243;]<\/p>\n<p>3 semanas para cada curso<\/p>\n<p>[\/et_pb_blurb][et_pb_blurb use_icon=&#8221;on&#8221; font_icon=&#8221;&#xf2f2;||fa||900&#8243; icon_color=&#8221;#ed591e&#8221; _builder_version=&#8221;4.27.4&#8243; _module_preset=&#8221;f7206702-2454-4456-8b9d-c16365833bb0&#8243; body_font=&#8221;Montserrat||||||||&#8221; body_text_color=&#8221;#000000&#8243; body_font_size=&#8221;17px&#8221; max_width=&#8221;1280px&#8221; hover_enabled=&#8221;0&#8243; locked=&#8221;off&#8221; global_colors_info=&#8221;{%22gcid-eba9b965-b9f9-43f5-b7e8-a0591766089f%22:%91%22icon_color%22,%22icon_color%22%93,%22gcid-e2b196e6-c1cd-4d7c-835d-4f50d20de00c%22:%91%22icon_color%22%93}&#8221; sticky_enabled=&#8221;0&#8243;]<\/p>\n<p>120 horas do total de cursos<\/p>\n<p>[\/et_pb_blurb][et_pb_text _builder_version=&#8221;4.27.4&#8243; _module_preset=&#8221;21364c9c-f84f-4ddb-9c78-0367e33a9fa1&#8243; text_font=&#8221;Montserrat|700|||||||&#8221; text_font_size=&#8221;19px&#8221; custom_margin=&#8221;||0px||false|false&#8221; locked=&#8221;off&#8221; global_colors_info=&#8221;{}&#8221;]<\/p>\n<p>Instrutor<\/p>\n<p>[\/et_pb_text][et_pb_text _builder_version=&#8221;4.27.4&#8243; _module_preset=&#8221;ddcf3654-05a8-4812-b3c1-3d9d7f8d77ec&#8221; text_font=&#8221;Montserrat||||||||&#8221; locked=&#8221;off&#8221; global_colors_info=&#8221;{}&#8221;]<\/p>\n<p><strong>Toffee<\/strong> com +15 anos de experi\u00eancia<\/p>\n<p>[\/et_pb_text][et_pb_button button_url=&#8221;https:\/\/selcedu.com\/pt-br\/formulario-de-inscricao-on-line\/&#8221; url_new_window=&#8221;on&#8221; button_text=&#8221;Inscreva-se agora&#8221; _builder_version=&#8221;4.27.4&#8243; _module_preset=&#8221;06363a6c-4f96-40c1-8d7b-b91f71cedcbe&#8221; button_bg_color=&#8221;gcid-e2b196e6-c1cd-4d7c-835d-4f50d20de00c&#8221; button_border_radius=&#8221;15px&#8221; button_font=&#8221;Montserrat|700|||||||&#8221; locked=&#8221;off&#8221; global_colors_info=&#8221;{%22gcid-e2b196e6-c1cd-4d7c-835d-4f50d20de00c%22:%91%22button_bg_color%22%93}&#8221;][\/et_pb_button][\/et_pb_column][\/et_pb_row][\/et_pb_section][et_pb_section fb_built=&#8221;1&#8243; admin_label=&#8221;Header&#8221; _builder_version=&#8221;4.27.4&#8243; _module_preset=&#8221;default&#8221; background_color=&#8221;gcid-d88780af-9f2b-435a-95eb-61ad43cf376a&#8221; locked=&#8221;off&#8221; collapsed=&#8221;off&#8221; global_colors_info=&#8221;{%22gcid-d88780af-9f2b-435a-95eb-61ad43cf376a%22:%91%22background_color%22%93}&#8221;][et_pb_row column_structure=&#8221;2_3,1_3&#8243; _builder_version=&#8221;4.24.2&#8243; _module_preset=&#8221;default&#8221; max_width=&#8221;1280px&#8221; global_colors_info=&#8221;{}&#8221;][et_pb_column type=&#8221;2_3&#8243; _builder_version=&#8221;4.22.0&#8243; _module_preset=&#8221;default&#8221; global_colors_info=&#8221;{}&#8221;][et_pb_text _builder_version=&#8221;4.27.4&#8243; _module_preset=&#8221;8e1fe94f-1b15-4785-a94b-2770014e4a9c&#8221; text_font=&#8221;Montserrat||||||||&#8221; text_text_color=&#8221;#000000&#8243; global_colors_info=&#8221;{}&#8221;]Atualmente, os profissionais da cadeia de suprimentos no Canad\u00e1 t\u00eam boas perspectivas de emprego e uma demanda crescente por trabalhadores qualificados. Com a complexidade cada vez maior das cadeias de suprimentos globais, h\u00e1 um caminho claro para ganhos maiores por meio da experi\u00eancia e da educa\u00e7\u00e3o especializada.[\/et_pb_text][et_pb_text _builder_version=&#8221;4.27.4&#8243; _module_preset=&#8221;8e1fe94f-1b15-4785-a94b-2770014e4a9c&#8221; text_font=&#8221;Montserrat||||||||&#8221; global_colors_info=&#8221;{}&#8221;]<\/p>\n<div class=\"main-container\">\n<div class=\"info-container\">\n<div class=\"info-box\">\n<h3>A cadeia de suprimentos \u00e9 uma das<\/h3>\n<p class=\"value\">crescimento mais r\u00e1pido<\/p>\n<p class=\"source\">ind\u00fastrias no Canad\u00e1<\/p>\n<p class=\"source\">\n<\/div>\n<div class=\"info-box\">\n<h3>O sal\u00e1rio m\u00e9dio \u00e9<\/h3>\n<p class=\"value\">US$ 83.833\/ano<\/p>\n<p class=\"source\">para gerentes de cadeia de suprimentos<\/p>\n<p class=\"source\">*indeed.ca; 2025<\/p>\n<\/div>\n<\/div>\n<\/div>\n<p>[\/et_pb_text][\/et_pb_column][et_pb_column type=&#8221;1_3&#8243; _builder_version=&#8221;4.22.0&#8243; _module_preset=&#8221;default&#8221; background_color=&#8221;#FFFFFF&#8221; custom_padding=&#8221;30px|30px|30px|30px|true|true&#8221; custom_padding_tablet=&#8221;30px|30px|30px|30px|true|true&#8221; custom_padding_phone=&#8221;20px|20px|20px|20px|true|true&#8221; custom_padding_last_edited=&#8221;on|phone&#8221; border_radii=&#8221;on|10px|10px|10px|10px&#8221; box_shadow_style=&#8221;preset4&#8243; box_shadow_horizontal=&#8221;0px&#8221; box_shadow_vertical=&#8221;60px&#8221; box_shadow_blur=&#8221;90px&#8221; box_shadow_color=&#8221;rgba(0,0,0,0.08)&#8221; global_colors_info=&#8221;{}&#8221;][et_pb_text _builder_version=&#8221;4.27.4&#8243; _module_preset=&#8221;e2378707-7b0a-48a2-ac5d-437dd3c1a165&#8243; text_font=&#8221;Montserrat||||||||&#8221; header_2_font=&#8221;Montserrat|700|||||||&#8221; header_3_font=&#8221;Montserrat|700|||||||&#8221; header_3_font_size=&#8221;18px&#8221; custom_margin=&#8221;||10px||false|false&#8221; locked=&#8221;off&#8221; global_colors_info=&#8221;{}&#8221;]<\/p>\n<h3>Oportunidades de trabalho no setor de cadeia de suprimentos<\/h3>\n<p>[\/et_pb_text][dsm_icon_list icon_color=&#8221;gcid-e2b196e6-c1cd-4d7c-835d-4f50d20de00c&#8221; list_space_between=&#8221;14px&#8221; _builder_version=&#8221;4.27.4&#8243; _module_preset=&#8221;default&#8221; global_colors_info=&#8221;{%22gcid-e2b196e6-c1cd-4d7c-835d-4f50d20de00c%22:%91%22icon_color%22%93}&#8221;][dsm_icon_list_child text=&#8221;Planejador de transportes&#8221; font_icon=&#8221;&#x52;||divi||400&#8243; icon_color=&#8221;gcid-e2b196e6-c1cd-4d7c-835d-4f50d20de00c&#8221; icon_font_size=&#8221;24px&#8221; _builder_version=&#8221;4.27.4&#8243; _module_preset=&#8221;default&#8221; text_font=&#8221;Montserrat||||||||&#8221; text_text_color=&#8221;gcid-d0328ec1-b9c5-42bf-af93-bacd6777b9fa&#8221; global_colors_info=&#8221;{%22gcid-e2b196e6-c1cd-4d7c-835d-4f50d20de00c%22:%91%22icon_color%22%93,%22gcid-d0328ec1-b9c5-42bf-af93-bacd6777b9fa%22:%91%22text_text_color%22%93}&#8221;][\/dsm_icon_list_child][dsm_icon_list_child text=&#8221;Analista de cadeia de suprimentos&#8221; font_icon=&#8221;&#x52;||divi||400&#8243; icon_color=&#8221;gcid-e2b196e6-c1cd-4d7c-835d-4f50d20de00c&#8221; icon_font_size=&#8221;24px&#8221; _builder_version=&#8221;4.27.4&#8243; _module_preset=&#8221;default&#8221; text_font=&#8221;Montserrat||||||||&#8221; text_text_color=&#8221;gcid-d0328ec1-b9c5-42bf-af93-bacd6777b9fa&#8221; global_colors_info=&#8221;{%22gcid-e2b196e6-c1cd-4d7c-835d-4f50d20de00c%22:%91%22icon_color%22%93,%22gcid-d0328ec1-b9c5-42bf-af93-bacd6777b9fa%22:%91%22text_text_color%22%93}&#8221;][\/dsm_icon_list_child][dsm_icon_list_child text=&#8221;Coordenador de log\u00edstica  &#8221; font_icon=&#8221;&#x52;||divi||400&#8243; icon_color=&#8221;gcid-e2b196e6-c1cd-4d7c-835d-4f50d20de00c&#8221; icon_font_size=&#8221;24px&#8221; _builder_version=&#8221;4.27.4&#8243; _module_preset=&#8221;default&#8221; text_font=&#8221;Montserrat||||||||&#8221; text_text_color=&#8221;gcid-d0328ec1-b9c5-42bf-af93-bacd6777b9fa&#8221; global_colors_info=&#8221;{%22gcid-e2b196e6-c1cd-4d7c-835d-4f50d20de00c%22:%91%22icon_color%22%93,%22gcid-d0328ec1-b9c5-42bf-af93-bacd6777b9fa%22:%91%22text_text_color%22%93}&#8221;][\/dsm_icon_list_child][dsm_icon_list_child text=&#8221;Gerente de opera\u00e7\u00f5es&#8221; font_icon=&#8221;&#x52;||divi||400&#8243; icon_color=&#8221;gcid-e2b196e6-c1cd-4d7c-835d-4f50d20de00c&#8221; icon_font_size=&#8221;24px&#8221; _builder_version=&#8221;4.27.4&#8243; _module_preset=&#8221;default&#8221; text_font=&#8221;Montserrat||||||||&#8221; text_text_color=&#8221;gcid-d0328ec1-b9c5-42bf-af93-bacd6777b9fa&#8221; global_colors_info=&#8221;{%22gcid-e2b196e6-c1cd-4d7c-835d-4f50d20de00c%22:%91%22icon_color%22%93,%22gcid-d0328ec1-b9c5-42bf-af93-bacd6777b9fa%22:%91%22text_text_color%22%93}&#8221;][\/dsm_icon_list_child][\/dsm_icon_list][\/et_pb_column][\/et_pb_row][\/et_pb_section][et_pb_section fb_built=&#8221;1&#8243; admin_label=&#8221;Course Chapters&#8221; _builder_version=&#8221;4.22.0&#8243; _module_preset=&#8221;default&#8221; collapsed=&#8221;off&#8221; global_colors_info=&#8221;{}&#8221;][et_pb_row column_structure=&#8221;1_3,2_3&#8243; _builder_version=&#8221;4.22.0&#8243; _module_preset=&#8221;default&#8221; max_width=&#8221;1280px&#8221; global_colors_info=&#8221;{}&#8221;][et_pb_column type=&#8221;1_3&#8243; _builder_version=&#8221;4.22.0&#8243; _module_preset=&#8221;default&#8221; global_colors_info=&#8221;{}&#8221;][et_pb_image src=&#8221;https:\/\/selcedu.com\/wp-content\/uploads\/2025\/03\/supply-chain-micro-credentials.webp&#8221; alt=&#8221;microcredenciais da cadeia de suprimentos&#8221; title_text=&#8221;microcredenciais da cadeia de suprimentos&#8221; _builder_version=&#8221;4.27.4&#8243; _module_preset=&#8221;default&#8221; global_colors_info=&#8221;{}&#8221;][\/et_pb_image][\/et_pb_column][et_pb_column type=&#8221;2_3&#8243; _builder_version=&#8221;4.22.0&#8243; _module_preset=&#8221;default&#8221; global_colors_info=&#8221;{}&#8221;][et_pb_text _builder_version=&#8221;4.27.4&#8243; _module_preset=&#8221;e2378707-7b0a-48a2-ac5d-437dd3c1a165&#8243; text_font=&#8221;Montserrat||||||||&#8221; text_font_size=&#8221;28px&#8221; header_2_font=&#8221;Montserrat|700|||||||&#8221; header_2_text_color=&#8221;gcid-e2b196e6-c1cd-4d7c-835d-4f50d20de00c&#8221; header_2_line_height=&#8221;1.9em&#8221; custom_margin=&#8221;||30px||false|false&#8221; locked=&#8221;off&#8221; global_colors_info=&#8221;{%22gcid-e2b196e6-c1cd-4d7c-835d-4f50d20de00c%22:%91%22header_2_text_color%22%93}&#8221;]<\/p>\n<h2>Cursos de microcr\u00e9dito em cadeia de suprimentos<\/h2>\n<p>[\/et_pb_text][et_pb_accordion _builder_version=&#8221;4.27.4&#8243; _module_preset=&#8221;1882c3e1-0ad0-4c70-a06f-26115227630c&#8221; toggle_level=&#8221;h3&#8243; toggle_font=&#8221;Montserrat|500|||||||&#8221; body_font=&#8221;&#8211;et_global_body_font||||||||&#8221; body_font_size=&#8221;16px&#8221; locked=&#8221;off&#8221; global_colors_info=&#8221;{}&#8221;][et_pb_accordion_item title=&#8221;Influ\u00eancias econ\u00f4micas na log\u00edstica (TLEI)&#8221; open=&#8221;on&#8221; _builder_version=&#8221;4.27.4&#8243; _module_preset=&#8221;default&#8221; global_colors_info=&#8221;{}&#8221;]<\/p>\n<p>Este curso ajuda os profissionais a entender os fatores econ\u00f4micos que afetam as opera\u00e7\u00f5es de log\u00edstica, permitindo que eles adaptem estrat\u00e9gias para obter lucratividade apesar das flutua\u00e7\u00f5es do mercado.<\/p>\n<p>[\/et_pb_accordion_item][et_pb_accordion_item title=&#8221;Processos log\u00edsticos (TLLP)&#8221; _builder_version=&#8221;4.27.4&#8243; _module_preset=&#8221;default&#8221; global_colors_info=&#8221;{}&#8221;]<\/p>\n<p>Com foco na otimiza\u00e7\u00e3o da efici\u00eancia da cadeia de suprimentos, este curso abrange transporte multimodal, compras, armazenamento e gerenciamento de riscos para otimizar as opera\u00e7\u00f5es de log\u00edstica.<\/p>\n<p>[\/et_pb_accordion_item][et_pb_accordion_item title=&#8221;Sistemas de transporte (TLTS)&#8221; _builder_version=&#8221;4.27.4&#8243; _module_preset=&#8221;default&#8221; global_colors_info=&#8221;{}&#8221;]<\/p>\n<p><span>Ao fornecer uma base em log\u00edstica de transporte global, este curso ensina a tomada de decis\u00f5es eficientes para minimizar custos, tempo de tr\u00e2nsito e riscos regulat\u00f3rios.<\/span><\/p>\n<p>[\/et_pb_accordion_item][\/et_pb_accordion][\/et_pb_column][\/et_pb_row][\/et_pb_section][et_pb_section fb_built=&#8221;1&#8243; admin_label=&#8221;Footer&#8221; _builder_version=&#8221;4.24.2&#8243; _module_preset=&#8221;default&#8221; saved_tabs=&#8221;all&#8221; collapsed=&#8221;on&#8221; global_colors_info=&#8221;{}&#8221;][et_pb_row column_structure=&#8221;1_2,1_2&#8243; make_equal=&#8221;on&#8221; _builder_version=&#8221;4.27.4&#8243; _module_preset=&#8221;default&#8221; background_color=&#8221;gcid-eba9b965-b9f9-43f5-b7e8-a0591766089f&#8221; background_position=&#8221;center_right&#8221; max_width=&#8221;1280px&#8221; overflow-x=&#8221;visible&#8221; overflow-y=&#8221;visible&#8221; custom_margin=&#8221;||30px||false|false&#8221; custom_padding=&#8221;0px||0px||true|false&#8221; border_radii=&#8221;on|10px|10px|10px|10px&#8221; global_colors_info=&#8221;{%22gcid-eba9b965-b9f9-43f5-b7e8-a0591766089f%22:%91%22background_color%22%93}&#8221;][et_pb_column type=&#8221;1_2&#8243; _builder_version=&#8221;4.21.0&#8243; _module_preset=&#8221;default&#8221; custom_padding=&#8221;60px|60px|60px|60px|true|true&#8221; custom_padding_tablet=&#8221;30px|30px|30px|30px|true|true&#8221; custom_padding_phone=&#8221;20px|20px|20px|20px|true|true&#8221; custom_padding_last_edited=&#8221;on|tablet&#8221; global_colors_info=&#8221;{}&#8221;][et_pb_text _builder_version=&#8221;4.27.4&#8243; _module_preset=&#8221;c18c744f-333b-4e9c-a7dc-a69ab2a8c5b9&#8243; text_font=&#8221;Montserrat||||||||&#8221; header_2_text_color=&#8221;#000000&#8243; custom_margin=&#8221;||10px||false|false&#8221; global_colors_info=&#8221;{}&#8221;]<\/p>\n<h2>Aprenda e ganhe<\/h2>\n<p>[\/et_pb_text][et_pb_text _builder_version=&#8221;4.27.4&#8243; _module_preset=&#8221;8e1fe94f-1b15-4785-a94b-2770014e4a9c&#8221; text_font=&#8221;Montserrat||||||||&#8221; text_text_color=&#8221;#000000&#8243; global_colors_info=&#8221;{}&#8221;]Aprenda novas habilidades, obtenha certifica\u00e7\u00f5es reconhecidas e avance em sua carreira &#8211; tudo isso com um treinamento flex\u00edvel e pr\u00e1tico criado para causar impacto imediato no local de trabalho. Com a nossa abordagem &#8220;Aprenda e Ganhe&#8221;, voc\u00ea pode aprimorar suas habilidades rapidamente e permanecer \u00e0 frente em sua \u00e1rea. Comece sua jornada hoje mesmo![\/et_pb_text][et_pb_button button_text=&#8221;Verifique outras microcredenciais&#8221; _builder_version=&#8221;4.27.4&#8243; _module_preset=&#8221;06363a6c-4f96-40c1-8d7b-b91f71cedcbe&#8221; button_border_radius=&#8221;15px&#8221; button_font=&#8221;Montserrat|700|||||||&#8221; global_colors_info=&#8221;{}&#8221;][\/et_pb_button][\/et_pb_column][et_pb_column type=&#8221;1_2&#8243; _builder_version=&#8221;4.22.0&#8243; _module_preset=&#8221;default&#8221; global_colors_info=&#8221;{}&#8221;][et_pb_image src=&#8221;https:\/\/selcedu.com\/wp-content\/uploads\/2025\/02\/virtual-courses-illustration-26@2x.png&#8221; title_text=&#8221;cursos-virtuais-ilustra\u00e7\u00e3o-26@2x&#8221; _builder_version=&#8221;4.27.4&#8243; _module_preset=&#8221;default&#8221; positioning=&#8221;absolute&#8221; position_origin_a=&#8221;bottom_left&#8221; position_origin_a_tablet=&#8221;&#8221; position_origin_a_phone=&#8221;&#8221; position_origin_a_last_edited=&#8221;on|tablet&#8221; position_origin_f_tablet=&#8221;&#8221; position_origin_f_phone=&#8221;&#8221; position_origin_f_last_edited=&#8221;on|tablet&#8221; position_origin_r_tablet=&#8221;&#8221; position_origin_r_phone=&#8221;&#8221; position_origin_r_last_edited=&#8221;on|tablet&#8221; width=&#8221;100%&#8221; scroll_horizontal_motion_enable=&#8221;on&#8221; scroll_horizontal_motion=&#8221;0|100|100|100|-0.5|0|0&#8243; positioning_tablet=&#8221;none&#8221; positioning_phone=&#8221;&#8221; positioning_last_edited=&#8221;on|tablet&#8221; global_colors_info=&#8221;{}&#8221;][\/et_pb_image][\/et_pb_column][\/et_pb_row][\/et_pb_section]<\/p>\n","protected":false},"excerpt":{"rendered":"<p>Obtenha suas microcredenciais de cadeia de suprimentos Microcredenciais para a cadeia de suprimentosOs microcertificados em gerenciamento da cadeia de suprimentos equipam os alunos com habilidades essenciais em otimiza\u00e7\u00e3o da cadeia de suprimentos, gerenciamento de custos, mitiga\u00e7\u00e3o de riscos e log\u00edstica de transporte global. Os alunos ganhar\u00e3o experi\u00eancia na an\u00e1lise de influ\u00eancias econ\u00f4micas, na otimiza\u00e7\u00e3o de [&hellip;]<\/p>\n","protected":false},"author":22,"featured_media":0,"parent":261277,"menu_order":0,"comment_status":"closed","ping_status":"closed","template":"","meta":{"_et_pb_use_builder":"on","_et_pb_old_content":"","_et_gb_content_width":"","inline_featured_image":false,"footnotes":""},"class_list":["post-261257","page","type-page","status-publish","hentry"],"_links":{"self":[{"href":"https:\/\/selcedu.com\/pt-br\/wp-json\/wp\/v2\/pages\/261257","targetHints":{"allow":["GET"]}}],"collection":[{"href":"https:\/\/selcedu.com\/pt-br\/wp-json\/wp\/v2\/pages"}],"about":[{"href":"https:\/\/selcedu.com\/pt-br\/wp-json\/wp\/v2\/types\/page"}],"author":[{"embeddable":true,"href":"https:\/\/selcedu.com\/pt-br\/wp-json\/wp\/v2\/users\/22"}],"replies":[{"embeddable":true,"href":"https:\/\/selcedu.com\/pt-br\/wp-json\/wp\/v2\/comments?post=261257"}],"version-history":[{"count":14,"href":"https:\/\/selcedu.com\/pt-br\/wp-json\/wp\/v2\/pages\/261257\/revisions"}],"predecessor-version":[{"id":263124,"href":"https:\/\/selcedu.com\/pt-br\/wp-json\/wp\/v2\/pages\/261257\/revisions\/263124"}],"up":[{"embeddable":true,"href":"https:\/\/selcedu.com\/pt-br\/wp-json\/wp\/v2\/pages\/261277"}],"wp:attachment":[{"href":"https:\/\/selcedu.com\/pt-br\/wp-json\/wp\/v2\/media?parent=261257"}],"curies":[{"name":"wp","href":"https:\/\/api.w.org\/{rel}","templated":true}]}}