{"id":264733,"date":"2026-02-21T01:00:53","date_gmt":"2026-02-21T01:00:53","guid":{"rendered":"https:\/\/selcedu.com\/orientacion\/"},"modified":"2026-02-25T01:26:53","modified_gmt":"2026-02-25T01:26:53","slug":"orientacion","status":"publish","type":"page","link":"https:\/\/selcedu.com\/es\/orientacion\/","title":{"rendered":"Orientaci\u00f3n"},"content":{"rendered":"<p>[et_pb_section fb_built=\u00bb1&#8243; next_background_color=\u00bb#ffffff\u00bb module_id=\u00bbmaterial-carrusel\u00bb _builder_version=\u00bb4.23&#8243; background_color=\u00bb#f4f4f4&#8243; custom_margin=\u00bb-50px|||||\u00bb custom_padding=\u00bb||||false|false\u00bb bottom_divider_style=\u00bbasymmetric\u00bb bottom_divider_height=\u00bb113px\u00bb bottom_divider_height_tablet=\u00bb68px\u00bb bottom_divider_height_phone=\u00bb46px\u00bb bottom_divider_height_last_edited=\u00bbon|phone\u00bb collapsed=\u00bbon\u00bb global_colors_info=\u00bb{}\u00bb][et_pb_row column_structure=\u00bb3_5,2_5&#8243; _builder_version=\u00bb4.23.1&#8243; background_enable_color=\u00bboff\u00bb width=\u00bb90%\u00bb max_width=\u00bb90%\u00bb custom_margin=\u00bb100px||||false|false\u00bb custom_padding=\u00bb50px|50px|50px|50px|false|false\u00bb border_radii=\u00bbon|20px|20px|20px|20px\u00bb locked=\u00bboff\u00bb global_colors_info=\u00bb{}\u00bb][et_pb_column type=\u00bb3_5&#8243; _builder_version=\u00bb4.16&#8243; custom_padding=\u00bb|||\u00bb global_colors_info=\u00bb{}\u00bb custom_padding__hover=\u00bb|||\u00bb][et_pb_text _builder_version=\u00bb4.23.4&#8243; text_font_size=\u00bb20px\u00bb header_font=\u00bbMontserrat|700|||||||\u00bb header_text_color=\u00bbgcid-e2b196e6-c1cd-4d7c-835d-4f50d20de00c\u00bb header_font_size=\u00bb45px\u00bb header_letter_spacing=\u00bb3px\u00bb header_line_height=\u00bb140%\u00bb header_2_font=\u00bbMontserrat|700|||||||\u00bb header_2_text_color=\u00bbgcid-e2b196e6-c1cd-4d7c-835d-4f50d20de00c\u00bb header_2_font_size=\u00bb35px\u00bb header_2_line_height=\u00bb2em\u00bb header_3_font=\u00bbMontserrat||||||||\u00bb header_3_text_align=\u00bbcenter\u00bb header_3_text_color=\u00bb#312a29&#8243; header_3_font_size=\u00bb18px\u00bb header_3_line_height=\u00bb1.5em\u00bb custom_margin=\u00bb-6px||||false|false\u00bb custom_padding=\u00bb0px||||false|false\u00bb animation_direction=\u00bbright\u00bb text_font_size_tablet=\u00bb\u00bb text_font_size_phone=\u00bb14px\u00bb text_font_size_last_edited=\u00bbon|phone\u00bb header_font_size_tablet=\u00bb40px\u00bb header_font_size_phone=\u00bb24px\u00bb header_font_size_last_edited=\u00bbon|tablet\u00bb global_colors_info=\u00bb{%22gcid-e2b196e6-c1cd-4d7c-835d-4f50d20de00c%22:%91%22header_text_color%22,%22header_2_text_color%22,%22header_text_color%22%93,%22gcid-d0328ec1-b9c5-42bf-af93-bacd6777b9fa%22:%91%22text_text_color%22%93}\u00bb]<\/p>\n<p>Bienvenido al Colegio SELC<\/p>\n<div class=\"et_pb_module et_pb_text et_pb_text_0 et_pb_text_align_left et_pb_bg_layout_light\">\n<div class=\"et_pb_text_inner\">\n<h1 id=\"StudentSupports\">Orientaci\u00f3n<\/h1>\n<\/div>\n<\/div>\n<p>[\/et_pb_text][et_pb_text _builder_version=\u00bb4.23.4&#8243; _module_preset=\u00bbdefault\u00bb text_font=\u00bbMontserrat|300|||||||\u00bb text_text_color=\u00bb#000000&#8243; text_font_size=\u00bb16px\u00bb text_line_height=\u00bb1.8em\u00bb global_colors_info=\u00bb{%22gcid-d0328ec1-b9c5-42bf-af93-bacd6777b9fa%22:%91%22header_3_text_color%22%93}\u00bb]<\/p>\n<p data-start=\"241\" data-end=\"487\">Bienvenido a <strong data-start=\"252\" data-end=\"268\">SELC College<\/strong>, donde comienza tu futuro en Canad\u00e1. Estamos comprometidos a proporcionar una educaci\u00f3n de alta calidad, apoyo estudiantil de por vida y programas centrados en la carrera profesional dise\u00f1ados para ayudarte a tener \u00e9xito en las industrias competitivas de hoy en d\u00eda. <\/p>\n<p data-start=\"489\" data-end=\"808\">Con <strong data-start=\"499\" data-end=\"523\">m\u00e1s de 25 programas de diplomatura<\/strong> en sanidad, negocios, log\u00edstica, marketing e industrias de apoyo a la comunidad, SELC ofrece <strong data-start=\"622\" data-end=\"666\">experiencias de aprendizaje tanto presenciales como online<\/strong>. Nuestros estudiantes se benefician de apoyo en lengua inglesa, cursos de repaso, asistencia para la inserci\u00f3n laboral, micro-credenciales y oportunidades de cooperaci\u00f3n. <\/p>\n<p data-start=\"810\" data-end=\"1070\">En SELC, mantenemos un entorno de aprendizaje seguro, respetuoso e inclusivo. Se espera que los estudiantes sigan el C\u00f3digo de Conducta del Colegio, mantengan al menos <strong data-start=\"966\" data-end=\"984\">un 80% de asistencia<\/strong>, consigan un <strong data-start=\"996\" data-end=\"1025\">m\u00ednimo del 60% de aprobados<\/strong> y mantengan la integridad acad\u00e9mica en todo momento. <\/p>\n<p data-start=\"1072\" data-end=\"1189\">Estamos aqu\u00ed para apoyarte, desde tu primer d\u00eda de clase hasta tu graduaci\u00f3n y m\u00e1s all\u00e1. Construyamos juntos tu futuro. <\/p>\n<p>[\/et_pb_text][\/et_pb_column][et_pb_column type=\u00bb2_5&#8243; _builder_version=\u00bb4.16&#8243; custom_padding=\u00bb|||\u00bb global_colors_info=\u00bb{}\u00bb custom_padding__hover=\u00bb|||\u00bb][et_pb_image src=\u00bbhttps:\/\/selcedu.com\/wp-content\/uploads\/2024\/12\/about-selc-college.jpg\u00bb alt=\u00bbsobre la universidad selc de vancouver\u00bb title_text=\u00bbsobre-selc-colegio\u00bb _builder_version=\u00bb4.27.4&#8243; _module_preset=\u00bbdefault\u00bb border_radii=\u00bbon|20px|20px|20px|20px\u00bb global_colors_info=\u00bb{}\u00bb][\/et_pb_image][\/et_pb_column][\/et_pb_row][\/et_pb_section][et_pb_section fb_built=\u00bb1&#8243; _builder_version=\u00bb4.23.1&#8243; _module_preset=\u00bbdefault\u00bb global_colors_info=\u00bb{}\u00bb][et_pb_row _builder_version=\u00bb4.27.4&#8243; _module_preset=\u00bbdefault\u00bb global_colors_info=\u00bb{}\u00bb][et_pb_column type=\u00bb4_4&#8243; _builder_version=\u00bb4.27.4&#8243; _module_preset=\u00bbdefault\u00bb global_colors_info=\u00bb{}\u00bb][et_pb_accordion _builder_version=\u00bb4.27.4&#8243; _module_preset=\u00bbdefault\u00bb hover_enabled=\u00bb0&#8243; global_colors_info=\u00bb{}\u00bb sticky_enabled=\u00bb0&#8243;][et_pb_accordion_item title=\u00bbApoyo a los estudiantes y contactos\u00bb open=\u00bbon\u00bb _builder_version=\u00bb4.27.4&#8243; _module_preset=\u00bbdefault\u00bb hover_enabled=\u00bb0&#8243; global_colors_info=\u00bb{}\u00bb sticky_enabled=\u00bb0&#8243;]<\/p>\n<p>Nuestro Equipo de Servicios Estudiantiles est\u00e1 aqu\u00ed para ayudarte con tus dudas acad\u00e9micas, asistencia, cambios de programa y asuntos estudiantiles.<\/p>\n<p>studentservice@selcedu.com<br \/>Para consultas generales: info@selcedu.com<\/p>\n<p>[\/et_pb_accordion_item][et_pb_accordion_item title=\u00bbAsistencia y Pol\u00edtica Acad\u00e9mica\u00bb _builder_version=\u00bb4.27.4&#8243; _module_preset=\u00bbdefault\u00bb global_colors_info=\u00bb{}\u00bb open=\u00bboff\u00bb]<\/p>\n<ul>\n<li data-start=\"1508\" data-end=\"1547\">\n<p data-start=\"1510\" data-end=\"1547\">Se requiere un m\u00ednimo <strong data-start=\"1518\" data-end=\"1536\">del 80% de asistencia<\/strong> <\/p>\n<\/li>\n<li data-start=\"1548\" data-end=\"1574\">\n<p data-start=\"1550\" data-end=\"1574\">Aprobado: <strong data-start=\"1565\" data-end=\"1572\">60%<\/strong>.<\/p>\n<\/li>\n<li data-start=\"1575\" data-end=\"1610\">\n<p data-start=\"1577\" data-end=\"1610\">Las llegadas tarde afectan a la asistencia<\/p>\n<\/li>\n<li data-start=\"1611\" data-end=\"1760\">\n<p data-start=\"1613\" data-end=\"1760\">Los ex\u00e1menes s\u00f3lo podr\u00e1n reprogramarse con la documentaci\u00f3n adecuada<br data-start=\"1668\" data-end=\"1671\">El incumplimiento de los requisitos de asistencia puede dar lugar a la repetici\u00f3n del curso y al pago de tasas adicionales.<\/p>\n<\/li>\n<\/ul>\n<p>[\/et_pb_accordion_item][et_pb_accordion_item title=\u00bbC\u00f3digo de conducta e integridad acad\u00e9mica\u00bb _builder_version=\u00bb4.27.4&#8243; _module_preset=\u00bbdefault\u00bb global_colors_info=\u00bb{}\u00bb open=\u00bboff\u00bb]<\/p>\n<ul>\n<li data-start=\"1814\" data-end=\"1848\">\n<p data-start=\"1816\" data-end=\"1848\">Respetar a todos los alumnos y al personal<\/p>\n<\/li>\n<li data-start=\"1849\" data-end=\"1892\">\n<p data-start=\"1851\" data-end=\"1892\">Sin maltrato f\u00edsico, verbal o emocional<\/p>\n<\/li>\n<li data-start=\"1893\" data-end=\"1935\">\n<p data-start=\"1895\" data-end=\"1935\">Sin alcohol ni sustancias que alteren el estado de \u00e1nimo<\/p>\n<\/li>\n<li data-start=\"1936\" data-end=\"2047\">\n<p data-start=\"1938\" data-end=\"2047\">Tolerancia cero con las trampas y el plagio<br data-start=\"1980\" data-end=\"1983\">SELC sigue una estricta <strong data-start=\"2005\" data-end=\"2022\">regla de los 3 golpes<\/strong> para la deshonestidad acad\u00e9mica.<\/p>\n<\/li>\n<\/ul>\n<p>[\/et_pb_accordion_item][et_pb_accordion_item title=\u00bbEducaci\u00f3n a Distancia (EAD)\u00bb _builder_version=\u00bb4.27.4&#8243; _module_preset=\u00bbdefault\u00bb global_colors_info=\u00bb{}\u00bb open=\u00bboff\u00bb]<\/p>\n<p>Cada semana incluye:<br data-start=\"2107\" data-end=\"2110\">\ud83d\udd52 16 horas en clase<br data-start=\"2130\" data-end=\"2133\">\ud83d\udcbb 4 horas de Educaci\u00f3n a Distancia (actividades en l\u00ednea)<br data-start=\"2182\" data-end=\"2185\">Los env\u00edos de EAD deben completarse a tiempo. Los env\u00edos tard\u00edos o incompletos reciben cero asistencia para las horas de ED. <\/p>\n<p>[\/et_pb_accordion_item][et_pb_accordion_item title=\u00bbPagos e informaci\u00f3n financiera\u00bb _builder_version=\u00bb4.27.4&#8243; _module_preset=\u00bbdefault\u00bb global_colors_info=\u00bb{}\u00bb open=\u00bboff\u00bb]<\/p>\n<ul data-start=\"2345\" data-end=\"2557\">\n<li data-start=\"2345\" data-end=\"2413\">\n<p data-start=\"2347\" data-end=\"2413\">El anticipo y el primer plazo deben abonarse antes o el primer d\u00eda<\/p>\n<\/li>\n<li data-start=\"2414\" data-end=\"2459\">\n<p data-start=\"2416\" data-end=\"2459\">Los plazos vencen el 15 de cada mes<\/p>\n<\/li>\n<li data-start=\"2460\" data-end=\"2485\">\n<p data-start=\"2462\" data-end=\"2485\">Tasa por retraso en el pago: 50<\/p>\n<\/li>\n<li data-start=\"2486\" data-end=\"2557\">\n<p data-start=\"2488\" data-end=\"2557\">M\u00faltiples opciones de pago disponibles (transferencia electr\u00f3nica, PayMyTuition, etc.)<\/p>\n<\/li>\n<\/ul>\n<p data-start=\"2559\" data-end=\"2636\">Los estudiantes deben mantener sus cuentas al d\u00eda para conservar el acceso al portal.<\/p>\n<p>[\/et_pb_accordion_item][et_pb_accordion_item title=\u00bbApoyo a las cooperativas y a la carrera profesional\u00bb _builder_version=\u00bb4.27.4&#8243; _module_preset=\u00bbdefault\u00bb global_colors_info=\u00bb{}\u00bb open=\u00bboff\u00bb]<\/p>\n<p data-start=\"2676\" data-end=\"2809\">Proporcionamos:<br data-start=\"2687\" data-end=\"2690\">\u2714 Revisi\u00f3n de curr\u00edculum y cartas de presentaci\u00f3n<br data-start=\"2720\" data-end=\"2723\">\u2714 Preparaci\u00f3n de entrevistas<br data-start=\"2746\" data-end=\"2749\">\u2714 B\u00fasqueda de trabajo y apoyo a la solicitud<br data-start=\"2782\" data-end=\"2785\">\u2714 Seguimiento de la colocaci\u00f3n<\/p>\n<p data-start=\"2811\" data-end=\"2843\">Contacto: <a data-start=\"2820\" data-end=\"2841\" class=\"decorated-link cursor-pointer\" rel=\"noopener\">placement@selcedu.com<\/a><\/p>\n<p>[\/et_pb_accordion_item][\/et_pb_accordion][\/et_pb_column][\/et_pb_row][\/et_pb_section][et_pb_section fb_built=\u00bb1&#8243; fullwidth=\u00bbon\u00bb _builder_version=\u00bb4.27.4&#8243; _module_preset=\u00bbdefault\u00bb global_colors_info=\u00bb{}\u00bb][\/et_pb_section][et_pb_section fb_built=\u00bb1&#8243; prev_background_color=\u00bb#ffffff\u00bb _builder_version=\u00bb4.23.4&#8243; _module_preset=\u00bbdefault\u00bb background_color=\u00bb#f2f2f2&#8243; custom_padding=\u00bb||1px|||\u00bb top_divider_style=\u00bbmountains\u00bb global_colors_info=\u00bb{}\u00bb][\/et_pb_section]<\/p>\n","protected":false},"excerpt":{"rendered":"<p>Bienvenido al Colegio SELC Orientaci\u00f3n Bienvenido a SELC College, donde comienza tu futuro en Canad\u00e1. Estamos comprometidos a proporcionar una educaci\u00f3n de alta calidad, apoyo estudiantil de por vida y programas centrados en la carrera profesional dise\u00f1ados para ayudarte a tener \u00e9xito en las industrias competitivas de hoy en d\u00eda. Con m\u00e1s de 25 programas [&hellip;]<\/p>\n","protected":false},"author":22,"featured_media":259626,"parent":0,"menu_order":0,"comment_status":"closed","ping_status":"closed","template":"","meta":{"_et_pb_use_builder":"on","_et_pb_old_content":"","_et_gb_content_width":"","inline_featured_image":false,"footnotes":""},"class_list":["post-264733","page","type-page","status-publish","has-post-thumbnail","hentry"],"_links":{"self":[{"href":"https:\/\/selcedu.com\/es\/wp-json\/wp\/v2\/pages\/264733","targetHints":{"allow":["GET"]}}],"collection":[{"href":"https:\/\/selcedu.com\/es\/wp-json\/wp\/v2\/pages"}],"about":[{"href":"https:\/\/selcedu.com\/es\/wp-json\/wp\/v2\/types\/page"}],"author":[{"embeddable":true,"href":"https:\/\/selcedu.com\/es\/wp-json\/wp\/v2\/users\/22"}],"replies":[{"embeddable":true,"href":"https:\/\/selcedu.com\/es\/wp-json\/wp\/v2\/comments?post=264733"}],"version-history":[{"count":27,"href":"https:\/\/selcedu.com\/es\/wp-json\/wp\/v2\/pages\/264733\/revisions"}],"predecessor-version":[{"id":264896,"href":"https:\/\/selcedu.com\/es\/wp-json\/wp\/v2\/pages\/264733\/revisions\/264896"}],"wp:featuredmedia":[{"embeddable":true,"href":"https:\/\/selcedu.com\/es\/wp-json\/wp\/v2\/media\/259626"}],"wp:attachment":[{"href":"https:\/\/selcedu.com\/es\/wp-json\/wp\/v2\/media?parent=264733"}],"curies":[{"name":"wp","href":"https:\/\/api.w.org\/{rel}","templated":true}]}}