{"id":264596,"date":"2026-02-13T18:42:20","date_gmt":"2026-02-13T18:42:20","guid":{"rendered":"https:\/\/selcedu.com\/260667-2\/trabajador-de-apoyo-comunitario-2\/"},"modified":"2026-02-20T22:03:49","modified_gmt":"2026-02-20T22:03:49","slug":"trabajador-de-apoyo-comunitario-2","status":"publish","type":"page","link":"https:\/\/selcedu.com\/es\/260667-2\/trabajador-de-apoyo-comunitario-2\/","title":{"rendered":"Microcredencial de Auxiliar de Farmacia"},"content":{"rendered":"<p>[et_pb_section fb_built=\u00bb1&#8243; admin_label=\u00bbHeader\u00bb _builder_version=\u00bb4.27.4&#8243; _module_preset=\u00bbdefault\u00bb background_color=\u00bbgcid-610d28dd-eb23-4fae-b502-62f0b357c8fd\u00bb background_enable_image=\u00bboff\u00bb locked=\u00bboff\u00bb collapsed=\u00bboff\u00bb global_colors_info=\u00bb{%22gcid-610d28dd-eb23-4fae-b502-62f0b357c8fd%22:%91%22background_color%22%93}\u00bb][et_pb_row column_structure=\u00bb2_3,1_3&#8243; _builder_version=\u00bb4.27.4&#8243; _module_preset=\u00bbdefault\u00bb max_width=\u00bb1280px\u00bb global_colors_info=\u00bb{}\u00bb][et_pb_column type=\u00bb2_3&#8243; _builder_version=\u00bb4.27.4&#8243; _module_preset=\u00bbdefault\u00bb global_colors_info=\u00bb{}\u00bb][et_pb_text _builder_version=\u00bb4.27.4&#8243; _module_preset=\u00bb18a8b8ad-7159-4d56-a941-2e384af3eb47&#8243; text_font=\u00bbMontserrat||||||||\u00bb text_text_color=\u00bbgcid-e2b196e6-c1cd-4d7c-835d-4f50d20de00c\u00bb text_font_size=\u00bb22px\u00bb text_line_height=\u00bb2.1em\u00bb header_font=\u00bbMontserrat|700|||||||\u00bb header_font_size=\u00bb72px\u00bb custom_margin=\u00bb||10px||false|false\u00bb global_colors_info=\u00bb{%22gcid-e2b196e6-c1cd-4d7c-835d-4f50d20de00c%22:%91%22text_text_color%22%93}\u00bb]<\/p>\n<p>Consigue tu Microcredencial de Auxiliar de Farmacia<\/p>\n<h1>Microcredencial de Auxiliar de Farmacia<\/h1>\n<p>[\/et_pb_text][et_pb_text _builder_version=\u00bb4.27.4&#8243; _module_preset=\u00bb8e1fe94f-1b15-4785-a94b-2770014e4a9c\u00bb text_font=\u00bbMontserrat||||||||\u00bb global_colors_info=\u00bb{}\u00bb]<\/p>\n<p>Desarrolla tus habilidades y refuerza tu carrera profesional en<br \/>el creciente Sector de servicios sanitarios y farmac\u00e9uticos de Canad\u00e1. Este breve programa te ayuda a adquirir<br \/>conocimientos pr\u00e1cticos al tiempo que satisfaces las cambiantes<br \/>necesidades de tus clientes y de la comunidad. <\/p>\n<p>[\/et_pb_text][et_pb_image src=\u00bbhttps:\/\/selcedu.com\/wp-content\/uploads\/2026\/02\/edited-image.png\u00bb alt=\u00bbmicrocredenciales de la cadena de suministro\u00bb title_text=\u00bbimagen editada\u00bb _builder_version=\u00bb4.27.4&#8243; _module_preset=\u00bbdefault\u00bb max_width=\u00bb80%\u00bb global_colors_info=\u00bb{}\u00bb][\/et_pb_image][\/et_pb_column][et_pb_column type=\u00bb1_3&#8243; _builder_version=\u00bb4.22.0&#8243; _module_preset=\u00bbdefault\u00bb background_color=\u00bb#FFFFFF\u00bb custom_padding=\u00bb30px|30px|30px|30px|true|true\u00bb custom_padding_tablet=\u00bb30px|30px|30px|30px|true|true\u00bb custom_padding_phone=\u00bb20px|20px|20px|20px|true|true\u00bb custom_padding_last_edited=\u00bbon|phone\u00bb border_radii=\u00bbon|10px|10px|10px|10px\u00bb box_shadow_style=\u00bbpreset4&#8243; box_shadow_horizontal=\u00bb0px\u00bb box_shadow_vertical=\u00bb60px\u00bb box_shadow_blur=\u00bb90px\u00bb box_shadow_color=\u00bbrgba(0,0,0,0.08)\u00bb global_colors_info=\u00bb{}\u00bb][et_pb_text _builder_version=\u00bb4.27.4&#8243; _module_preset=\u00bbe2378707-7b0a-48a2-ac5d-437dd3c1a165&#8243; text_font=\u00bbMontserrat||||||||\u00bb header_2_font=\u00bbMontserrat|700|||||||\u00bb custom_margin=\u00bb||10px||false|false\u00bb locked=\u00bboff\u00bb global_colors_info=\u00bb{}\u00bb]<\/p>\n<h2>Qu\u00e9 incluye<\/h2>\n<p>[\/et_pb_text][et_pb_blurb use_icon=\u00bbon\u00bb font_icon=\u00bb&#xf1c8;||fa||900&#8243; icon_color=\u00bb#ed591e\u00bb _builder_version=\u00bb4.27.4&#8243; _module_preset=\u00bbf7206702-2454-4456-8b9d-c16365833bb0&#8243; body_font=\u00bbMontserrat||||||||\u00bb body_text_color=\u00bb#000000&#8243; body_font_size=\u00bb17px\u00bb locked=\u00bboff\u00bb global_colors_info=\u00bb{%22gcid-eba9b965-b9f9-43f5-b7e8-a0591766089f%22:%91%22icon_color%22%93,%22gcid-e2b196e6-c1cd-4d7c-835d-4f50d20de00c%22:%91%22icon_color%22%93}\u00bb]<\/p>\n<p>Sincr\u00f3nico y asincr\u00f3nico<\/p>\n<p>[\/et_pb_blurb][et_pb_blurb use_icon=\u00bbon\u00bb font_icon=\u00bb&#xf133;||fa||900&#8243; icon_color=\u00bb#ed591e\u00bb _builder_version=\u00bb4.27.4&#8243; _module_preset=\u00bbf7206702-2454-4456-8b9d-c16365833bb0&#8243; body_font=\u00bbMontserrat||||||||\u00bb body_text_color=\u00bb#000000&#8243; body_font_size=\u00bb17px\u00bb max_width=\u00bb1280px\u00bb locked=\u00bboff\u00bb global_colors_info=\u00bb{%22gcid-eba9b965-b9f9-43f5-b7e8-a0591766089f%22:%91%22icon_color%22,%22icon_color%22%93,%22gcid-e2b196e6-c1cd-4d7c-835d-4f50d20de00c%22:%91%22icon_color%22%93}\u00bb]<\/p>\n<p>8 semanas para todos los cursos<\/p>\n<p>[\/et_pb_blurb][et_pb_blurb use_icon=\u00bbon\u00bb font_icon=\u00bb&#xf2f2;||fa||900&#8243; icon_color=\u00bb#ed591e\u00bb _builder_version=\u00bb4.27.4&#8243; _module_preset=\u00bbf7206702-2454-4456-8b9d-c16365833bb0&#8243; body_font=\u00bbMontserrat||||||||\u00bb body_text_color=\u00bb#000000&#8243; body_font_size=\u00bb17px\u00bb max_width=\u00bb1280px\u00bb locked=\u00bboff\u00bb global_colors_info=\u00bb{%22gcid-eba9b965-b9f9-43f5-b7e8-a0591766089f%22:%91%22icon_color%22,%22icon_color%22%93,%22gcid-e2b196e6-c1cd-4d7c-835d-4f50d20de00c%22:%91%22icon_color%22%93}\u00bb]<\/p>\n<p>120 horas del total de cursos<\/p>\n<p>[\/et_pb_blurb][et_pb_button button_url=\u00bbhttps:\/\/selcedu.com\/es\/formulario-de-solicitud-en-linea\/\u00bb url_new_window=\u00bbon\u00bb button_text=\u00bbInscr\u00edbete ahora\u00bb _builder_version=\u00bb4.27.4&#8243; _module_preset=\u00bb06363a6c-4f96-40c1-8d7b-b91f71cedcbe\u00bb button_bg_color=\u00bbgcid-e2b196e6-c1cd-4d7c-835d-4f50d20de00c\u00bb button_border_radius=\u00bb15px\u00bb button_font=\u00bbMontserrat|700|||||||\u00bb locked=\u00bboff\u00bb global_colors_info=\u00bb{%22gcid-e2b196e6-c1cd-4d7c-835d-4f50d20de00c%22:%91%22button_bg_color%22%93}\u00bb][\/et_pb_button][\/et_pb_column][\/et_pb_row][\/et_pb_section][et_pb_section fb_built=\u00bb1&#8243; _builder_version=\u00bb4.27.4&#8243; _module_preset=\u00bbdefault\u00bb global_colors_info=\u00bb{}\u00bb][et_pb_row _builder_version=\u00bb4.27.4&#8243; _module_preset=\u00bbdefault\u00bb global_colors_info=\u00bb{}\u00bb][et_pb_column type=\u00bb4_4&#8243; _builder_version=\u00bb4.27.4&#8243; _module_preset=\u00bbdefault\u00bb global_colors_info=\u00bb{}\u00bb][\/et_pb_column][\/et_pb_row][\/et_pb_section][et_pb_section fb_built=\u00bb1&#8243; admin_label=\u00bbHeader\u00bb _builder_version=\u00bb4.27.4&#8243; _module_preset=\u00bbdefault\u00bb background_color=\u00bbgcid-d88780af-9f2b-435a-95eb-61ad43cf376a\u00bb locked=\u00bboff\u00bb collapsed=\u00bboff\u00bb global_colors_info=\u00bb{%22gcid-d88780af-9f2b-435a-95eb-61ad43cf376a%22:%91%22background_color%22%93}\u00bb][et_pb_row column_structure=\u00bb2_3,1_3&#8243; _builder_version=\u00bb4.24.2&#8243; _module_preset=\u00bbdefault\u00bb max_width=\u00bb1280px\u00bb global_colors_info=\u00bb{}\u00bb][et_pb_column type=\u00bb2_3&#8243; _builder_version=\u00bb4.22.0&#8243; _module_preset=\u00bbdefault\u00bb global_colors_info=\u00bb{}\u00bb][et_pb_text _builder_version=\u00bb4.27.4&#8243; _module_preset=\u00bb8e1fe94f-1b15-4785-a94b-2770014e4a9c\u00bb text_font=\u00bbMontserrat||||||||\u00bb text_text_color=\u00bb#000000&#8243; global_colors_info=\u00bb{}\u00bb]<\/p>\n<p><strong data-start=\"91\" data-end=\"248\">Los auxiliares de farmacia de Canad\u00e1 disfrutan actualmente de grandes oportunidades de empleo y de una demanda constante en farmacias minoristas, hospitalarias y comunitarias.<\/strong>  Con las crecientes necesidades sanitarias de Canad\u00e1 y la expansi\u00f3n de los servicios de farmacia, los Auxiliares de Farmacia formados desempe\u00f1an un papel vital en el apoyo a los farmac\u00e9uticos, la gesti\u00f3n de las recetas y la atenci\u00f3n a los pacientes.<\/p>\n<p>&nbsp;<\/p>\n<p>[\/et_pb_text][et_pb_text _builder_version=\u00bb4.27.4&#8243; _module_preset=\u00bb8e1fe94f-1b15-4785-a94b-2770014e4a9c\u00bb text_font=\u00bbMontserrat||||||||\u00bb global_colors_info=\u00bb{}\u00bb]<\/p>\n<div class=\"main-container\">\n<div class=\"info-container\">\n<div class=\"info-box\">\n<h3>El <span style=\"font-size: 18px;\">Auxiliar de Farmacia es uno de los<\/span><\/h3>\n<p class=\"value\">crecimiento m\u00e1s r\u00e1pido<\/p>\n<p class=\"source\">industrias en Canad\u00e1<\/p>\n<p class=\"source\">\n<\/div>\n<div class=\"info-box\">\n<h3>Salario medio<\/h3>\n<p class=\"value\">De 24 a 33 $ por hora<\/p>\n<p class=\"source\">para un Auxiliar de Farmacia en B.C<\/p>\n<p class=\"source\">*indeed.ca; 2025<\/p>\n<\/div>\n<\/div>\n<\/div>\n<p>[\/et_pb_text][\/et_pb_column][et_pb_column type=\u00bb1_3&#8243; _builder_version=\u00bb4.22.0&#8243; _module_preset=\u00bbdefault\u00bb background_color=\u00bb#FFFFFF\u00bb custom_padding=\u00bb30px|30px|30px|30px|true|true\u00bb custom_padding_tablet=\u00bb30px|30px|30px|30px|true|true\u00bb custom_padding_phone=\u00bb20px|20px|20px|20px|true|true\u00bb custom_padding_last_edited=\u00bbon|phone\u00bb border_radii=\u00bbon|10px|10px|10px|10px\u00bb box_shadow_style=\u00bbpreset4&#8243; box_shadow_horizontal=\u00bb0px\u00bb box_shadow_vertical=\u00bb60px\u00bb box_shadow_blur=\u00bb90px\u00bb box_shadow_color=\u00bbrgba(0,0,0,0.08)\u00bb global_colors_info=\u00bb{}\u00bb][et_pb_text _builder_version=\u00bb4.27.4&#8243; _module_preset=\u00bbe2378707-7b0a-48a2-ac5d-437dd3c1a165&#8243; text_font=\u00bbMontserrat||||||||\u00bb header_2_font=\u00bbMontserrat|700|||||||\u00bb header_3_font=\u00bbMontserrat|700|||||||\u00bb header_3_font_size=\u00bb18px\u00bb custom_margin=\u00bb||10px||false|false\u00bb locked=\u00bboff\u00bb global_colors_info=\u00bb{}\u00bb]<\/p>\n<h3>Oportunidades de empleo en el sector de los auxiliares de farmacia<\/h3>\n<p>[\/et_pb_text][dsm_icon_list icon_color=\u00bbgcid-e2b196e6-c1cd-4d7c-835d-4f50d20de00c\u00bb list_space_between=\u00bb14px\u00bb _builder_version=\u00bb4.27.4&#8243; _module_preset=\u00bbdefault\u00bb global_colors_info=\u00bb{%22gcid-e2b196e6-c1cd-4d7c-835d-4f50d20de00c%22:%91%22icon_color%22%93}\u00bb][dsm_icon_list_child text=\u00bbAuxiliar de farmacia minorista\u00bb font_icon=\u00bb&#x52;||divi||400&#8243; icon_color=\u00bbgcid-e2b196e6-c1cd-4d7c-835d-4f50d20de00c\u00bb icon_font_size=\u00bb24px\u00bb _builder_version=\u00bb4.27.4&#8243; _module_preset=\u00bbdefault\u00bb text_font=\u00bbMontserrat||||||||\u00bb text_text_color=\u00bbgcid-d0328ec1-b9c5-42bf-af93-bacd6777b9fa\u00bb global_colors_info=\u00bb{%22gcid-e2b196e6-c1cd-4d7c-835d-4f50d20de00c%22:%91%22icon_color%22%93,%22gcid-d0328ec1-b9c5-42bf-af93-bacd6777b9fa%22:%91%22text_text_color%22%93}\u00bb][\/dsm_icon_list_child][dsm_icon_list_child text=\u00bbAuxiliar de Farmacia Hospitalaria\u00bb font_icon=\u00bb&#x52;||divi||400&#8243; icon_color=\u00bbgcid-e2b196e6-c1cd-4d7c-835d-4f50d20de00c\u00bb icon_font_size=\u00bb24px\u00bb _builder_version=\u00bb4.27.4&#8243; _module_preset=\u00bbdefault\u00bb text_font=\u00bbMontserrat||||||||\u00bb text_text_color=\u00bbgcid-d0328ec1-b9c5-42bf-af93-bacd6777b9fa\u00bb global_colors_info=\u00bb{%22gcid-e2b196e6-c1cd-4d7c-835d-4f50d20de00c%22:%91%22icon_color%22%93,%22gcid-d0328ec1-b9c5-42bf-af93-bacd6777b9fa%22:%91%22text_text_color%22%93}\u00bb][\/dsm_icon_list_child][dsm_icon_list_child text=\u00bbAuxiliar de Farmacia Comunitaria\u00bb font_icon=\u00bb&#x52;||divi||400&#8243; icon_color=\u00bbgcid-e2b196e6-c1cd-4d7c-835d-4f50d20de00c\u00bb icon_font_size=\u00bb24px\u00bb _builder_version=\u00bb4.27.4&#8243; _module_preset=\u00bbdefault\u00bb text_font=\u00bbMontserrat||||||||\u00bb text_text_color=\u00bbgcid-d0328ec1-b9c5-42bf-af93-bacd6777b9fa\u00bb global_colors_info=\u00bb{%22gcid-e2b196e6-c1cd-4d7c-835d-4f50d20de00c%22:%91%22icon_color%22%93,%22gcid-d0328ec1-b9c5-42bf-af93-bacd6777b9fa%22:%91%22text_text_color%22%93}\u00bb][\/dsm_icon_list_child][dsm_icon_list_child text=\u00bbAuxiliar de Farmacia de Cuidados de Larga Duraci\u00f3n\u00bb font_icon=\u00bb&#x52;||divi||400&#8243; icon_color=\u00bbgcid-e2b196e6-c1cd-4d7c-835d-4f50d20de00c\u00bb icon_font_size=\u00bb24px\u00bb _builder_version=\u00bb4.27.4&#8243; _module_preset=\u00bbdefault\u00bb text_font=\u00bbMontserrat||||||||\u00bb text_text_color=\u00bbgcid-d0328ec1-b9c5-42bf-af93-bacd6777b9fa\u00bb global_colors_info=\u00bb{%22gcid-e2b196e6-c1cd-4d7c-835d-4f50d20de00c%22:%91%22icon_color%22%93,%22gcid-d0328ec1-b9c5-42bf-af93-bacd6777b9fa%22:%91%22text_text_color%22%93}\u00bb][\/dsm_icon_list_child][\/dsm_icon_list][\/et_pb_column][\/et_pb_row][\/et_pb_section][et_pb_section fb_built=\u00bb1&#8243; admin_label=\u00bbCourse Chapters\u00bb _builder_version=\u00bb4.22.0&#8243; _module_preset=\u00bbdefault\u00bb collapsed=\u00bboff\u00bb global_colors_info=\u00bb{}\u00bb][et_pb_row column_structure=\u00bb1_3,2_3&#8243; _builder_version=\u00bb4.22.0&#8243; _module_preset=\u00bbdefault\u00bb max_width=\u00bb1280px\u00bb global_colors_info=\u00bb{}\u00bb][et_pb_column type=\u00bb1_3&#8243; _builder_version=\u00bb4.22.0&#8243; _module_preset=\u00bbdefault\u00bb global_colors_info=\u00bb{}\u00bb][et_pb_image src=\u00bbhttps:\/\/selcedu.com\/wp-content\/uploads\/2025\/03\/supply-chain-micro-credentials.webp\u00bb alt=\u00bbmicrocredenciales de la cadena de suministro\u00bb title_text=\u00bbmicrocredenciales de la cadena de suministro\u00bb _builder_version=\u00bb4.27.4&#8243; _module_preset=\u00bbdefault\u00bb global_colors_info=\u00bb{}\u00bb][\/et_pb_image][\/et_pb_column][et_pb_column type=\u00bb2_3&#8243; _builder_version=\u00bb4.22.0&#8243; _module_preset=\u00bbdefault\u00bb global_colors_info=\u00bb{}\u00bb][et_pb_text _builder_version=\u00bb4.27.4&#8243; _module_preset=\u00bbe2378707-7b0a-48a2-ac5d-437dd3c1a165&#8243; text_font=\u00bbMontserrat||||||||\u00bb text_font_size=\u00bb28px\u00bb header_2_font=\u00bbMontserrat|700|||||||\u00bb header_2_text_color=\u00bbgcid-e2b196e6-c1cd-4d7c-835d-4f50d20de00c\u00bb header_2_line_height=\u00bb1.9em\u00bb custom_margin=\u00bb||30px||false|false\u00bb locked=\u00bboff\u00bb global_colors_info=\u00bb{%22gcid-e2b196e6-c1cd-4d7c-835d-4f50d20de00c%22:%91%22header_2_text_color%22%93}\u00bb]<\/p>\n<h2>Cursos de Microcredencial de Auxiliar de Farmacia<\/h2>\n<p>[\/et_pb_text][et_pb_accordion _builder_version=\u00bb4.27.4&#8243; _module_preset=\u00bb1882c3e1-0ad0-4c70-a06f-26115227630c\u00bb toggle_level=\u00bbh3&#8243; toggle_font=\u00bbMontserrat|500|||||||\u00bb body_font=\u00bb&#8211;et_global_body_font||||||||\u00bb body_font_size=\u00bb16px\u00bb locked=\u00bboff\u00bb global_colors_info=\u00bb{}\u00bb][et_pb_accordion_item title=\u00bbFundamentos farmac\u00e9uticos\u00bb open=\u00bbon\u00bb _builder_version=\u00bb4.27.4&#8243; _module_preset=\u00bbdefault\u00bb global_colors_info=\u00bb{}\u00bb]<\/p>\n<ul>\n<li data-start=\"148\" data-end=\"241\">\n<p data-start=\"150\" data-end=\"241\">Introducci\u00f3n a la farmacolog\u00eda b\u00e1sica, incluyendo clasificaciones de f\u00e1rmacos y medicamentos comunes<\/p>\n<\/li>\n<li data-start=\"242\" data-end=\"324\">\n<p data-start=\"244\" data-end=\"324\">Comprender la terminolog\u00eda de la prescripci\u00f3n, las abreviaturas y los c\u00e1lculos de dosis<\/p>\n<\/li>\n<li data-start=\"325\" data-end=\"405\">\n<p data-start=\"327\" data-end=\"405\">Conocimiento de las formas de medicaci\u00f3n (comprimidos, l\u00edquidos, inyectables, t\u00f3picos, etc.)<\/p>\n<\/li>\n<li data-start=\"406\" data-end=\"490\">\n<p data-start=\"408\" data-end=\"490\">Manipulaci\u00f3n segura de medicamentos, requisitos de almacenamiento y procedimientos de control de inventario<\/p>\n<\/li>\n<li data-start=\"491\" data-end=\"578\">\n<p data-start=\"493\" data-end=\"578\">Visi\u00f3n general de la normativa farmac\u00e9utica, la \u00e9tica y el alcance de la pr\u00e1ctica en Columbia Brit\u00e1nica<\/p>\n<\/li>\n<\/ul>\n<p>[\/et_pb_accordion_item][et_pb_accordion_item title=\u00bbComunicaci\u00f3n profesional y atenci\u00f3n al paciente\u00bb _builder_version=\u00bb4.27.4&#8243; _module_preset=\u00bbdefault\u00bb global_colors_info=\u00bb{}\u00bb open=\u00bboff\u00bb]<\/p>\n<ul>\n<li data-start=\"637\" data-end=\"730\">\n<p data-start=\"639\" data-end=\"730\">Habilidades de comunicaci\u00f3n eficaces para interactuar con pacientes y profesionales sanitarios<\/p>\n<\/li>\n<li data-start=\"731\" data-end=\"812\">\n<p data-start=\"733\" data-end=\"812\">Proporcionar un servicio al cliente respetuoso, culturalmente sensible y confidencial<\/p>\n<\/li>\n<li data-start=\"813\" data-end=\"892\">\n<p data-start=\"815\" data-end=\"892\">Gestionar situaciones dif\u00edciles y resolver las preocupaciones de los pacientes con profesionalidad<\/p>\n<\/li>\n<li data-start=\"893\" data-end=\"991\">\n<p data-start=\"895\" data-end=\"991\">Comprender las leyes de privacidad del paciente y las normas de confidencialidad (por ejemplo, los principios PHIPA\/PIPA)<\/p>\n<\/li>\n<li data-start=\"992\" data-end=\"1078\">\n<p data-start=\"994\" data-end=\"1078\">Ayudar a los farmac\u00e9uticos a proporcionar informaci\u00f3n precisa y atenci\u00f3n de calidad a los pacientes<\/p>\n<\/li>\n<\/ul>\n<p>[\/et_pb_accordion_item][\/et_pb_accordion][\/et_pb_column][\/et_pb_row][et_pb_row _builder_version=\u00bb4.27.4&#8243; _module_preset=\u00bbdefault\u00bb][et_pb_column _builder_version=\u00bb4.27.4&#8243; _module_preset=\u00bbdefault\u00bb type=\u00bb4_4&#8243;][dvmd_table_maker _builder_version=\u00bb4.27.4&#8243; _module_preset=\u00bbdefault\u00bb hover_enabled=\u00bb0&#8243; sticky_enabled=\u00bb0&#8243;][dvmd_table_maker_item _builder_version=\u00bb4.27.4&#8243; _module_preset=\u00bbdefault\u00bb col_content=\u00bbFriday Saturday  Sunday\u00bb hover_enabled=\u00bb0&#8243; sticky_enabled=\u00bb0&#8243;][\/dvmd_table_maker_item][dvmd_table_maker_item _builder_version=\u00bb4.27.4&#8243; _module_preset=\u00bbdefault\u00bb col_content=\u00bbDE 9 AM to 2:30 PM 9 AM to 2:30 PM\u00bb hover_enabled=\u00bb0&#8243; sticky_enabled=\u00bb0&#8243;][\/dvmd_table_maker_item][\/dvmd_table_maker][\/et_pb_column][\/et_pb_row][\/et_pb_section][et_pb_section fb_built=\u00bb1&#8243; admin_label=\u00bbFooter\u00bb _builder_version=\u00bb4.24.2&#8243; _module_preset=\u00bbdefault\u00bb saved_tabs=\u00bball\u00bb collapsed=\u00bbon\u00bb global_colors_info=\u00bb{}\u00bb][et_pb_row column_structure=\u00bb1_2,1_2&#8243; make_equal=\u00bbon\u00bb _builder_version=\u00bb4.27.4&#8243; _module_preset=\u00bbdefault\u00bb background_color=\u00bbgcid-eba9b965-b9f9-43f5-b7e8-a0591766089f\u00bb background_position=\u00bbcenter_right\u00bb max_width=\u00bb1280px\u00bb overflow-x=\u00bbvisible\u00bb overflow-y=\u00bbvisible\u00bb custom_margin=\u00bb||30px||false|false\u00bb custom_padding=\u00bb0px||0px||true|false\u00bb border_radii=\u00bbon|10px|10px|10px|10px\u00bb global_colors_info=\u00bb{%22gcid-eba9b965-b9f9-43f5-b7e8-a0591766089f%22:%91%22background_color%22%93}\u00bb][et_pb_column type=\u00bb1_2&#8243; _builder_version=\u00bb4.21.0&#8243; _module_preset=\u00bbdefault\u00bb custom_padding=\u00bb60px|60px|60px|60px|true|true\u00bb custom_padding_tablet=\u00bb30px|30px|30px|30px|true|true\u00bb custom_padding_phone=\u00bb20px|20px|20px|20px|true|true\u00bb custom_padding_last_edited=\u00bbon|tablet\u00bb global_colors_info=\u00bb{}\u00bb][et_pb_text _builder_version=\u00bb4.27.4&#8243; _module_preset=\u00bbc18c744f-333b-4e9c-a7dc-a69ab2a8c5b9&#8243; text_font=\u00bbMontserrat||||||||\u00bb header_2_text_color=\u00bb#000000&#8243; custom_margin=\u00bb||10px||false|false\u00bb global_colors_info=\u00bb{}\u00bb]<\/p>\n<h2>Aprende y gana<\/h2>\n<p>[\/et_pb_text][et_pb_text _builder_version=\u00bb4.27.4&#8243; _module_preset=\u00bb8e1fe94f-1b15-4785-a94b-2770014e4a9c\u00bb text_font=\u00bbMontserrat||||||||\u00bb text_text_color=\u00bb#000000&#8243; global_colors_info=\u00bb{}\u00bb]Aprende nuevas habilidades, obt\u00e9n certificaciones reconocidas y avanza en tu carrera profesional, todo ello con una formaci\u00f3n flexible y pr\u00e1ctica dise\u00f1ada para tener un impacto inmediato en el lugar de trabajo. Con nuestro enfoque \u00abAprende y Gana\u00bb, puedes actualizar tus conocimientos r\u00e1pidamente y mantenerte a la vanguardia en tu campo. \u00a1Comienza tu viaje hoy mismo![\/et_pb_text][et_pb_button button_text=\u00bbComprueba otras microcredenciales\u00bb _builder_version=\u00bb4.27.4&#8243; _module_preset=\u00bb06363a6c-4f96-40c1-8d7b-b91f71cedcbe\u00bb button_border_radius=\u00bb15px\u00bb button_font=\u00bbMontserrat|700|||||||\u00bb global_colors_info=\u00bb{}\u00bb][\/et_pb_button][\/et_pb_column][et_pb_column type=\u00bb1_2&#8243; _builder_version=\u00bb4.22.0&#8243; _module_preset=\u00bbdefault\u00bb global_colors_info=\u00bb{}\u00bb][et_pb_image src=\u00bbhttps:\/\/selcedu.com\/wp-content\/uploads\/2025\/02\/virtual-courses-illustration-26@2x.png\u00bb title_text=\u00bbcursos virtuales-ilustraci\u00f3n-26@2x\u00bb _builder_version=\u00bb4.27.4&#8243; _module_preset=\u00bbdefault\u00bb positioning=\u00bbabsolute\u00bb position_origin_a=\u00bbbottom_left\u00bb position_origin_a_tablet=\u00bb\u00bb position_origin_a_phone=\u00bb\u00bb position_origin_a_last_edited=\u00bbon|tablet\u00bb position_origin_f_tablet=\u00bb\u00bb position_origin_f_phone=\u00bb\u00bb position_origin_f_last_edited=\u00bbon|tablet\u00bb position_origin_r_tablet=\u00bb\u00bb position_origin_r_phone=\u00bb\u00bb position_origin_r_last_edited=\u00bbon|tablet\u00bb width=\u00bb100%\u00bb scroll_horizontal_motion_enable=\u00bbon\u00bb scroll_horizontal_motion=\u00bb0|100|100|100|-0.5|0|0&#8243; positioning_tablet=\u00bbnone\u00bb positioning_phone=\u00bb\u00bb positioning_last_edited=\u00bbon|tablet\u00bb global_colors_info=\u00bb{}\u00bb][\/et_pb_image][\/et_pb_column][\/et_pb_row][\/et_pb_section]<\/p>\n","protected":false},"excerpt":{"rendered":"<p>Consigue tu Microcredencial de Auxiliar de Farmacia Microcredencial de Auxiliar de FarmaciaDesarrolla tus habilidades y refuerza tu carrera profesional enel creciente Sector de servicios sanitarios y farmac\u00e9uticos de Canad\u00e1. Este breve programa te ayuda a adquirirconocimientos pr\u00e1cticos al tiempo que satisfaces las cambiantesnecesidades de tus clientes y de la comunidad. Qu\u00e9 incluyeSincr\u00f3nico y asincr\u00f3nico8 semanas [&hellip;]<\/p>\n","protected":false},"author":22,"featured_media":0,"parent":260667,"menu_order":0,"comment_status":"closed","ping_status":"closed","template":"","meta":{"_et_pb_use_builder":"on","_et_pb_old_content":"","_et_gb_content_width":"","inline_featured_image":false,"footnotes":""},"class_list":["post-264596","page","type-page","status-publish","hentry"],"_links":{"self":[{"href":"https:\/\/selcedu.com\/es\/wp-json\/wp\/v2\/pages\/264596","targetHints":{"allow":["GET"]}}],"collection":[{"href":"https:\/\/selcedu.com\/es\/wp-json\/wp\/v2\/pages"}],"about":[{"href":"https:\/\/selcedu.com\/es\/wp-json\/wp\/v2\/types\/page"}],"author":[{"embeddable":true,"href":"https:\/\/selcedu.com\/es\/wp-json\/wp\/v2\/users\/22"}],"replies":[{"embeddable":true,"href":"https:\/\/selcedu.com\/es\/wp-json\/wp\/v2\/comments?post=264596"}],"version-history":[{"count":47,"href":"https:\/\/selcedu.com\/es\/wp-json\/wp\/v2\/pages\/264596\/revisions"}],"predecessor-version":[{"id":264722,"href":"https:\/\/selcedu.com\/es\/wp-json\/wp\/v2\/pages\/264596\/revisions\/264722"}],"up":[{"embeddable":true,"href":"https:\/\/selcedu.com\/es\/wp-json\/wp\/v2\/pages\/260667"}],"wp:attachment":[{"href":"https:\/\/selcedu.com\/es\/wp-json\/wp\/v2\/media?parent=264596"}],"curies":[{"name":"wp","href":"https:\/\/api.w.org\/{rel}","templated":true}]}}