{"id":263792,"date":"2025-09-17T18:53:04","date_gmt":"2025-09-17T18:53:04","guid":{"rendered":"https:\/\/selcedu.com\/263792-2\/"},"modified":"2025-09-17T18:53:58","modified_gmt":"2025-09-17T18:53:58","slug":"263792-2","status":"publish","type":"page","link":"https:\/\/selcedu.com\/es\/263792-2\/","title":{"rendered":""},"content":{"rendered":"<p>[et_pb_section fb_built=\u00bb1&#8243; next_background_color=\u00bb#ffffff\u00bb module_id=\u00bbmaterial-carrusel\u00bb _builder_version=\u00bb4.23&#8243; background_color=\u00bb#f4f4f4&#8243; custom_margin=\u00bb-50px|||||\u00bb custom_padding=\u00bb||||false|false\u00bb bottom_divider_style=\u00bbasymmetric\u00bb bottom_divider_height=\u00bb113px\u00bb bottom_divider_height_tablet=\u00bb68px\u00bb bottom_divider_height_phone=\u00bb46px\u00bb bottom_divider_height_last_edited=\u00bbon|phone\u00bb collapsed=\u00bbon\u00bb global_colors_info=\u00bb{}\u00bb theme_builder_area=\u00bbpost_content\u00bb][et_pb_row _builder_version=\u00bb4.27.4&#8243; background_enable_color=\u00bboff\u00bb width=\u00bb90%\u00bb max_width=\u00bb90%\u00bb custom_margin=\u00bb100px||||false|false\u00bb custom_padding=\u00bb50px|50px|50px|50px|false|false\u00bb hover_enabled=\u00bb0&#8243; border_radii=\u00bbon|20px|20px|20px|20px\u00bb locked=\u00bboff\u00bb global_colors_info=\u00bb{}\u00bb theme_builder_area=\u00bbpost_content\u00bb sticky_enabled=\u00bb0&#8243;][et_pb_column type=\u00bb4_4&#8243; _builder_version=\u00bb4.16&#8243; custom_padding=\u00bb|||\u00bb global_colors_info=\u00bb{}\u00bb custom_padding__hover=\u00bb|||\u00bb theme_builder_area=\u00bbpost_content\u00bb][et_pb_text _builder_version=\u00bb4.27.4&#8243; text_font_size=\u00bb20px\u00bb header_font=\u00bbMontserrat|700|||||||\u00bb header_text_color=\u00bbgcid-e2b196e6-c1cd-4d7c-835d-4f50d20de00c\u00bb header_font_size=\u00bb45px\u00bb header_letter_spacing=\u00bb3px\u00bb header_line_height=\u00bb140%\u00bb header_2_font=\u00bbMontserrat|700|||||||\u00bb header_2_text_color=\u00bbgcid-e2b196e6-c1cd-4d7c-835d-4f50d20de00c\u00bb header_2_font_size=\u00bb35px\u00bb header_2_line_height=\u00bb2em\u00bb header_3_font=\u00bbMontserrat||||||||\u00bb header_3_text_align=\u00bbcenter\u00bb header_3_text_color=\u00bb#312a29&#8243; header_3_font_size=\u00bb18px\u00bb header_3_line_height=\u00bb1.5em\u00bb custom_margin=\u00bb-6px||||false|false\u00bb custom_padding=\u00bb0px||||false|false\u00bb animation_direction=\u00bbright\u00bb hover_enabled=\u00bb0&#8243; text_font_size_tablet=\u00bb\u00bb text_font_size_phone=\u00bb14px\u00bb text_font_size_last_edited=\u00bbon|phone\u00bb header_font_size_tablet=\u00bb40px\u00bb header_font_size_phone=\u00bb24px\u00bb header_font_size_last_edited=\u00bbon|tablet\u00bb global_colors_info=\u00bb{%22gcid-e2b196e6-c1cd-4d7c-835d-4f50d20de00c%22:%91%22header_text_color%22,%22header_2_text_color%22,%22header_text_color%22%93,%22gcid-d0328ec1-b9c5-42bf-af93-bacd6777b9fa%22:%91%22text_text_color%22%93}\u00bb theme_builder_area=\u00bbpost_content\u00bb sticky_enabled=\u00bb0&#8243;]<\/p>\n<h1>Ayuda a estudiantes BC<\/h1>\n<p>[\/et_pb_text][et_pb_text _builder_version=\u00bb4.23.4&#8243; _module_preset=\u00bbdefault\u00bb text_font=\u00bbMontserrat|300|||||||\u00bb text_text_color=\u00bb#000000&#8243; text_font_size=\u00bb16px\u00bb text_line_height=\u00bb1.8em\u00bb global_colors_info=\u00bb{%22gcid-d0328ec1-b9c5-42bf-af93-bacd6777b9fa%22:%91%22header_3_text_color%22%93}\u00bb theme_builder_area=\u00bbpost_content\u00bb]<\/p>\n<p>\u00a1Invierte en tu futuro en el Granville College! Tanto si est\u00e1s en Vancouver como en Surrey, ofrecemos programas de diplomatura y formaci\u00f3n para equiparte para una carrera gratificante. Entendemos la importancia de la accesibilidad financiera, por eso Granville College es una instituci\u00f3n designada por StudentAidBC. Esta designaci\u00f3n permite a nuestros estudiantes explorar opciones de ayuda econ\u00f3mica como becas y pr\u00e9stamos a trav\u00e9s de StudentAidBC, haciendo que tu educaci\u00f3n sea una realidad m\u00e1s alcanzable. Nuestro equipo especializado est\u00e1 aqu\u00ed para guiarte a trav\u00e9s del proceso de solicitud, asegur\u00e1ndose de que dispongas de los recursos que necesitas para tener \u00e9xito. No dejes que las barreras econ\u00f3micas te frenen: \u00a1ponte en contacto con el Granville College hoy mismo y da el primer paso hacia tu futuro!     <\/p>\n<p>[\/et_pb_text][\/et_pb_column][\/et_pb_row][\/et_pb_section][et_pb_section fb_built=\u00bb1&#8243; _builder_version=\u00bb4.23.1&#8243; _module_preset=\u00bbdefault\u00bb global_colors_info=\u00bb{}\u00bb theme_builder_area=\u00bbpost_content\u00bb][et_pb_row _builder_version=\u00bb4.27.4&#8243; _module_preset=\u00bbdefault\u00bb theme_builder_area=\u00bbpost_content\u00bb module_alignment=\u00bbright\u00bb custom_margin=\u00bb||||false|false\u00bb hover_enabled=\u00bb0&#8243; sticky_enabled=\u00bb0&#8243;][et_pb_column _builder_version=\u00bb4.27.4&#8243; _module_preset=\u00bbdefault\u00bb type=\u00bb4_4&#8243; theme_builder_area=\u00bbpost_content\u00bb][et_pb_image src=\u00bbhttps:\/\/selcedu.com\/wp-content\/uploads\/2025\/09\/Student-Aid-BC.png\u00bb _builder_version=\u00bb4.27.4&#8243; _module_preset=\u00bbdefault\u00bb theme_builder_area=\u00bbpost_content\u00bb title_text=\u00bbAyuda al estudiante-BC\u00bb hover_enabled=\u00bb0&#8243; sticky_enabled=\u00bb0&#8243;][\/et_pb_image][\/et_pb_column][\/et_pb_row][et_pb_row _builder_version=\u00bb4.27.4&#8243; _module_preset=\u00bbdefault\u00bb theme_builder_area=\u00bbpost_content\u00bb module_alignment=\u00bbright\u00bb hover_enabled=\u00bb0&#8243; sticky_enabled=\u00bb0&#8243;][et_pb_column _builder_version=\u00bb4.27.4&#8243; _module_preset=\u00bbdefault\u00bb type=\u00bb4_4&#8243; theme_builder_area=\u00bbpost_content\u00bb][et_pb_button button_text=\u00bbAverigua si cumples los requisitos\u00bb _builder_version=\u00bb4.27.4&#8243; _module_preset=\u00bbdefault\u00bb theme_builder_area=\u00bbpost_content\u00bb button_url=\u00bbhttps:\/\/studentaidbc.ca\/apply\/eligibility\u00bb url_new_window=\u00bbon\u00bb custom_button=\u00bbon\u00bb button_text_color=\u00bb#FFFFFF\u00bb button_bg_color=\u00bb#f15a28&#8243; button_bg_enable_color=\u00bbon\u00bb button_border_radius=\u00bb35px\u00bb button_font=\u00bb||||||||\u00bb custom_padding=\u00bb10px|20px|10px|20px|false|false\u00bb hover_enabled=\u00bb0&#8243; sticky_enabled=\u00bb0&#8243;][\/et_pb_button][et_pb_button button_text=\u00bbComprueba la designaci\u00f3n de tu centro\u00bb _builder_version=\u00bb4.27.4&#8243; _module_preset=\u00bbdefault\u00bb theme_builder_area=\u00bbpost_content\u00bb button_url=\u00bbhttps:\/\/studentaidbc.ca\/apply\/eligibility#school\u00bb url_new_window=\u00bbon\u00bb custom_button=\u00bbon\u00bb button_text_color=\u00bb#FFFFFF\u00bb button_bg_color=\u00bb#f15a28&#8243; button_bg_enable_color=\u00bbon\u00bb button_border_radius=\u00bb35px\u00bb button_font=\u00bb||||||||\u00bb custom_padding=\u00bb10px|20px|10px|20px|false|false\u00bb hover_enabled=\u00bb0&#8243; sticky_enabled=\u00bb0&#8243;][\/et_pb_button][et_pb_button button_text=\u00bbC\u00f3mo solicitar un pr\u00e9stamo\u00bb _builder_version=\u00bb4.27.4&#8243; _module_preset=\u00bbdefault\u00bb theme_builder_area=\u00bbpost_content\u00bb button_url=\u00bbhttps:\/\/studentaidbc.ca\/apply\/how-to-apply\u00bb url_new_window=\u00bbon\u00bb custom_button=\u00bbon\u00bb button_text_color=\u00bb#FFFFFF\u00bb button_bg_color=\u00bb#f15a28&#8243; button_bg_enable_color=\u00bbon\u00bb button_border_radius=\u00bb35px\u00bb button_font=\u00bb||||||||\u00bb custom_padding=\u00bb10px|20px|10px|20px|false|false\u00bb hover_enabled=\u00bb0&#8243; sticky_enabled=\u00bb0&#8243;][\/et_pb_button][\/et_pb_column][\/et_pb_row][\/et_pb_section]<\/p>\n","protected":false},"excerpt":{"rendered":"<p>Ayuda a estudiantes BC\u00a1Invierte en tu futuro en el Granville College! Tanto si est\u00e1s en Vancouver como en Surrey, ofrecemos programas de diplomatura y formaci\u00f3n para equiparte para una carrera gratificante. Entendemos la importancia de la accesibilidad financiera, por eso Granville College es una instituci\u00f3n designada por StudentAidBC. Esta designaci\u00f3n permite a nuestros estudiantes explorar [&hellip;]<\/p>\n","protected":false},"author":22,"featured_media":0,"parent":0,"menu_order":0,"comment_status":"closed","ping_status":"closed","template":"","meta":{"_et_pb_use_builder":"on","_et_pb_old_content":"","_et_gb_content_width":"","inline_featured_image":false,"footnotes":""},"class_list":["post-263792","page","type-page","status-publish","hentry"],"_links":{"self":[{"href":"https:\/\/selcedu.com\/es\/wp-json\/wp\/v2\/pages\/263792","targetHints":{"allow":["GET"]}}],"collection":[{"href":"https:\/\/selcedu.com\/es\/wp-json\/wp\/v2\/pages"}],"about":[{"href":"https:\/\/selcedu.com\/es\/wp-json\/wp\/v2\/types\/page"}],"author":[{"embeddable":true,"href":"https:\/\/selcedu.com\/es\/wp-json\/wp\/v2\/users\/22"}],"replies":[{"embeddable":true,"href":"https:\/\/selcedu.com\/es\/wp-json\/wp\/v2\/comments?post=263792"}],"version-history":[{"count":6,"href":"https:\/\/selcedu.com\/es\/wp-json\/wp\/v2\/pages\/263792\/revisions"}],"predecessor-version":[{"id":263804,"href":"https:\/\/selcedu.com\/es\/wp-json\/wp\/v2\/pages\/263792\/revisions\/263804"}],"wp:attachment":[{"href":"https:\/\/selcedu.com\/es\/wp-json\/wp\/v2\/media?parent=263792"}],"curies":[{"name":"wp","href":"https:\/\/api.w.org\/{rel}","templated":true}]}}