{"id":262518,"date":"2025-04-23T19:30:33","date_gmt":"2025-04-23T19:30:33","guid":{"rendered":"https:\/\/selcedu.com\/262518-2\/"},"modified":"2025-04-23T21:47:52","modified_gmt":"2025-04-23T21:47:52","slug":"262518-2","status":"publish","type":"page","link":"https:\/\/selcedu.com\/es\/260667-2\/262518-2\/","title":{"rendered":"Curso Fundamentos de Marketing e Investigaci\u00f3n (MKRS)"},"content":{"rendered":"<p>[et_pb_section fb_built=\u00bb1&#8243; admin_label=\u00bbHeader\u00bb _builder_version=\u00bb4.27.4&#8243; _module_preset=\u00bbdefault\u00bb background_color=\u00bbgcid-610d28dd-eb23-4fae-b502-62f0b357c8fd\u00bb background_enable_image=\u00bboff\u00bb locked=\u00bboff\u00bb collapsed=\u00bboff\u00bb global_colors_info=\u00bb{%22gcid-610d28dd-eb23-4fae-b502-62f0b357c8fd%22:%91%22background_color%22%93}\u00bb][et_pb_row column_structure=\u00bb2_3,1_3&#8243; _builder_version=\u00bb4.24.2&#8243; _module_preset=\u00bbdefault\u00bb max_width=\u00bb1280px\u00bb global_colors_info=\u00bb{}\u00bb][et_pb_column type=\u00bb2_3&#8243; _builder_version=\u00bb4.22.0&#8243; _module_preset=\u00bbdefault\u00bb global_colors_info=\u00bb{}\u00bb][et_pb_text _builder_version=\u00bb4.27.4&#8243; _module_preset=\u00bb18a8b8ad-7159-4d56-a941-2e384af3eb47&#8243; text_font=\u00bbMontserrat||||||||\u00bb text_text_color=\u00bbgcid-e2b196e6-c1cd-4d7c-835d-4f50d20de00c\u00bb text_font_size=\u00bb22px\u00bb text_line_height=\u00bb2.1em\u00bb header_font=\u00bbMontserrat|700|||||||\u00bb header_font_size=\u00bb72px\u00bb custom_margin=\u00bb||10px||false|false\u00bb custom_padding=\u00bb|||0px||\u00bb global_colors_info=\u00bb{%22gcid-e2b196e6-c1cd-4d7c-835d-4f50d20de00c%22:%91%22text_text_color%22%93}\u00bb]<\/p>\n<p>Obt\u00e9n tu Microcr\u00e9dito en Contabilidad Financiera<\/p>\n<h1>Curso Fundamentos de Marketing e Investigaci\u00f3n (MKRS)<\/h1>\n<p>[\/et_pb_text][et_pb_text _builder_version=\u00bb4.27.4&#8243; _module_preset=\u00bb8e1fe94f-1b15-4785-a94b-2770014e4a9c\u00bb text_font=\u00bbMontserrat||||||||\u00bb global_colors_info=\u00bb{}\u00bb]El curso Fundamentos de Marketing e Investigaci\u00f3n ense\u00f1a conceptos, estrategias y pr\u00e1cticas b\u00e1sicas de marketing. El curso abarcar\u00e1 los procesos de planificaci\u00f3n de marketing estrat\u00e9gico y los estudiantes pondr\u00e1n en pr\u00e1ctica dichos procesos creando un plan de marketing utilizando el entorno externo, la investigaci\u00f3n de mercado y el comportamiento de compra de consumidores y empresas. Ayudaremos a los alumnos a comprender el proceso de marketing estrat\u00e9gico, a utilizar las nuevas tecnolog\u00edas y a ejercitar sus habilidades de presentaci\u00f3n.    <\/p>\n<p>La segunda mitad de este curso sirve como introducci\u00f3n a la estad\u00edstica empresarial; intentamos reducir la distancia entre la teor\u00eda y la pr\u00e1ctica presentando m\u00e9todos estad\u00edsticos relevantes que capacitar\u00e1n a los estudiantes de empresariales para tomar decisiones eficaces e informadas por los datos. Los estudiantes saldr\u00e1n del curso de estad\u00edstica sabiendo c\u00f3mo pensar estad\u00edsticamente y c\u00f3mo aplicar los m\u00e9todos estad\u00edsticos con la tecnolog\u00eda moderna. Tambi\u00e9n ser\u00e1n capaces de comunicar sus an\u00e1lisis eficazmente a los dem\u00e1s.[\/et_pb_text][\/et_pb_column][et_pb_column type=\u00bb1_3&#8243; _builder_version=\u00bb4.22.0&#8243; _module_preset=\u00bbdefault\u00bb background_color=\u00bb#FFFFFF\u00bb custom_padding=\u00bb30px|30px|30px|30px|true|true\u00bb custom_padding_tablet=\u00bb30px|30px|30px|30px|true|true\u00bb custom_padding_phone=\u00bb20px|20px|20px|20px|true|true\u00bb custom_padding_last_edited=\u00bbon|phone\u00bb border_radii=\u00bbon|10px|10px|10px|10px\u00bb box_shadow_style=\u00bbpreset4&#8243; box_shadow_horizontal=\u00bb0px\u00bb box_shadow_vertical=\u00bb60px\u00bb box_shadow_blur=\u00bb90px\u00bb box_shadow_color=\u00bbrgba(0,0,0,0.08)\u00bb global_colors_info=\u00bb{}\u00bb][et_pb_text _builder_version=\u00bb4.27.4&#8243; _module_preset=\u00bbe2378707-7b0a-48a2-ac5d-437dd3c1a165&#8243; text_font=\u00bbMontserrat||||||||\u00bb header_2_font=\u00bbMontserrat|700|||||||\u00bb custom_margin=\u00bb||10px||false|false\u00bb locked=\u00bboff\u00bb global_colors_info=\u00bb{}\u00bb]<\/p>\n<h2>Qu\u00e9 incluye<\/h2>\n<p>[\/et_pb_text][et_pb_blurb use_icon=\u00bbon\u00bb font_icon=\u00bb&#xf1c8;||fa||900&#8243; icon_color=\u00bb#ed591e\u00bb _builder_version=\u00bb4.27.4&#8243; _module_preset=\u00bbf7206702-2454-4456-8b9d-c16365833bb0&#8243; body_font=\u00bbMontserrat||||||||\u00bb body_text_color=\u00bb#000000&#8243; body_font_size=\u00bb17px\u00bb locked=\u00bboff\u00bb global_colors_info=\u00bb{%22gcid-eba9b965-b9f9-43f5-b7e8-a0591766089f%22:%91%22icon_color%22%93,%22gcid-e2b196e6-c1cd-4d7c-835d-4f50d20de00c%22:%91%22icon_color%22%93}\u00bb]<\/p>\n<p>Sesi\u00f3n online y presencial<\/p>\n<p>[\/et_pb_blurb][et_pb_blurb use_icon=\u00bbon\u00bb font_icon=\u00bb&#xf133;||fa||900&#8243; icon_color=\u00bb#ed591e\u00bb _builder_version=\u00bb4.27.4&#8243; _module_preset=\u00bbf7206702-2454-4456-8b9d-c16365833bb0&#8243; body_font=\u00bbMontserrat||||||||\u00bb body_text_color=\u00bb#000000&#8243; body_font_size=\u00bb17px\u00bb max_width=\u00bb1280px\u00bb locked=\u00bboff\u00bb global_colors_info=\u00bb{%22gcid-eba9b965-b9f9-43f5-b7e8-a0591766089f%22:%91%22icon_color%22,%22icon_color%22%93,%22gcid-e2b196e6-c1cd-4d7c-835d-4f50d20de00c%22:%91%22icon_color%22%93}\u00bb]<\/p>\n<p>3 semanas de estudio<\/p>\n<p>[\/et_pb_blurb][et_pb_blurb use_icon=\u00bbon\u00bb font_icon=\u00bb&#xf2f2;||fa||900&#8243; icon_color=\u00bb#ed591e\u00bb _builder_version=\u00bb4.27.4&#8243; _module_preset=\u00bbf7206702-2454-4456-8b9d-c16365833bb0&#8243; body_font=\u00bbMontserrat||||||||\u00bb body_text_color=\u00bb#000000&#8243; body_font_size=\u00bb17px\u00bb max_width=\u00bb1280px\u00bb locked=\u00bboff\u00bb global_colors_info=\u00bb{%22gcid-eba9b965-b9f9-43f5-b7e8-a0591766089f%22:%91%22icon_color%22,%22icon_color%22%93,%22gcid-e2b196e6-c1cd-4d7c-835d-4f50d20de00c%22:%91%22icon_color%22%93}\u00bb]<\/p>\n<p>60 horas de clases<\/p>\n<p>[\/et_pb_blurb][et_pb_text _builder_version=\u00bb4.27.4&#8243; _module_preset=\u00bb21364c9c-f84f-4ddb-9c78-0367e33a9fa1&#8243; text_font=\u00bbMontserrat|700|||||||\u00bb text_font_size=\u00bb19px\u00bb custom_margin=\u00bb||0px||false|false\u00bb locked=\u00bboff\u00bb global_colors_info=\u00bb{}\u00bb]<\/p>\n<p>Programa<\/p>\n<p>[\/et_pb_text][et_pb_text _builder_version=\u00bb4.27.4&#8243; _module_preset=\u00bbddcf3654-05a8-4812-b3c1-3d9d7f8d77ec\u00bb text_font=\u00bbMontserrat||||||||\u00bb locked=\u00bboff\u00bb global_colors_info=\u00bb{}\u00bb]<\/p>\n<p>TBA<\/p>\n<p>[\/et_pb_text][et_pb_button button_url=\u00bbhttps:\/\/selcedu.com\/es\/formulario-de-solicitud-en-linea\/\u00bb url_new_window=\u00bbon\u00bb button_text=\u00bbInscr\u00edbete ahora\u00bb _builder_version=\u00bb4.27.4&#8243; _module_preset=\u00bb06363a6c-4f96-40c1-8d7b-b91f71cedcbe\u00bb button_bg_color=\u00bbgcid-e2b196e6-c1cd-4d7c-835d-4f50d20de00c\u00bb button_border_radius=\u00bb15px\u00bb button_font=\u00bbMontserrat|700|||||||\u00bb locked=\u00bboff\u00bb global_colors_info=\u00bb{%22gcid-e2b196e6-c1cd-4d7c-835d-4f50d20de00c%22:%91%22button_bg_color%22%93}\u00bb][\/et_pb_button][\/et_pb_column][\/et_pb_row][\/et_pb_section][et_pb_section fb_built=\u00bb1&#8243; admin_label=\u00bbCourse Chapters\u00bb _builder_version=\u00bb4.22.0&#8243; _module_preset=\u00bbdefault\u00bb collapsed=\u00bboff\u00bb global_colors_info=\u00bb{}\u00bb][et_pb_row column_structure=\u00bb1_3,2_3&#8243; _builder_version=\u00bb4.22.0&#8243; _module_preset=\u00bbdefault\u00bb max_width=\u00bb1280px\u00bb global_colors_info=\u00bb{}\u00bb][et_pb_column type=\u00bb1_3&#8243; _builder_version=\u00bb4.22.0&#8243; _module_preset=\u00bbdefault\u00bb global_colors_info=\u00bb{}\u00bb][et_pb_image src=\u00bbhttps:\/\/selcedu.com\/wp-content\/uploads\/2025\/04\/02-Finance-Student.jpg\u00bb alt=\u00bbmicrocredencial de la primera infancia\u00bb title_text=\u00bb02-Finanzas-Estudiante\u00bb _builder_version=\u00bb4.27.4&#8243; _module_preset=\u00bbdefault\u00bb global_colors_info=\u00bb{}\u00bb][\/et_pb_image][\/et_pb_column][et_pb_column type=\u00bb2_3&#8243; _builder_version=\u00bb4.22.0&#8243; _module_preset=\u00bbdefault\u00bb global_colors_info=\u00bb{}\u00bb][et_pb_text _builder_version=\u00bb4.27.4&#8243; _module_preset=\u00bbe2378707-7b0a-48a2-ac5d-437dd3c1a165&#8243; text_font=\u00bbMontserrat||||||||\u00bb text_font_size=\u00bb15px\u00bb text_line_height=\u00bb1.8em\u00bb header_2_font=\u00bbMontserrat|700|||||||\u00bb header_2_text_color=\u00bbgcid-e2b196e6-c1cd-4d7c-835d-4f50d20de00c\u00bb header_2_line_height=\u00bb1.9em\u00bb custom_margin=\u00bb||30px||false|false\u00bb locked=\u00bboff\u00bb global_colors_info=\u00bb{%22gcid-e2b196e6-c1cd-4d7c-835d-4f50d20de00c%22:%91%22header_2_text_color%22%93}\u00bb]<\/p>\n<h2>Objetivos de aprendizaje del curso Fundamentos de Marketing e Investigaci\u00f3n<\/h2>\n<p>[\/et_pb_text][et_pb_text _builder_version=\u00bb4.27.4&#8243; _module_preset=\u00bbe2378707-7b0a-48a2-ac5d-437dd3c1a165&#8243; text_font=\u00bbMontserrat||||||||\u00bb text_text_color=\u00bb#000000&#8243; text_font_size=\u00bb16px\u00bb text_line_height=\u00bb1.9em\u00bb locked=\u00bboff\u00bb global_colors_info=\u00bb{%22gcid-e2b196e6-c1cd-4d7c-835d-4f50d20de00c%22:%91%22header_2_text_color%22%93}\u00bb]Este curso capacita a los estudiantes para evaluar los aspectos esenciales de la planificaci\u00f3n y la toma de decisiones de marketing, las pr\u00e1cticas \u00e9ticas y socialmente responsables, las estrategias que utilizan las tendencias de los medios sociales y la investigaci\u00f3n del comportamiento del consumidor, la segmentaci\u00f3n y la orientaci\u00f3n del mercado, los objetivos y programas de fijaci\u00f3n de precios, y las funciones de la promoci\u00f3n de ventas, las relaciones p\u00fablicas, el marketing experiencial y la venta personal en los mercados globales.<\/p>\n<p>Los alumnos aprenden a organizar y evaluar los datos de marketing identificando los distintos tipos de datos y unidades de medida, distinguiendo las series temporales de los datos transversales y evaluando la calidad de las fuentes. Practican la selecci\u00f3n e interpretaci\u00f3n de visualizaciones de datos categ\u00f3ricos, la construcci\u00f3n de tablas de contingencia y distribuciones de frecuencias relativas, la creaci\u00f3n de gr\u00e1ficos de caja, histogramas, visualizaciones de tallo y hoja y gr\u00e1ficos de series temporales, y la aplicaci\u00f3n de transformaciones para distribuciones sesgadas. <\/p>\n<p>El curso avanza hacia los modelos de probabilidad y la comprobaci\u00f3n de hip\u00f3tesis para proporciones mediante intervalos de confianza, al tiempo que ense\u00f1a a identificar resultados enga\u00f1osos como la paradoja de Simpson. Los alumnos calculan estad\u00edsticas resumidas, analizan distribuciones marginales y condicionales y aplican modelos de regresi\u00f3n m\u00faltiple como herramientas de toma de decisiones, desarrollando t\u00e9cnicas cuantitativas para fundamentar las decisiones estrat\u00e9gicas de marketing y empresariales.[\/et_pb_text][\/et_pb_column][\/et_pb_row][\/et_pb_section][et_pb_section fb_built=\u00bb1&#8243; next_background_color=\u00bb#ffffff\u00bb module_id=\u00bbmaterial-carrusel\u00bb _builder_version=\u00bb4.23.1&#8243; background_color=\u00bb#f4f4f4&#8243; custom_margin=\u00bb-50px|||||\u00bb custom_padding=\u00bb||125px||false|false\u00bb bottom_divider_style=\u00bbasymmetric\u00bb bottom_divider_height=\u00bb113px\u00bb bottom_divider_height_tablet=\u00bb68px\u00bb bottom_divider_height_phone=\u00bb46px\u00bb bottom_divider_height_last_edited=\u00bbon|phone\u00bb scroll_vertical_motion=\u00bb0|59|59|100|4|0|-4&#8243; locked=\u00bboff\u00bb collapsed=\u00bbon\u00bb global_colors_info=\u00bb{}\u00bb][et_pb_row column_structure=\u00bb1_2,1_2&#8243; _builder_version=\u00bb4.23.1&#8243; _module_preset=\u00bbdefault\u00bb max_width=\u00bb1945px\u00bb global_colors_info=\u00bb{}\u00bb][et_pb_column type=\u00bb1_2&#8243; _builder_version=\u00bb4.23.1&#8243; _module_preset=\u00bbdefault\u00bb global_colors_info=\u00bb{}\u00bb][et_pb_text _builder_version=\u00bb4.27.4&#8243; text_font_size=\u00bb20px\u00bb header_font=\u00bbMontserrat|700|||||||\u00bb header_text_color=\u00bbgcid-e2b196e6-c1cd-4d7c-835d-4f50d20de00c\u00bb header_font_size=\u00bb45px\u00bb header_letter_spacing=\u00bb3px\u00bb header_line_height=\u00bb140%\u00bb header_2_font=\u00bbMontserrat|700|||||||\u00bb header_2_text_color=\u00bbgcid-e2b196e6-c1cd-4d7c-835d-4f50d20de00c\u00bb header_2_font_size=\u00bb35px\u00bb header_2_line_height=\u00bb2em\u00bb header_3_font=\u00bbMontserrat||||||||\u00bb header_3_text_align=\u00bbcenter\u00bb header_3_text_color=\u00bb#312a29&#8243; header_3_font_size=\u00bb18px\u00bb header_3_line_height=\u00bb1.5em\u00bb custom_margin=\u00bb-6px||||false|false\u00bb custom_padding=\u00bb0px||||false|false\u00bb animation_direction=\u00bbright\u00bb text_font_size_tablet=\u00bb\u00bb text_font_size_phone=\u00bb14px\u00bb text_font_size_last_edited=\u00bbon|phone\u00bb header_font_size_tablet=\u00bb40px\u00bb header_font_size_phone=\u00bb24px\u00bb header_font_size_last_edited=\u00bbon|tablet\u00bb global_colors_info=\u00bb{%22gcid-e2b196e6-c1cd-4d7c-835d-4f50d20de00c%22:%91%22header_text_color%22,%22header_2_text_color%22,%22header_text_color%22%93,%22gcid-d0328ec1-b9c5-42bf-af93-bacd6777b9fa%22:%91%22text_text_color%22%93}\u00bb]<\/p>\n<h2>Requisitos de admisi\u00f3n<\/h2>\n<p>[\/et_pb_text][et_pb_text _builder_version=\u00bb4.27.4&#8243; _module_preset=\u00bbdefault\u00bb text_text_color=\u00bbgcid-d0328ec1-b9c5-42bf-af93-bacd6777b9fa\u00bb text_font_size=\u00bb15px\u00bb global_colors_info=\u00bb{%22gcid-d0328ec1-b9c5-42bf-af93-bacd6777b9fa%22:%91%22header_3_text_color%22,%22text_text_color%22%93}\u00bb]Al considerar la posibilidad de matricularse en el Curso de Fundamentos de Marketing e Investigaci\u00f3n, los futuros estudiantes deben conocer los requisitos espec\u00edficos de admisi\u00f3n dise\u00f1ados para garantizar una experiencia educativa satisfactoria y enriquecedora.<\/p>\n<p><strong>Este curso ha sido aprobado por el PTIRU.<\/strong>[\/et_pb_text][\/et_pb_column][et_pb_column type=\u00bb1_2&#8243; _builder_version=\u00bb4.23.1&#8243; _module_preset=\u00bbdefault\u00bb global_colors_info=\u00bb{}\u00bb][et_pb_accordion open_toggle_text_color=\u00bbgcid-e2b196e6-c1cd-4d7c-835d-4f50d20de00c\u00bb closed_toggle_text_color=\u00bb#FFFFFF\u00bb closed_toggle_background_color=\u00bbgcid-e2b196e6-c1cd-4d7c-835d-4f50d20de00c\u00bb toggle_icon=\u00bb&#x22;||divi||400&#8243; icon_color=\u00bb#FFFFFF\u00bb use_icon_font_size=\u00bbon\u00bb icon_font_size=\u00bb24px\u00bb _builder_version=\u00bb4.27.4&#8243; _module_preset=\u00bbdefault\u00bb toggle_level=\u00bbh3&#8243; toggle_font=\u00bbMontserrat||||||||\u00bb toggle_font_size=\u00bb18px\u00bb closed_toggle_font=\u00bbMontserrat||||||||\u00bb body_font=\u00bbMontserrat||||||||\u00bb body_font_size=\u00bb16px\u00bb hover_enabled=\u00bb0&#8243; border_radii=\u00bbon|10px|10px|10px|10px\u00bb global_colors_info=\u00bb{%22gcid-e2b196e6-c1cd-4d7c-835d-4f50d20de00c%22:%91%22closed_toggle_background_color%22,%22open_toggle_text_color%22%93}\u00bb sticky_enabled=\u00bb0&#8243;][et_pb_accordion_item title=\u00bbRequisitos ling\u00fc\u00edsticos\u00bb open=\u00bbon\u00bb _builder_version=\u00bb4.27.4&#8243; _module_preset=\u00bbdefault\u00bb body_font=\u00bbMontserrat||||||||\u00bb hover_enabled=\u00bb0&#8243; global_colors_info=\u00bb{}\u00bb toggle_level=\u00bbh3&#8243; toggle_font=\u00bbMontserrat||||||||\u00bb sticky_enabled=\u00bb0&#8243;]<\/p>\n<p><span>&#8211; IELTS: 6<\/span><br \/><span>&#8211; Duolingo: 95<\/span><br \/><span>&#8211; TOEFL (IBT): 75<\/span><br \/><span>&#8211; Cambridge: FCE<\/span><br \/><span>&#8211; CELPIP: 7<\/span><br \/><span>&#8211; Cael: 50<\/span><br \/><span>&#8211; PTE: 46<\/span><br \/><span>&#8211; Cambridge Linguaskill: Nivel B2<\/span><br \/><span>&#8211; LanguageCert Acad\u00e9mico: Nivel B2<\/span><br \/><span>&#8211; Prueba de ingl\u00e9s de Michigan: nivel B2<\/span><br \/><span>&#8211; iTEP Acad\u00e9mico: 3,5<\/span><br \/><span>&#8211; EIKEN: Grado Pre-1<\/span><br \/><span>&#8211; SELC: EAP Nivel 3 &#8211; nota m\u00ednima del 75%.<\/span><\/p>\n<p>[\/et_pb_accordion_item][et_pb_accordion_item title=\u00bbOtros requisitos de admisi\u00f3n\u00bb _builder_version=\u00bb4.27.4&#8243; _module_preset=\u00bbdefault\u00bb global_colors_info=\u00bb{}\u00bb open=\u00bboff\u00bb]<\/p>\n<ul>\n<li>Prueba de ciudadan\u00eda canadiense o residencia permanente para los estudiantes nacionales<\/li>\n<li>Los solicitantes deben tener 18 a\u00f1os o m\u00e1s y haber finalizado los estudios de bachillerato y\/o haber iniciado estudios postsecundarios O haber alcanzado la CONDICI\u00d3N DE ESTUDIANTE MADURO: 19 a\u00f1os de edad, haber finalizado los estudios de bachillerato durante un m\u00ednimo de 1 a\u00f1o con una experiencia m\u00ednima de 100 horas en la industria del programa.<\/li>\n<\/ul>\n<p>[\/et_pb_accordion_item][\/et_pb_accordion][\/et_pb_column][\/et_pb_row][\/et_pb_section][et_pb_section fb_built=\u00bb1&#8243; admin_label=\u00bbFooter\u00bb _builder_version=\u00bb4.24.2&#8243; _module_preset=\u00bbdefault\u00bb saved_tabs=\u00bball\u00bb collapsed=\u00bbon\u00bb global_colors_info=\u00bb{}\u00bb][et_pb_row column_structure=\u00bb1_2,1_2&#8243; make_equal=\u00bbon\u00bb _builder_version=\u00bb4.27.4&#8243; _module_preset=\u00bbdefault\u00bb background_color=\u00bbgcid-eba9b965-b9f9-43f5-b7e8-a0591766089f\u00bb background_position=\u00bbcenter_right\u00bb max_width=\u00bb1280px\u00bb overflow-x=\u00bbvisible\u00bb overflow-y=\u00bbvisible\u00bb custom_margin=\u00bb||30px||false|false\u00bb custom_padding=\u00bb0px||0px||true|false\u00bb border_radii=\u00bbon|10px|10px|10px|10px\u00bb global_colors_info=\u00bb{%22gcid-eba9b965-b9f9-43f5-b7e8-a0591766089f%22:%91%22background_color%22%93}\u00bb][et_pb_column type=\u00bb1_2&#8243; _builder_version=\u00bb4.21.0&#8243; _module_preset=\u00bbdefault\u00bb custom_padding=\u00bb60px|60px|60px|60px|true|true\u00bb custom_padding_tablet=\u00bb30px|30px|30px|30px|true|true\u00bb custom_padding_phone=\u00bb20px|20px|20px|20px|true|true\u00bb custom_padding_last_edited=\u00bbon|tablet\u00bb global_colors_info=\u00bb{}\u00bb][et_pb_text _builder_version=\u00bb4.27.4&#8243; _module_preset=\u00bbc18c744f-333b-4e9c-a7dc-a69ab2a8c5b9&#8243; text_font=\u00bbMontserrat||||||||\u00bb header_2_text_color=\u00bb#000000&#8243; custom_margin=\u00bb||10px||false|false\u00bb global_colors_info=\u00bb{}\u00bb]<\/p>\n<h2>Aprende y gana<\/h2>\n<p>[\/et_pb_text][et_pb_text _builder_version=\u00bb4.27.4&#8243; _module_preset=\u00bb8e1fe94f-1b15-4785-a94b-2770014e4a9c\u00bb text_font=\u00bbMontserrat||||||||\u00bb text_text_color=\u00bb#000000&#8243; global_colors_info=\u00bb{}\u00bb]Aprende nuevas habilidades, obt\u00e9n certificaciones reconocidas y avanza en tu carrera profesional, todo ello con una formaci\u00f3n flexible y pr\u00e1ctica dise\u00f1ada para tener un impacto inmediato en el lugar de trabajo. Con nuestro enfoque \u00abAprende y Gana\u00bb, puedes actualizar tus conocimientos r\u00e1pidamente y mantenerte a la vanguardia en tu campo. \u00a1Comienza tu viaje hoy mismo![\/et_pb_text][et_pb_button button_text=\u00bbComprueba otras microcredenciales\u00bb _builder_version=\u00bb4.27.4&#8243; _module_preset=\u00bb06363a6c-4f96-40c1-8d7b-b91f71cedcbe\u00bb button_border_radius=\u00bb15px\u00bb button_font=\u00bbMontserrat|700|||||||\u00bb global_colors_info=\u00bb{}\u00bb][\/et_pb_button][\/et_pb_column][et_pb_column type=\u00bb1_2&#8243; _builder_version=\u00bb4.22.0&#8243; _module_preset=\u00bbdefault\u00bb global_colors_info=\u00bb{}\u00bb][et_pb_image src=\u00bbhttps:\/\/selcedu.com\/wp-content\/uploads\/2025\/02\/virtual-courses-illustration-26@2x.png\u00bb title_text=\u00bbcursos virtuales-ilustraci\u00f3n-26@2x\u00bb _builder_version=\u00bb4.27.4&#8243; _module_preset=\u00bbdefault\u00bb positioning=\u00bbabsolute\u00bb position_origin_a=\u00bbbottom_left\u00bb position_origin_a_tablet=\u00bb\u00bb position_origin_a_phone=\u00bb\u00bb position_origin_a_last_edited=\u00bbon|tablet\u00bb position_origin_f_tablet=\u00bb\u00bb position_origin_f_phone=\u00bb\u00bb position_origin_f_last_edited=\u00bbon|tablet\u00bb position_origin_r_tablet=\u00bb\u00bb position_origin_r_phone=\u00bb\u00bb position_origin_r_last_edited=\u00bbon|tablet\u00bb width=\u00bb100%\u00bb scroll_horizontal_motion_enable=\u00bbon\u00bb scroll_horizontal_motion=\u00bb0|100|100|100|-0.5|0|0&#8243; positioning_tablet=\u00bbnone\u00bb positioning_phone=\u00bb\u00bb positioning_last_edited=\u00bbon|tablet\u00bb global_colors_info=\u00bb{}\u00bb][\/et_pb_image][\/et_pb_column][\/et_pb_row][\/et_pb_section]<\/p>\n","protected":false},"excerpt":{"rendered":"<p>Obt\u00e9n tu Microcr\u00e9dito en Contabilidad Financiera Curso Fundamentos de Marketing e Investigaci\u00f3n (MKRS)El curso Fundamentos de Marketing e Investigaci\u00f3n ense\u00f1a conceptos, estrategias y pr\u00e1cticas b\u00e1sicas de marketing. El curso abarcar\u00e1 los procesos de planificaci\u00f3n de marketing estrat\u00e9gico y los estudiantes pondr\u00e1n en pr\u00e1ctica dichos procesos creando un plan de marketing utilizando el entorno externo, la [&hellip;]<\/p>\n","protected":false},"author":22,"featured_media":0,"parent":260667,"menu_order":0,"comment_status":"closed","ping_status":"closed","template":"","meta":{"_et_pb_use_builder":"on","_et_pb_old_content":"","_et_gb_content_width":"","inline_featured_image":false,"footnotes":""},"class_list":["post-262518","page","type-page","status-publish","hentry"],"_links":{"self":[{"href":"https:\/\/selcedu.com\/es\/wp-json\/wp\/v2\/pages\/262518","targetHints":{"allow":["GET"]}}],"collection":[{"href":"https:\/\/selcedu.com\/es\/wp-json\/wp\/v2\/pages"}],"about":[{"href":"https:\/\/selcedu.com\/es\/wp-json\/wp\/v2\/types\/page"}],"author":[{"embeddable":true,"href":"https:\/\/selcedu.com\/es\/wp-json\/wp\/v2\/users\/22"}],"replies":[{"embeddable":true,"href":"https:\/\/selcedu.com\/es\/wp-json\/wp\/v2\/comments?post=262518"}],"version-history":[{"count":9,"href":"https:\/\/selcedu.com\/es\/wp-json\/wp\/v2\/pages\/262518\/revisions"}],"predecessor-version":[{"id":262611,"href":"https:\/\/selcedu.com\/es\/wp-json\/wp\/v2\/pages\/262518\/revisions\/262611"}],"up":[{"embeddable":true,"href":"https:\/\/selcedu.com\/es\/wp-json\/wp\/v2\/pages\/260667"}],"wp:attachment":[{"href":"https:\/\/selcedu.com\/es\/wp-json\/wp\/v2\/media?parent=262518"}],"curies":[{"name":"wp","href":"https:\/\/api.w.org\/{rel}","templated":true}]}}