{"id":260882,"date":"2025-03-10T22:03:08","date_gmt":"2025-03-10T22:03:08","guid":{"rendered":"https:\/\/selcedu.com\/260882-2\/"},"modified":"2025-06-13T17:22:10","modified_gmt":"2025-06-13T17:22:10","slug":"260882-2","status":"publish","type":"page","link":"https:\/\/selcedu.com\/es\/260667-2\/260882-2\/","title":{"rendered":"Cadena de suministro"},"content":{"rendered":"<p>[et_pb_section fb_built=\u00bb1&#8243; admin_label=\u00bbHeader\u00bb _builder_version=\u00bb4.27.4&#8243; _module_preset=\u00bbdefault\u00bb background_color=\u00bbgcid-610d28dd-eb23-4fae-b502-62f0b357c8fd\u00bb background_enable_image=\u00bboff\u00bb locked=\u00bboff\u00bb collapsed=\u00bboff\u00bb global_colors_info=\u00bb{%22gcid-610d28dd-eb23-4fae-b502-62f0b357c8fd%22:%91%22background_color%22%93}\u00bb][et_pb_row column_structure=\u00bb2_3,1_3&#8243; _builder_version=\u00bb4.27.4&#8243; _module_preset=\u00bbdefault\u00bb max_width=\u00bb1280px\u00bb global_colors_info=\u00bb{}\u00bb][et_pb_column type=\u00bb2_3&#8243; _builder_version=\u00bb4.27.4&#8243; _module_preset=\u00bbdefault\u00bb global_colors_info=\u00bb{}\u00bb][et_pb_text _builder_version=\u00bb4.27.4&#8243; _module_preset=\u00bb18a8b8ad-7159-4d56-a941-2e384af3eb47&#8243; text_font=\u00bbMontserrat||||||||\u00bb text_text_color=\u00bbgcid-e2b196e6-c1cd-4d7c-835d-4f50d20de00c\u00bb text_font_size=\u00bb22px\u00bb text_line_height=\u00bb2.1em\u00bb header_font=\u00bbMontserrat|700|||||||\u00bb header_font_size=\u00bb72px\u00bb custom_margin=\u00bb||10px||false|false\u00bb global_colors_info=\u00bb{%22gcid-e2b196e6-c1cd-4d7c-835d-4f50d20de00c%22:%91%22text_text_color%22%93}\u00bb]<\/p>\n<p>  Consigue tus Microcredenciales de la Cadena de Suministro<\/p>\n<h1>Microcredenciales para la cadena de suministro<\/h1>\n<p>[\/et_pb_text][et_pb_text _builder_version=\u00bb4.27.4&#8243; _module_preset=\u00bb8e1fe94f-1b15-4785-a94b-2770014e4a9c\u00bb text_font=\u00bbMontserrat||||||||\u00bb global_colors_info=\u00bb{}\u00bb]<\/p>\n<p>Los microcertificados en gesti\u00f3n de la cadena de suministro dotan a los estudiantes de habilidades esenciales en optimizaci\u00f3n de la cadena de suministro, gesti\u00f3n de costes, mitigaci\u00f3n de riesgos y log\u00edstica de transporte global.<\/p>\n<p>Los alumnos adquirir\u00e1n experiencia en el an\u00e1lisis de las influencias econ\u00f3micas, la optimizaci\u00f3n de los procesos log\u00edsticos y la toma de decisiones eficientes en los sistemas de transporte para mejorar el rendimiento de la cadena de suministro.<\/p>\n<p>Este programa prepara a los estudiantes para desempe\u00f1ar funciones profesionales en la industria de la cadena de suministro, haciendo hincapi\u00e9 en las mejores pr\u00e1cticas, la planificaci\u00f3n estrat\u00e9gica y la eficiencia operativa.<\/p>\n<p>[\/et_pb_text][et_pb_image src=\u00bbhttps:\/\/selcedu.com\/wp-content\/uploads\/\/2025\/03\/supply-chain-micro-credentials.svg\u00bb alt=\u00bbmicrocredenciales de la cadena de suministro\u00bb title_text=\u00bbmicrocredenciales de la cadena de suministro\u00bb _builder_version=\u00bb4.27.4&#8243; _module_preset=\u00bbdefault\u00bb max_width=\u00bb80%\u00bb global_colors_info=\u00bb{}\u00bb][\/et_pb_image][\/et_pb_column][et_pb_column type=\u00bb1_3&#8243; _builder_version=\u00bb4.22.0&#8243; _module_preset=\u00bbdefault\u00bb background_color=\u00bb#FFFFFF\u00bb custom_padding=\u00bb30px|30px|30px|30px|true|true\u00bb custom_padding_tablet=\u00bb30px|30px|30px|30px|true|true\u00bb custom_padding_phone=\u00bb20px|20px|20px|20px|true|true\u00bb custom_padding_last_edited=\u00bbon|phone\u00bb border_radii=\u00bbon|10px|10px|10px|10px\u00bb box_shadow_style=\u00bbpreset4&#8243; box_shadow_horizontal=\u00bb0px\u00bb box_shadow_vertical=\u00bb60px\u00bb box_shadow_blur=\u00bb90px\u00bb box_shadow_color=\u00bbrgba(0,0,0,0.08)\u00bb global_colors_info=\u00bb{}\u00bb][et_pb_text _builder_version=\u00bb4.27.4&#8243; _module_preset=\u00bbe2378707-7b0a-48a2-ac5d-437dd3c1a165&#8243; text_font=\u00bbMontserrat||||||||\u00bb header_2_font=\u00bbMontserrat|700|||||||\u00bb custom_margin=\u00bb||10px||false|false\u00bb locked=\u00bboff\u00bb global_colors_info=\u00bb{}\u00bb]<\/p>\n<h2>Qu\u00e9 incluye<\/h2>\n<p>[\/et_pb_text][et_pb_blurb use_icon=\u00bbon\u00bb font_icon=\u00bb&#xf1c8;||fa||900&#8243; icon_color=\u00bb#ed591e\u00bb _builder_version=\u00bb4.27.4&#8243; _module_preset=\u00bbf7206702-2454-4456-8b9d-c16365833bb0&#8243; body_font=\u00bbMontserrat||||||||\u00bb body_text_color=\u00bb#000000&#8243; body_font_size=\u00bb17px\u00bb locked=\u00bboff\u00bb global_colors_info=\u00bb{%22gcid-eba9b965-b9f9-43f5-b7e8-a0591766089f%22:%91%22icon_color%22%93,%22gcid-e2b196e6-c1cd-4d7c-835d-4f50d20de00c%22:%91%22icon_color%22%93}\u00bb]<\/p>\n<p>Sesi\u00f3n online y presencial<\/p>\n<p>[\/et_pb_blurb][et_pb_blurb use_icon=\u00bbon\u00bb font_icon=\u00bb&#xf133;||fa||900&#8243; icon_color=\u00bb#ed591e\u00bb _builder_version=\u00bb4.27.4&#8243; _module_preset=\u00bbf7206702-2454-4456-8b9d-c16365833bb0&#8243; body_font=\u00bbMontserrat||||||||\u00bb body_text_color=\u00bb#000000&#8243; body_font_size=\u00bb17px\u00bb max_width=\u00bb1280px\u00bb hover_enabled=\u00bb0&#8243; locked=\u00bboff\u00bb global_colors_info=\u00bb{%22gcid-eba9b965-b9f9-43f5-b7e8-a0591766089f%22:%91%22icon_color%22,%22icon_color%22%93,%22gcid-e2b196e6-c1cd-4d7c-835d-4f50d20de00c%22:%91%22icon_color%22%93}\u00bb sticky_enabled=\u00bb0&#8243;]<\/p>\n<p>3 semanas para cada curso<\/p>\n<p>[\/et_pb_blurb][et_pb_blurb use_icon=\u00bbon\u00bb font_icon=\u00bb&#xf2f2;||fa||900&#8243; icon_color=\u00bb#ed591e\u00bb _builder_version=\u00bb4.27.4&#8243; _module_preset=\u00bbf7206702-2454-4456-8b9d-c16365833bb0&#8243; body_font=\u00bbMontserrat||||||||\u00bb body_text_color=\u00bb#000000&#8243; body_font_size=\u00bb17px\u00bb max_width=\u00bb1280px\u00bb hover_enabled=\u00bb0&#8243; locked=\u00bboff\u00bb global_colors_info=\u00bb{%22gcid-eba9b965-b9f9-43f5-b7e8-a0591766089f%22:%91%22icon_color%22,%22icon_color%22%93,%22gcid-e2b196e6-c1cd-4d7c-835d-4f50d20de00c%22:%91%22icon_color%22%93}\u00bb sticky_enabled=\u00bb0&#8243;]<\/p>\n<p>120 horas del total de cursos<\/p>\n<p>[\/et_pb_blurb][et_pb_text _builder_version=\u00bb4.27.4&#8243; _module_preset=\u00bb21364c9c-f84f-4ddb-9c78-0367e33a9fa1&#8243; text_font=\u00bbMontserrat|700|||||||\u00bb text_font_size=\u00bb19px\u00bb custom_margin=\u00bb||0px||false|false\u00bb locked=\u00bboff\u00bb global_colors_info=\u00bb{}\u00bb]<\/p>\n<p>Instructor<\/p>\n<p>[\/et_pb_text][et_pb_text _builder_version=\u00bb4.27.4&#8243; _module_preset=\u00bbddcf3654-05a8-4812-b3c1-3d9d7f8d77ec\u00bb text_font=\u00bbMontserrat||||||||\u00bb locked=\u00bboff\u00bb global_colors_info=\u00bb{}\u00bb]<\/p>\n<p><strong>Toffee<\/strong> con +15 a\u00f1os de experiencia<\/p>\n<p>[\/et_pb_text][et_pb_button button_url=\u00bbhttps:\/\/selcedu.com\/es\/formulario-de-solicitud-en-linea\/\u00bb url_new_window=\u00bbon\u00bb button_text=\u00bbInscr\u00edbete ahora\u00bb _builder_version=\u00bb4.27.4&#8243; _module_preset=\u00bb06363a6c-4f96-40c1-8d7b-b91f71cedcbe\u00bb button_bg_color=\u00bbgcid-e2b196e6-c1cd-4d7c-835d-4f50d20de00c\u00bb button_border_radius=\u00bb15px\u00bb button_font=\u00bbMontserrat|700|||||||\u00bb locked=\u00bboff\u00bb global_colors_info=\u00bb{%22gcid-e2b196e6-c1cd-4d7c-835d-4f50d20de00c%22:%91%22button_bg_color%22%93}\u00bb][\/et_pb_button][\/et_pb_column][\/et_pb_row][\/et_pb_section][et_pb_section fb_built=\u00bb1&#8243; admin_label=\u00bbHeader\u00bb _builder_version=\u00bb4.27.4&#8243; _module_preset=\u00bbdefault\u00bb background_color=\u00bbgcid-d88780af-9f2b-435a-95eb-61ad43cf376a\u00bb locked=\u00bboff\u00bb collapsed=\u00bboff\u00bb global_colors_info=\u00bb{%22gcid-d88780af-9f2b-435a-95eb-61ad43cf376a%22:%91%22background_color%22%93}\u00bb][et_pb_row column_structure=\u00bb2_3,1_3&#8243; _builder_version=\u00bb4.24.2&#8243; _module_preset=\u00bbdefault\u00bb max_width=\u00bb1280px\u00bb global_colors_info=\u00bb{}\u00bb][et_pb_column type=\u00bb2_3&#8243; _builder_version=\u00bb4.22.0&#8243; _module_preset=\u00bbdefault\u00bb global_colors_info=\u00bb{}\u00bb][et_pb_text _builder_version=\u00bb4.27.4&#8243; _module_preset=\u00bb8e1fe94f-1b15-4785-a94b-2770014e4a9c\u00bb text_font=\u00bbMontserrat||||||||\u00bb text_text_color=\u00bb#000000&#8243; global_colors_info=\u00bb{}\u00bb]Los profesionales de la cadena de suministro en Canad\u00e1 disfrutan actualmente de s\u00f3lidas perspectivas laborales y de una creciente demanda de trabajadores cualificados. Con la creciente complejidad de las cadenas de suministro mundiales, existe una v\u00eda clara hacia mayores ingresos a trav\u00e9s de la experiencia y la formaci\u00f3n especializada.[\/et_pb_text][et_pb_text _builder_version=\u00bb4.27.4&#8243; _module_preset=\u00bb8e1fe94f-1b15-4785-a94b-2770014e4a9c\u00bb text_font=\u00bbMontserrat||||||||\u00bb global_colors_info=\u00bb{}\u00bb]<\/p>\n<div class=\"main-container\">\n<div class=\"info-container\">\n<div class=\"info-box\">\n<h3>La cadena de suministro es una de las<\/h3>\n<p class=\"value\">crecimiento m\u00e1s r\u00e1pido<\/p>\n<p class=\"source\">industrias en Canad\u00e1<\/p>\n<p class=\"source\">\n<\/div>\n<div class=\"info-box\">\n<h3>El salario medio es<\/h3>\n<p class=\"value\">83.833 $\/a\u00f1o<\/p>\n<p class=\"source\">para gestores de la cadena de suministro<\/p>\n<p class=\"source\">*indeed.ca; 2025<\/p>\n<\/div>\n<\/div>\n<\/div>\n<p>[\/et_pb_text][\/et_pb_column][et_pb_column type=\u00bb1_3&#8243; _builder_version=\u00bb4.22.0&#8243; _module_preset=\u00bbdefault\u00bb background_color=\u00bb#FFFFFF\u00bb custom_padding=\u00bb30px|30px|30px|30px|true|true\u00bb custom_padding_tablet=\u00bb30px|30px|30px|30px|true|true\u00bb custom_padding_phone=\u00bb20px|20px|20px|20px|true|true\u00bb custom_padding_last_edited=\u00bbon|phone\u00bb border_radii=\u00bbon|10px|10px|10px|10px\u00bb box_shadow_style=\u00bbpreset4&#8243; box_shadow_horizontal=\u00bb0px\u00bb box_shadow_vertical=\u00bb60px\u00bb box_shadow_blur=\u00bb90px\u00bb box_shadow_color=\u00bbrgba(0,0,0,0.08)\u00bb global_colors_info=\u00bb{}\u00bb][et_pb_text _builder_version=\u00bb4.27.4&#8243; _module_preset=\u00bbe2378707-7b0a-48a2-ac5d-437dd3c1a165&#8243; text_font=\u00bbMontserrat||||||||\u00bb header_2_font=\u00bbMontserrat|700|||||||\u00bb header_3_font=\u00bbMontserrat|700|||||||\u00bb header_3_font_size=\u00bb18px\u00bb custom_margin=\u00bb||10px||false|false\u00bb locked=\u00bboff\u00bb global_colors_info=\u00bb{}\u00bb]<\/p>\n<h3>Oportunidades de empleo en la industria de la cadena de suministro<\/h3>\n<p>[\/et_pb_text][dsm_icon_list icon_color=\u00bbgcid-e2b196e6-c1cd-4d7c-835d-4f50d20de00c\u00bb list_space_between=\u00bb14px\u00bb _builder_version=\u00bb4.27.4&#8243; _module_preset=\u00bbdefault\u00bb global_colors_info=\u00bb{%22gcid-e2b196e6-c1cd-4d7c-835d-4f50d20de00c%22:%91%22icon_color%22%93}\u00bb][dsm_icon_list_child text=\u00bbPlanificador de Transporte\u00bb font_icon=\u00bb&#x52;||divi||400&#8243; icon_color=\u00bbgcid-e2b196e6-c1cd-4d7c-835d-4f50d20de00c\u00bb icon_font_size=\u00bb24px\u00bb _builder_version=\u00bb4.27.4&#8243; _module_preset=\u00bbdefault\u00bb text_font=\u00bbMontserrat||||||||\u00bb text_text_color=\u00bbgcid-d0328ec1-b9c5-42bf-af93-bacd6777b9fa\u00bb global_colors_info=\u00bb{%22gcid-e2b196e6-c1cd-4d7c-835d-4f50d20de00c%22:%91%22icon_color%22%93,%22gcid-d0328ec1-b9c5-42bf-af93-bacd6777b9fa%22:%91%22text_text_color%22%93}\u00bb][\/dsm_icon_list_child][dsm_icon_list_child text=\u00bbAnalista de la Cadena de Suministro\u00bb font_icon=\u00bb&#x52;||divi||400&#8243; icon_color=\u00bbgcid-e2b196e6-c1cd-4d7c-835d-4f50d20de00c\u00bb icon_font_size=\u00bb24px\u00bb _builder_version=\u00bb4.27.4&#8243; _module_preset=\u00bbdefault\u00bb text_font=\u00bbMontserrat||||||||\u00bb text_text_color=\u00bbgcid-d0328ec1-b9c5-42bf-af93-bacd6777b9fa\u00bb global_colors_info=\u00bb{%22gcid-e2b196e6-c1cd-4d7c-835d-4f50d20de00c%22:%91%22icon_color%22%93,%22gcid-d0328ec1-b9c5-42bf-af93-bacd6777b9fa%22:%91%22text_text_color%22%93}\u00bb][\/dsm_icon_list_child][dsm_icon_list_child text=\u00bbCoordinador de Log\u00edstica  \u00bb font_icon=\u00bb&#x52;||divi||400&#8243; icon_color=\u00bbgcid-e2b196e6-c1cd-4d7c-835d-4f50d20de00c\u00bb icon_font_size=\u00bb24px\u00bb _builder_version=\u00bb4.27.4&#8243; _module_preset=\u00bbdefault\u00bb text_font=\u00bbMontserrat||||||||\u00bb text_text_color=\u00bbgcid-d0328ec1-b9c5-42bf-af93-bacd6777b9fa\u00bb global_colors_info=\u00bb{%22gcid-e2b196e6-c1cd-4d7c-835d-4f50d20de00c%22:%91%22icon_color%22%93,%22gcid-d0328ec1-b9c5-42bf-af93-bacd6777b9fa%22:%91%22text_text_color%22%93}\u00bb][\/dsm_icon_list_child][dsm_icon_list_child text=\u00bbDirector de Operaciones\u00bb font_icon=\u00bb&#x52;||divi||400&#8243; icon_color=\u00bbgcid-e2b196e6-c1cd-4d7c-835d-4f50d20de00c\u00bb icon_font_size=\u00bb24px\u00bb _builder_version=\u00bb4.27.4&#8243; _module_preset=\u00bbdefault\u00bb text_font=\u00bbMontserrat||||||||\u00bb text_text_color=\u00bbgcid-d0328ec1-b9c5-42bf-af93-bacd6777b9fa\u00bb global_colors_info=\u00bb{%22gcid-e2b196e6-c1cd-4d7c-835d-4f50d20de00c%22:%91%22icon_color%22%93,%22gcid-d0328ec1-b9c5-42bf-af93-bacd6777b9fa%22:%91%22text_text_color%22%93}\u00bb][\/dsm_icon_list_child][\/dsm_icon_list][\/et_pb_column][\/et_pb_row][\/et_pb_section][et_pb_section fb_built=\u00bb1&#8243; admin_label=\u00bbCourse Chapters\u00bb _builder_version=\u00bb4.22.0&#8243; _module_preset=\u00bbdefault\u00bb collapsed=\u00bboff\u00bb global_colors_info=\u00bb{}\u00bb][et_pb_row column_structure=\u00bb1_3,2_3&#8243; _builder_version=\u00bb4.22.0&#8243; _module_preset=\u00bbdefault\u00bb max_width=\u00bb1280px\u00bb global_colors_info=\u00bb{}\u00bb][et_pb_column type=\u00bb1_3&#8243; _builder_version=\u00bb4.22.0&#8243; _module_preset=\u00bbdefault\u00bb global_colors_info=\u00bb{}\u00bb][et_pb_image src=\u00bbhttps:\/\/selcedu.com\/wp-content\/uploads\/2025\/03\/supply-chain-micro-credentials.webp\u00bb alt=\u00bbmicrocredenciales de la cadena de suministro\u00bb title_text=\u00bbmicrocredenciales de la cadena de suministro\u00bb _builder_version=\u00bb4.27.4&#8243; _module_preset=\u00bbdefault\u00bb global_colors_info=\u00bb{}\u00bb][\/et_pb_image][\/et_pb_column][et_pb_column type=\u00bb2_3&#8243; _builder_version=\u00bb4.22.0&#8243; _module_preset=\u00bbdefault\u00bb global_colors_info=\u00bb{}\u00bb][et_pb_text _builder_version=\u00bb4.27.4&#8243; _module_preset=\u00bbe2378707-7b0a-48a2-ac5d-437dd3c1a165&#8243; text_font=\u00bbMontserrat||||||||\u00bb text_font_size=\u00bb28px\u00bb header_2_font=\u00bbMontserrat|700|||||||\u00bb header_2_text_color=\u00bbgcid-e2b196e6-c1cd-4d7c-835d-4f50d20de00c\u00bb header_2_line_height=\u00bb1.9em\u00bb custom_margin=\u00bb||30px||false|false\u00bb locked=\u00bboff\u00bb global_colors_info=\u00bb{%22gcid-e2b196e6-c1cd-4d7c-835d-4f50d20de00c%22:%91%22header_2_text_color%22%93}\u00bb]<\/p>\n<h2>Cursos de microcr\u00e9ditos de la cadena de suministro<\/h2>\n<p>[\/et_pb_text][et_pb_accordion _builder_version=\u00bb4.27.4&#8243; _module_preset=\u00bb1882c3e1-0ad0-4c70-a06f-26115227630c\u00bb toggle_level=\u00bbh3&#8243; toggle_font=\u00bbMontserrat|500|||||||\u00bb body_font=\u00bb&#8211;et_global_body_font||||||||\u00bb body_font_size=\u00bb16px\u00bb locked=\u00bboff\u00bb global_colors_info=\u00bb{}\u00bb][et_pb_accordion_item title=\u00bbInfluencias econ\u00f3micas en la log\u00edstica (TLEI)\u00bb open=\u00bbon\u00bb _builder_version=\u00bb4.27.4&#8243; _module_preset=\u00bbdefault\u00bb global_colors_info=\u00bb{}\u00bb]<\/p>\n<p>Este curso ayuda a los profesionales a comprender los factores econ\u00f3micos que influyen en las operaciones log\u00edsticas, permiti\u00e9ndoles adaptar estrategias para obtener rentabilidad a pesar de las fluctuaciones del mercado.<\/p>\n<p>[\/et_pb_accordion_item][et_pb_accordion_item title=\u00bbProcesos Log\u00edsticos (TLLP)\u00bb _builder_version=\u00bb4.27.4&#8243; _module_preset=\u00bbdefault\u00bb global_colors_info=\u00bb{}\u00bb]<\/p>\n<p>Centrado en la optimizaci\u00f3n de la eficacia de la cadena de suministro, este curso abarca el transporte multimodal, el aprovisionamiento, el almacenamiento y la gesti\u00f3n de riesgos para racionalizar las operaciones log\u00edsticas.<\/p>\n<p>[\/et_pb_accordion_item][et_pb_accordion_item title=\u00bbSistemas de Transporte (TLTS)\u00bb _builder_version=\u00bb4.27.4&#8243; _module_preset=\u00bbdefault\u00bb global_colors_info=\u00bb{}\u00bb]<\/p>\n<p><span>Proporcionando una base en log\u00edstica de transporte global, este curso ense\u00f1a a tomar decisiones eficientes para minimizar los costes, el tiempo de tr\u00e1nsito y los riesgos normativos.<\/span><\/p>\n<p>[\/et_pb_accordion_item][\/et_pb_accordion][\/et_pb_column][\/et_pb_row][\/et_pb_section][et_pb_section fb_built=\u00bb1&#8243; admin_label=\u00bbFooter\u00bb _builder_version=\u00bb4.24.2&#8243; _module_preset=\u00bbdefault\u00bb saved_tabs=\u00bball\u00bb collapsed=\u00bbon\u00bb global_colors_info=\u00bb{}\u00bb][et_pb_row column_structure=\u00bb1_2,1_2&#8243; make_equal=\u00bbon\u00bb _builder_version=\u00bb4.27.4&#8243; _module_preset=\u00bbdefault\u00bb background_color=\u00bbgcid-eba9b965-b9f9-43f5-b7e8-a0591766089f\u00bb background_position=\u00bbcenter_right\u00bb max_width=\u00bb1280px\u00bb overflow-x=\u00bbvisible\u00bb overflow-y=\u00bbvisible\u00bb custom_margin=\u00bb||30px||false|false\u00bb custom_padding=\u00bb0px||0px||true|false\u00bb border_radii=\u00bbon|10px|10px|10px|10px\u00bb global_colors_info=\u00bb{%22gcid-eba9b965-b9f9-43f5-b7e8-a0591766089f%22:%91%22background_color%22%93}\u00bb][et_pb_column type=\u00bb1_2&#8243; _builder_version=\u00bb4.21.0&#8243; _module_preset=\u00bbdefault\u00bb custom_padding=\u00bb60px|60px|60px|60px|true|true\u00bb custom_padding_tablet=\u00bb30px|30px|30px|30px|true|true\u00bb custom_padding_phone=\u00bb20px|20px|20px|20px|true|true\u00bb custom_padding_last_edited=\u00bbon|tablet\u00bb global_colors_info=\u00bb{}\u00bb][et_pb_text _builder_version=\u00bb4.27.4&#8243; _module_preset=\u00bbc18c744f-333b-4e9c-a7dc-a69ab2a8c5b9&#8243; text_font=\u00bbMontserrat||||||||\u00bb header_2_text_color=\u00bb#000000&#8243; custom_margin=\u00bb||10px||false|false\u00bb global_colors_info=\u00bb{}\u00bb]<\/p>\n<h2>Aprende y gana<\/h2>\n<p>[\/et_pb_text][et_pb_text _builder_version=\u00bb4.27.4&#8243; _module_preset=\u00bb8e1fe94f-1b15-4785-a94b-2770014e4a9c\u00bb text_font=\u00bbMontserrat||||||||\u00bb text_text_color=\u00bb#000000&#8243; global_colors_info=\u00bb{}\u00bb]Aprende nuevas habilidades, obt\u00e9n certificaciones reconocidas y avanza en tu carrera profesional, todo ello con una formaci\u00f3n flexible y pr\u00e1ctica dise\u00f1ada para tener un impacto inmediato en el lugar de trabajo. Con nuestro enfoque \u00abAprende y Gana\u00bb, puedes actualizar tus conocimientos r\u00e1pidamente y mantenerte a la vanguardia en tu campo. \u00a1Comienza tu viaje hoy mismo![\/et_pb_text][et_pb_button button_text=\u00bbComprueba otras microcredenciales\u00bb _builder_version=\u00bb4.27.4&#8243; _module_preset=\u00bb06363a6c-4f96-40c1-8d7b-b91f71cedcbe\u00bb button_border_radius=\u00bb15px\u00bb button_font=\u00bbMontserrat|700|||||||\u00bb global_colors_info=\u00bb{}\u00bb][\/et_pb_button][\/et_pb_column][et_pb_column type=\u00bb1_2&#8243; _builder_version=\u00bb4.22.0&#8243; _module_preset=\u00bbdefault\u00bb global_colors_info=\u00bb{}\u00bb][et_pb_image src=\u00bbhttps:\/\/selcedu.com\/wp-content\/uploads\/2025\/02\/virtual-courses-illustration-26@2x.png\u00bb title_text=\u00bbcursos virtuales-ilustraci\u00f3n-26@2x\u00bb _builder_version=\u00bb4.27.4&#8243; _module_preset=\u00bbdefault\u00bb positioning=\u00bbabsolute\u00bb position_origin_a=\u00bbbottom_left\u00bb position_origin_a_tablet=\u00bb\u00bb position_origin_a_phone=\u00bb\u00bb position_origin_a_last_edited=\u00bbon|tablet\u00bb position_origin_f_tablet=\u00bb\u00bb position_origin_f_phone=\u00bb\u00bb position_origin_f_last_edited=\u00bbon|tablet\u00bb position_origin_r_tablet=\u00bb\u00bb position_origin_r_phone=\u00bb\u00bb position_origin_r_last_edited=\u00bbon|tablet\u00bb width=\u00bb100%\u00bb scroll_horizontal_motion_enable=\u00bbon\u00bb scroll_horizontal_motion=\u00bb0|100|100|100|-0.5|0|0&#8243; positioning_tablet=\u00bbnone\u00bb positioning_phone=\u00bb\u00bb positioning_last_edited=\u00bbon|tablet\u00bb global_colors_info=\u00bb{}\u00bb][\/et_pb_image][\/et_pb_column][\/et_pb_row][\/et_pb_section]<\/p>\n","protected":false},"excerpt":{"rendered":"<p>Consigue tus Microcredenciales de la Cadena de Suministro Microcredenciales para la cadena de suministroLos microcertificados en gesti\u00f3n de la cadena de suministro dotan a los estudiantes de habilidades esenciales en optimizaci\u00f3n de la cadena de suministro, gesti\u00f3n de costes, mitigaci\u00f3n de riesgos y log\u00edstica de transporte global. Los alumnos adquirir\u00e1n experiencia en el an\u00e1lisis de [&hellip;]<\/p>\n","protected":false},"author":22,"featured_media":0,"parent":260667,"menu_order":0,"comment_status":"closed","ping_status":"closed","template":"","meta":{"_et_pb_use_builder":"on","_et_pb_old_content":"","_et_gb_content_width":"","inline_featured_image":false,"footnotes":""},"class_list":["post-260882","page","type-page","status-publish","hentry"],"_links":{"self":[{"href":"https:\/\/selcedu.com\/es\/wp-json\/wp\/v2\/pages\/260882","targetHints":{"allow":["GET"]}}],"collection":[{"href":"https:\/\/selcedu.com\/es\/wp-json\/wp\/v2\/pages"}],"about":[{"href":"https:\/\/selcedu.com\/es\/wp-json\/wp\/v2\/types\/page"}],"author":[{"embeddable":true,"href":"https:\/\/selcedu.com\/es\/wp-json\/wp\/v2\/users\/22"}],"replies":[{"embeddable":true,"href":"https:\/\/selcedu.com\/es\/wp-json\/wp\/v2\/comments?post=260882"}],"version-history":[{"count":18,"href":"https:\/\/selcedu.com\/es\/wp-json\/wp\/v2\/pages\/260882\/revisions"}],"predecessor-version":[{"id":263125,"href":"https:\/\/selcedu.com\/es\/wp-json\/wp\/v2\/pages\/260882\/revisions\/263125"}],"up":[{"embeddable":true,"href":"https:\/\/selcedu.com\/es\/wp-json\/wp\/v2\/pages\/260667"}],"wp:attachment":[{"href":"https:\/\/selcedu.com\/es\/wp-json\/wp\/v2\/media?parent=260882"}],"curies":[{"name":"wp","href":"https:\/\/api.w.org\/{rel}","templated":true}]}}