{"id":260762,"date":"2025-02-25T20:58:22","date_gmt":"2025-02-25T20:58:22","guid":{"rendered":"https:\/\/selcedu.com\/260762-2\/"},"modified":"2025-04-10T18:33:32","modified_gmt":"2025-04-10T18:33:32","slug":"260762-2","status":"publish","type":"page","link":"https:\/\/selcedu.com\/es\/260667-2\/260762-2\/","title":{"rendered":"Microcredencial de cuidador interno de ni\u00f1os"},"content":{"rendered":"<p>[et_pb_section fb_built=\u00bb1&#8243; admin_label=\u00bbHeader\u00bb _builder_version=\u00bb4.27.4&#8243; _module_preset=\u00bbdefault\u00bb background_color=\u00bbgcid-610d28dd-eb23-4fae-b502-62f0b357c8fd\u00bb background_enable_image=\u00bboff\u00bb locked=\u00bboff\u00bb collapsed=\u00bboff\u00bb global_colors_info=\u00bb{%22gcid-610d28dd-eb23-4fae-b502-62f0b357c8fd%22:%91%22background_color%22%93}\u00bb][et_pb_row column_structure=\u00bb2_3,1_3&#8243; _builder_version=\u00bb4.24.2&#8243; _module_preset=\u00bbdefault\u00bb max_width=\u00bb1280px\u00bb global_colors_info=\u00bb{}\u00bb][et_pb_column type=\u00bb2_3&#8243; _builder_version=\u00bb4.22.0&#8243; _module_preset=\u00bbdefault\u00bb global_colors_info=\u00bb{}\u00bb][et_pb_text _builder_version=\u00bb4.27.4&#8243; _module_preset=\u00bb18a8b8ad-7159-4d56-a941-2e384af3eb47&#8243; text_font=\u00bbMontserrat||||||||\u00bb text_text_color=\u00bbgcid-e2b196e6-c1cd-4d7c-835d-4f50d20de00c\u00bb text_font_size=\u00bb22px\u00bb text_line_height=\u00bb2.1em\u00bb header_font=\u00bbMontserrat|700|||||||\u00bb header_font_size=\u00bb72px\u00bb custom_margin=\u00bb||10px||false|false\u00bb global_colors_info=\u00bb{%22gcid-e2b196e6-c1cd-4d7c-835d-4f50d20de00c%22:%91%22text_text_color%22%93}\u00bb]<\/p>\n<p>Consigue tus microcredenciales de cuidador<\/p>\n<h1>Cuidadora interna (cuidado de ni\u00f1os)<\/h1>\n<p>[\/et_pb_text][et_pb_text _builder_version=\u00bb4.27.4&#8243; _module_preset=\u00bb8e1fe94f-1b15-4785-a94b-2770014e4a9c\u00bb text_font=\u00bbMontserrat||||||||\u00bb hover_enabled=\u00bb0&#8243; global_colors_info=\u00bb{}\u00bb sticky_enabled=\u00bb0&#8243;]<\/p>\n<p>Un curso de cuidador desarrolla habilidades en \u00e1reas b\u00e1sicas como el desarrollo infantil y el cuidado inclusivo.<\/p>\n<p>Ofrece certificaci\u00f3n mediante programas de formaci\u00f3n estructurados que incluyen m\u00f3dulos sobre orientaci\u00f3n conductual, protocolos de salud y seguridad, y creaci\u00f3n de entornos de apoyo.<\/p>\n<p>El curso hace hincapi\u00e9 en las pr\u00e1cticas de cuidado profesional, guiadas por las teor\u00edas del desarrollo y las responsabilidades \u00e9ticas.<\/p>\n<p>[\/et_pb_text][et_pb_image src=\u00bbhttps:\/\/selcedu.com\/wp-content\/uploads\/\/2025\/03\/caregiver-micro-certifications.svg\u00bb alt=\u00bbmicrocertificaciones para cuidadores\u00bb title_text=\u00bbcuidador-microcertificaciones\u00bb _builder_version=\u00bb4.27.4&#8243; _module_preset=\u00bbdefault\u00bb max_width=\u00bb80%\u00bb global_colors_info=\u00bb{}\u00bb][\/et_pb_image][\/et_pb_column][et_pb_column type=\u00bb1_3&#8243; _builder_version=\u00bb4.22.0&#8243; _module_preset=\u00bbdefault\u00bb background_color=\u00bb#FFFFFF\u00bb custom_padding=\u00bb30px|30px|30px|30px|true|true\u00bb custom_padding_tablet=\u00bb30px|30px|30px|30px|true|true\u00bb custom_padding_phone=\u00bb20px|20px|20px|20px|true|true\u00bb custom_padding_last_edited=\u00bbon|phone\u00bb border_radii=\u00bbon|10px|10px|10px|10px\u00bb box_shadow_style=\u00bbpreset4&#8243; box_shadow_horizontal=\u00bb0px\u00bb box_shadow_vertical=\u00bb60px\u00bb box_shadow_blur=\u00bb90px\u00bb box_shadow_color=\u00bbrgba(0,0,0,0.08)\u00bb global_colors_info=\u00bb{}\u00bb][et_pb_text _builder_version=\u00bb4.27.4&#8243; _module_preset=\u00bbe2378707-7b0a-48a2-ac5d-437dd3c1a165&#8243; text_font=\u00bbMontserrat||||||||\u00bb header_2_font=\u00bbMontserrat|700|||||||\u00bb custom_margin=\u00bb||10px||false|false\u00bb locked=\u00bboff\u00bb global_colors_info=\u00bb{}\u00bb]<\/p>\n<h2>Qu\u00e9 incluye<\/h2>\n<p>[\/et_pb_text][et_pb_blurb use_icon=\u00bbon\u00bb font_icon=\u00bb&#xf1c8;||fa||900&#8243; icon_color=\u00bb#ed591e\u00bb _builder_version=\u00bb4.27.4&#8243; _module_preset=\u00bbf7206702-2454-4456-8b9d-c16365833bb0&#8243; body_font=\u00bbMontserrat||||||||\u00bb body_text_color=\u00bb#000000&#8243; body_font_size=\u00bb17px\u00bb locked=\u00bboff\u00bb global_colors_info=\u00bb{%22gcid-eba9b965-b9f9-43f5-b7e8-a0591766089f%22:%91%22icon_color%22%93,%22gcid-e2b196e6-c1cd-4d7c-835d-4f50d20de00c%22:%91%22icon_color%22%93}\u00bb]<\/p>\n<p>Sesi\u00f3n online y presencial<\/p>\n<p>[\/et_pb_blurb][et_pb_blurb use_icon=\u00bbon\u00bb font_icon=\u00bb&#xf133;||fa||900&#8243; icon_color=\u00bb#ed591e\u00bb _builder_version=\u00bb4.27.4&#8243; _module_preset=\u00bbf7206702-2454-4456-8b9d-c16365833bb0&#8243; body_font=\u00bbMontserrat||||||||\u00bb body_text_color=\u00bb#000000&#8243; body_font_size=\u00bb17px\u00bb max_width=\u00bb1280px\u00bb locked=\u00bboff\u00bb global_colors_info=\u00bb{%22gcid-eba9b965-b9f9-43f5-b7e8-a0591766089f%22:%91%22icon_color%22,%22icon_color%22%93,%22gcid-e2b196e6-c1cd-4d7c-835d-4f50d20de00c%22:%91%22icon_color%22%93}\u00bb]<\/p>\n<p>10 semanas de estudio<\/p>\n<p>[\/et_pb_blurb][et_pb_blurb use_icon=\u00bbon\u00bb font_icon=\u00bb&#xf2f2;||fa||900&#8243; icon_color=\u00bb#ed591e\u00bb _builder_version=\u00bb4.27.4&#8243; _module_preset=\u00bbf7206702-2454-4456-8b9d-c16365833bb0&#8243; body_font=\u00bbMontserrat||||||||\u00bb body_text_color=\u00bb#000000&#8243; body_font_size=\u00bb17px\u00bb max_width=\u00bb1280px\u00bb locked=\u00bboff\u00bb global_colors_info=\u00bb{%22gcid-eba9b965-b9f9-43f5-b7e8-a0591766089f%22:%91%22icon_color%22,%22icon_color%22%93,%22gcid-e2b196e6-c1cd-4d7c-835d-4f50d20de00c%22:%91%22icon_color%22%93}\u00bb]<\/p>\n<p>200 horas de clases<\/p>\n<p>[\/et_pb_blurb][et_pb_text _builder_version=\u00bb4.27.4&#8243; _module_preset=\u00bb21364c9c-f84f-4ddb-9c78-0367e33a9fa1&#8243; text_font=\u00bbMontserrat|700|||||||\u00bb text_font_size=\u00bb19px\u00bb custom_margin=\u00bb||0px||false|false\u00bb locked=\u00bboff\u00bb global_colors_info=\u00bb{}\u00bb]<\/p>\n<p>Instructor<\/p>\n<p>[\/et_pb_text][et_pb_text _builder_version=\u00bb4.27.4&#8243; _module_preset=\u00bbddcf3654-05a8-4812-b3c1-3d9d7f8d77ec\u00bb text_font=\u00bbMontserrat||||||||\u00bb locked=\u00bboff\u00bb global_colors_info=\u00bb{}\u00bb]<\/p>\n<p><strong>Luqi<\/strong> con +9 a\u00f1os de experiencia<\/p>\n<p>[\/et_pb_text][et_pb_text _builder_version=\u00bb4.27.4&#8243; _module_preset=\u00bb21364c9c-f84f-4ddb-9c78-0367e33a9fa1&#8243; text_font=\u00bbMontserrat|700|||||||\u00bb text_font_size=\u00bb19px\u00bb custom_margin=\u00bb||0px||false|false\u00bb locked=\u00bboff\u00bb global_colors_info=\u00bb{}\u00bb]<\/p>\n<p>Programa<\/p>\n<p>[\/et_pb_text][et_pb_text _builder_version=\u00bb4.27.4&#8243; _module_preset=\u00bbddcf3654-05a8-4812-b3c1-3d9d7f8d77ec\u00bb text_font=\u00bbMontserrat||||||||\u00bb locked=\u00bboff\u00bb global_colors_info=\u00bb{}\u00bb]<\/p>\n<p>De jueves a domingo<\/p>\n<p>[\/et_pb_text][et_pb_button button_url=\u00bbhttps:\/\/selcedu.com\/es\/formulario-de-solicitud-en-linea\/\u00bb url_new_window=\u00bbon\u00bb button_text=\u00bbInscr\u00edbete ahora\u00bb _builder_version=\u00bb4.27.4&#8243; _module_preset=\u00bb06363a6c-4f96-40c1-8d7b-b91f71cedcbe\u00bb button_bg_color=\u00bbgcid-e2b196e6-c1cd-4d7c-835d-4f50d20de00c\u00bb button_border_radius=\u00bb15px\u00bb button_font=\u00bbMontserrat|700|||||||\u00bb locked=\u00bboff\u00bb global_colors_info=\u00bb{%22gcid-e2b196e6-c1cd-4d7c-835d-4f50d20de00c%22:%91%22button_bg_color%22%93}\u00bb][\/et_pb_button][\/et_pb_column][\/et_pb_row][\/et_pb_section][et_pb_section fb_built=\u00bb1&#8243; admin_label=\u00bbHeader\u00bb _builder_version=\u00bb4.27.4&#8243; _module_preset=\u00bbdefault\u00bb background_color=\u00bbgcid-d88780af-9f2b-435a-95eb-61ad43cf376a\u00bb locked=\u00bboff\u00bb collapsed=\u00bboff\u00bb global_colors_info=\u00bb{%22gcid-d88780af-9f2b-435a-95eb-61ad43cf376a%22:%91%22background_color%22%93}\u00bb][et_pb_row column_structure=\u00bb2_3,1_3&#8243; _builder_version=\u00bb4.24.2&#8243; _module_preset=\u00bbdefault\u00bb max_width=\u00bb1280px\u00bb global_colors_info=\u00bb{}\u00bb][et_pb_column type=\u00bb2_3&#8243; _builder_version=\u00bb4.22.0&#8243; _module_preset=\u00bbdefault\u00bb global_colors_info=\u00bb{}\u00bb][et_pb_text _builder_version=\u00bb4.27.4&#8243; _module_preset=\u00bb8e1fe94f-1b15-4785-a94b-2770014e4a9c\u00bb text_font=\u00bbMontserrat||||||||\u00bb text_text_color=\u00bb#000000&#8243; global_colors_info=\u00bb{}\u00bb]<\/p>\n<p>Los cuidadores de B.C. disfrutan actualmente de buenas perspectivas laborales y de un entorno pol\u00edtico favorable. La combinaci\u00f3n de la creciente demanda de servicios de cuidado de ni\u00f1os y las mejoras respaldadas por el gobierno (en salarios, formaci\u00f3n y creaci\u00f3n de empleo). Aunque los salarios iniciales son modestos, existe una v\u00eda clara hacia mayores ingresos a trav\u00e9s de la experiencia y la formaci\u00f3n.  <\/p>\n<p>[\/et_pb_text][et_pb_text _builder_version=\u00bb4.27.4&#8243; _module_preset=\u00bb8e1fe94f-1b15-4785-a94b-2770014e4a9c\u00bb text_font=\u00bbMontserrat||||||||\u00bb global_colors_info=\u00bb{}\u00bb]<\/p>\n<div class=\"main-container\">\n<div class=\"info-container\">\n<div class=\"info-box\">\n<h3><a href=\"https:\/\/www.educationplannerbc.ca\/find-your-path\/results\/career\/noc-42202.1-early-childhood-educators-and-assistants?areaOfInterest=&amp;industry=\" target=\"_blank\" rel=\"noopener\" title=\"ofertas de empleo ecea\">Nuevas ofertas de empleo en ECEA<\/a><\/h3>\n<p class=\"value\">6,000<\/p>\n<p class=\"source\">en 5 a\u00f1os en BC<\/p>\n<\/div>\n<div class=\"info-box\">\n<h3>Salario medio<\/h3>\n<p class=\"value\">41.712 $\/a\u00f1o<\/p>\n<p class=\"source\">*workbc.ca; 2025<\/p>\n<\/div>\n<\/div>\n<\/div>\n<p>[\/et_pb_text][\/et_pb_column][et_pb_column type=\u00bb1_3&#8243; _builder_version=\u00bb4.22.0&#8243; _module_preset=\u00bbdefault\u00bb background_color=\u00bb#FFFFFF\u00bb custom_padding=\u00bb30px|30px|30px|30px|true|true\u00bb custom_padding_tablet=\u00bb30px|30px|30px|30px|true|true\u00bb custom_padding_phone=\u00bb20px|20px|20px|20px|true|true\u00bb custom_padding_last_edited=\u00bbon|phone\u00bb border_radii=\u00bbon|10px|10px|10px|10px\u00bb box_shadow_style=\u00bbpreset4&#8243; box_shadow_horizontal=\u00bb0px\u00bb box_shadow_vertical=\u00bb60px\u00bb box_shadow_blur=\u00bb90px\u00bb box_shadow_color=\u00bbrgba(0,0,0,0.08)\u00bb global_colors_info=\u00bb{}\u00bb][et_pb_text _builder_version=\u00bb4.27.4&#8243; _module_preset=\u00bbe2378707-7b0a-48a2-ac5d-437dd3c1a165&#8243; text_font=\u00bbMontserrat||||||||\u00bb header_2_font=\u00bbMontserrat|700|||||||\u00bb header_3_font=\u00bbMontserrat|700|||||||\u00bb header_3_font_size=\u00bb18px\u00bb custom_margin=\u00bb||10px||false|false\u00bb locked=\u00bboff\u00bb global_colors_info=\u00bb{}\u00bb]<\/p>\n<h3>Oportunidades de empleo para auxiliares de EPI<\/h3>\n<p>[\/et_pb_text][dsm_icon_list icon_color=\u00bbgcid-e2b196e6-c1cd-4d7c-835d-4f50d20de00c\u00bb list_space_between=\u00bb14px\u00bb _builder_version=\u00bb4.27.4&#8243; _module_preset=\u00bbdefault\u00bb global_colors_info=\u00bb{%22gcid-e2b196e6-c1cd-4d7c-835d-4f50d20de00c%22:%91%22icon_color%22%93}\u00bb][dsm_icon_list_child text=\u00bbGuarder\u00edas (Centros de D\u00eda)  \u00bb font_icon=\u00bb&#x52;||divi||400&#8243; icon_color=\u00bbgcid-e2b196e6-c1cd-4d7c-835d-4f50d20de00c\u00bb icon_font_size=\u00bb24px\u00bb _builder_version=\u00bb4.27.4&#8243; _module_preset=\u00bbdefault\u00bb text_font=\u00bbMontserrat||||||||\u00bb text_text_color=\u00bbgcid-d0328ec1-b9c5-42bf-af93-bacd6777b9fa\u00bb global_colors_info=\u00bb{%22gcid-e2b196e6-c1cd-4d7c-835d-4f50d20de00c%22:%91%22icon_color%22%93,%22gcid-d0328ec1-b9c5-42bf-af93-bacd6777b9fa%22:%91%22text_text_color%22%93}\u00bb][\/dsm_icon_list_child][dsm_icon_list_child text=\u00bbProgramas preescolares\u00bb font_icon=\u00bb&#x52;||divi||400&#8243; icon_color=\u00bbgcid-e2b196e6-c1cd-4d7c-835d-4f50d20de00c\u00bb icon_font_size=\u00bb24px\u00bb _builder_version=\u00bb4.27.4&#8243; _module_preset=\u00bbdefault\u00bb text_font=\u00bbMontserrat||||||||\u00bb text_text_color=\u00bbgcid-d0328ec1-b9c5-42bf-af93-bacd6777b9fa\u00bb global_colors_info=\u00bb{%22gcid-e2b196e6-c1cd-4d7c-835d-4f50d20de00c%22:%91%22icon_color%22%93,%22gcid-d0328ec1-b9c5-42bf-af93-bacd6777b9fa%22:%91%22text_text_color%22%93}\u00bb][\/dsm_icon_list_child][dsm_icon_list_child text=\u00bbCuidado antes y despu\u00e9s del colegio\u00bb font_icon=\u00bb&#x52;||divi||400&#8243; icon_color=\u00bbgcid-e2b196e6-c1cd-4d7c-835d-4f50d20de00c\u00bb icon_font_size=\u00bb24px\u00bb _builder_version=\u00bb4.27.4&#8243; _module_preset=\u00bbdefault\u00bb text_font=\u00bbMontserrat||||||||\u00bb text_text_color=\u00bbgcid-d0328ec1-b9c5-42bf-af93-bacd6777b9fa\u00bb global_colors_info=\u00bb{%22gcid-e2b196e6-c1cd-4d7c-835d-4f50d20de00c%22:%91%22icon_color%22%93,%22gcid-d0328ec1-b9c5-42bf-af93-bacd6777b9fa%22:%91%22text_text_color%22%93}\u00bb][\/dsm_icon_list_child][dsm_icon_list_child text=\u00bbGuarder\u00edas Privadas a Domicilio y Puestos de Ni\u00f1era\u00bb font_icon=\u00bb&#x52;||divi||400&#8243; icon_color=\u00bbgcid-e2b196e6-c1cd-4d7c-835d-4f50d20de00c\u00bb icon_font_size=\u00bb24px\u00bb _builder_version=\u00bb4.27.4&#8243; _module_preset=\u00bbdefault\u00bb text_font=\u00bbMontserrat||||||||\u00bb text_text_color=\u00bbgcid-d0328ec1-b9c5-42bf-af93-bacd6777b9fa\u00bb global_colors_info=\u00bb{%22gcid-e2b196e6-c1cd-4d7c-835d-4f50d20de00c%22:%91%22icon_color%22%93,%22gcid-d0328ec1-b9c5-42bf-af93-bacd6777b9fa%22:%91%22text_text_color%22%93}\u00bb][\/dsm_icon_list_child][dsm_icon_list_child text=\u00bbGuarder\u00edas en el trabajo o en la universidad\u00bb font_icon=\u00bb&#x52;||divi||400&#8243; icon_color=\u00bbgcid-e2b196e6-c1cd-4d7c-835d-4f50d20de00c\u00bb icon_font_size=\u00bb24px\u00bb _builder_version=\u00bb4.27.4&#8243; _module_preset=\u00bbdefault\u00bb text_font=\u00bbMontserrat||||||||\u00bb text_text_color=\u00bbgcid-d0328ec1-b9c5-42bf-af93-bacd6777b9fa\u00bb global_colors_info=\u00bb{%22gcid-e2b196e6-c1cd-4d7c-835d-4f50d20de00c%22:%91%22icon_color%22%93,%22gcid-d0328ec1-b9c5-42bf-af93-bacd6777b9fa%22:%91%22text_text_color%22%93}\u00bb][\/dsm_icon_list_child][\/dsm_icon_list][\/et_pb_column][\/et_pb_row][\/et_pb_section][et_pb_section fb_built=\u00bb1&#8243; admin_label=\u00bbCourse Chapters\u00bb _builder_version=\u00bb4.22.0&#8243; _module_preset=\u00bbdefault\u00bb collapsed=\u00bboff\u00bb global_colors_info=\u00bb{}\u00bb][et_pb_row column_structure=\u00bb1_3,2_3&#8243; _builder_version=\u00bb4.22.0&#8243; _module_preset=\u00bbdefault\u00bb max_width=\u00bb1280px\u00bb global_colors_info=\u00bb{}\u00bb][et_pb_column type=\u00bb1_3&#8243; _builder_version=\u00bb4.22.0&#8243; _module_preset=\u00bbdefault\u00bb global_colors_info=\u00bb{}\u00bb][et_pb_image src=\u00bbhttps:\/\/selcedu.com\/wp-content\/uploads\/2025\/02\/ece-micro-credentials.jpg\u00bb alt=\u00bbmicrocredencial de la primera infancia\u00bb title_text=\u00bbece-micro-credenciales\u00bb _builder_version=\u00bb4.27.4&#8243; _module_preset=\u00bbdefault\u00bb global_colors_info=\u00bb{}\u00bb][\/et_pb_image][\/et_pb_column][et_pb_column type=\u00bb2_3&#8243; _builder_version=\u00bb4.22.0&#8243; _module_preset=\u00bbdefault\u00bb global_colors_info=\u00bb{}\u00bb][et_pb_text _builder_version=\u00bb4.27.4&#8243; _module_preset=\u00bbe2378707-7b0a-48a2-ac5d-437dd3c1a165&#8243; text_font=\u00bbMontserrat||||||||\u00bb text_font_size=\u00bb15px\u00bb text_line_height=\u00bb1.8em\u00bb header_2_font=\u00bbMontserrat|700|||||||\u00bb header_2_text_color=\u00bbgcid-e2b196e6-c1cd-4d7c-835d-4f50d20de00c\u00bb header_2_line_height=\u00bb1.9em\u00bb custom_margin=\u00bb||30px||false|false\u00bb locked=\u00bboff\u00bb global_colors_info=\u00bb{%22gcid-e2b196e6-c1cd-4d7c-835d-4f50d20de00c%22:%91%22header_2_text_color%22%93}\u00bb]<\/p>\n<h2>Cursos de microcredencial de cuidador<\/h2>\n<p>[\/et_pb_text][et_pb_text _builder_version=\u00bb4.27.4&#8243; _module_preset=\u00bbe2378707-7b0a-48a2-ac5d-437dd3c1a165&#8243; text_font=\u00bbMontserrat||||||||\u00bb text_text_color=\u00bb#000000&#8243; text_font_size=\u00bb15px\u00bb text_line_height=\u00bb1.9em\u00bb locked=\u00bboff\u00bb global_colors_info=\u00bb{%22gcid-e2b196e6-c1cd-4d7c-835d-4f50d20de00c%22:%91%22header_2_text_color%22%93}\u00bb]<\/p>\n<p>Estos cursos preparan a los estudiantes para trabajar como Asistentes de ECE en una guarder\u00eda autorizada. Estos cursos pueden conducir a una ocupaci\u00f3n regulada si los estudiantes deciden inscribirse para obtener la certificaci\u00f3n. El sitio web del regulador es <a href=\"https:\/\/www2.gov.bc.ca\/gov\/content\/education-training\/early-learning\/teach\/training-and-professional-development\/become-an-early-childhood-educator\" target=\"_blank\" rel=\"noopener\" title=\"Registro CEPE\">ECE Registry<\/a>.  <\/p>\n<p>Uno de los requisitos para trabajar como Asistente de Educador Infantil en una guarder\u00eda autorizada en la Columbia Brit\u00e1nica es estar certificado por el Registro de Educaci\u00f3n Infantil (ECE). El Registro ECE no reconoce autom\u00e1ticamente estos cursos ofrecidos por SELC College, lo que significa que al graduarse, los estudiantes tendr\u00e1n que solicitar la certificaci\u00f3n a trav\u00e9s del proceso de equivalencia del Registro ECE mediante la presentaci\u00f3n de un <a href=\"https:\/\/www2.gov.bc.ca\/assets\/gov\/education\/early-learning\/teach\/ece\/forms\/equivalency_cf4102.pdf\" target=\"_blank\" rel=\"noopener\" title=\"Formulario de equivalencia de la solicitud de certificaci\u00f3n de educador infantil\">formulario de Equivalencia de Solicitud de Certificaci\u00f3n de Educador Infantil<\/a>. SELC College guiar\u00e1 y apoyar\u00e1 a los estudiantes para completar el proceso. Para m\u00e1s informaci\u00f3n, la solicitud de equivalencia, as\u00ed como la certificaci\u00f3n ECE A los estudiantes tambi\u00e9n pueden visitar el sitio web del Registro ECE.   <\/p>\n<p><em>**Por favor, ten en cuenta que SELC College no ofrece el programa completo de ECE actualmente, sin embargo estamos en la lista de espera del Registro de ECE en l\u00ednea para los procesos de aprobaci\u00f3n del registro para que podamos ofrecer el programa completo de ECE en el futuro.<\/em><\/p>\n<p>[\/et_pb_text][et_pb_accordion _builder_version=\u00bb4.27.4&#8243; _module_preset=\u00bb1882c3e1-0ad0-4c70-a06f-26115227630c\u00bb toggle_level=\u00bbh3&#8243; toggle_font=\u00bbMontserrat|500|||||||\u00bb body_font=\u00bbMontserrat||||||||\u00bb body_text_color=\u00bb#000000&#8243; body_font_size=\u00bb15px\u00bb locked=\u00bboff\u00bb global_colors_info=\u00bb{}\u00bb][et_pb_accordion_item title=\u00bbEntornos de Aprendizaje y Atenci\u00f3n a la Infancia de la CE  \u00bb open=\u00bbon\u00bb _builder_version=\u00bb4.27.4&#8243; _module_preset=\u00bbdefault\u00bb global_colors_info=\u00bb{}\u00bb]<\/p>\n<p>Al finalizar este curso, los alumnos podr\u00e1n guiar el comportamiento de los ni\u00f1os utilizando estrategias positivas y adecuadas para su desarrollo, a la vez que fomentan la comunicaci\u00f3n y la expresi\u00f3n emocional. Colaborar\u00e1n con padres y profesionales, apoyar\u00e1n relaciones s\u00f3lidas entre cuidadores y ni\u00f1os, y fomentar\u00e1n el desarrollo social. Adem\u00e1s, facilitar\u00e1n la toma de decisiones, la resoluci\u00f3n de problemas y la participaci\u00f3n en la comunidad, al tiempo que desarrollan planes de servicio individualizados con la participaci\u00f3n de la familia y la agencia.  <\/p>\n<p>[\/et_pb_accordion_item][et_pb_accordion_item title=\u00bbCrecimiento y desarrollo infantil\u00bb _builder_version=\u00bb4.27.4&#8243; _module_preset=\u00bbdefault\u00bb global_colors_info=\u00bb{}\u00bb open=\u00bboff\u00bb]<\/p>\n<p>Al finalizar este curso, los estudiantes comprender\u00e1n las teor\u00edas de crecimiento y desarrollo infantil desde una perspectiva transcultural, reconociendo los dominios clave del desarrollo, los hitos y las diferencias individuales. Aplicar\u00e1n la teor\u00eda de sistemas, demostrar\u00e1n competencia cultural y pondr\u00e1n en pr\u00e1ctica estrategias inclusivas y antiprejuicios. Adem\u00e1s, desarrollar\u00e1n habilidades de observaci\u00f3n, evaluaci\u00f3n y planificaci\u00f3n, al tiempo que garantizan las mejores pr\u00e1cticas en el cuidado infantil, la confidencialidad y el cumplimiento de los protocolos de informaci\u00f3n.  <\/p>\n<p>[\/et_pb_accordion_item][et_pb_accordion_item title=\u00bbSalud, seguridad y nutrici\u00f3n en la EPI\u00bb _builder_version=\u00bb4.27.4&#8243; _module_preset=\u00bbdefault\u00bb global_colors_info=\u00bb{}\u00bb open=\u00bboff\u00bb]<\/p>\n<p>Al finalizar este curso, los estudiantes ser\u00e1n capaces de planificar comidas nutritivas, garantizar la salud y la seguridad mediante la prevenci\u00f3n de enfermedades y lesiones, y aplicar pol\u00edticas de administraci\u00f3n de medicamentos y procedimientos de emergencia. Crear\u00e1n entornos inclusivos y adecuados al desarrollo que apoyen necesidades diversas, manteniendo la supervisi\u00f3n, las normas de higiene y la confidencialidad. Adem\u00e1s, contribuir\u00e1n a una din\u00e1mica de equipo eficaz, respetar\u00e1n la diversidad cultural y familiar, vigilar\u00e1n la salud de los ni\u00f1os y reconocer\u00e1n el bienestar personal como parte del crecimiento profesional.  <\/p>\n<p>[\/et_pb_accordion_item][\/et_pb_accordion][\/et_pb_column][\/et_pb_row][\/et_pb_section][et_pb_section fb_built=\u00bb1&#8243; admin_label=\u00bbFooter\u00bb _builder_version=\u00bb4.24.2&#8243; _module_preset=\u00bbdefault\u00bb saved_tabs=\u00bball\u00bb collapsed=\u00bbon\u00bb global_colors_info=\u00bb{}\u00bb][et_pb_row column_structure=\u00bb1_2,1_2&#8243; make_equal=\u00bbon\u00bb _builder_version=\u00bb4.27.4&#8243; _module_preset=\u00bbdefault\u00bb background_color=\u00bbgcid-eba9b965-b9f9-43f5-b7e8-a0591766089f\u00bb background_position=\u00bbcenter_right\u00bb max_width=\u00bb1280px\u00bb overflow-x=\u00bbvisible\u00bb overflow-y=\u00bbvisible\u00bb custom_margin=\u00bb||30px||false|false\u00bb custom_padding=\u00bb0px||0px||true|false\u00bb border_radii=\u00bbon|10px|10px|10px|10px\u00bb global_colors_info=\u00bb{%22gcid-eba9b965-b9f9-43f5-b7e8-a0591766089f%22:%91%22background_color%22%93}\u00bb][et_pb_column type=\u00bb1_2&#8243; _builder_version=\u00bb4.21.0&#8243; _module_preset=\u00bbdefault\u00bb custom_padding=\u00bb60px|60px|60px|60px|true|true\u00bb custom_padding_tablet=\u00bb30px|30px|30px|30px|true|true\u00bb custom_padding_phone=\u00bb20px|20px|20px|20px|true|true\u00bb custom_padding_last_edited=\u00bbon|tablet\u00bb global_colors_info=\u00bb{}\u00bb][et_pb_text _builder_version=\u00bb4.27.4&#8243; _module_preset=\u00bbc18c744f-333b-4e9c-a7dc-a69ab2a8c5b9&#8243; text_font=\u00bbMontserrat||||||||\u00bb header_2_text_color=\u00bb#000000&#8243; custom_margin=\u00bb||10px||false|false\u00bb global_colors_info=\u00bb{}\u00bb]<\/p>\n<h2>Aprende y gana<\/h2>\n<p>[\/et_pb_text][et_pb_text _builder_version=\u00bb4.27.4&#8243; _module_preset=\u00bb8e1fe94f-1b15-4785-a94b-2770014e4a9c\u00bb text_font=\u00bbMontserrat||||||||\u00bb text_text_color=\u00bb#000000&#8243; global_colors_info=\u00bb{}\u00bb]Aprende nuevas habilidades, obt\u00e9n certificaciones reconocidas y avanza en tu carrera profesional, todo ello con una formaci\u00f3n flexible y pr\u00e1ctica dise\u00f1ada para tener un impacto inmediato en el lugar de trabajo. Con nuestro enfoque \u00abAprende y Gana\u00bb, puedes actualizar tus conocimientos r\u00e1pidamente y mantenerte a la vanguardia en tu campo. \u00a1Comienza tu viaje hoy mismo![\/et_pb_text][et_pb_button button_text=\u00bbComprueba otras microcredenciales\u00bb _builder_version=\u00bb4.27.4&#8243; _module_preset=\u00bb06363a6c-4f96-40c1-8d7b-b91f71cedcbe\u00bb button_border_radius=\u00bb15px\u00bb button_font=\u00bbMontserrat|700|||||||\u00bb global_colors_info=\u00bb{}\u00bb][\/et_pb_button][\/et_pb_column][et_pb_column type=\u00bb1_2&#8243; _builder_version=\u00bb4.22.0&#8243; _module_preset=\u00bbdefault\u00bb global_colors_info=\u00bb{}\u00bb][et_pb_image src=\u00bbhttps:\/\/selcedu.com\/wp-content\/uploads\/2025\/02\/virtual-courses-illustration-26@2x.png\u00bb title_text=\u00bbcursos virtuales-ilustraci\u00f3n-26@2x\u00bb _builder_version=\u00bb4.27.4&#8243; _module_preset=\u00bbdefault\u00bb positioning=\u00bbabsolute\u00bb position_origin_a=\u00bbbottom_left\u00bb position_origin_a_tablet=\u00bb\u00bb position_origin_a_phone=\u00bb\u00bb position_origin_a_last_edited=\u00bbon|tablet\u00bb position_origin_f_tablet=\u00bb\u00bb position_origin_f_phone=\u00bb\u00bb position_origin_f_last_edited=\u00bbon|tablet\u00bb position_origin_r_tablet=\u00bb\u00bb position_origin_r_phone=\u00bb\u00bb position_origin_r_last_edited=\u00bbon|tablet\u00bb width=\u00bb100%\u00bb scroll_horizontal_motion_enable=\u00bbon\u00bb scroll_horizontal_motion=\u00bb0|100|100|100|-0.5|0|0&#8243; positioning_tablet=\u00bbnone\u00bb positioning_phone=\u00bb\u00bb positioning_last_edited=\u00bbon|tablet\u00bb global_colors_info=\u00bb{}\u00bb][\/et_pb_image][\/et_pb_column][\/et_pb_row][\/et_pb_section]<\/p>\n","protected":false},"excerpt":{"rendered":"<p>Consigue tus microcredenciales de cuidador Cuidadora interna (cuidado de ni\u00f1os)Un curso de cuidador desarrolla habilidades en \u00e1reas b\u00e1sicas como el desarrollo infantil y el cuidado inclusivo. Ofrece certificaci\u00f3n mediante programas de formaci\u00f3n estructurados que incluyen m\u00f3dulos sobre orientaci\u00f3n conductual, protocolos de salud y seguridad, y creaci\u00f3n de entornos de apoyo. El curso hace hincapi\u00e9 en [&hellip;]<\/p>\n","protected":false},"author":22,"featured_media":0,"parent":260667,"menu_order":0,"comment_status":"closed","ping_status":"closed","template":"","meta":{"_et_pb_use_builder":"on","_et_pb_old_content":"","_et_gb_content_width":"","inline_featured_image":false,"footnotes":""},"class_list":["post-260762","page","type-page","status-publish","hentry"],"_links":{"self":[{"href":"https:\/\/selcedu.com\/es\/wp-json\/wp\/v2\/pages\/260762","targetHints":{"allow":["GET"]}}],"collection":[{"href":"https:\/\/selcedu.com\/es\/wp-json\/wp\/v2\/pages"}],"about":[{"href":"https:\/\/selcedu.com\/es\/wp-json\/wp\/v2\/types\/page"}],"author":[{"embeddable":true,"href":"https:\/\/selcedu.com\/es\/wp-json\/wp\/v2\/users\/22"}],"replies":[{"embeddable":true,"href":"https:\/\/selcedu.com\/es\/wp-json\/wp\/v2\/comments?post=260762"}],"version-history":[{"count":29,"href":"https:\/\/selcedu.com\/es\/wp-json\/wp\/v2\/pages\/260762\/revisions"}],"predecessor-version":[{"id":261705,"href":"https:\/\/selcedu.com\/es\/wp-json\/wp\/v2\/pages\/260762\/revisions\/261705"}],"up":[{"embeddable":true,"href":"https:\/\/selcedu.com\/es\/wp-json\/wp\/v2\/pages\/260667"}],"wp:attachment":[{"href":"https:\/\/selcedu.com\/es\/wp-json\/wp\/v2\/media?parent=260762"}],"curies":[{"name":"wp","href":"https:\/\/api.w.org\/{rel}","templated":true}]}}