{"id":260175,"date":"2024-04-04T21:34:48","date_gmt":"2024-04-04T21:34:48","guid":{"rendered":"https:\/\/selcedu.com\/politica-de-privacidad\/"},"modified":"2025-01-20T23:07:12","modified_gmt":"2025-01-20T23:07:12","slug":"politica-de-privacidad","status":"publish","type":"page","link":"https:\/\/selcedu.com\/es\/politica-de-privacidad\/","title":{"rendered":"Pol\u00edtica de privacidad"},"content":{"rendered":"<p>[et_pb_section fb_built=\u00bb1&#8243; next_background_color=\u00bb#ffffff\u00bb module_id=\u00bbmaterial-carrusel\u00bb _builder_version=\u00bb4.23.4&#8243; background_color=\u00bbgcid-e2b196e6-c1cd-4d7c-835d-4f50d20de00c\u00bb custom_margin=\u00bb-50px|||||\u00bb custom_padding=\u00bb||||false|false\u00bb bottom_divider_style=\u00bbasymmetric\u00bb bottom_divider_height=\u00bb113px\u00bb bottom_divider_height_tablet=\u00bb68px\u00bb bottom_divider_height_phone=\u00bb46px\u00bb bottom_divider_height_last_edited=\u00bbon|phone\u00bb collapsed=\u00bbon\u00bb global_colors_info=\u00bb{%22gcid-e2b196e6-c1cd-4d7c-835d-4f50d20de00c%22:%91%22background_color%22%93}\u00bb theme_builder_area=\u00bbpost_content\u00bb][et_pb_row column_structure=\u00bb3_5,2_5&#8243; _builder_version=\u00bb4.23.1&#8243; background_enable_color=\u00bboff\u00bb width=\u00bb90%\u00bb max_width=\u00bb90%\u00bb custom_margin=\u00bb100px||||false|false\u00bb custom_padding=\u00bb50px|50px|50px|50px|false|false\u00bb border_radii=\u00bbon|20px|20px|20px|20px\u00bb locked=\u00bboff\u00bb global_colors_info=\u00bb{}\u00bb theme_builder_area=\u00bbpost_content\u00bb][et_pb_column type=\u00bb3_5&#8243; _builder_version=\u00bb4.16&#8243; custom_padding=\u00bb|||\u00bb global_colors_info=\u00bb{}\u00bb custom_padding__hover=\u00bb|||\u00bb theme_builder_area=\u00bbpost_content\u00bb][et_pb_text _builder_version=\u00bb4.24.2&#8243; text_text_color=\u00bb#FFFFFF\u00bb text_font_size=\u00bb20px\u00bb link_font=\u00bbMontserrat||||||||\u00bb link_text_color=\u00bb#FFFFFF\u00bb link_font_size=\u00bb15px\u00bb header_font=\u00bbMontserrat|700|||||||\u00bb header_text_color=\u00bb#FFFFFF\u00bb header_font_size=\u00bb45px\u00bb header_letter_spacing=\u00bb3px\u00bb header_line_height=\u00bb140%\u00bb header_2_font=\u00bbMontserrat|700|||||||\u00bb header_2_text_color=\u00bbgcid-e2b196e6-c1cd-4d7c-835d-4f50d20de00c\u00bb header_2_font_size=\u00bb35px\u00bb header_2_line_height=\u00bb2em\u00bb header_3_font=\u00bbMontserrat||||||||\u00bb header_3_text_align=\u00bbcenter\u00bb header_3_text_color=\u00bb#312a29&#8243; header_3_font_size=\u00bb18px\u00bb header_3_line_height=\u00bb1.5em\u00bb custom_margin=\u00bb-6px||||false|false\u00bb custom_padding=\u00bb0px||||false|false\u00bb animation_direction=\u00bbright\u00bb hover_enabled=\u00bb0&#8243; text_font_size_tablet=\u00bb\u00bb text_font_size_phone=\u00bb14px\u00bb text_font_size_last_edited=\u00bbon|phone\u00bb header_font_size_tablet=\u00bb40px\u00bb header_font_size_phone=\u00bb24px\u00bb header_font_size_last_edited=\u00bbon|tablet\u00bb global_colors_info=\u00bb{%22gcid-d0328ec1-b9c5-42bf-af93-bacd6777b9fa%22:%91%22header_3_text_color%22,%22header_3_text_color%22%93,%22gcid-e2b196e6-c1cd-4d7c-835d-4f50d20de00c%22:%91%22header_2_text_color%22%93}\u00bb theme_builder_area=\u00bbpost_content\u00bb sticky_enabled=\u00bb0&#8243;]<\/p>\n<nav aria-label=\"breadcrumbs\"><a href=\"#\">SELC<\/a><span class=\"separator\"> | <\/span><a href=\"#\">Privacidad<\/a><\/nav>\n<h1>Pol\u00edtica de privacidad<\/h1>\n<p>[\/et_pb_text][\/et_pb_column][et_pb_column type=\u00bb2_5&#8243; _builder_version=\u00bb4.16&#8243; custom_padding=\u00bb|||\u00bb global_colors_info=\u00bb{}\u00bb custom_padding__hover=\u00bb|||\u00bb theme_builder_area=\u00bbpost_content\u00bb][\/et_pb_column][\/et_pb_row][\/et_pb_section][et_pb_section fb_built=\u00bb1&#8243; _builder_version=\u00bb4.23.4&#8243; _module_preset=\u00bbdefault\u00bb global_colors_info=\u00bb{}\u00bb theme_builder_area=\u00bbpost_content\u00bb][et_pb_row _builder_version=\u00bb4.24.2&#8243; _module_preset=\u00bbdefault\u00bb theme_builder_area=\u00bbpost_content\u00bb][et_pb_column _builder_version=\u00bb4.24.2&#8243; _module_preset=\u00bbdefault\u00bb type=\u00bb4_4&#8243; theme_builder_area=\u00bbpost_content\u00bb][et_pb_text _builder_version=\u00bb4.24.2&#8243; _module_preset=\u00bbdefault\u00bb theme_builder_area=\u00bbpost_content\u00bb hover_enabled=\u00bb0&#8243; sticky_enabled=\u00bb0&#8243;]<\/p>\n<p>En SELC College, nos comprometemos a salvaguardar tu privacidad. Este aviso describe nuestro enfoque de la privacidad y seguridad de la informaci\u00f3n personal en todas nuestras plataformas, incluido nuestro sitio web <a target=\"_new\" href=\"https:\/\/selcedu.com\/es\/\" rel=\"noopener\">selcedu.com<\/a>. <\/p>\n<h2>Informaci\u00f3n personal<\/h2>\n<p>Definimos \u00abInformaci\u00f3n Personal\u00bb como cualquier dato que pueda identificarte o ponernos en contacto contigo, como tu nombre, correo electr\u00f3nico o n\u00famero de DNI, y otros datos como las calificaciones de los ex\u00e1menes cuando est\u00e1n vinculados a tu Informaci\u00f3n Personal.<\/p>\n<h2>Recogida de informaci\u00f3n personal<\/h2>\n<p><strong>A trav\u00e9s de nuestro sitio web:<\/strong> Recogemos Informaci\u00f3n Personal cuando interact\u00faas con nuestro sitio web, incluyendo:<\/p>\n<ul>\n<li><strong>Informaci\u00f3n de contacto:<\/strong> Para comunicarnos contigo (nombre, correo electr\u00f3nico, n\u00fameros de tel\u00e9fono).<\/li>\n<li><strong>Informaci\u00f3n de relaci\u00f3n:<\/strong> Para servicios personalizados (preferencias de ex\u00e1menes, datos escolares, fechas de graduaci\u00f3n).<\/li>\n<li><strong>Informaci\u00f3n sobre transacciones:<\/strong> Detalles de tus interacciones con SELC College (inscripci\u00f3n en ex\u00e1menes, compras, registros de atenci\u00f3n al cliente).<\/li>\n<\/ul>\n<p><strong>Informaci\u00f3n sensible:<\/strong> Seg\u00fan sea necesario, podemos recopilar datos sensibles, incluidos datos biom\u00e9tricos e informaci\u00f3n para solicitudes de alojamiento o ayuda financiera, en cumplimiento de las normas legales.<\/p>\n<h2>Uso de la informaci\u00f3n personal<\/h2>\n<p>Tus Datos Personales se utilizan para:<\/p>\n<ul>\n<li>Prestar y mejorar nuestros servicios y comunicaciones.<\/li>\n<li>Proporcionar marketing personalizado, basado en tus preferencias.<\/li>\n<li>Analiza el uso para obtener informaci\u00f3n y tendencias educativas.<\/li>\n<li>Gestionar nuestras operaciones, desde el procesamiento de pagos hasta el cumplimiento legal.<\/li>\n<\/ul>\n<h2>Cookies y tecnolog\u00eda<\/h2>\n<p>Cuando visitas selcedu.com, utilizamos cookies y otras tecnolog\u00edas para mejorar tu experiencia y recopilar datos relacionados con tu interacci\u00f3n con nuestro sitio. Esta informaci\u00f3n, cuando se asocia a tus Datos Personales, est\u00e1 cubierta por este aviso. <\/p>\n<h2>Conservaci\u00f3n de datos<\/h2>\n<p>Conservamos los Datos Personales durante el tiempo que sea necesario para nuestras operaciones y seg\u00fan lo exija la ley. Puedes solicitar la eliminaci\u00f3n de tus datos poni\u00e9ndote en contacto con nosotros en <a target=\"_new\" rel=\"noopener\">marketing@selcedu.com.<\/a> <\/p>\n<h2>Contactar con nosotros<\/h2>\n<p>Para cualquier consulta o duda sobre nuestras pr\u00e1cticas de privacidad o este aviso, ponte en contacto con nosotros por correo electr\u00f3nico en <a target=\"_new\" rel=\"noopener\">marketing@selcedu.com<\/a> o visita nuestra p\u00e1gina de contacto en <a target=\"_new\" rel=\"noopener\">selcedu.com\/contact<\/a>.<\/p>\n<p>[\/et_pb_text][\/et_pb_column][\/et_pb_row][\/et_pb_section]<\/p>\n","protected":false},"excerpt":{"rendered":"<p>SELC | Privacidad Pol\u00edtica de privacidadEn SELC College, nos comprometemos a salvaguardar tu privacidad. Este aviso describe nuestro enfoque de la privacidad y seguridad de la informaci\u00f3n personal en todas nuestras plataformas, incluido nuestro sitio web selcedu.com. Informaci\u00f3n personal Definimos \u00abInformaci\u00f3n Personal\u00bb como cualquier dato que pueda identificarte o ponernos en contacto contigo, como tu [&hellip;]<\/p>\n","protected":false},"author":22,"featured_media":0,"parent":0,"menu_order":0,"comment_status":"closed","ping_status":"closed","template":"","meta":{"_et_pb_use_builder":"on","_et_pb_old_content":"","_et_gb_content_width":"","inline_featured_image":false,"footnotes":""},"class_list":["post-260175","page","type-page","status-publish","hentry"],"_links":{"self":[{"href":"https:\/\/selcedu.com\/es\/wp-json\/wp\/v2\/pages\/260175","targetHints":{"allow":["GET"]}}],"collection":[{"href":"https:\/\/selcedu.com\/es\/wp-json\/wp\/v2\/pages"}],"about":[{"href":"https:\/\/selcedu.com\/es\/wp-json\/wp\/v2\/types\/page"}],"author":[{"embeddable":true,"href":"https:\/\/selcedu.com\/es\/wp-json\/wp\/v2\/users\/22"}],"replies":[{"embeddable":true,"href":"https:\/\/selcedu.com\/es\/wp-json\/wp\/v2\/comments?post=260175"}],"version-history":[{"count":2,"href":"https:\/\/selcedu.com\/es\/wp-json\/wp\/v2\/pages\/260175\/revisions"}],"predecessor-version":[{"id":260177,"href":"https:\/\/selcedu.com\/es\/wp-json\/wp\/v2\/pages\/260175\/revisions\/260177"}],"wp:attachment":[{"href":"https:\/\/selcedu.com\/es\/wp-json\/wp\/v2\/media?parent=260175"}],"curies":[{"name":"wp","href":"https:\/\/api.w.org\/{rel}","templated":true}]}}