{"id":260074,"date":"2024-11-19T00:11:13","date_gmt":"2024-11-19T00:11:13","guid":{"rendered":"https:\/\/selcedu.com\/programas-pathway\/universidad-beal\/"},"modified":"2026-01-08T22:31:32","modified_gmt":"2026-01-08T22:31:32","slug":"universidad-beal","status":"publish","type":"page","link":"https:\/\/selcedu.com\/es\/programas-pathway\/universidad-beal\/","title":{"rendered":"Universidad Beal"},"content":{"rendered":"\n[et_pb_section fb_built=\u00bb1&#8243; admin_label=\u00bbHeader\u00bb _builder_version=\u00bb4.27.2&#8243; use_background_color_gradient=\u00bbon\u00bb background_color_gradient_direction=\u00bb270deg\u00bb background_color_gradient_stops=\u00bbrgba(234,203,0,0) 37%|#163362 100%\u00bb background_color_gradient_overlays_image=\u00bbon\u00bb background_color_gradient_start=\u00bbrgba(23,0,190,0.3)\u00bb background_color_gradient_end=\u00bbrgba(23,0,190,0.9)\u00bb background_color_gradient_end_position=\u00bb64%\u00bb background_image=\u00bbhttps:\/\/selcedu.com\/wp-content\/uploads\/2024\/11\/beal-university-pathway.webp\u00bb background_position=\u00bbcenter_right\u00bb transform_scale_tablet=\u00bb\u00bb transform_scale_phone=\u00bb\u00bb transform_scale_last_edited=\u00bbon|desktop\u00bb transform_translate_tablet=\u00bb\u00bb transform_translate_phone=\u00bb0px|0px\u00bb transform_translate_last_edited=\u00bbon|desktop\u00bb transform_translate_linked=\u00bboff\u00bb transform_rotate_tablet=\u00bb\u00bb transform_rotate_phone=\u00bb\u00bb transform_rotate_last_edited=\u00bbon|desktop\u00bb transform_skew_tablet=\u00bb\u00bb transform_skew_phone=\u00bb\u00bb transform_skew_last_edited=\u00bbon|desktop\u00bb transform_origin_tablet=\u00bb\u00bb transform_origin_phone=\u00bb\u00bb transform_origin_last_edited=\u00bbon|desktop\u00bb transform_styles_last_edited=\u00bbon|desktop\u00bb custom_margin=\u00bb-45px||||false|false\u00bb custom_margin_tablet=\u00bb-45px||||false|false\u00bb custom_margin_phone=\u00bb-45px||||false|false\u00bb custom_margin_last_edited=\u00bbon|tablet\u00bb custom_padding=\u00bb6vw||0vw||false|false\u00bb transform_styles_tablet=\u00bb\u00bb transform_styles_phone=\u00bb\u00bb global_colors_info=\u00bb{}\u00bb][et_pb_row _builder_version=\u00bb4.27.2&#8243; z_index=\u00bb10&#8243; max_width=\u00bbnone\u00bb global_colors_info=\u00bb{}\u00bb][et_pb_column type=\u00bb4_4&#8243; _builder_version=\u00bb4.16&#8243; global_colors_info=\u00bb{}\u00bb][et_pb_text _builder_version=\u00bb4.27.2&#8243; text_font_size=\u00bb16px\u00bb text_line_height=\u00bb1.8em\u00bb header_font=\u00bbMontserrat|700|||||||\u00bb header_font_size=\u00bb4vw\u00bb header_line_height=\u00bb1.3em\u00bb background_layout=\u00bbdark\u00bb width=\u00bb87%\u00bb header_font_size_tablet=\u00bb\u00bb header_font_size_phone=\u00bb42px\u00bb header_font_size_last_edited=\u00bbon|phone\u00bb header_text_shadow_style=\u00bbpreset1&#8243; header_text_shadow_horizontal_length=\u00bb-0.03em\u00bb header_text_shadow_vertical_length=\u00bb-0.02em\u00bb header_text_shadow_blur_strength=\u00bb0.22em\u00bb global_colors_info=\u00bb{}\u00bb]<p><img decoding=\"async\" src=\"https:\/\/selcedu.com\/wp-content\/uploads\/2024\/11\/beal-university-white-logo.svg\" width=\"300\" height=\"300\" alt=\"logotipo blanco de la universidad de beal\" class=\"wp-image-258594 alignnone size-medium\" title=\"\"><\/p>\n<h1>Camino a la Universidad Beal<\/h1>[\/et_pb_text][et_pb_text _builder_version=\u00bb4.27.2&#8243; text_font_size=\u00bb16px\u00bb text_line_height=\u00bb1.8em\u00bb background_layout=\u00bbdark\u00bb max_width=\u00bb800px\u00bb global_colors_info=\u00bb{}\u00bb]<p>Esta v\u00eda proporciona una transici\u00f3n fluida a los estudiantes que cursan estudios avanzados en el campo de la enfermer\u00eda, combinando la formaci\u00f3n pr\u00e1ctica de SELC con el completo plan de estudios acad\u00e9mico de la Universidad Beal. Los estudiantes obtienen un valioso ahorro de tiempo y dinero al tiempo que construyen una base s\u00f3lida para sus carreras de enfermer\u00eda. <\/p>\n<p>&nbsp;<\/p>[\/et_pb_text][\/et_pb_column][\/et_pb_row][et_pb_row custom_padding_last_edited=\u00bbon|phone\u00bb _builder_version=\u00bb4.27.2&#8243; use_background_color_gradient=\u00bbon\u00bb background_color_gradient_direction=\u00bb-45deg\u00bb background_color_gradient_stops=\u00bb#163362 29%|rgba(206,14,45,0) 59%\u00bb background_color_gradient_start=\u00bb#000000&#8243; background_color_gradient_start_position=\u00bb64%\u00bb background_color_gradient_end=\u00bbrgba(0,0,0,0)\u00bb background_color_gradient_end_position=\u00bb0%\u00bb max_width=\u00bbnone\u00bb custom_margin=\u00bb-14vw||||false|false\u00bb custom_margin_tablet=\u00bb0px||||false|false\u00bb custom_margin_phone=\u00bb\u00bb custom_margin_last_edited=\u00bbon|phone\u00bb custom_padding=\u00bb80px||80px|40%|true|false\u00bb custom_padding_tablet=\u00bb60px||60px|35%|true|false\u00bb custom_padding_phone=\u00bb40px||40px||true|false\u00bb box_shadow_style=\u00bbpreset4&#8243; box_shadow_horizontal=\u00bb30vw\u00bb box_shadow_vertical=\u00bb0px\u00bb box_shadow_color=\u00bb#163362&#8243; global_colors_info=\u00bb{%22gcid-d0328ec1-b9c5-42bf-af93-bacd6777b9fa%22:%91%22background_color_gradient_stops%22%93}\u00bb][et_pb_column type=\u00bb4_4&#8243; _builder_version=\u00bb4.16&#8243; global_colors_info=\u00bb{}\u00bb][\/et_pb_column][\/et_pb_row][\/et_pb_section][et_pb_section fb_built=\u00bb1&#8243; custom_padding_last_edited=\u00bbon|tablet\u00bb admin_label=\u00bbAbout\u00bb _builder_version=\u00bb4.27.2&#8243; background_color=\u00bb#163362&#8243; use_background_color_gradient=\u00bbon\u00bb background_color_gradient_direction=\u00bb135deg\u00bb background_color_gradient_stops=\u00bbrgba(255,255,255,0) 32%|#ffffff 32%\u00bb background_color_gradient_start=\u00bbrgba(255,255,255,0)\u00bb background_color_gradient_start_position=\u00bb32%\u00bb background_color_gradient_end=\u00bb#ffffff\u00bb background_color_gradient_end_position=\u00bb0%\u00bb background_enable_image=\u00bboff\u00bb background_position=\u00bbtop_left\u00bb custom_padding=\u00bb0px||10vw||false|false\u00bb custom_padding_tablet=\u00bb||||false|false\u00bb custom_padding_phone=\u00bb\u00bb global_colors_info=\u00bb{}\u00bb][et_pb_row column_structure=\u00bb1_2,1_2&#8243; _builder_version=\u00bb4.23.4&#8243; max_width=\u00bbnone\u00bb custom_padding=\u00bb0px|||||\u00bb global_colors_info=\u00bb{}\u00bb][et_pb_column type=\u00bb1_2&#8243; _builder_version=\u00bb4.16&#8243; global_colors_info=\u00bb{}\u00bb][et_pb_text _builder_version=\u00bb4.27.2&#8243; _module_preset=\u00bbdefault\u00bb custom_margin=\u00bb150px||||false|false\u00bb border_radii=\u00bbon|25px|25px|25px|25px\u00bb global_colors_info=\u00bb{}\u00bb]<p><iframe width=\"560\" height=\"315\" src=\"https:\/\/www.youtube.com\/embed\/FIQlpGUxxVc?si=GaMv6NxHKip-brNA\" title=\"Reproductor de v\u00eddeo de YouTube\" frameborder=\"0\" allow=\"accelerometer; autoplay; clipboard-write; encrypted-media; gyroscope; picture-in-picture; web-share\" referrerpolicy=\"strict-origin-when-cross-origin\" allowfullscreen=\"\"><\/iframe><\/p>[\/et_pb_text][\/et_pb_column][et_pb_column type=\u00bb1_2&#8243; _builder_version=\u00bb4.23.4&#8243; custom_padding=\u00bb5vw||||false|false\u00bb custom_padding_tablet=\u00bb0vw||||false|false\u00bb custom_padding_phone=\u00bb\u00bb custom_padding_last_edited=\u00bbon|tablet\u00bb global_colors_info=\u00bb{}\u00bb][et_pb_text _builder_version=\u00bb4.27.2&#8243; header_2_font=\u00bbMontserrat|700|||||||\u00bb header_2_text_color=\u00bbgcid-d0328ec1-b9c5-42bf-af93-bacd6777b9fa\u00bb header_2_font_size=\u00bb30px\u00bb header_2_line_height=\u00bb1.7em\u00bb background_layout=\u00bbdark\u00bb max_width=\u00bb600px\u00bb custom_padding=\u00bb50px||||false|false\u00bb header_2_font_size_tablet=\u00bb28px\u00bb header_2_font_size_phone=\u00bb18px\u00bb header_2_font_size_last_edited=\u00bbon|desktop\u00bb locked=\u00bboff\u00bb global_colors_info=\u00bb{%22gcid-d0328ec1-b9c5-42bf-af93-bacd6777b9fa%22:%91%22header_3_text_color%22,%22header_2_text_color%22%93}\u00bb]<p><span><img decoding=\"async\" src=\"https:\/\/selcedu.com\/wp-content\/uploads\/2024\/11\/beal-university-coloured.svg\" width=\"300\" height=\"300\" alt=\"logotipo coloreado de la universidad de beal\" class=\"wp-image-258593 alignnone size-medium\" title=\"\"><\/span><\/p>\n<h2><span>Acerca de la Universidad Beal<\/span><\/h2>\n<p><span><\/span><\/p>[\/et_pb_text][et_pb_text _builder_version=\u00bb4.27.0&#8243; text_text_color=\u00bbgcid-d0328ec1-b9c5-42bf-af93-bacd6777b9fa\u00bb text_font_size=\u00bb16px\u00bb text_line_height=\u00bb1.8em\u00bb max_width=\u00bb500px\u00bb max_width_tablet=\u00bb100%\u00bb max_width_phone=\u00bb\u00bb max_width_last_edited=\u00bbon|tablet\u00bb custom_padding=\u00bb||||false|false\u00bb global_colors_info=\u00bb{%22gcid-d0328ec1-b9c5-42bf-af93-bacd6777b9fa%22:%91%22header_3_text_color%22,%22text_text_color%22%93}\u00bb]<p><a href=\"https:\/\/beal.edu\/\" target=\"_blank\" rel=\"noopener\">La Universidad Beal<\/a>, fundada en 1891, es una instituci\u00f3n privada situada en Bangor, Maine. Ofrece una gama de programas acelerados de diplomatura, asociado, licenciatura y m\u00e1ster en seis campos de estudio: Ciencias de la Salud, Empresariales, Asesoramiento en Adicciones, Enfermer\u00eda y Tecnolog\u00eda de la Soldadura. La universidad ofrece opciones de aprendizaje flexibles, incluidos formatos en l\u00ednea e h\u00edbridos, para adaptarse a las diversas necesidades de los estudiantes. La Universidad Beal est\u00e1 acreditada por la Comisi\u00f3n de Acreditaci\u00f3n de Escuelas y Facultades Profesionales (ACCSC).<\/p>[\/et_pb_text][\/et_pb_column][\/et_pb_row][\/et_pb_section][et_pb_section fb_built=\u00bb1&#8243; admin_label=\u00bbServices\u00bb _builder_version=\u00bb4.27.2&#8243; background_color=\u00bb#163362&#8243; width=\u00bb87%\u00bb module_alignment=\u00bbcenter\u00bb custom_margin=\u00bb||50px||false|false\u00bb border_radii=\u00bbon|20px|20px|20px|20px\u00bb global_colors_info=\u00bb{}\u00bb][et_pb_row _builder_version=\u00bb4.24.3&#8243; _module_preset=\u00bbdefault\u00bb global_colors_info=\u00bb{}\u00bb][et_pb_column type=\u00bb4_4&#8243; _builder_version=\u00bb4.24.3&#8243; _module_preset=\u00bbdefault\u00bb global_colors_info=\u00bb{}\u00bb][et_pb_text _builder_version=\u00bb4.27.2&#8243; header_2_font=\u00bbMontserrat|700|||||||\u00bb header_2_text_align=\u00bbcenter\u00bb header_2_text_color=\u00bb#FFFFFF\u00bb header_2_font_size=\u00bb30px\u00bb header_2_line_height=\u00bb1.2em\u00bb header_3_text_color=\u00bb#FFFFFF\u00bb module_alignment=\u00bbcenter\u00bb header_2_font_size_tablet=\u00bb\u00bb header_2_font_size_phone=\u00bb30px\u00bb header_2_font_size_last_edited=\u00bbon|phone\u00bb global_colors_info=\u00bb{%22gcid-d0328ec1-b9c5-42bf-af93-bacd6777b9fa%22:%91%22header_3_text_color%22%93}\u00bb]<h2>\u00bfC\u00f3mo funciona para los estudiantes el Camino a la Universidad Beal?<\/h2>[\/et_pb_text][\/et_pb_column][\/et_pb_row][et_pb_row column_structure=\u00bb1_3,1_3,1_3&#8243; _builder_version=\u00bb4.24.3&#8243; _module_preset=\u00bbdefault\u00bb global_colors_info=\u00bb{}\u00bb][et_pb_column type=\u00bb1_3&#8243; _builder_version=\u00bb4.24.3&#8243; _module_preset=\u00bbdefault\u00bb global_colors_info=\u00bb{}\u00bb][et_pb_text _builder_version=\u00bb4.24.3&#8243; _module_preset=\u00bbdefault\u00bb text_text_color=\u00bb#FFFFFF\u00bb text_font_size=\u00bb43px\u00bb header_3_text_color=\u00bb#FFFFFF\u00bb custom_margin=\u00bb|80%|||false|false\u00bb custom_padding=\u00bb|||20px|false|false\u00bb border_radii=\u00bbon|150px|150px|150px|150px\u00bb border_width_all=\u00bb3px\u00bb border_color_all=\u00bb#FFFFFF\u00bb box_shadow_style=\u00bbpreset4&#8243; box_shadow_vertical=\u00bb11px\u00bb box_shadow_spread=\u00bb-5px\u00bb global_colors_info=\u00bb{%22gcid-d0328ec1-b9c5-42bf-af93-bacd6777b9fa%22:%91%22header_3_text_color%22%93}\u00bb]<p>1<\/p>[\/et_pb_text][et_pb_text _builder_version=\u00bb4.24.3&#8243; text_text_color=\u00bb#FFFFFF\u00bb text_font_size=\u00bb16px\u00bb text_line_height=\u00bb1.8em\u00bb header_3_font=\u00bbMontserrat|600|||||||\u00bb header_3_text_color=\u00bb#FFFFFF\u00bb header_3_line_height=\u00bb1.5em\u00bb max_width=\u00bb500px\u00bb max_width_tablet=\u00bb100%\u00bb max_width_phone=\u00bb\u00bb max_width_last_edited=\u00bbon|tablet\u00bb custom_padding=\u00bb||||false|false\u00bb global_colors_info=\u00bb{}\u00bb]<h3>Preparaci\u00f3n del idioma ingl\u00e9s<\/h3>\n<p><strong>(S\u00f3lo si es necesario)<\/strong><\/p>\n<p>Este paso es crucial para los estudiantes que necesitan mejorar sus conocimientos de ingl\u00e9s para cumplir los requisitos acad\u00e9micos de la educaci\u00f3n postsecundaria en Canad\u00e1. Si tu dominio del ingl\u00e9s no alcanza el nivel requerido, tendr\u00e1s que matricularte en este programa durante el proceso de admisi\u00f3n. <\/p>[\/et_pb_text][\/et_pb_column][et_pb_column type=\u00bb1_3&#8243; _builder_version=\u00bb4.24.3&#8243; _module_preset=\u00bbdefault\u00bb global_colors_info=\u00bb{}\u00bb][et_pb_text _builder_version=\u00bb4.24.3&#8243; _module_preset=\u00bbdefault\u00bb text_text_color=\u00bb#FFFFFF\u00bb text_font_size=\u00bb43px\u00bb header_3_text_color=\u00bb#FFFFFF\u00bb custom_margin=\u00bb|80%|||false|false\u00bb custom_padding=\u00bb|||20px|false|false\u00bb border_radii=\u00bbon|150px|150px|150px|150px\u00bb border_width_all=\u00bb3px\u00bb border_color_all=\u00bb#FFFFFF\u00bb box_shadow_style=\u00bbpreset4&#8243; box_shadow_vertical=\u00bb11px\u00bb box_shadow_spread=\u00bb-5px\u00bb global_colors_info=\u00bb{%22gcid-d0328ec1-b9c5-42bf-af93-bacd6777b9fa%22:%91%22header_3_text_color%22%93}\u00bb]<p>2<\/p>[\/et_pb_text][et_pb_text _builder_version=\u00bb4.27.2&#8243; text_text_color=\u00bb#FFFFFF\u00bb text_font_size=\u00bb16px\u00bb text_line_height=\u00bb1.8em\u00bb header_3_font=\u00bbMontserrat|600|||||||\u00bb header_3_text_color=\u00bb#FFFFFF\u00bb header_3_line_height=\u00bb1.5em\u00bb max_width=\u00bb500px\u00bb max_width_tablet=\u00bb100%\u00bb max_width_phone=\u00bb\u00bb max_width_last_edited=\u00bbon|tablet\u00bb custom_padding=\u00bb||||false|false\u00bb global_colors_info=\u00bb{%22gcid-d0328ec1-b9c5-42bf-af93-bacd6777b9fa%22:%91%22header_3_text_color%22,%22header_3_text_color%22%93,%22gcid-e2b196e6-c1cd-4d7c-835d-4f50d20de00c%22:%91%22header_3_text_color%22%93}\u00bb]<h3>Estudia el Programa de Diploma de Auxiliar Sanitario en SELC College<\/h3>\n<p>Tras mejorar tus conocimientos de ingl\u00e9s, el siguiente paso es completar un diploma especializado en Auxiliar Sanitario. Este programa proporciona conocimientos b\u00e1sicos y habilidades cruciales para una carrera de gesti\u00f3n empresarial. <\/p>[\/et_pb_text][\/et_pb_column][et_pb_column type=\u00bb1_3&#8243; _builder_version=\u00bb4.24.3&#8243; _module_preset=\u00bbdefault\u00bb global_colors_info=\u00bb{}\u00bb][et_pb_text _builder_version=\u00bb4.24.3&#8243; _module_preset=\u00bbdefault\u00bb text_text_color=\u00bb#FFFFFF\u00bb text_font_size=\u00bb43px\u00bb header_3_text_color=\u00bb#FFFFFF\u00bb custom_margin=\u00bb|80%|||false|false\u00bb custom_padding=\u00bb|||20px|false|false\u00bb border_radii=\u00bbon|150px|150px|150px|150px\u00bb border_width_all=\u00bb3px\u00bb border_color_all=\u00bb#FFFFFF\u00bb box_shadow_style=\u00bbpreset4&#8243; box_shadow_vertical=\u00bb11px\u00bb box_shadow_spread=\u00bb-5px\u00bb global_colors_info=\u00bb{%22gcid-d0328ec1-b9c5-42bf-af93-bacd6777b9fa%22:%91%22header_3_text_color%22%93}\u00bb]<p>3<\/p>[\/et_pb_text][et_pb_text _builder_version=\u00bb4.27.2&#8243; text_text_color=\u00bb#FFFFFF\u00bb text_font_size=\u00bb16px\u00bb text_line_height=\u00bb1.8em\u00bb header_3_font=\u00bbMontserrat|600|||||||\u00bb header_3_text_color=\u00bb#FFFFFF\u00bb header_3_line_height=\u00bb1.5em\u00bb max_width=\u00bb500px\u00bb max_width_tablet=\u00bb100%\u00bb max_width_phone=\u00bb\u00bb max_width_last_edited=\u00bbon|tablet\u00bb custom_padding=\u00bb||||false|false\u00bb hover_enabled=\u00bb0&#8243; global_colors_info=\u00bb{%22gcid-d0328ec1-b9c5-42bf-af93-bacd6777b9fa%22:%91%22header_3_text_color%22,%22header_3_text_color%22%93,%22gcid-e2b196e6-c1cd-4d7c-835d-4f50d20de00c%22:%91%22header_3_text_color%22%93}\u00bb sticky_enabled=\u00bb0&#8243;]<h3>Transfiere tus horas a la Universidad Beal<\/h3>\n<div class=\"flex max-w-full flex-col flex-grow\">\n<div data-message-author-role=\"assistant\" data-message-id=\"2576a426-c33c-4978-a89f-5468c2f66427\" dir=\"auto\" class=\"min-h-8 text-message flex w-full flex-col items-end gap-2 whitespace-normal break-words [.text-message+&amp;]:mt-5\" data-message-model-slug=\"gpt-4o\">\n<div class=\"flex w-full flex-col gap-1 empty:hidden first:pt-[3px]\">\n<div class=\"markdown prose w-full break-words dark:prose-invert dark\">\n<p>Una vez que completes el Programa de Asistente de Salud en SELC, eres elegible para transferir horas a la Universidad Beal. Cuarenta horas se acreditan para el curso \u00abConceptos Fundamentales de Enfermer\u00eda II\u00bb. <\/p>\n<\/div>\n<\/div>\n<\/div>\n<\/div>\n<p><span data-teams=\"true\"><span class=\"ui-provider a b c d e f g h i j k l m n o p q r s t u v w x y z ab ac ae af ag ah ai aj ak\" dir=\"ltr\"> <\/span><\/span><\/p>[\/et_pb_text][\/et_pb_column][\/et_pb_row][\/et_pb_section][et_pb_section fb_built=\u00bb1&#8243; admin_label=\u00bbFAQ\u00bb _builder_version=\u00bb4.24.3&#8243; use_background_color_gradient=\u00bbon\u00bb background_color_gradient_direction=\u00bb45deg\u00bb background_color_gradient_stops=\u00bbgcid-d0328ec1-b9c5-42bf-af93-bacd6777b9fa 30%|gcid-e2b196e6-c1cd-4d7c-835d-4f50d20de00c 30%\u00bb background_color_gradient_start=\u00bb#000000&#8243; background_color_gradient_end=\u00bb#1700be\u00bb transform_translate=\u00bb0px|1px\u00bb transform_translate_linked=\u00bboff\u00bb overflow-x=\u00bbhidden\u00bb overflow-y=\u00bbhidden\u00bb custom_margin=\u00bb||||false|false\u00bb custom_padding=\u00bb0vw||0px||false|false\u00bb global_colors_info=\u00bb{%22gcid-e2b196e6-c1cd-4d7c-835d-4f50d20de00c%22:%91%22background_color_gradient_stops%22%93,%22gcid-d0328ec1-b9c5-42bf-af93-bacd6777b9fa%22:%91%22background_color_gradient_stops%22%93,%22gcid-a0ba1aeb-fd6f-46ff-9395-a15ba774ec59%22:%91%22background_color_gradient_stops%22%93,%22gcid-ad03bea6-153c-40dc-84e3-42d8be8ae377%22:%91%22background_color_gradient_stops%22%93,%22gcid-d88780af-9f2b-435a-95eb-61ad43cf376a%22:%91%22background_color_gradient_stops%22%93}\u00bb][et_pb_row column_structure=\u00bb2_5,3_5&#8243; _builder_version=\u00bb4.23.4&#8243; custom_padding=\u00bb0px||0px||true|false\u00bb box_shadow_style=\u00bbpreset4&#8243; box_shadow_horizontal=\u00bb30vw\u00bb box_shadow_vertical=\u00bb0px\u00bb box_shadow_color=\u00bb#ffffff\u00bb box_shadow_horizontal_tablet=\u00bb\u00bb box_shadow_horizontal_phone=\u00bb\u00bb box_shadow_horizontal_last_edited=\u00bbon|phone\u00bb global_colors_info=\u00bb{}\u00bb][et_pb_column type=\u00bb2_5&#8243; _builder_version=\u00bb4.16&#8243; custom_padding=\u00bb100px||100px||true|false\u00bb custom_padding_tablet=\u00bb|40px|5vw|40px|false|true\u00bb custom_padding_last_edited=\u00bboff|desktop\u00bb global_colors_info=\u00bb{}\u00bb][et_pb_text _builder_version=\u00bb4.23.4&#8243; header_2_font=\u00bbMontserrat|700|||||||\u00bb header_2_font_size=\u00bb30px\u00bb header_2_line_height=\u00bb1.8em\u00bb background_layout=\u00bbdark\u00bb header_2_font_size_tablet=\u00bb\u00bb header_2_font_size_phone=\u00bb30px\u00bb header_2_font_size_last_edited=\u00bbon|phone\u00bb locked=\u00bboff\u00bb global_colors_info=\u00bb{}\u00bb]<h2>Preguntas frecuentes sobre los programas Pathway<\/h2>[\/et_pb_text][\/et_pb_column][et_pb_column type=\u00bb3_5&#8243; _builder_version=\u00bb4.16&#8243; background_color=\u00bb#ffffff\u00bb transform_translate=\u00bb1px|0px\u00bb transform_translate_linked=\u00bboff\u00bb custom_padding=\u00bb100px|40px|100px|40px|true|true\u00bb custom_padding_tablet=\u00bb5vw|30px||30px|false|true\u00bb custom_padding_phone=\u00bb|20px||20px|false|true\u00bb custom_padding_last_edited=\u00bbon|phone\u00bb box_shadow_horizontal_last_edited=\u00bboff|phone\u00bb box_shadow_spread_tablet=\u00bb0vw\u00bb box_shadow_spread_phone=\u00bb\u00bb box_shadow_spread_last_edited=\u00bbon|phone\u00bb global_colors_info=\u00bb{}\u00bb][et_pb_accordion closed_toggle_text_color=\u00bb#2a2a2a\u00bb closed_toggle_background_color=\u00bbrgba(0,0,0,0)\u00bb icon_color=\u00bbgcid-d0328ec1-b9c5-42bf-af93-bacd6777b9fa\u00bb use_icon_font_size=\u00bbon\u00bb icon_font_size=\u00bb24px\u00bb _builder_version=\u00bb4.24.3&#8243; toggle_level=\u00bbh3&#8243; toggle_font=\u00bbMontserrat|700|||||||\u00bb toggle_font_size=\u00bb24px\u00bb toggle_line_height=\u00bb1.4em\u00bb body_font=\u00bbMontserrat||||||||\u00bb body_line_height=\u00bb1.8em\u00bb toggle_font_size_tablet=\u00bb20px\u00bb toggle_font_size_phone=\u00bb16px\u00bb toggle_font_size_last_edited=\u00bbon|phone\u00bb border_width_all=\u00bb0px\u00bb border_color_all=\u00bb#d8d8d8&#8243; border_width_bottom=\u00bb1px\u00bb global_colors_info=\u00bb{%22gcid-d0328ec1-b9c5-42bf-af93-bacd6777b9fa%22:%91%22icon_color%22%93}\u00bb][et_pb_accordion_item title=\u00bb\u00bfQu\u00e9 es un programa de itinerario y c\u00f3mo ayuda a los estudiantes internacionales en Canad\u00e1?\u00bb open=\u00bbon\u00bb _builder_version=\u00bb4.24.3&#8243; custom_margin=\u00bb||0px||false|false\u00bb custom_padding=\u00bb32px|0px|32px|0px|true|false\u00bb global_colors_info=\u00bb{}\u00bb]Un programa de v\u00eda est\u00e1 dise\u00f1ado para ayudar a los estudiantes internacionales que puedan necesitar una preparaci\u00f3n acad\u00e9mica adicional o conocimientos de ingl\u00e9s antes de poder matricularse en un programa de titulaci\u00f3n completa. En el SELC College, el programa pathway ofrece cursos b\u00e1sicos y formaci\u00f3n ling\u00fc\u00edstica que preparan a los estudiantes para estudios posteriores.  Una vez que completes con \u00e9xito el programa, estar\u00e1s mejor preparado para cumplir las normas acad\u00e9micas de las instituciones canadienses de ense\u00f1anza superior.[\/et_pb_accordion_item][et_pb_accordion_item title=\u00bb\u00bfCu\u00e1l es el proceso de una v\u00eda en Canad\u00e1?\u00bb _builder_version=\u00bb4.24.3&#8243; custom_margin=\u00bb||0px||false|false\u00bb custom_padding=\u00bb32px|0px|32px|0px|true|false\u00bb global_colors_info=\u00bb{}\u00bb open=\u00bboff\u00bb]Despu\u00e9s de completar el programa en SELC College, tendr\u00e1s la oportunidad de transferirte a otro colegio o universidad en Canad\u00e1 para continuar tu carrera. El proceso suele implicar la solicitud a una instituci\u00f3n asociada que tenga un acuerdo con SELC. Es importante que cumplas los criterios de transferencia, que normalmente incluyen mantener un determinado GPA y tener una buena puntuaci\u00f3n en el dominio del ingl\u00e9s.[\/et_pb_accordion_item][et_pb_accordion_item title=\u00bb\u00bfQu\u00e9 tipo de servicios de apoyo ofrece SELC College a los estudiantes internacionales durante su programa de itinerario?\u00bb _builder_version=\u00bb4.24.3&#8243; custom_margin=\u00bb||0px||false|false\u00bb custom_padding=\u00bb32px|0px|32px|0px|true|false\u00bb global_colors_info=\u00bb{}\u00bb open=\u00bboff\u00bb]SELC College ofrece una serie de servicios de apoyo para ayudar a los estudiantes internacionales a adaptarse a la vida en Canad\u00e1 y tener \u00e9xito acad\u00e9micamente. Estos servicios suelen incluir programas de orientaci\u00f3n, asesoramiento acad\u00e9mico, ayuda con la normativa de visados y, a veces, asistencia para encontrar alojamiento y trabajos a tiempo parcial. Estos apoyos son vitales para ayudarte a desenvolverte eficazmente en tus estudios y en la vida en un nuevo pa\u00eds.[\/et_pb_accordion_item][\/et_pb_accordion][\/et_pb_column][\/et_pb_row][\/et_pb_section]\n","protected":false},"excerpt":{"rendered":"<p>Camino a la Universidad BealEsta v\u00eda proporciona una transici\u00f3n fluida a los estudiantes que cursan estudios avanzados en el campo de la enfermer\u00eda, combinando la formaci\u00f3n pr\u00e1ctica de SELC con el completo plan de estudios acad\u00e9mico de la Universidad Beal. Los estudiantes obtienen un valioso ahorro de tiempo y dinero al tiempo que construyen una [&hellip;]<\/p>\n","protected":false},"author":22,"featured_media":259633,"parent":260011,"menu_order":0,"comment_status":"closed","ping_status":"closed","template":"","meta":{"_et_pb_use_builder":"on","_et_pb_old_content":"","_et_gb_content_width":"","inline_featured_image":false,"footnotes":""},"class_list":["post-260074","page","type-page","status-publish","has-post-thumbnail","hentry"],"_links":{"self":[{"href":"https:\/\/selcedu.com\/es\/wp-json\/wp\/v2\/pages\/260074","targetHints":{"allow":["GET"]}}],"collection":[{"href":"https:\/\/selcedu.com\/es\/wp-json\/wp\/v2\/pages"}],"about":[{"href":"https:\/\/selcedu.com\/es\/wp-json\/wp\/v2\/types\/page"}],"author":[{"embeddable":true,"href":"https:\/\/selcedu.com\/es\/wp-json\/wp\/v2\/users\/22"}],"replies":[{"embeddable":true,"href":"https:\/\/selcedu.com\/es\/wp-json\/wp\/v2\/comments?post=260074"}],"version-history":[{"count":4,"href":"https:\/\/selcedu.com\/es\/wp-json\/wp\/v2\/pages\/260074\/revisions"}],"predecessor-version":[{"id":264436,"href":"https:\/\/selcedu.com\/es\/wp-json\/wp\/v2\/pages\/260074\/revisions\/264436"}],"up":[{"embeddable":true,"href":"https:\/\/selcedu.com\/es\/wp-json\/wp\/v2\/pages\/260011"}],"wp:featuredmedia":[{"embeddable":true,"href":"https:\/\/selcedu.com\/es\/wp-json\/wp\/v2\/media\/259633"}],"wp:attachment":[{"href":"https:\/\/selcedu.com\/es\/wp-json\/wp\/v2\/media?parent=260074"}],"curies":[{"name":"wp","href":"https:\/\/api.w.org\/{rel}","templated":true}]}}