{"id":260029,"date":"2024-10-30T18:59:03","date_gmt":"2024-10-30T18:59:03","guid":{"rendered":"https:\/\/selcedu.com\/admisiones\/servicios-a-los-estudiantes\/seguro-medico-para-estudiantes\/"},"modified":"2025-08-27T20:27:02","modified_gmt":"2025-08-27T20:27:02","slug":"seguro-medico-para-estudiantes","status":"publish","type":"page","link":"https:\/\/selcedu.com\/es\/admisiones\/servicios-a-los-estudiantes\/seguro-medico-para-estudiantes\/","title":{"rendered":"Seguro m\u00e9dico para estudiantes"},"content":{"rendered":"<p>[et_pb_section fb_built=\u00bb1&#8243; next_background_color=\u00bb#ffffff\u00bb module_id=\u00bbmaterial-carrusel\u00bb _builder_version=\u00bb4.27.0&#8243; background_color=\u00bbgcid-e2b196e6-c1cd-4d7c-835d-4f50d20de00c\u00bb use_background_color_gradient=\u00bbon\u00bb background_color_gradient_direction=\u00bb45deg\u00bb background_color_gradient_stops=\u00bb#e86a15 28%|rgba(232,106,21,0.24) 99%\u00bb background_color_gradient_overlays_image=\u00bbon\u00bb background_image=\u00bbhttps:\/\/selcedu.com\/wp-content\/uploads\/2024\/10\/student-medical-insurance-in-bc.webp\u00bb custom_margin=\u00bb-50px|||||\u00bb custom_padding=\u00bb||||false|false\u00bb bottom_divider_style=\u00bbasymmetric\u00bb bottom_divider_height=\u00bb113px\u00bb bottom_divider_height_tablet=\u00bb68px\u00bb bottom_divider_height_phone=\u00bb46px\u00bb bottom_divider_height_last_edited=\u00bbon|phone\u00bb collapsed=\u00bbon\u00bb global_colors_info=\u00bb{%22gcid-e2b196e6-c1cd-4d7c-835d-4f50d20de00c%22:%91%22background_color%22%93}\u00bb][et_pb_row column_structure=\u00bb3_5,2_5&#8243; _builder_version=\u00bb4.23.1&#8243; background_enable_color=\u00bboff\u00bb width=\u00bb90%\u00bb max_width=\u00bb90%\u00bb custom_margin=\u00bb100px||||false|false\u00bb custom_padding=\u00bb50px|50px|50px|50px|false|false\u00bb border_radii=\u00bbon|20px|20px|20px|20px\u00bb locked=\u00bboff\u00bb global_colors_info=\u00bb{}\u00bb][et_pb_column type=\u00bb3_5&#8243; _builder_version=\u00bb4.16&#8243; custom_padding=\u00bb|||\u00bb global_colors_info=\u00bb{}\u00bb custom_padding__hover=\u00bb|||\u00bb][et_pb_text _builder_version=\u00bb4.27.0&#8243; text_text_color=\u00bb#322b2a\u00bb text_font_size=\u00bb16px\u00bb text_line_height=\u00bb1.8em\u00bb link_text_color=\u00bb#ed591e\u00bb header_font=\u00bbMontserrat|700|||||||\u00bb header_text_color=\u00bb#FFFFFF\u00bb header_font_size=\u00bb36px\u00bb animation_direction=\u00bbright\u00bb global_colors_info=\u00bb{%22gcid-d0328ec1-b9c5-42bf-af93-bacd6777b9fa%22:%91%22header_3_text_color%22,%22header_3_text_color%22%93,%22gcid-e2b196e6-c1cd-4d7c-835d-4f50d20de00c%22:%91%22header_2_text_color%22%93}\u00bb]<\/p>\n<h1>Seguro m\u00e9dico para estudiantes en Vancouver, BC<\/h1>\n<p>[\/et_pb_text][et_pb_text _builder_version=\u00bb4.27.0&#8243; _module_preset=\u00bbdefault\u00bb text_text_color=\u00bb#FFFFFF\u00bb text_font_size=\u00bb16px\u00bb text_line_height=\u00bb1.8em\u00bb link_text_color=\u00bb#ed591e\u00bb custom_margin=\u00bb||40px||false|false\u00bb global_colors_info=\u00bb{%22gcid-d0328ec1-b9c5-42bf-af93-bacd6777b9fa%22:%91%22header_3_text_color%22%93}\u00bb]<\/p>\n<p>El seguro m\u00e9dico es esencial para todos los estudiantes para garantizar su tranquilidad y el acceso a la asistencia sanitaria mientras estudian en Colombia Brit\u00e1nica. Gestionar los gastos sanitarios puede ser un reto, por lo que nos hemos asociado con proveedores de seguros de confianza para ofrecer planes de seguro completos, asequibles y adaptados a los estudiantes. <\/p>\n<p>Nuestras opciones de seguro cubren diversas necesidades m\u00e9dicas, garantiz\u00e1ndote la protecci\u00f3n necesaria para centrarte en tus estudios y disfrutar de tu estancia en Colombia Brit\u00e1nica.<\/p>\n<p>[\/et_pb_text][\/et_pb_column][et_pb_column type=\u00bb2_5&#8243; _builder_version=\u00bb4.16&#8243; custom_padding=\u00bb|||\u00bb global_colors_info=\u00bb{}\u00bb custom_padding__hover=\u00bb|||\u00bb][\/et_pb_column][\/et_pb_row][\/et_pb_section][et_pb_section fb_built=\u00bb1&#8243; use_custom_gutter=\u00bbon\u00bb gutter_width=\u00bb2&#8243; specialty=\u00bbon\u00bb _builder_version=\u00bb4.23.4&#8243; _module_preset=\u00bbdefault\u00bb width=\u00bb100%\u00bb max_width=\u00bb100%\u00bb inner_max_width=\u00bb1400px\u00bb global_colors_info=\u00bb{}\u00bb][et_pb_column type=\u00bb1_3&#8243; _builder_version=\u00bb4.16&#8243; custom_padding=\u00bb|||\u00bb global_colors_info=\u00bb{}\u00bb custom_padding__hover=\u00bb|||\u00bb][pac_divi_table_of_contents title=\u00bbEsquema de admisi\u00f3n\u00bb opened_icon=\u00bb:||divi||400&#8243; closed_icon=\u00bb;||divi||400&#8243; included_headings=\u00bboff|on|off|off|off|off\u00bb title_container_bg_color=\u00bbgcid-e2b196e6-c1cd-4d7c-835d-4f50d20de00c\u00bb _builder_version=\u00bb4.23.4&#8243; _module_preset=\u00bbdefault\u00bb title_font_font=\u00bbMontserrat||||||||\u00bb title_text_align=\u00bbleft\u00bb title_font_size=\u00bb18px\u00bb keyword_highlight_font=\u00bbMontserrat||||||||\u00bb sticky_position=\u00bbtop\u00bb sticky_offset_top=\u00bb71px\u00bb sticky_limit_bottom=\u00bbsection\u00bb sticky_position_tablet=\u00bbnone\u00bb sticky_position_phone=\u00bbnone\u00bb sticky_position_last_edited=\u00bbon|desktop\u00bb border_radii=\u00bbon|10px|10px|10px|10px\u00bb global_colors_info=\u00bb{%22gcid-e2b196e6-c1cd-4d7c-835d-4f50d20de00c%22:%91%22title_container_bg_color%22%93}\u00bb][\/pac_divi_table_of_contents][\/et_pb_column][et_pb_column type=\u00bb2_3&#8243; specialty_columns=\u00bb2&#8243; _builder_version=\u00bb4.16&#8243; custom_padding=\u00bb|||\u00bb global_colors_info=\u00bb{}\u00bb custom_padding__hover=\u00bb|||\u00bb][et_pb_row_inner _builder_version=\u00bb4.24.3&#8243; _module_preset=\u00bbdefault\u00bb scroll_vertical_motion=\u00bb0|40|55|100|4|0|-4&#8243; scroll_blur=\u00bb0|30|60|100|10|0|0&#8243; motion_trigger_start=\u00bbtop\u00bb global_colors_info=\u00bb{}\u00bb][et_pb_column_inner saved_specialty_column_type=\u00bb2_3&#8243; _builder_version=\u00bb4.23.4&#8243; _module_preset=\u00bbdefault\u00bb global_colors_info=\u00bb{}\u00bb][et_pb_button button_url=\u00bbhttps:\/\/student-portal.edvisor.io\/selc\/selc\u00bb button_text=\u00bbSeguro alternativo para estudiantes en BC\u00bb button_alignment=\u00bbleft\u00bb _builder_version=\u00bb4.27.4&#8243; _module_preset=\u00bbdefault\u00bb custom_button=\u00bbon\u00bb button_text_color=\u00bb#FFFFFF\u00bb button_bg_color=\u00bbgcid-e2b196e6-c1cd-4d7c-835d-4f50d20de00c\u00bb button_border_width=\u00bb0px\u00bb button_border_color=\u00bbgcid-e2b196e6-c1cd-4d7c-835d-4f50d20de00c\u00bb button_border_radius=\u00bb5px\u00bb button_font=\u00bbMontserrat|300|||||||\u00bb button_icon=\u00bb&#x3d;||divi||400&#8243; button_on_hover=\u00bboff\u00bb custom_padding=\u00bb20px|50px|20px|30px|false|false\u00bb hover_enabled=\u00bb0&#8243; locked=\u00bboff\u00bb global_colors_info=\u00bb{%22gcid-e2b196e6-c1cd-4d7c-835d-4f50d20de00c%22:%91%22button_bg_color%22,%22button_text_color__hover%22,%22button_border_color%22,%22button_border_color__hover%22%93}\u00bb button_bg_color__hover_enabled=\u00bbon|hover\u00bb button_text_size__hover_enabled=\u00bbon|hover\u00bb button_bg_color__hover=\u00bb#FFFFFF\u00bb button_bg_enable_color__hover=\u00bbon\u00bb button_text_color__hover_enabled=\u00bbon|desktop\u00bb button_text_color__hover=\u00bb#ed591e\u00bb button_text_size__hover=\u00bb21px\u00bb button_border_width__hover_enabled=\u00bbon|hover\u00bb button_border_width__hover=\u00bb1px\u00bb button_border_color__hover_enabled=\u00bbon|hover\u00bb button_border_color__hover=\u00bb#ed591e\u00bb url_new_window=\u00bbon\u00bb sticky_enabled=\u00bb0&#8243;][\/et_pb_button][et_pb_text _builder_version=\u00bb4.27.0&#8243; _module_preset=\u00bbdefault\u00bb text_text_color=\u00bbgcid-d0328ec1-b9c5-42bf-af93-bacd6777b9fa\u00bb text_font_size=\u00bb16px\u00bb text_line_height=\u00bb1.8em\u00bb link_text_color=\u00bbgcid-e2b196e6-c1cd-4d7c-835d-4f50d20de00c\u00bb header_2_text_color=\u00bbgcid-e2b196e6-c1cd-4d7c-835d-4f50d20de00c\u00bb header_3_text_color=\u00bbgcid-e2b196e6-c1cd-4d7c-835d-4f50d20de00c\u00bb global_colors_info=\u00bb{%22gcid-d0328ec1-b9c5-42bf-af93-bacd6777b9fa%22:%91%22header_3_text_color%22,%22text_text_color%22%93,%22gcid-e2b196e6-c1cd-4d7c-835d-4f50d20de00c%22:%91%22link_text_color%22,%22header_3_text_color%22,%22header_2_text_color%22%93}\u00bb]<\/p>\n<h2>Seguro m\u00e9dico para estudiantes<\/h2>\n<p>El seguro m\u00e9dico es un requisito para todos los estudiantes internacionales en Colombia Brit\u00e1nica. Garantiza el acceso a servicios sanitarios esenciales y protecci\u00f3n contra gastos m\u00e9dicos imprevistos durante tus estudios. <\/p>\n<h2>Opciones de seguro m\u00e9dico en BC<\/h2>\n<p>Las opciones de seguro m\u00e9dico en Vancouver ofrecen una gran variedad de opciones para que los estudiantes elijan cualquier plan de seguro m\u00e9dico. Hay una opci\u00f3n principal de seguro m\u00e9dico que prefieren la mayor\u00eda de los estudiantes. <\/p>\n<p>Sin embargo, los estudiantes deben considerar la posibilidad de consultar planes de seguro m\u00e9dico alternativos para obtener una cobertura completa.  <\/p>\n<h3>Plan de Servicios M\u00e9dicos (PSM)<\/h3>\n<p>El <a href=\"https:\/\/www2.gov.bc.ca\/gov\/content\/health\/health-drug-coverage\/msp\" target=\"_blank\" rel=\"noopener\" title=\"plan de servicios m\u00e9dicos\">Plan de Servicios M\u00e9dicos (MSP)<\/a> es el programa de seguro m\u00e9dico de la provincia que proporciona cobertura m\u00e9dica esencial a los residentes, incluidos los estudiantes internacionales. Todos los estudiantes que permanezcan en Colombia Brit\u00e1nica m\u00e1s de seis meses est\u00e1n obligados a inscribirse en el MSP para acceder a los servicios sanitarios necesarios, incluidas las visitas al m\u00e9dico, la atenci\u00f3n hospitalaria y los servicios de diagn\u00f3stico. <\/p>\n<h4>\u00bfQu\u00e9 cubre la MSP?<\/h4>\n<p>Una vez inscrito, el MSP proporciona los siguientes servicios sanitarios esenciales:<\/p>\n<ol>\n<li><strong>Visitas al m\u00e9dico y<\/strong> atenci\u00f3n primaria<br \/>El MSP cubre las visitas peri\u00f3dicas a m\u00e9dicos generalistas (m\u00e9dicos de familia) y otros proveedores de atenci\u00f3n primaria.<\/li>\n<li><strong>Servicios hospitalarios<\/strong><br \/>El MSP proporciona cobertura para servicios m\u00e9dicamente necesarios, incluidas intervenciones quir\u00fargicas, estancias hospitalarias y visitas a especialistas cuando las remite un m\u00e9dico.<\/li>\n<li><strong>Servicios de diagn\u00f3stico<\/strong><br \/>La cobertura incluye las pruebas de diagn\u00f3stico m\u00e9dicamente necesarias, como radiograf\u00edas, ecograf\u00edas y pruebas de laboratorio.<\/li>\n<\/ol>\n<p><strong>Servicios adicionales (no cubiertos por el MSP):<\/strong><\/p>\n<ul>\n<li>Medicamentos recetados (excepto en casos espec\u00edficos)<\/li>\n<li>Atenci\u00f3n dental<\/li>\n<li>Cuidado de la vista (ex\u00e1menes oculares y gafas)<\/li>\n<li>Fisioterapia, quiropr\u00e1ctica y otros servicios param\u00e9dicos<\/li>\n<\/ul>\n<p><em>Nota<\/em>: Para los servicios no cubiertos, como la atenci\u00f3n odontol\u00f3gica y oftalmol\u00f3gica, los estudiantes suelen optar por el <strong>Seguro M\u00e9dico Ampliado<\/strong> para asegurarse un acceso m\u00e1s completo a la asistencia sanitaria.<\/p>\n<h4>C\u00f3mo solicitar la MSP<\/h4>\n<p>Solicitar el MSP es sencillo, pero es esencial iniciar el proceso poco despu\u00e9s de llegar a Colombia Brit\u00e1nica. A continuaci\u00f3n te explicamos c\u00f3mo inscribirte: <\/p>\n<ol>\n<li><strong>Presenta tu solicitud<\/strong>: Rellena el formulario de solicitud del MSP en l\u00ednea a trav\u00e9s del sitio web del gobierno de BC. Necesitar\u00e1s tu permiso de estudios y otros datos de identificaci\u00f3n personal. <\/li>\n<li><strong>Espera para la tramitaci\u00f3n<\/strong>: Hay un periodo de espera de hasta tres meses desde la fecha de tu solicitud, durante el cual puedes necesitar un seguro privado temporal.<\/li>\n<li><strong>Recibe tu Tarjeta de Servicios de BC<\/strong>: Una vez inscrito, recibir\u00e1s una Tarjeta de Servicios de BC, que necesitar\u00e1s para acceder a los servicios sanitarios cubiertos por el MSP.<\/li>\n<li>Prima <strong>mensual<\/strong>: Los estudiantes internacionales suelen tener que pagar una prima mensual por el MSP, que es de aproximadamente 75 $ al mes. Aseg\u00farate de que tus pagos se ajustan a los requisitos del plan <\/li>\n<\/ol>\n<h4>Por qu\u00e9 la MSP es esencial para los estudiantes internacionales<\/h4>\n<p>El MSP no s\u00f3lo es obligatorio, sino que tambi\u00e9n ofrece prestaciones esenciales para ayudarte a mantener tu salud a lo largo de tus estudios en Columbia Brit\u00e1nica:<\/p>\n<ul>\n<li><strong>Acceso a servicios m\u00e9dicos esenciales<\/strong>: Garantiza que puedas ver a un m\u00e9dico o acudir a un hospital cuando lo necesites, sin preocuparte por los elevados gastos de tu bolsillo.<\/li>\n<li><strong>Tranquilidad<\/strong>: La cobertura MSP permite a los estudiantes centrarse en su trayectoria acad\u00e9mica, sabiendo que tienen acceso a los servicios sanitarios necesarios.<\/li>\n<li><strong>Facilidad de uso<\/strong>: El MSP es ampliamente aceptado en toda Colombia Brit\u00e1nica, por lo que resulta c\u00f3modo acceder a los servicios sanitarios en casi cualquier lugar de la provincia.<\/li>\n<\/ul>\n<h3>Alternativa al Plan de Servicios M\u00e9dicos (PSM)<\/h3>\n<p>El MSP tiene un periodo de espera de hasta tres meses. Los estudiantes deben considerar las Alternativas del Plan de Servicios M\u00e9dicos durante los tres primeros meses de su estancia. Los estudiantes deben <span style=\"box-sizing: border-box; margin: 0px; padding: 0px;\">tener<\/span><strong> un seguro privado<\/strong> <strong> temporal<\/strong> durante este tiempo.  <\/p>\n<p>Puedes acceder al plan de servicios m\u00e9dicos alternativos en el siguiente enlace.<\/p>\n<p>[\/et_pb_text][et_pb_button button_url=\u00bbhttps:\/\/student-portal.edvisor.io\/selc\/selc\u00bb button_text=\u00bbSeguro alternativo para estudiantes en BC\u00bb button_alignment=\u00bbleft\u00bb _builder_version=\u00bb4.27.4&#8243; _module_preset=\u00bbdefault\u00bb custom_button=\u00bbon\u00bb button_text_color=\u00bb#FFFFFF\u00bb button_bg_color=\u00bbgcid-e2b196e6-c1cd-4d7c-835d-4f50d20de00c\u00bb button_border_width=\u00bb0px\u00bb button_border_color=\u00bbgcid-e2b196e6-c1cd-4d7c-835d-4f50d20de00c\u00bb button_border_radius=\u00bb5px\u00bb button_font=\u00bbMontserrat|300|||||||\u00bb button_icon=\u00bb&#x3d;||divi||400&#8243; button_on_hover=\u00bboff\u00bb custom_padding=\u00bb20px|50px|20px|30px|false|false\u00bb hover_enabled=\u00bb0&#8243; locked=\u00bboff\u00bb global_colors_info=\u00bb{%22gcid-e2b196e6-c1cd-4d7c-835d-4f50d20de00c%22:%91%22button_bg_color%22,%22button_text_color__hover%22,%22button_border_color%22,%22button_border_color__hover%22%93}\u00bb button_bg_color__hover_enabled=\u00bbon|hover\u00bb button_text_size__hover_enabled=\u00bbon|hover\u00bb button_bg_color__hover=\u00bb#FFFFFF\u00bb button_bg_enable_color__hover=\u00bbon\u00bb button_text_color__hover_enabled=\u00bbon|desktop\u00bb button_text_color__hover=\u00bb#ed591e\u00bb button_text_size__hover=\u00bb21px\u00bb button_border_width__hover_enabled=\u00bbon|hover\u00bb button_border_width__hover=\u00bb1px\u00bb button_border_color__hover_enabled=\u00bbon|hover\u00bb button_border_color__hover=\u00bb#ed591e\u00bb url_new_window=\u00bbon\u00bb sticky_enabled=\u00bb0&#8243;][\/et_pb_button][\/et_pb_column_inner][\/et_pb_row_inner][\/et_pb_column][\/et_pb_section]<\/p>\n","protected":false},"excerpt":{"rendered":"<p>Seguro m\u00e9dico para estudiantes en Vancouver, BCEl seguro m\u00e9dico es esencial para todos los estudiantes para garantizar su tranquilidad y el acceso a la asistencia sanitaria mientras estudian en Colombia Brit\u00e1nica. Gestionar los gastos sanitarios puede ser un reto, por lo que nos hemos asociado con proveedores de seguros de confianza para ofrecer planes de [&hellip;]<\/p>\n","protected":false},"author":22,"featured_media":259659,"parent":259778,"menu_order":0,"comment_status":"closed","ping_status":"closed","template":"","meta":{"_et_pb_use_builder":"on","_et_pb_old_content":"","_et_gb_content_width":"","inline_featured_image":false,"footnotes":""},"class_list":["post-260029","page","type-page","status-publish","has-post-thumbnail","hentry"],"_links":{"self":[{"href":"https:\/\/selcedu.com\/es\/wp-json\/wp\/v2\/pages\/260029","targetHints":{"allow":["GET"]}}],"collection":[{"href":"https:\/\/selcedu.com\/es\/wp-json\/wp\/v2\/pages"}],"about":[{"href":"https:\/\/selcedu.com\/es\/wp-json\/wp\/v2\/types\/page"}],"author":[{"embeddable":true,"href":"https:\/\/selcedu.com\/es\/wp-json\/wp\/v2\/users\/22"}],"replies":[{"embeddable":true,"href":"https:\/\/selcedu.com\/es\/wp-json\/wp\/v2\/comments?post=260029"}],"version-history":[{"count":5,"href":"https:\/\/selcedu.com\/es\/wp-json\/wp\/v2\/pages\/260029\/revisions"}],"predecessor-version":[{"id":263725,"href":"https:\/\/selcedu.com\/es\/wp-json\/wp\/v2\/pages\/260029\/revisions\/263725"}],"up":[{"embeddable":true,"href":"https:\/\/selcedu.com\/es\/wp-json\/wp\/v2\/pages\/259778"}],"wp:featuredmedia":[{"embeddable":true,"href":"https:\/\/selcedu.com\/es\/wp-json\/wp\/v2\/media\/259659"}],"wp:attachment":[{"href":"https:\/\/selcedu.com\/es\/wp-json\/wp\/v2\/media?parent=260029"}],"curies":[{"name":"wp","href":"https:\/\/api.w.org\/{rel}","templated":true}]}}