{"id":260018,"date":"2024-01-29T01:09:57","date_gmt":"2024-01-29T01:09:57","guid":{"rendered":"https:\/\/selcedu.com\/sobre-selc\/por-que-selc-college\/"},"modified":"2025-01-20T22:23:49","modified_gmt":"2025-01-20T22:23:49","slug":"por-que-selc-college","status":"publish","type":"page","link":"https:\/\/selcedu.com\/es\/sobre-selc\/por-que-selc-college\/","title":{"rendered":"Por qu\u00e9 SELC College"},"content":{"rendered":"\n[et_pb_section fb_built=\u00bb1&#8243; next_background_color=\u00bb#f7f7f7&#8243; admin_label=\u00bbHero\u00bb _builder_version=\u00bb4.23.4&#8243; background_image=\u00bbhttps:\/\/selcedu.com\/wp-content\/uploads\/2024\/01\/why-selc-college.webp\u00bb parallax=\u00bbon\u00bb custom_margin=\u00bb-30px||||false|false\u00bb custom_padding=\u00bb10vw||10vw||true|false\u00bb bottom_divider_style=\u00bbasymmetric\u00bb global_colors_info=\u00bb{}\u00bb][et_pb_row column_structure=\u00bb2_3,1_3&#8243; _builder_version=\u00bb4.23.4&#8243; global_colors_info=\u00bb{}\u00bb][et_pb_column type=\u00bb2_3&#8243; _builder_version=\u00bb4.16&#8243; custom_padding=\u00bb|||\u00bb global_colors_info=\u00bb{}\u00bb custom_padding__hover=\u00bb|||\u00bb][et_pb_text _builder_version=\u00bb4.23.4&#8243; text_font=\u00bb||||||||\u00bb header_font=\u00bbMontserrat|600|||||||\u00bb header_text_color=\u00bbgcid-a0ba1aeb-fd6f-46ff-9395-a15ba774ec59&#8243; header_font_size=\u00bb64px\u00bb header_line_height=\u00bb1.1em\u00bb background_layout=\u00bbdark\u00bb max_width=\u00bb800px\u00bb custom_margin=\u00bb||0px|\u00bb custom_padding=\u00bb||||false|false\u00bb text_font_size_tablet=\u00bb14px\u00bb text_font_size_last_edited=\u00bboff|desktop\u00bb header_font_size_tablet=\u00bb44px\u00bb header_font_size_phone=\u00bb32px\u00bb header_font_size_last_edited=\u00bbon|phone\u00bb border_color_all=\u00bbgcid-d0328ec1-b9c5-42bf-af93-bacd6777b9fa\u00bb global_colors_info=\u00bb{%22gcid-d0328ec1-b9c5-42bf-af93-bacd6777b9fa%22:%91%22header_3_text_color%22,%22header_3_text_color%22,%22header_3_text_color%22,%22border_color_all%22%93,%22gcid-a0ba1aeb-fd6f-46ff-9395-a15ba774ec59%22:%91%22header_text_color%22%93}\u00bb]<h1>\u00bfPor qu\u00e9 SELC College?<\/h1>[\/et_pb_text][et_pb_text _builder_version=\u00bb4.23.4&#8243; text_font=\u00bbMontserrat|300|||||||\u00bb text_font_size=\u00bb16px\u00bb header_font=\u00bb||||||||\u00bb background_layout=\u00bbdark\u00bb max_width=\u00bb800px\u00bb custom_margin=\u00bb|||\u00bb custom_padding=\u00bb20px||20px||true\u00bb text_font_size_tablet=\u00bb18px\u00bb text_font_size_phone=\u00bb\u00bb text_font_size_last_edited=\u00bbon|phone\u00bb global_colors_info=\u00bb{}\u00bb]<p>En SELC College estamos orgullosos desde hace mucho tiempo de nuestro compromiso con el \u00e9xito de nuestros estudiantes antes, durante y despu\u00e9s de que se hayan graduado. Nos mantenemos firmes en nuestros valores y creemos firmemente que nuestro personal est\u00e1 plenamente comprometido con el \u00e9xito de los estudiantes en Canad\u00e1. <\/p>[\/et_pb_text][\/et_pb_column][et_pb_column type=\u00bb1_3&#8243; _builder_version=\u00bb4.23.4&#8243; custom_padding=\u00bb|||10px|false|false\u00bb global_colors_info=\u00bb{}\u00bb custom_padding__hover=\u00bb|||\u00bb][et_pb_blurb use_icon=\u00bbon\u00bb font_icon=\u00bb&#x4e;||divi||400&#8243; icon_color=\u00bbgcid-a0ba1aeb-fd6f-46ff-9395-a15ba774ec59&#8243; icon_placement=\u00bbleft\u00bb image_icon_width=\u00bb35px\u00bb content_max_width=\u00bb1100px\u00bb content_max_width_tablet=\u00bb1100px\u00bb content_max_width_last_edited=\u00bboff|desktop\u00bb _builder_version=\u00bb4.23.4&#8243; header_font=\u00bbRubik|700|||||||\u00bb header_line_height=\u00bb1.4em\u00bb body_font=\u00bbMontserrat||||||||\u00bb body_font_size=\u00bb18px\u00bb body_line_height=\u00bb2em\u00bb background_layout=\u00bbdark\u00bb custom_margin=\u00bb|||\u00bb custom_padding=\u00bb|||\u00bb animation_direction=\u00bbright\u00bb animation=\u00bboff\u00bb image_max_width=\u00bb64px\u00bb global_colors_info=\u00bb{%22gcid-a0ba1aeb-fd6f-46ff-9395-a15ba774ec59%22:%91%22icon_color%22%93}\u00bb]<p>Actualizaciones gratuitas del curso de por vida<\/p>[\/et_pb_blurb][et_pb_blurb use_icon=\u00bbon\u00bb font_icon=\u00bb&#x4e;||divi||400&#8243; icon_color=\u00bb#f2f2f2&#8243; icon_placement=\u00bbleft\u00bb image_icon_width=\u00bb35px\u00bb content_max_width=\u00bb1100px\u00bb content_max_width_tablet=\u00bb1100px\u00bb content_max_width_last_edited=\u00bboff|desktop\u00bb _builder_version=\u00bb4.23.4&#8243; header_font=\u00bbRubik|700|||||||\u00bb header_line_height=\u00bb1.4em\u00bb body_font=\u00bbMontserrat||||||||\u00bb body_font_size=\u00bb18px\u00bb body_line_height=\u00bb2em\u00bb background_layout=\u00bbdark\u00bb custom_margin=\u00bb|||\u00bb custom_padding=\u00bb|||\u00bb animation_direction=\u00bbright\u00bb animation=\u00bboff\u00bb image_max_width=\u00bb64px\u00bb global_colors_info=\u00bb{%22gcid-d88780af-9f2b-435a-95eb-61ad43cf376a%22:%91%22icon_color%22%93}\u00bb]<p>Formaci\u00f3n de reciclaje gratuita de por vida<\/p>[\/et_pb_blurb][et_pb_blurb use_icon=\u00bbon\u00bb font_icon=\u00bb&#x4e;||divi||400&#8243; icon_color=\u00bb#f2f2f2&#8243; icon_placement=\u00bbleft\u00bb image_icon_width=\u00bb35px\u00bb content_max_width=\u00bb1100px\u00bb content_max_width_tablet=\u00bb1100px\u00bb content_max_width_last_edited=\u00bboff|desktop\u00bb _builder_version=\u00bb4.23.4&#8243; header_font=\u00bbRubik|700|||||||\u00bb header_line_height=\u00bb1.4em\u00bb body_font=\u00bbMontserrat||||||||\u00bb body_font_size=\u00bb18px\u00bb body_line_height=\u00bb2em\u00bb background_layout=\u00bbdark\u00bb custom_margin=\u00bb|||\u00bb custom_padding=\u00bb|||\u00bb animation_direction=\u00bbright\u00bb animation=\u00bboff\u00bb image_max_width=\u00bb64px\u00bb global_colors_info=\u00bb{%22gcid-d88780af-9f2b-435a-95eb-61ad43cf376a%22:%91%22icon_color%22%93}\u00bb]<p>Asistencia para la colocaci\u00f3n laboral de por vida<\/p>[\/et_pb_blurb][\/et_pb_column][\/et_pb_row][\/et_pb_section][et_pb_section fb_built=\u00bb1&#8243; specialty=\u00bbon\u00bb padding_top_1=\u00bb80px\u00bb padding_bottom_1=\u00bb80px\u00bb padding_left_1=\u00bb60px\u00bb padding_top_bottom_link_1=\u00bbtrue\u00bb padding_left_right_link_1=\u00bbfalse\u00bb padding_1_tablet=\u00bb|10%||10%||true\u00bb padding_1_phone=\u00bb\u00bb padding_1_last_edited=\u00bbon|desktop\u00bb admin_label=\u00bbAbout Us Continued\u00bb _builder_version=\u00bb4.23.4&#8243; background_color=\u00bb#f7f7f7&#8243; inner_width=\u00bb100%\u00bb inner_max_width=\u00bb100%\u00bb custom_padding=\u00bb0||||false|false\u00bb use_custom_width=\u00bbon\u00bb width_unit=\u00bboff\u00bb custom_width_percent=\u00bb100%\u00bb global_colors_info=\u00bb{}\u00bb][et_pb_column type=\u00bb1_3&#8243; _builder_version=\u00bb4.16&#8243; custom_padding=\u00bb|||\u00bb global_colors_info=\u00bb{}\u00bb padding_tablet=\u00bb|10%||10%||true\u00bb padding_last_edited=\u00bbon|desktop\u00bb custom_padding__hover=\u00bb|||\u00bb padding_phone=\u00bb|10%||10%||true\u00bb][et_pb_text _builder_version=\u00bb4.23.4&#8243; text_font_size=\u00bb16px\u00bb header_font=\u00bb||||||||\u00bb header_2_font=\u00bbMontserrat|700|||||||\u00bb header_2_font_size=\u00bb32px\u00bb header_2_line_height=\u00bb1.2em\u00bb custom_margin=\u00bb||||false|false\u00bb custom_padding=\u00bb|||\u00bb header_2_font_size_last_edited=\u00bboff|desktop\u00bb locked=\u00bboff\u00bb global_colors_info=\u00bb{}\u00bb]<h2>S\u00f3lo para los mejores<\/h2>\nSELC College se enorgullece de estar al servicio de los estudiantes internacionales que ven en Vancouver y Canad\u00e1 un lugar para estudiar, vivir y construir un futuro.[\/et_pb_text][et_pb_blurb title=\u00bbGarant\u00eda de Competencias de los Titulados\u00bb use_icon=\u00bbon\u00bb font_icon=\u00bb&#x35;||divi||400&#8243; icon_color=\u00bb#ffb400&#8243; icon_placement=\u00bbleft\u00bb image_icon_width=\u00bb56px\u00bb content_max_width=\u00bb1100px\u00bb content_max_width_tablet=\u00bb1100px\u00bb content_max_width_last_edited=\u00bboff|desktop\u00bb _builder_version=\u00bb4.24.3&#8243; header_level=\u00bbh3&#8243; header_font=\u00bbMontserrat|700|||||||\u00bb header_line_height=\u00bb1.4em\u00bb body_font=\u00bbMontserrat|300|||||||\u00bb body_font_size=\u00bb15px\u00bb body_line_height=\u00bb1.8em\u00bb custom_margin=\u00bb|||\u00bb custom_padding=\u00bb|||\u00bb animation_direction=\u00bbright\u00bb animation=\u00bboff\u00bb icon_font_size=\u00bb56px\u00bb global_colors_info=\u00bb{}\u00bb]<p>Confiamos tanto en la calidad de nuestra educaci\u00f3n que ofrecemos una Garant\u00eda de Competencias para Titulados, que garantiza que estar\u00e1s plenamente preparado para el mundo laboral.<\/p>[\/et_pb_blurb][et_pb_blurb title=\u00bbPreparaci\u00f3n del curr\u00edculum y de la entrevista\u00bb use_icon=\u00bbon\u00bb font_icon=\u00bb&#x35;||divi||400&#8243; icon_color=\u00bb#ffb400&#8243; icon_placement=\u00bbleft\u00bb image_icon_width=\u00bb56px\u00bb content_max_width=\u00bb1100px\u00bb content_max_width_tablet=\u00bb1100px\u00bb content_max_width_last_edited=\u00bboff|desktop\u00bb _builder_version=\u00bb4.25.1&#8243; header_level=\u00bbh3&#8243; header_font=\u00bbMontserrat|700|||||||\u00bb header_line_height=\u00bb1.4em\u00bb body_font=\u00bbMontserrat|300|||||||\u00bb body_font_size=\u00bb15px\u00bb body_line_height=\u00bb1.8em\u00bb custom_margin=\u00bb|||\u00bb custom_padding=\u00bb|||\u00bb animation_direction=\u00bbright\u00bb animation=\u00bboff\u00bb hover_enabled=\u00bb0&#8243; icon_font_size=\u00bb56px\u00bb global_colors_info=\u00bb{}\u00bb sticky_enabled=\u00bb0&#8243;]<p>Eleva tu primera impresi\u00f3n con nuestros completos servicios de preparaci\u00f3n de curr\u00edculos y entrevistas, dise\u00f1ados para mejorar tu empleabilidad.<\/p>[\/et_pb_blurb][et_pb_blurb title=\u00bbAsistencia remunerada para la colocaci\u00f3n en puestos de cooperativa\u00bb use_icon=\u00bbon\u00bb font_icon=\u00bb&#x35;||divi||400&#8243; icon_color=\u00bb#ffb400&#8243; icon_placement=\u00bbleft\u00bb image_icon_width=\u00bb56px\u00bb content_max_width=\u00bb1100px\u00bb content_max_width_tablet=\u00bb1100px\u00bb content_max_width_last_edited=\u00bboff|desktop\u00bb _builder_version=\u00bb4.24.3&#8243; header_level=\u00bbh3&#8243; header_font=\u00bbMontserrat|700|||||||\u00bb header_line_height=\u00bb1.4em\u00bb body_font=\u00bbMontserrat|300|||||||\u00bb body_font_size=\u00bb15px\u00bb body_line_height=\u00bb1.8em\u00bb custom_margin=\u00bb|||\u00bb custom_padding=\u00bb|||\u00bb animation_direction=\u00bbright\u00bb animation=\u00bboff\u00bb icon_font_size=\u00bb56px\u00bb global_colors_info=\u00bb{}\u00bb]<p>Adquiere experiencia en el mundo real y gana mientras aprendes a trav\u00e9s de nuestro programa especializado de inserci\u00f3n laboral Co-Op, adaptado a tus objetivos profesionales.<\/p>[\/et_pb_blurb][et_pb_blurb title=\u00bbAsistencia gratuita para mejorar el ingl\u00e9s\u00bb use_icon=\u00bbon\u00bb font_icon=\u00bb&#x35;||divi||400&#8243; icon_color=\u00bb#ffb400&#8243; icon_placement=\u00bbleft\u00bb image_icon_width=\u00bb56px\u00bb content_max_width=\u00bb1100px\u00bb content_max_width_tablet=\u00bb1100px\u00bb content_max_width_last_edited=\u00bboff|desktop\u00bb _builder_version=\u00bb4.24.3&#8243; header_level=\u00bbh3&#8243; header_font=\u00bbMontserrat|700|||||||\u00bb header_line_height=\u00bb1.4em\u00bb body_font=\u00bbMontserrat|300|||||||\u00bb body_font_size=\u00bb15px\u00bb body_line_height=\u00bb1.8em\u00bb custom_margin=\u00bb|||\u00bb custom_padding=\u00bb|||\u00bb animation_direction=\u00bbright\u00bb animation=\u00bboff\u00bb icon_font_size=\u00bb56px\u00bb global_colors_info=\u00bb{}\u00bb]<p>Supera las barreras ling\u00fc\u00edsticas y mejora tus habilidades comunicativas con nuestra asistencia gratuita para mejorar el ingl\u00e9s, adaptada a tus necesidades acad\u00e9micas.<\/p>[\/et_pb_blurb][\/et_pb_column][et_pb_column type=\u00bb2_3&#8243; specialty_columns=\u00bb2&#8243; _builder_version=\u00bb4.16&#8243; custom_padding=\u00bb|||\u00bb global_colors_info=\u00bb{}\u00bb custom_padding__hover=\u00bb|||\u00bb][et_pb_row_inner custom_padding_last_edited=\u00bboff|desktop\u00bb _builder_version=\u00bb4.23.4&#8243; custom_margin=\u00bb|||\u00bb custom_padding=\u00bb0|0|0|0|true|true\u00bb custom_padding_tablet=\u00bb|40px||40px||true\u00bb sticky_position=\u00bbtop\u00bb sticky_limit_bottom=\u00bbsection\u00bb sticky_position_tablet=\u00bbnone\u00bb sticky_position_phone=\u00bbnone\u00bb sticky_position_last_edited=\u00bbon|desktop\u00bb global_colors_info=\u00bb{}\u00bb][et_pb_column_inner saved_specialty_column_type=\u00bb2_3&#8243; _builder_version=\u00bb4.16&#8243; custom_padding=\u00bb|||\u00bb global_colors_info=\u00bb{}\u00bb custom_padding__hover=\u00bb|||\u00bb][et_pb_image src=\u00bbhttps:\/\/selcedu.com\/wp-content\/uploads\/2024\/03\/blog-canada.webp\u00bb alt=\u00bbBlog para estudiantes sobre Canad\u00e1\u00bb title_text=\u00bbblog-canad\u00e1\u00bb force_fullwidth=\u00bbon\u00bb align_tablet=\u00bbcenter\u00bb align_phone=\u00bbcenter\u00bb align_last_edited=\u00bbon|desktop\u00bb _builder_version=\u00bb4.24.3&#8243; border_radii=\u00bboff|20px|||\u00bb global_colors_info=\u00bb{}\u00bb][\/et_pb_image][\/et_pb_column_inner][\/et_pb_row_inner][et_pb_row_inner column_structure=\u00bb1_2,1_2&#8243; gutter_width=\u00bb1&#8243; padding_top_bottom_link_1=\u00bbtrue\u00bb padding_top_bottom_link_2=\u00bbtrue\u00bb _builder_version=\u00bb4.24.3&#8243; background_color=\u00bb#d1d1d1&#8243; z_index=\u00bb10&#8243; custom_margin=\u00bb|||\u00bb custom_padding=\u00bb0||0||true|false\u00bb animation_style=\u00bbslide\u00bb animation_direction=\u00bbtop\u00bb animation_intensity_slide=\u00bb10%\u00bb sticky_position=\u00bbbottom\u00bb sticky_limit_top=\u00bbsection\u00bb sticky_position_tablet=\u00bbnone\u00bb sticky_position_phone=\u00bbnone\u00bb sticky_position_last_edited=\u00bbon|phone\u00bb border_radii=\u00bboff||||20px\u00bb box_shadow_style=\u00bbpreset3&#8243; box_shadow_vertical=\u00bb30px\u00bb box_shadow_blur=\u00bb65px\u00bb box_shadow_spread=\u00bb-30px\u00bb box_shadow_color=\u00bbrgba(0,0,0,0.35)\u00bb global_colors_info=\u00bb{}\u00bb][et_pb_column_inner type=\u00bb1_2&#8243; saved_specialty_column_type=\u00bb2_3&#8243; _builder_version=\u00bb4.23.4&#8243; background_color=\u00bbgcid-e2b196e6-c1cd-4d7c-835d-4f50d20de00c\u00bb custom_padding=\u00bb15px||15px|\u00bb global_colors_info=\u00bb{%22gcid-e2b196e6-c1cd-4d7c-835d-4f50d20de00c%22:%91%22background_color%22%93}\u00bb custom_padding__hover=\u00bb|||\u00bb][et_pb_number_counter title=\u00bbA\u00f1os de fundaci\u00f3n\u00bb number=\u00bb39&#8243; percent_sign=\u00bboff\u00bb _builder_version=\u00bb4.23.4&#8243; title_font=\u00bbMontserrat|700||on|||||\u00bb title_font_size=\u00bb12px\u00bb title_letter_spacing=\u00bb2px\u00bb title_line_height=\u00bb1.6em\u00bb number_font=\u00bbMontserrat|700|||||||\u00bb number_text_color=\u00bb#2a2a2a\u00bb number_font_size=\u00bb42px\u00bb number_line_height=\u00bb110px\u00bb number_font_size_tablet=\u00bb\u00bb number_font_size_phone=\u00bb36px\u00bb number_font_size_last_edited=\u00bbon|phone\u00bb global_colors_info=\u00bb{}\u00bb][\/et_pb_number_counter][\/et_pb_column_inner][et_pb_column_inner type=\u00bb1_2&#8243; saved_specialty_column_type=\u00bb2_3&#8243; _builder_version=\u00bb4.16&#8243; background_color=\u00bb#2a2a2a\u00bb custom_padding=\u00bb15px||15px|\u00bb global_colors_info=\u00bb{}\u00bb custom_padding__hover=\u00bb|||\u00bb][et_pb_number_counter title=\u00bbEstudiantes graduados\u00bb number=\u00bb3250&#8243; percent_sign=\u00bboff\u00bb _builder_version=\u00bb4.23.4&#8243; title_font=\u00bbMontserrat|700||on|||||\u00bb title_text_color=\u00bb#FFFFFF\u00bb title_font_size=\u00bb12px\u00bb title_letter_spacing=\u00bb2px\u00bb title_line_height=\u00bb1.6em\u00bb number_font=\u00bbMontserrat|700|||||||\u00bb number_text_color=\u00bb#FFFFFF\u00bb number_font_size=\u00bb42px\u00bb number_line_height=\u00bb110px\u00bb number_font_size_tablet=\u00bb\u00bb number_font_size_phone=\u00bb36px\u00bb number_font_size_last_edited=\u00bbon|phone\u00bb locked=\u00bboff\u00bb global_colors_info=\u00bb{}\u00bb][\/et_pb_number_counter][\/et_pb_column_inner][\/et_pb_row_inner][\/et_pb_column][\/et_pb_section][et_pb_section fb_built=\u00bb1&#8243; admin_label=\u00bbTestimonial\u00bb _builder_version=\u00bb4.16&#8243; custom_padding=\u00bb100px||100px||true|false\u00bb global_colors_info=\u00bb{}\u00bb][et_pb_row _builder_version=\u00bb4.16&#8243; global_colors_info=\u00bb{}\u00bb][et_pb_column type=\u00bb4_4&#8243; _builder_version=\u00bb4.16&#8243; custom_padding=\u00bb|||\u00bb global_colors_info=\u00bb{}\u00bb custom_padding__hover=\u00bb|||\u00bb][et_pb_text _builder_version=\u00bb4.23.4&#8243; text_font=\u00bbMontserrat|700|||||||\u00bb text_text_color=\u00bb#2a2a2a\u00bb text_font_size=\u00bb30px\u00bb text_line_height=\u00bb1.6em\u00bb text_orientation=\u00bbcenter\u00bb max_width=\u00bb750px\u00bb module_alignment=\u00bbcenter\u00bb global_colors_info=\u00bb{}\u00bb]\u00bbLa educaci\u00f3n es el arma m\u00e1s poderosa que puedes utilizar para cambiar el mundo\u00bb.[\/et_pb_text][et_pb_text _builder_version=\u00bb4.23.4&#8243; text_font=\u00bbMontserrat|||on|||||\u00bb text_letter_spacing=\u00bb2px\u00bb text_line_height=\u00bb1.8em\u00bb header_font=\u00bb||||||||\u00bb header_6_font=\u00bbArimo|700||on|||||\u00bb header_6_font_size=\u00bb18px\u00bb text_orientation=\u00bbcenter\u00bb global_colors_info=\u00bb{}\u00bb]<p>Nelson Mandela<\/p>[\/et_pb_text][\/et_pb_column][\/et_pb_row][\/et_pb_section][et_pb_section fb_built=\u00bb1&#8243; custom_padding_last_edited=\u00bbon|tablet\u00bb next_background_color=\u00bbgcid-d0328ec1-b9c5-42bf-af93-bacd6777b9fa\u00bb _builder_version=\u00bb4.23.4&#8243; _module_preset=\u00bbdefault\u00bb background_color=\u00bb#f2f2f2&#8243; custom_padding=\u00bb||78px||false|false\u00bb custom_padding_tablet=\u00bb||78px||false|false\u00bb custom_padding_phone=\u00bb||78px||false|false\u00bb bottom_divider_style=\u00bbasymmetric\u00bb global_colors_info=\u00bb{}\u00bb][et_pb_row _builder_version=\u00bb4.23.4&#8243; _module_preset=\u00bbdefault\u00bb global_colors_info=\u00bb{}\u00bb][et_pb_column type=\u00bb4_4&#8243; _builder_version=\u00bb4.23.4&#8243; _module_preset=\u00bbdefault\u00bb global_colors_info=\u00bb{}\u00bb][et_pb_text _builder_version=\u00bb4.23.4&#8243; text_font_size=\u00bb16px\u00bb header_font=\u00bb||||||||\u00bb header_2_font=\u00bbMontserrat|700|||||||\u00bb header_2_font_size=\u00bb32px\u00bb header_2_line_height=\u00bb1.2em\u00bb custom_margin=\u00bb||||false|false\u00bb custom_padding=\u00bb|||\u00bb header_2_font_size_last_edited=\u00bboff|desktop\u00bb locked=\u00bboff\u00bb global_colors_info=\u00bb{}\u00bb]<h2 style=\"text-align: center;\">M\u00e1s ventajas que obtienen los estudiantes<\/h2>[\/et_pb_text][\/et_pb_column][\/et_pb_row][et_pb_row column_structure=\u00bb1_3,1_3,1_3&#8243; _builder_version=\u00bb4.23.4&#8243; _module_preset=\u00bbdefault\u00bb width=\u00bb90%\u00bb max_width=\u00bb90%\u00bb global_colors_info=\u00bb{}\u00bb][et_pb_column type=\u00bb1_3&#8243; _builder_version=\u00bb4.23.4&#8243; _module_preset=\u00bbdefault\u00bb global_colors_info=\u00bb{}\u00bb][et_pb_icon font_icon=\u00bb&#xf015;||fa||900&#8243; icon_color=\u00bbgcid-e2b196e6-c1cd-4d7c-835d-4f50d20de00c\u00bb icon_width=\u00bb50px\u00bb _builder_version=\u00bb4.23.4&#8243; _module_preset=\u00bbdefault\u00bb global_colors_info=\u00bb{%22gcid-e2b196e6-c1cd-4d7c-835d-4f50d20de00c%22:%91%22icon_color%22%93}\u00bb][\/et_pb_icon][et_pb_text _builder_version=\u00bb4.23.4&#8243; text_font_size=\u00bb16px\u00bb header_font=\u00bb||||||||\u00bb header_2_font=\u00bbMontserrat|700|||||||\u00bb header_2_font_size=\u00bb32px\u00bb header_2_line_height=\u00bb1.2em\u00bb header_3_font=\u00bbMontserrat|700|||||||\u00bb custom_margin=\u00bb||||false|false\u00bb custom_padding=\u00bb|||\u00bb header_2_font_size_last_edited=\u00bboff|desktop\u00bb locked=\u00bboff\u00bb global_colors_info=\u00bb{}\u00bb]<h3 style=\"text-align: center;\"><strong>Apoyo a la colocaci\u00f3n en viviendas para estudiantes<\/strong><\/h3>\n<p style=\"text-align: center;\">Simplificamos tu transici\u00f3n a la vida estudiantil ofreci\u00e9ndote asistencia dedicada para encontrar la soluci\u00f3n de alojamiento perfecta que se adapte a tus necesidades y presupuesto.<\/p>[\/et_pb_text][\/et_pb_column][et_pb_column type=\u00bb1_3&#8243; _builder_version=\u00bb4.23.4&#8243; _module_preset=\u00bbdefault\u00bb global_colors_info=\u00bb{}\u00bb][et_pb_icon font_icon=\u00bb&#xf481;||fa||900&#8243; icon_color=\u00bbgcid-e2b196e6-c1cd-4d7c-835d-4f50d20de00c\u00bb icon_width=\u00bb50px\u00bb _builder_version=\u00bb4.23.4&#8243; _module_preset=\u00bbdefault\u00bb global_colors_info=\u00bb{%22gcid-e2b196e6-c1cd-4d7c-835d-4f50d20de00c%22:%91%22icon_color%22%93}\u00bb][\/et_pb_icon][et_pb_text _builder_version=\u00bb4.23.4&#8243; text_font_size=\u00bb16px\u00bb header_font=\u00bb||||||||\u00bb header_2_font=\u00bbMontserrat|700|||||||\u00bb header_2_font_size=\u00bb32px\u00bb header_2_line_height=\u00bb1.2em\u00bb header_3_font=\u00bbMontserrat|700|||||||\u00bb custom_margin=\u00bb||||false|false\u00bb custom_padding=\u00bb|||\u00bb header_2_font_size_last_edited=\u00bboff|desktop\u00bb locked=\u00bboff\u00bb global_colors_info=\u00bb{}\u00bb]<h3 style=\"text-align: center;\">Programas opcionales de seguro m\u00e9dico<\/h3>\n<p style=\"text-align: center;\">Disfruta de tranquilidad con nuestros programas opcionales de seguro m\u00e9dico, que te proporcionan una cobertura sanitaria completa a lo largo de tu trayectoria educativa.<\/p>[\/et_pb_text][\/et_pb_column][et_pb_column type=\u00bb1_3&#8243; _builder_version=\u00bb4.23.4&#8243; _module_preset=\u00bbdefault\u00bb global_colors_info=\u00bb{}\u00bb][et_pb_icon font_icon=\u00bb&#xf4c4;||fa||900&#8243; icon_color=\u00bbgcid-e2b196e6-c1cd-4d7c-835d-4f50d20de00c\u00bb icon_width=\u00bb50px\u00bb _builder_version=\u00bb4.23.4&#8243; _module_preset=\u00bbdefault\u00bb global_colors_info=\u00bb{%22gcid-e2b196e6-c1cd-4d7c-835d-4f50d20de00c%22:%91%22icon_color%22%93}\u00bb][\/et_pb_icon][et_pb_text _builder_version=\u00bb4.23.4&#8243; text_font_size=\u00bb16px\u00bb header_font=\u00bb||||||||\u00bb header_2_font=\u00bbMontserrat|700|||||||\u00bb header_2_font_size=\u00bb32px\u00bb header_2_line_height=\u00bb1.2em\u00bb header_3_font=\u00bbMontserrat|700|||||||\u00bb custom_margin=\u00bb||||false|false\u00bb custom_padding=\u00bb|||\u00bb header_2_font_size_last_edited=\u00bboff|desktop\u00bb locked=\u00bboff\u00bb global_colors_info=\u00bb{}\u00bb]<h3 style=\"text-align: center;\">Programa de Apoyo a la Salud Mental<\/h3>\n<p style=\"text-align: center;\">Priorizando tu bienestar, nuestro programa de apoyo a la salud mental ofrece recursos y asistencia para garantizar tu \u00e9xito acad\u00e9mico y tu salud personal.<\/p>[\/et_pb_text][\/et_pb_column][\/et_pb_row][\/et_pb_section]\n","protected":false},"excerpt":{"rendered":"<p>\u00bfPor qu\u00e9 SELC College?En SELC College estamos orgullosos desde hace mucho tiempo de nuestro compromiso con el \u00e9xito de nuestros estudiantes antes, durante y despu\u00e9s de que se hayan graduado. Nos mantenemos firmes en nuestros valores y creemos firmemente que nuestro personal est\u00e1 plenamente comprometido con el \u00e9xito de los estudiantes en Canad\u00e1. Actualizaciones gratuitas [&hellip;]<\/p>\n","protected":false},"author":22,"featured_media":259673,"parent":259870,"menu_order":0,"comment_status":"closed","ping_status":"closed","template":"","meta":{"_et_pb_use_builder":"on","_et_pb_old_content":"","_et_gb_content_width":"","inline_featured_image":false,"footnotes":""},"class_list":["post-260018","page","type-page","status-publish","has-post-thumbnail","hentry"],"_links":{"self":[{"href":"https:\/\/selcedu.com\/es\/wp-json\/wp\/v2\/pages\/260018","targetHints":{"allow":["GET"]}}],"collection":[{"href":"https:\/\/selcedu.com\/es\/wp-json\/wp\/v2\/pages"}],"about":[{"href":"https:\/\/selcedu.com\/es\/wp-json\/wp\/v2\/types\/page"}],"author":[{"embeddable":true,"href":"https:\/\/selcedu.com\/es\/wp-json\/wp\/v2\/users\/22"}],"replies":[{"embeddable":true,"href":"https:\/\/selcedu.com\/es\/wp-json\/wp\/v2\/comments?post=260018"}],"version-history":[{"count":1,"href":"https:\/\/selcedu.com\/es\/wp-json\/wp\/v2\/pages\/260018\/revisions"}],"predecessor-version":[{"id":260019,"href":"https:\/\/selcedu.com\/es\/wp-json\/wp\/v2\/pages\/260018\/revisions\/260019"}],"up":[{"embeddable":true,"href":"https:\/\/selcedu.com\/es\/wp-json\/wp\/v2\/pages\/259870"}],"wp:featuredmedia":[{"embeddable":true,"href":"https:\/\/selcedu.com\/es\/wp-json\/wp\/v2\/media\/259673"}],"wp:attachment":[{"href":"https:\/\/selcedu.com\/es\/wp-json\/wp\/v2\/media?parent=260018"}],"curies":[{"name":"wp","href":"https:\/\/api.w.org\/{rel}","templated":true}]}}