{"id":259853,"date":"2024-04-15T22:49:39","date_gmt":"2024-04-15T22:49:39","guid":{"rendered":"https:\/\/selcedu.com\/requisitos-de-admision\/"},"modified":"2025-01-23T23:37:44","modified_gmt":"2025-01-23T23:37:44","slug":"requisitos-de-admision","status":"publish","type":"page","link":"https:\/\/selcedu.com\/es\/admisiones\/requisitos-de-admision\/","title":{"rendered":"Requisitos de admisi\u00f3n"},"content":{"rendered":"<p>[et_pb_section fb_built=\u00bb1&#8243; next_background_color=\u00bb#ffffff\u00bb module_id=\u00bbmaterial-carrusel\u00bb _builder_version=\u00bb4.23.4&#8243; background_color=\u00bbgcid-e2b196e6-c1cd-4d7c-835d-4f50d20de00c\u00bb use_background_color_gradient=\u00bbon\u00bb background_color_gradient_direction=\u00bb45deg\u00bb background_color_gradient_stops=\u00bb#e86a15 28%|rgba(232,106,21,0.24) 99%\u00bb background_color_gradient_overlays_image=\u00bbon\u00bb background_image=\u00bbhttps:\/\/selcedu.com\/wp-content\/uploads\/2024\/03\/admission-process.webp\u00bb custom_margin=\u00bb-50px|||||\u00bb custom_padding=\u00bb||||false|false\u00bb bottom_divider_style=\u00bbasymmetric\u00bb bottom_divider_height=\u00bb113px\u00bb bottom_divider_height_tablet=\u00bb68px\u00bb bottom_divider_height_phone=\u00bb46px\u00bb bottom_divider_height_last_edited=\u00bbon|phone\u00bb collapsed=\u00bbon\u00bb global_colors_info=\u00bb{%22gcid-e2b196e6-c1cd-4d7c-835d-4f50d20de00c%22:%91%22background_color%22%93}\u00bb][et_pb_row column_structure=\u00bb3_5,2_5&#8243; _builder_version=\u00bb4.23.1&#8243; background_enable_color=\u00bboff\u00bb width=\u00bb90%\u00bb max_width=\u00bb90%\u00bb custom_margin=\u00bb100px||||false|false\u00bb custom_padding=\u00bb50px|50px|50px|50px|false|false\u00bb border_radii=\u00bbon|20px|20px|20px|20px\u00bb locked=\u00bboff\u00bb global_colors_info=\u00bb{}\u00bb][et_pb_column type=\u00bb3_5&#8243; _builder_version=\u00bb4.16&#8243; custom_padding=\u00bb|||\u00bb global_colors_info=\u00bb{}\u00bb custom_padding__hover=\u00bb|||\u00bb][et_pb_text _builder_version=\u00bb4.24.3&#8243; text_text_color=\u00bb#FFFFFF\u00bb text_font_size=\u00bb20px\u00bb link_font=\u00bbMontserrat||||||||\u00bb link_text_color=\u00bb#FFFFFF\u00bb link_font_size=\u00bb15px\u00bb header_font=\u00bbMontserrat|700|||||||\u00bb header_text_color=\u00bb#FFFFFF\u00bb header_font_size=\u00bb45px\u00bb header_letter_spacing=\u00bb3px\u00bb header_line_height=\u00bb140%\u00bb header_2_font=\u00bbMontserrat|700|||||||\u00bb header_2_text_color=\u00bbgcid-e2b196e6-c1cd-4d7c-835d-4f50d20de00c\u00bb header_2_font_size=\u00bb35px\u00bb header_2_line_height=\u00bb2em\u00bb header_3_font=\u00bbMontserrat||||||||\u00bb header_3_text_align=\u00bbcenter\u00bb header_3_text_color=\u00bb#312a29&#8243; header_3_font_size=\u00bb18px\u00bb header_3_line_height=\u00bb1.5em\u00bb custom_margin=\u00bb-6px||||false|false\u00bb custom_padding=\u00bb0px||||false|false\u00bb animation_direction=\u00bbright\u00bb text_font_size_tablet=\u00bb\u00bb text_font_size_phone=\u00bb14px\u00bb text_font_size_last_edited=\u00bbon|phone\u00bb header_font_size_tablet=\u00bb40px\u00bb header_font_size_phone=\u00bb24px\u00bb header_font_size_last_edited=\u00bbon|tablet\u00bb global_colors_info=\u00bb{%22gcid-d0328ec1-b9c5-42bf-af93-bacd6777b9fa%22:%91%22header_3_text_color%22,%22header_3_text_color%22%93,%22gcid-e2b196e6-c1cd-4d7c-835d-4f50d20de00c%22:%91%22header_2_text_color%22%93}\u00bb]<\/p>\n<h1>Requisitos de admisi\u00f3n<\/h1>\n<p>[\/et_pb_text][et_pb_text _builder_version=\u00bb4.24.3&#8243; _module_preset=\u00bbdefault\u00bb text_font=\u00bbMontserrat|300|||||||\u00bb text_text_color=\u00bb#FFFFFF\u00bb text_font_size=\u00bb16px\u00bb text_line_height=\u00bb1.8em\u00bb custom_margin=\u00bb||50px||false|false\u00bb custom_margin_tablet=\u00bb||0px||false|false\u00bb custom_margin_phone=\u00bb||0px||false|false\u00bb custom_margin_last_edited=\u00bbon|desktop\u00bb global_colors_info=\u00bb{%22gcid-d0328ec1-b9c5-42bf-af93-bacd6777b9fa%22:%91%22header_3_text_color%22%93}\u00bb]Los requisitos de admisi\u00f3n se establecen para que los estudiantes maximicen su experiencia educativa en nuestra universidad. Es esencial comprender los requisitos de admisi\u00f3n que guiar\u00e1n tu proceso de solicitud. Nuestro objetivo es garantizar una evaluaci\u00f3n exhaustiva y equitativa para cada candidato. A continuaci\u00f3n se indican los componentes clave que deber\u00e1s preparar al presentar tu solicitud de ingreso en nuestra instituci\u00f3n.[\/et_pb_text][\/et_pb_column][et_pb_column type=\u00bb2_5&#8243; _builder_version=\u00bb4.16&#8243; custom_padding=\u00bb|||\u00bb global_colors_info=\u00bb{}\u00bb custom_padding__hover=\u00bb|||\u00bb][\/et_pb_column][\/et_pb_row][\/et_pb_section][et_pb_section fb_built=\u00bb1&#8243; use_custom_gutter=\u00bbon\u00bb gutter_width=\u00bb2&#8243; specialty=\u00bbon\u00bb _builder_version=\u00bb4.23.4&#8243; _module_preset=\u00bbdefault\u00bb width=\u00bb100%\u00bb max_width=\u00bb100%\u00bb inner_max_width=\u00bb1400px\u00bb global_colors_info=\u00bb{}\u00bb][et_pb_column type=\u00bb1_3&#8243; _builder_version=\u00bb4.16&#8243; custom_padding=\u00bb|||\u00bb global_colors_info=\u00bb{}\u00bb custom_padding__hover=\u00bb|||\u00bb][pac_divi_table_of_contents title=\u00bbEsquema de admisi\u00f3n\u00bb opened_icon=\u00bb:||divi||400&#8243; closed_icon=\u00bb;||divi||400&#8243; included_headings=\u00bboff|on|off|off|off|off\u00bb title_container_bg_color=\u00bbgcid-e2b196e6-c1cd-4d7c-835d-4f50d20de00c\u00bb _builder_version=\u00bb4.23.4&#8243; _module_preset=\u00bbdefault\u00bb title_font_font=\u00bbMontserrat||||||||\u00bb title_text_align=\u00bbleft\u00bb title_font_size=\u00bb18px\u00bb keyword_highlight_font=\u00bbMontserrat||||||||\u00bb sticky_position=\u00bbtop\u00bb sticky_offset_top=\u00bb71px\u00bb sticky_limit_bottom=\u00bbsection\u00bb sticky_position_tablet=\u00bbnone\u00bb sticky_position_phone=\u00bbnone\u00bb sticky_position_last_edited=\u00bbon|desktop\u00bb border_radii=\u00bbon|10px|10px|10px|10px\u00bb global_colors_info=\u00bb{%22gcid-e2b196e6-c1cd-4d7c-835d-4f50d20de00c%22:%91%22title_container_bg_color%22%93}\u00bb][\/pac_divi_table_of_contents][\/et_pb_column][et_pb_column type=\u00bb2_3&#8243; specialty_columns=\u00bb2&#8243; _builder_version=\u00bb4.16&#8243; custom_padding=\u00bb|||\u00bb global_colors_info=\u00bb{}\u00bb custom_padding__hover=\u00bb|||\u00bb][et_pb_row_inner _builder_version=\u00bb4.24.3&#8243; _module_preset=\u00bbdefault\u00bb scroll_vertical_motion=\u00bb0|40|55|100|4|0|-4&#8243; scroll_blur=\u00bb0|30|60|100|10|0|0&#8243; motion_trigger_start=\u00bbtop\u00bb global_colors_info=\u00bb{}\u00bb][et_pb_column_inner saved_specialty_column_type=\u00bb2_3&#8243; _builder_version=\u00bb4.23.4&#8243; _module_preset=\u00bbdefault\u00bb global_colors_info=\u00bb{}\u00bb][et_pb_text _builder_version=\u00bb4.27.4&#8243; _module_preset=\u00bbdefault\u00bb text_font=\u00bbMontserrat|300|||||||\u00bb text_text_color=\u00bbgcid-d0328ec1-b9c5-42bf-af93-bacd6777b9fa\u00bb text_font_size=\u00bb16px\u00bb text_line_height=\u00bb1.8em\u00bb hover_enabled=\u00bb0&#8243; global_colors_info=\u00bb{%22gcid-d0328ec1-b9c5-42bf-af93-bacd6777b9fa%22:%91%22header_3_text_color%22,%22text_text_color%22%93}\u00bb sticky_enabled=\u00bb0&#8243;]<\/p>\n<p>Cada programa puede tener diferentes requisitos de admisi\u00f3n y solicitudes adicionales para que los estudiantes se unan al programa.<\/p>\n<p>Sigue nuestros requisitos generales de admisi\u00f3n. Consulta nuestra p\u00e1gina <a href=\"https:\/\/selcedu.com\/es\/programas-de-diploma\/\" target=\"_blank\" rel=\"noopener\" title=\"programas de diploma\">de programas de diplomatura<\/a> para poder ver los requisitos de cada uno de nuestros programas. <\/p>\n<p>Todos los solicitantes e inscritos, independientemente de su estatus de ciudadan\u00eda o pa\u00eds de origen, deben demostrar un nivel adecuado de dominio del ingl\u00e9s.<\/p>\n<p>&nbsp;<\/p>\n<h2>Requisitos ling\u00fc\u00edsticos<\/h2>\n<p>[\/et_pb_text][et_pb_tabs active_tab_background_color=\u00bbgcid-e2b196e6-c1cd-4d7c-835d-4f50d20de00c\u00bb active_tab_text_color=\u00bb#FFFFFF\u00bb _builder_version=\u00bb4.27.4&#8243; _module_preset=\u00bbdefault\u00bb body_font=\u00bbMontserrat||||||||\u00bb body_font_size=\u00bb16px\u00bb body_line_height=\u00bb1.8em\u00bb tab_font=\u00bbMontserrat||||||||\u00bb tab_line_height=\u00bb2.5em\u00bb hover_enabled=\u00bb0&#8243; global_colors_info=\u00bb{%22gcid-e2b196e6-c1cd-4d7c-835d-4f50d20de00c%22:%91%22active_tab_background_color%22%93}\u00bb sticky_enabled=\u00bb0&#8243;][et_pb_tab title=\u00bbIELTS 6.0&#8243; _builder_version=\u00bb4.27.4&#8243; _module_preset=\u00bbdefault\u00bb hover_enabled=\u00bb0&#8243; global_colors_info=\u00bb{}\u00bb sticky_enabled=\u00bb0&#8243;]<\/p>\n<p>Hay dos formas de cumplir el requisito de ingl\u00e9s:<\/p>\n<p>1. Completa los dos pasos siguientes:<\/p>\n<p>A) Ingl\u00e9s 10, 11 o 12 o equivalente con una calificaci\u00f3n m\u00ednima de \u00abC\u00bb Para el dominio de la lectura y la escritura<\/p>\n<p>B) Dos a\u00f1os de educaci\u00f3n a tiempo completo en ingl\u00e9s en un pa\u00eds de habla inglesa para adquirir competencia oral y auditiva.<\/p>\n<p>O<\/p>\n<p>2. Demostrar dominio de la lectura, la escritura, la expresi\u00f3n oral y la comprensi\u00f3n auditiva mediante<\/p>\n<p>completar uno de los siguientes cursos o evaluaciones para alcanzar niveles aceptables:<\/p>\n<p><strong>IELTS<\/strong>: 6<\/p>\n<p><strong>Duolingo<\/strong>: 95<\/p>\n<p><strong>TOEIC<\/strong>: 700<\/p>\n<p><strong>TOEFL (Papel)<\/strong>: 537<\/p>\n<p><strong>TOEFL (IBT)<\/strong>: 75<\/p>\n<p><strong>Cambridge<\/strong>: FCE<\/p>\n<p><strong>CELPIP<\/strong>: 7<\/p>\n<p><strong>Cael<\/strong>: 50<\/p>\n<p><strong>PTE<\/strong>: 46<\/p>\n<p><strong>IdiomaCERT<\/strong>: Nivel B2<\/p>\n<p>[\/et_pb_tab][et_pb_tab title=\u00bbIELTS 5,5&#8243; _builder_version=\u00bb4.27.4&#8243; _module_preset=\u00bbdefault\u00bb hover_enabled=\u00bb0&#8243; global_colors_info=\u00bb{}\u00bb sticky_enabled=\u00bb0&#8243;]<\/p>\n<p>Hay dos formas de cumplir el requisito de ingl\u00e9s:<\/p>\n<p>1. Completa los dos pasos siguientes:<\/p>\n<p>A) Ingl\u00e9s 10, 11 o 12 o equivalente con una calificaci\u00f3n m\u00ednima de \u00abC\u00bb Para el dominio de la lectura y la escritura<\/p>\n<p>B) Dos a\u00f1os de educaci\u00f3n a tiempo completo en ingl\u00e9s en un pa\u00eds de habla inglesa para adquirir competencia oral y auditiva.<\/p>\n<p>O<\/p>\n<p>2. Demostrar dominio de la lectura, la escritura, la expresi\u00f3n oral y la comprensi\u00f3n auditiva mediante<\/p>\n<p>completar uno de los siguientes cursos o evaluaciones para alcanzar niveles aceptables:<\/p>\n<p><strong>IELTS<\/strong>: 5,5<\/p>\n<p><strong>Duolingo<\/strong>: 95<\/p>\n<p><strong>TOEIC<\/strong>: 650<\/p>\n<p><strong>TOEFL (en papel)<\/strong>: 500<\/p>\n<p><strong>TOEFL (IBT)<\/strong>: 65<\/p>\n<p><strong>Cambridge<\/strong>: PET-FCE<\/p>\n<p><strong>CELPIP<\/strong>: 6<\/p>\n<p><strong>Cael<\/strong>: 40<\/p>\n<p><strong>PTE<\/strong>: 36<\/p>\n<p>[\/et_pb_tab][\/et_pb_tabs][et_pb_text _builder_version=\u00bb4.25.1&#8243; _module_preset=\u00bbdefault\u00bb text_font=\u00bbMontserrat|300|||||||\u00bb text_text_color=\u00bbgcid-d0328ec1-b9c5-42bf-af93-bacd6777b9fa\u00bb text_font_size=\u00bb16px\u00bb text_line_height=\u00bb1.8em\u00bb global_colors_info=\u00bb{%22gcid-d0328ec1-b9c5-42bf-af93-bacd6777b9fa%22:%91%22header_3_text_color%22,%22text_text_color%22%93}\u00bb]<\/p>\n<h2>2. Requisitos acad\u00e9micos y personales<\/h2>\n<p>Los estudiantes necesitan TODO lo siguiente:<\/p>\n<p>*Prueba de ciudadan\u00eda canadiense o residencia permanente para los estudiantes nacionales<br \/>*Los solicitantes deben tener 18 a\u00f1os o m\u00e1s y haber finalizado los estudios de bachillerato y\/o comenzado los estudios postsecundarios O haber alcanzado la ESTATUS DE ESTUDIANTE MADURO: 19 a\u00f1os de edad<\/p>\n<p>[\/et_pb_text][ds_timeline _builder_version=\u00bb4.24.3&#8243; _module_preset=\u00bbdefault\u00bb global_colors_info=\u00bb{}\u00bb][\/ds_timeline][\/et_pb_column_inner][\/et_pb_row_inner][\/et_pb_column][\/et_pb_section]<\/p>\n","protected":false},"excerpt":{"rendered":"<p>Requisitos de admisi\u00f3nLos requisitos de admisi\u00f3n se establecen para que los estudiantes maximicen su experiencia educativa en nuestra universidad. Es esencial comprender los requisitos de admisi\u00f3n que guiar\u00e1n tu proceso de solicitud. Nuestro objetivo es garantizar una evaluaci\u00f3n exhaustiva y equitativa para cada candidato. A continuaci\u00f3n se indican los componentes clave que deber\u00e1s preparar al [&hellip;]<\/p>\n","protected":false},"author":22,"featured_media":259629,"parent":260022,"menu_order":0,"comment_status":"closed","ping_status":"closed","template":"","meta":{"_et_pb_use_builder":"on","_et_pb_old_content":"","_et_gb_content_width":"","inline_featured_image":false,"footnotes":""},"class_list":["post-259853","page","type-page","status-publish","has-post-thumbnail","hentry"],"_links":{"self":[{"href":"https:\/\/selcedu.com\/es\/wp-json\/wp\/v2\/pages\/259853","targetHints":{"allow":["GET"]}}],"collection":[{"href":"https:\/\/selcedu.com\/es\/wp-json\/wp\/v2\/pages"}],"about":[{"href":"https:\/\/selcedu.com\/es\/wp-json\/wp\/v2\/types\/page"}],"author":[{"embeddable":true,"href":"https:\/\/selcedu.com\/es\/wp-json\/wp\/v2\/users\/22"}],"replies":[{"embeddable":true,"href":"https:\/\/selcedu.com\/es\/wp-json\/wp\/v2\/comments?post=259853"}],"version-history":[{"count":2,"href":"https:\/\/selcedu.com\/es\/wp-json\/wp\/v2\/pages\/259853\/revisions"}],"predecessor-version":[{"id":260315,"href":"https:\/\/selcedu.com\/es\/wp-json\/wp\/v2\/pages\/259853\/revisions\/260315"}],"up":[{"embeddable":true,"href":"https:\/\/selcedu.com\/es\/wp-json\/wp\/v2\/pages\/260022"}],"wp:featuredmedia":[{"embeddable":true,"href":"https:\/\/selcedu.com\/es\/wp-json\/wp\/v2\/media\/259629"}],"wp:attachment":[{"href":"https:\/\/selcedu.com\/es\/wp-json\/wp\/v2\/media?parent=259853"}],"curies":[{"name":"wp","href":"https:\/\/api.w.org\/{rel}","templated":true}]}}