{"id":259834,"date":"2024-08-24T07:38:10","date_gmt":"2024-08-24T07:38:10","guid":{"rendered":"https:\/\/selcedu.com\/pago-de-tasas-academicas\/"},"modified":"2026-01-08T22:40:00","modified_gmt":"2026-01-08T22:40:00","slug":"pago-de-tasas-academicas","status":"publish","type":"page","link":"https:\/\/selcedu.com\/es\/admisiones\/pago-de-tasas-academicas\/","title":{"rendered":"Pago de tasas acad\u00e9micas"},"content":{"rendered":"\n[et_pb_section fb_built=\u00bb1&#8243; next_background_color=\u00bb#ffffff\u00bb module_id=\u00bbmaterial-carrusel\u00bb _builder_version=\u00bb4.27.0&#8243; background_color=\u00bbgcid-e2b196e6-c1cd-4d7c-835d-4f50d20de00c\u00bb use_background_color_gradient=\u00bbon\u00bb background_color_gradient_direction=\u00bb45deg\u00bb background_color_gradient_stops=\u00bb#e86a15 28%|rgba(232,106,21,0.24) 99%\u00bb background_color_gradient_overlays_image=\u00bbon\u00bb background_image=\u00bbhttps:\/\/selcedu.com\/wp-content\/uploads\/2024\/08\/tuition-fee-payment-for-students.webp\u00bb custom_margin=\u00bb-50px|||||\u00bb custom_padding=\u00bb||||false|false\u00bb bottom_divider_style=\u00bbasymmetric\u00bb bottom_divider_height=\u00bb113px\u00bb bottom_divider_height_tablet=\u00bb68px\u00bb bottom_divider_height_phone=\u00bb46px\u00bb bottom_divider_height_last_edited=\u00bbon|phone\u00bb collapsed=\u00bbon\u00bb global_colors_info=\u00bb{%22gcid-e2b196e6-c1cd-4d7c-835d-4f50d20de00c%22:%91%22background_color%22%93}\u00bb][et_pb_row column_structure=\u00bb3_5,2_5&#8243; _builder_version=\u00bb4.23.1&#8243; background_enable_color=\u00bboff\u00bb width=\u00bb90%\u00bb max_width=\u00bb90%\u00bb custom_margin=\u00bb100px||||false|false\u00bb custom_padding=\u00bb50px|50px|50px|50px|false|false\u00bb border_radii=\u00bbon|20px|20px|20px|20px\u00bb locked=\u00bboff\u00bb global_colors_info=\u00bb{}\u00bb][et_pb_column type=\u00bb3_5&#8243; _builder_version=\u00bb4.16&#8243; custom_padding=\u00bb|||\u00bb global_colors_info=\u00bb{}\u00bb custom_padding__hover=\u00bb|||\u00bb][et_pb_text _builder_version=\u00bb4.27.0&#8243; text_text_color=\u00bb#FFFFFF\u00bb text_font_size=\u00bb20px\u00bb link_font=\u00bbMontserrat||||||||\u00bb link_text_color=\u00bb#FFFFFF\u00bb link_font_size=\u00bb15px\u00bb header_font=\u00bbMontserrat|700|||||||\u00bb header_text_color=\u00bb#FFFFFF\u00bb header_font_size=\u00bb45px\u00bb header_letter_spacing=\u00bb3px\u00bb header_line_height=\u00bb140%\u00bb header_2_font=\u00bbMontserrat|700|||||||\u00bb header_2_text_color=\u00bbgcid-e2b196e6-c1cd-4d7c-835d-4f50d20de00c\u00bb header_2_font_size=\u00bb35px\u00bb header_2_line_height=\u00bb2em\u00bb header_3_font=\u00bbMontserrat||||||||\u00bb header_3_text_align=\u00bbcenter\u00bb header_3_text_color=\u00bb#312a29&#8243; header_3_font_size=\u00bb18px\u00bb header_3_line_height=\u00bb1.5em\u00bb custom_margin=\u00bb-6px||||false|false\u00bb custom_padding=\u00bb0px||||false|false\u00bb animation_direction=\u00bbright\u00bb text_font_size_tablet=\u00bb\u00bb text_font_size_phone=\u00bb14px\u00bb text_font_size_last_edited=\u00bbon|phone\u00bb header_font_size_tablet=\u00bb40px\u00bb header_font_size_phone=\u00bb24px\u00bb header_font_size_last_edited=\u00bbon|tablet\u00bb global_colors_info=\u00bb{%22gcid-d0328ec1-b9c5-42bf-af93-bacd6777b9fa%22:%91%22header_3_text_color%22,%22header_3_text_color%22%93,%22gcid-e2b196e6-c1cd-4d7c-835d-4f50d20de00c%22:%91%22header_2_text_color%22%93}\u00bb]<h1>Paga tu matr\u00edcula<\/h1>[\/et_pb_text][et_pb_text _builder_version=\u00bb4.27.0&#8243; _module_preset=\u00bbdefault\u00bb text_font=\u00bbMontserrat|300|||||||\u00bb text_text_color=\u00bb#FFFFFF\u00bb text_font_size=\u00bb16px\u00bb text_line_height=\u00bb1.8em\u00bb custom_margin=\u00bb||50px||false|false\u00bb custom_margin_tablet=\u00bb||0px||false|false\u00bb custom_margin_phone=\u00bb||0px||false|false\u00bb custom_margin_last_edited=\u00bbon|desktop\u00bb global_colors_info=\u00bb{%22gcid-d0328ec1-b9c5-42bf-af93-bacd6777b9fa%22:%91%22header_3_text_color%22%93}\u00bb]<p>Sabiendo que esto forma parte del viaje educativo, SELC College se compromete a hacer que el proceso de pago de la <a href=\"https:\/\/selcedu.com\/admissions\/program-fees\/\" target=\"_blank\" rel=\"noopener\" title=\"tasas de matr\u00edcula para programas de carrera\">matr\u00edcula<\/a> sea lo m\u00e1s c\u00f3modo y libre de problemas posible. SELC College se ha asociado con Flywire y PayMyTuition para proporcionar una forma segura y flexible de realizar pagos internacionales. <\/p>[\/et_pb_text][\/et_pb_column][et_pb_column type=\u00bb2_5&#8243; _builder_version=\u00bb4.16&#8243; custom_padding=\u00bb|||\u00bb global_colors_info=\u00bb{}\u00bb custom_padding__hover=\u00bb|||\u00bb][\/et_pb_column][\/et_pb_row][\/et_pb_section][et_pb_section fb_built=\u00bb1&#8243; use_custom_gutter=\u00bbon\u00bb gutter_width=\u00bb2&#8243; specialty=\u00bbon\u00bb _builder_version=\u00bb4.23.4&#8243; _module_preset=\u00bbdefault\u00bb width=\u00bb100%\u00bb max_width=\u00bb100%\u00bb inner_max_width=\u00bb1400px\u00bb global_colors_info=\u00bb{}\u00bb][et_pb_column type=\u00bb1_3&#8243; _builder_version=\u00bb4.16&#8243; custom_padding=\u00bb|||\u00bb global_colors_info=\u00bb{}\u00bb custom_padding__hover=\u00bb|||\u00bb][pac_divi_table_of_contents title=\u00bbOpciones de pago de la matr\u00edcula\u00bb opened_icon=\u00bb:||divi||400&#8243; closed_icon=\u00bb;||divi||400&#8243; included_headings=\u00bboff|on|off|off|off|off\u00bb title_container_bg_color=\u00bbgcid-e2b196e6-c1cd-4d7c-835d-4f50d20de00c\u00bb _builder_version=\u00bb4.27.0&#8243; _module_preset=\u00bbdefault\u00bb title_font_font=\u00bbMontserrat||||||||\u00bb title_text_align=\u00bbleft\u00bb title_font_size=\u00bb18px\u00bb keyword_highlight_font=\u00bbMontserrat||||||||\u00bb sticky_position=\u00bbtop\u00bb sticky_offset_top=\u00bb71px\u00bb sticky_limit_bottom=\u00bbsection\u00bb sticky_position_tablet=\u00bbnone\u00bb sticky_position_phone=\u00bbnone\u00bb sticky_position_last_edited=\u00bbon|desktop\u00bb border_radii=\u00bbon|10px|10px|10px|10px\u00bb global_colors_info=\u00bb{%22gcid-e2b196e6-c1cd-4d7c-835d-4f50d20de00c%22:%91%22title_container_bg_color%22%93}\u00bb][\/pac_divi_table_of_contents][\/et_pb_column][et_pb_column type=\u00bb2_3&#8243; specialty_columns=\u00bb2&#8243; _builder_version=\u00bb4.16&#8243; custom_padding=\u00bb|||\u00bb global_colors_info=\u00bb{}\u00bb custom_padding__hover=\u00bb|||\u00bb][et_pb_row_inner _builder_version=\u00bb4.24.3&#8243; _module_preset=\u00bbdefault\u00bb scroll_vertical_motion=\u00bb0|40|55|100|4|0|-4&#8243; scroll_blur=\u00bb0|30|60|100|10|0|0&#8243; motion_trigger_start=\u00bbtop\u00bb global_colors_info=\u00bb{}\u00bb][et_pb_column_inner saved_specialty_column_type=\u00bb2_3&#8243; _builder_version=\u00bb4.23.4&#8243; _module_preset=\u00bbdefault\u00bb global_colors_info=\u00bb{}\u00bb][et_pb_text _builder_version=\u00bb4.27.0&#8243; _module_preset=\u00bbdefault\u00bb text_font=\u00bbMontserrat|300|||||||\u00bb text_text_color=\u00bbgcid-d0328ec1-b9c5-42bf-af93-bacd6777b9fa\u00bb text_font_size=\u00bb16px\u00bb text_line_height=\u00bb1.8em\u00bb global_colors_info=\u00bb{%22gcid-d0328ec1-b9c5-42bf-af93-bacd6777b9fa%22:%91%22header_3_text_color%22,%22text_text_color%22%93}\u00bb]<h2>Pago con FlyWire<\/h2>  SELC College se ha asociado con FlyWire para proporcionar una manera f\u00e1cil de realizar pagos de tasas internacionales a trav\u00e9s de un portal online. Con FlyWire, no s\u00f3lo ahorrar\u00e1s en comisiones bancarias y tipos de cambio, sino que tambi\u00e9n podr\u00e1s seguir el progreso de tu pago de principio a fin.   <iframe src=\"https:\/\/player.vimeo.com\/video\/189693395?badge=0&amp;autopause=0&amp;player_id=0&amp;app_id=58479\" frameborder=\"0\" allow=\"autoplay; fullscreen; picture-in-picture; clipboard-write\" style=\"position: absolute; top: 0; left: 0; width: 100%; height: 100%;\" title=\"C\u00f3mo funciona Flywire\"><\/iframe>\n<script src=\"https:\/\/player.vimeo.com\/api\/player.js\"><\/script>\n<h3>\u00bfPor qu\u00e9 elegir Flywire con SELC College?<\/h3>\n<ul>\n\t<li><strong>Proceso de pago sin fisuras:<\/strong> Realiza, sigue y autentica todos tus pagos f\u00e1cilmente online.<\/li>\n\t<li><strong>Opciones de pago locales:<\/strong> Aprovecha la gran variedad de m\u00e9todos de pago locales disponibles en cada pa\u00eds o regi\u00f3n, como transferencias bancarias, tarjetas de cr\u00e9dito, monederos electr\u00f3nicos y muchos otros.<\/li>\n\t<li><strong>Asistencia multiling\u00fce:<\/strong> El servicio de atenci\u00f3n al cliente est\u00e1 disponible en una amplia variedad de idiomas a trav\u00e9s del chat en directo, correo electr\u00f3nico, tel\u00e9fono, etc.<\/li>\n\t<li><strong>Ahorro de costes:<\/strong> Ahorra en comisiones bancarias y sobreprecios en los tipos de cambio gracias a una banca favorable y un FOREX competitivo: aseg\u00farate de que obtienes la mejor oferta para tu pago con Flywire.<\/li>\n<\/ul>[\/et_pb_text][et_pb_button button_url=\u00bbhttp:\/\/selcedu.flywire.com\u00bb url_new_window=\u00bbon\u00bb button_text=\u00bbPaga con FlyWire\u00bb button_alignment=\u00bbcenter\u00bb _builder_version=\u00bb4.27.0&#8243; _module_preset=\u00bbdefault\u00bb custom_button=\u00bbon\u00bb button_text_color=\u00bb#FFFFFF\u00bb button_bg_color=\u00bbgcid-e2b196e6-c1cd-4d7c-835d-4f50d20de00c\u00bb button_border_width=\u00bb0px\u00bb button_border_color=\u00bbgcid-e2b196e6-c1cd-4d7c-835d-4f50d20de00c\u00bb button_border_radius=\u00bb5px\u00bb button_font=\u00bbMontserrat|300|||||||\u00bb button_icon=\u00bb&#x3d;||divi||400&#8243; button_on_hover=\u00bboff\u00bb custom_padding=\u00bb20px|50px|20px|30px|false|false\u00bb locked=\u00bboff\u00bb global_colors_info=\u00bb{%22gcid-e2b196e6-c1cd-4d7c-835d-4f50d20de00c%22:%91%22button_bg_color%22,%22button_text_color__hover%22,%22button_border_color%22,%22button_border_color__hover%22%93}\u00bb button_bg_color__hover_enabled=\u00bbon|hover\u00bb button_text_size__hover_enabled=\u00bbon|hover\u00bb button_bg_color__hover=\u00bb#FFFFFF\u00bb button_bg_enable_color__hover=\u00bbon\u00bb button_text_color__hover_enabled=\u00bbon|desktop\u00bb button_text_color__hover=\u00bb#ed591e\u00bb button_text_size__hover=\u00bb21px\u00bb button_border_width__hover_enabled=\u00bbon|hover\u00bb button_border_width__hover=\u00bb1px\u00bb button_border_color__hover_enabled=\u00bbon|hover\u00bb button_border_color__hover=\u00bb#ed591e\u00bb][\/et_pb_button][et_pb_text _builder_version=\u00bb4.27.0&#8243; _module_preset=\u00bbdefault\u00bb text_font=\u00bbMontserrat|300|||||||\u00bb text_text_color=\u00bbgcid-d0328ec1-b9c5-42bf-af93-bacd6777b9fa\u00bb text_font_size=\u00bb16px\u00bb text_line_height=\u00bb1.8em\u00bb global_colors_info=\u00bb{%22gcid-d0328ec1-b9c5-42bf-af93-bacd6777b9fa%22:%91%22header_3_text_color%22,%22text_text_color%22%93}\u00bb]<h2>Pago con PayMyTuition<\/h2>  SELC College se complace en ofrecer PayMyTuition como otro m\u00e9todo de pago para las tasas internacionales. Esta plataforma segura simplifica el proceso de pago, ofreciendo una gama de opciones adaptadas a tus necesidades.   <iframe width=\"560\" height=\"315\" src=\"https:\/\/www.youtube.com\/embed\/4CIy-gdyoP8?si=GZwvC07EXACabqiC\" title=\"Reproductor de v\u00eddeo de YouTube\" frameborder=\"0\" allow=\"accelerometer; autoplay; clipboard-write; encrypted-media; gyroscope; picture-in-picture; web-share\" referrerpolicy=\"strict-origin-when-cross-origin\" allowfullscreen=\"\"><\/iframe>\n<br>\n<h3>\u00bfPor qu\u00e9 elegir PayMyTuition con SELC College?<\/h3>\n<ul>\n\t<li> <strong> Pagos simplificados:<\/strong> Gestiona y realiza un seguimiento de tus pagos sin problemas en l\u00ednea.<\/li>\n\t<li><strong>Accesibilidad global<\/strong>: Paga desde m\u00e1s de 180 pa\u00edses en m\u00e1s de 135 monedas.<\/li>\n\t<li><strong>M\u00e9todos de pago flexibles:<\/strong> Elige entre las opciones de pago locales, como transferencias bancarias, tarjetas de cr\u00e9dito, etc.<\/li>\n\t<li><strong>Asistencia experta:<\/strong> Disfruta de un servicio de atenci\u00f3n al cliente multiling\u00fce y de tipos de cambio competitivos con garant\u00edas de tipo de cambio.<\/li>\n<\/ul>[\/et_pb_text][et_pb_button button_url=\u00bbhttps:\/\/payment.paymytuition.com\/paynow\/selc\u00bb url_new_window=\u00bbon\u00bb button_text=\u00bbPaga con PayMyTuition\u00bb button_alignment=\u00bbcenter\u00bb _builder_version=\u00bb4.27.0&#8243; _module_preset=\u00bbdefault\u00bb custom_button=\u00bbon\u00bb button_text_color=\u00bb#FFFFFF\u00bb button_bg_color=\u00bbgcid-e2b196e6-c1cd-4d7c-835d-4f50d20de00c\u00bb button_border_width=\u00bb0px\u00bb button_border_color=\u00bbgcid-e2b196e6-c1cd-4d7c-835d-4f50d20de00c\u00bb button_border_radius=\u00bb5px\u00bb button_font=\u00bbMontserrat|300|||||||\u00bb button_icon=\u00bb&#x3d;||divi||400&#8243; button_on_hover=\u00bboff\u00bb custom_padding=\u00bb20px|50px|20px|30px|false|false\u00bb locked=\u00bboff\u00bb global_colors_info=\u00bb{%22gcid-e2b196e6-c1cd-4d7c-835d-4f50d20de00c%22:%91%22button_bg_color%22,%22button_text_color__hover%22,%22button_border_color%22,%22button_border_color__hover%22%93}\u00bb button_bg_color__hover_enabled=\u00bbon|hover\u00bb button_text_size__hover_enabled=\u00bbon|hover\u00bb button_bg_color__hover=\u00bb#FFFFFF\u00bb button_bg_enable_color__hover=\u00bbon\u00bb button_text_color__hover_enabled=\u00bbon|desktop\u00bb button_text_color__hover=\u00bb#ed591e\u00bb button_text_size__hover=\u00bb21px\u00bb button_border_width__hover_enabled=\u00bbon|hover\u00bb button_border_width__hover=\u00bb1px\u00bb button_border_color__hover_enabled=\u00bbon|hover\u00bb button_border_color__hover=\u00bb#ed591e\u00bb][\/et_pb_button][et_pb_text _builder_version=\u00bb4.27.2&#8243; _module_preset=\u00bbdefault\u00bb text_font=\u00bbMontserrat|300|||||||\u00bb text_text_color=\u00bbgcid-d0328ec1-b9c5-42bf-af93-bacd6777b9fa\u00bb text_font_size=\u00bb16px\u00bb text_line_height=\u00bb1.8em\u00bb global_colors_info=\u00bb{%22gcid-d0328ec1-b9c5-42bf-af93-bacd6777b9fa%22:%91%22header_3_text_color%22,%22text_text_color%22%93}\u00bb]<h2>Pago con TransferMate<\/h2>\n<p>TransferMate-Edvisor es nuestro m\u00e9todo de pago preferido. Ofrecen a los estudiantes internacionales una forma m\u00e1s f\u00e1cil y barata de pagar sus tasas. <\/p>\n<p><iframe width=\"560\" height=\"315\" src=\"https:\/\/www.youtube.com\/embed\/-K3nvlmYJ74?si=GHGBs8c-ZR35YK5t\" title=\"Reproductor de v\u00eddeo de YouTube\" frameborder=\"0\" allow=\"accelerometer; autoplay; clipboard-write; encrypted-media; gyroscope; picture-in-picture; web-share\" referrerpolicy=\"strict-origin-when-cross-origin\" allowfullscreen=\"\"><\/iframe><\/p>\n<h3>\u00bfPor qu\u00e9 elegir Transfermate con SELC College?<\/h3>\n<ul>\n<li>Paga en tu moneda local a una cuenta bancaria local<\/li>\n<li>Sin comisiones bancarias internacionales de tu banco<\/li>\n<li>Excelentes tipos de cambio<\/li>\n<li>Sencillo online con tarjetas de cr\u00e9dito o pagos por transferencia bancaria<\/li>\n<li>Servicio de atenci\u00f3n al cliente 24 horas con asistencia multiling\u00fce<\/li>\n<li>Seguimiento del pago online las 24 horas con notificaciones por SMS y correo electr\u00f3nico<\/li>\n<\/ul>\n<p>TransferMate-Edvisor te permite realizar pagos internacionales sin comisiones bancarias internacionales y ofrece tipos de cambio competitivos.<\/p>\n<p>Si eres un estudiante internacional pagando tasas a SELC, utiliza este m\u00e9todo seguro y r\u00e1pido para pagar tus tasas. Esta es nuestra forma de pago preferente. <\/p>\n<p><strong>C\u00f3mo funciona:<\/strong><\/p>\n<ol>\n<li>Reg\u00edstrate en el sitio seguro de TransferMate e introduce tus datos de pago.<\/li>\n<li>Recibe el tipo de cambio del d\u00eda y, a continuaci\u00f3n, elige transferencia bancaria o tarjeta de cr\u00e9dito como forma de pago.<\/li>\n<li>Una vez que TransferMate recibe tus fondos, los transfiere inmediatamente a Miila en Canad\u00e1.<\/li>\n<\/ol>[\/et_pb_text][et_pb_button button_url=\u00bbhttps:\/\/selc.transfermateeducation.com\/\u00bb url_new_window=\u00bbon\u00bb button_text=\u00bbPagar con TransferMate\u00bb button_alignment=\u00bbcenter\u00bb _builder_version=\u00bb4.27.2&#8243; _module_preset=\u00bbdefault\u00bb custom_button=\u00bbon\u00bb button_text_color=\u00bb#FFFFFF\u00bb button_bg_color=\u00bbgcid-e2b196e6-c1cd-4d7c-835d-4f50d20de00c\u00bb button_border_width=\u00bb0px\u00bb button_border_color=\u00bbgcid-e2b196e6-c1cd-4d7c-835d-4f50d20de00c\u00bb button_border_radius=\u00bb5px\u00bb button_font=\u00bbMontserrat|300|||||||\u00bb button_icon=\u00bb&#x3d;||divi||400&#8243; button_on_hover=\u00bboff\u00bb custom_padding=\u00bb20px|50px|20px|30px|false|false\u00bb hover_enabled=\u00bb0&#8243; locked=\u00bboff\u00bb global_colors_info=\u00bb{%22gcid-e2b196e6-c1cd-4d7c-835d-4f50d20de00c%22:%91%22button_bg_color%22,%22button_text_color__hover%22,%22button_border_color%22,%22button_border_color__hover%22%93}\u00bb button_bg_color__hover_enabled=\u00bbon|hover\u00bb button_text_size__hover_enabled=\u00bbon|hover\u00bb button_bg_color__hover=\u00bb#FFFFFF\u00bb button_bg_enable_color__hover=\u00bbon\u00bb button_text_color__hover_enabled=\u00bbon|desktop\u00bb button_text_color__hover=\u00bb#ed591e\u00bb button_text_size__hover=\u00bb21px\u00bb button_border_width__hover_enabled=\u00bbon|hover\u00bb button_border_width__hover=\u00bb1px\u00bb button_border_color__hover_enabled=\u00bbon|hover\u00bb button_border_color__hover=\u00bb#ed591e\u00bb sticky_enabled=\u00bb0&#8243;][\/et_pb_button][\/et_pb_column_inner][\/et_pb_row_inner][\/et_pb_column][\/et_pb_section]\n","protected":false},"excerpt":{"rendered":"<p>Paga tu matr\u00edculaSabiendo que esto forma parte del viaje educativo, SELC College se compromete a hacer que el proceso de pago de la matr\u00edcula sea lo m\u00e1s c\u00f3modo y libre de problemas posible. SELC College se ha asociado con Flywire y PayMyTuition para proporcionar una forma segura y flexible de realizar pagos internacionales. <div class=\"et_pb_module pac_divi_table_of_contents pac_divi_table_of_contents_0\">\n\t\t\t\t\n\t\t\t\t\n\t\t\t\t\n\t\t\t\t\n\t\t\t\t\n\t\t\t\t\n\t\t\t\t<div class=\"et_pb_module_inner\">\n\t\t\t\t\t\n        <div class=\"pac_dtoc_main_container\"\n        data-allow_collapse_minimize=\"on\"\n        data-allow_collapse_minimize_tablet=\"on\"\n        data-allow_collapse_minimize_phone=\"on\"\n        data-ss=\"2000\"\n        data-sah=\"100\"\n        data-collapse_when_sticky=\"off\"\n        data-collapse_when_sticky_tablet=\"off\"\n        data-collapse_when_sticky_phone=\"off\"\n        data-skh=\"off\"\n        data-mtocai=\"off\"\n        data-mtocai_tablet=\"off\"\n        data-mtocai_phone=\"off\"\n        data-alh=\"off\"\n        data-ds=\"open\"\n        data-dst=\"open\"\n        data-dsp=\"open\">\n            <div class=\"pac_dtoc_title_area click_on click_tablet_on click_phone_on\">\n                <div role=\"heading\" aria-level=\"2\" id=\"pac_dtocm_title\" class=\"pac_dtoc_title\">\u00bbOpciones<\/div>\n                \n                <div class=\"pac_dtoc_icon_responsive\">\n                    <div class=\"pac_dtoc_opened_icon\">2<\/div>\n                    <div class=\"pac_dtoc_closed_icon\">3<\/div>\n                <\/div>\n                \n            <\/div>\n            <div role=\"navigation\" aria-labelledby=\"pac_dtocm_title\" class=\"pac_dtoc_body_area inside\">\n                \n                <div class='divi_table_of_contents' role=\"tree\" ><\/div>\n            <\/div>\n        <\/div>\n        \n\t\t\t\t<\/div>\n\t\t\t<\/div><\/p>\n","protected":false},"author":22,"featured_media":259664,"parent":260022,"menu_order":0,"comment_status":"closed","ping_status":"closed","template":"","meta":{"_et_pb_use_builder":"on","_et_pb_old_content":"","_et_gb_content_width":"","inline_featured_image":false,"footnotes":""},"class_list":["post-259834","page","type-page","status-publish","has-post-thumbnail","hentry"],"_links":{"self":[{"href":"https:\/\/selcedu.com\/es\/wp-json\/wp\/v2\/pages\/259834","targetHints":{"allow":["GET"]}}],"collection":[{"href":"https:\/\/selcedu.com\/es\/wp-json\/wp\/v2\/pages"}],"about":[{"href":"https:\/\/selcedu.com\/es\/wp-json\/wp\/v2\/types\/page"}],"author":[{"embeddable":true,"href":"https:\/\/selcedu.com\/es\/wp-json\/wp\/v2\/users\/22"}],"replies":[{"embeddable":true,"href":"https:\/\/selcedu.com\/es\/wp-json\/wp\/v2\/comments?post=259834"}],"version-history":[{"count":1,"href":"https:\/\/selcedu.com\/es\/wp-json\/wp\/v2\/pages\/259834\/revisions"}],"predecessor-version":[{"id":259835,"href":"https:\/\/selcedu.com\/es\/wp-json\/wp\/v2\/pages\/259834\/revisions\/259835"}],"up":[{"embeddable":true,"href":"https:\/\/selcedu.com\/es\/wp-json\/wp\/v2\/pages\/260022"}],"wp:featuredmedia":[{"embeddable":true,"href":"https:\/\/selcedu.com\/es\/wp-json\/wp\/v2\/media\/259664"}],"wp:attachment":[{"href":"https:\/\/selcedu.com\/es\/wp-json\/wp\/v2\/media?parent=259834"}],"curies":[{"name":"wp","href":"https:\/\/api.w.org\/{rel}","templated":true}]}}