{"id":259821,"date":"2024-10-17T07:29:43","date_gmt":"2024-10-17T07:29:43","guid":{"rendered":"https:\/\/selcedu.com\/servicios-a-los-estudiantes\/alojamiento-para-estudiantes\/"},"modified":"2025-04-23T20:57:51","modified_gmt":"2025-04-23T20:57:51","slug":"alojamiento-para-estudiantes","status":"publish","type":"page","link":"https:\/\/selcedu.com\/es\/admisiones\/servicios-a-los-estudiantes\/alojamiento-para-estudiantes\/","title":{"rendered":"Alojamiento para estudiantes"},"content":{"rendered":"<p>[et_pb_section fb_built=\u00bb1&#8243; next_background_color=\u00bb#ffffff\u00bb module_id=\u00bbmaterial-carrusel\u00bb _builder_version=\u00bb4.23.4&#8243; background_color=\u00bbgcid-e2b196e6-c1cd-4d7c-835d-4f50d20de00c\u00bb use_background_color_gradient=\u00bbon\u00bb background_color_gradient_direction=\u00bb45deg\u00bb background_color_gradient_stops=\u00bb#e86a15 28%|rgba(232,106,21,0.24) 99%\u00bb background_color_gradient_overlays_image=\u00bbon\u00bb background_image=\u00bbhttps:\/\/selcedu.com\/wp-content\/uploads\/2024\/03\/admission-process.webp\u00bb custom_margin=\u00bb-50px|||||\u00bb custom_padding=\u00bb||||false|false\u00bb bottom_divider_style=\u00bbasymmetric\u00bb bottom_divider_height=\u00bb113px\u00bb bottom_divider_height_tablet=\u00bb68px\u00bb bottom_divider_height_phone=\u00bb46px\u00bb bottom_divider_height_last_edited=\u00bbon|phone\u00bb collapsed=\u00bbon\u00bb global_colors_info=\u00bb{%22gcid-e2b196e6-c1cd-4d7c-835d-4f50d20de00c%22:%91%22background_color%22%93}\u00bb][et_pb_row column_structure=\u00bb3_5,2_5&#8243; _builder_version=\u00bb4.23.1&#8243; background_enable_color=\u00bboff\u00bb width=\u00bb90%\u00bb max_width=\u00bb90%\u00bb custom_margin=\u00bb100px||||false|false\u00bb custom_padding=\u00bb50px|50px|50px|50px|false|false\u00bb border_radii=\u00bbon|20px|20px|20px|20px\u00bb locked=\u00bboff\u00bb global_colors_info=\u00bb{}\u00bb][et_pb_column type=\u00bb3_5&#8243; _builder_version=\u00bb4.16&#8243; custom_padding=\u00bb|||\u00bb global_colors_info=\u00bb{}\u00bb custom_padding__hover=\u00bb|||\u00bb][et_pb_text _builder_version=\u00bb4.27.0&#8243; text_text_color=\u00bb#FFFFFF\u00bb text_font_size=\u00bb20px\u00bb link_font=\u00bbMontserrat||||||||\u00bb link_text_color=\u00bb#FFFFFF\u00bb link_font_size=\u00bb15px\u00bb header_font=\u00bbMontserrat|700|||||||\u00bb header_text_color=\u00bb#FFFFFF\u00bb header_font_size=\u00bb45px\u00bb header_letter_spacing=\u00bb3px\u00bb header_line_height=\u00bb140%\u00bb header_2_font=\u00bbMontserrat|700|||||||\u00bb header_2_text_color=\u00bbgcid-e2b196e6-c1cd-4d7c-835d-4f50d20de00c\u00bb header_2_font_size=\u00bb35px\u00bb header_2_line_height=\u00bb2em\u00bb header_3_font=\u00bbMontserrat||||||||\u00bb header_3_text_align=\u00bbcenter\u00bb header_3_text_color=\u00bb#312a29&#8243; header_3_font_size=\u00bb18px\u00bb header_3_line_height=\u00bb1.5em\u00bb custom_margin=\u00bb-6px||||false|false\u00bb custom_padding=\u00bb0px||||false|false\u00bb animation_direction=\u00bbright\u00bb text_font_size_tablet=\u00bb\u00bb text_font_size_phone=\u00bb14px\u00bb text_font_size_last_edited=\u00bbon|phone\u00bb header_font_size_tablet=\u00bb40px\u00bb header_font_size_phone=\u00bb24px\u00bb header_font_size_last_edited=\u00bbon|tablet\u00bb global_colors_info=\u00bb{%22gcid-d0328ec1-b9c5-42bf-af93-bacd6777b9fa%22:%91%22header_3_text_color%22,%22header_3_text_color%22%93,%22gcid-e2b196e6-c1cd-4d7c-835d-4f50d20de00c%22:%91%22header_2_text_color%22%93}\u00bb]<\/p>\n<h1>Alojamiento para estudiantes<\/h1>\n<p>[\/et_pb_text][et_pb_text _builder_version=\u00bb4.27.0&#8243; _module_preset=\u00bbdefault\u00bb text_font=\u00bbMontserrat|300|||||||\u00bb text_text_color=\u00bb#FFFFFF\u00bb text_font_size=\u00bb16px\u00bb text_line_height=\u00bb1.8em\u00bb custom_margin=\u00bb||50px||false|false\u00bb custom_margin_tablet=\u00bb||0px||false|false\u00bb custom_margin_phone=\u00bb||0px||false|false\u00bb custom_margin_last_edited=\u00bbon|desktop\u00bb global_colors_info=\u00bb{%22gcid-d0328ec1-b9c5-42bf-af93-bacd6777b9fa%22:%91%22header_3_text_color%22%93}\u00bb]Encontrar el lugar adecuado para vivir mientras cursas tus estudios es una de las decisiones m\u00e1s importantes que tomar\u00e1s como estudiante. Entendemos que un alojamiento seguro, c\u00f3modo y pr\u00e1ctico es clave para tu \u00e9xito acad\u00e9mico.   <\/p>\n<p>Por eso nos hemos asociado con proveedores de alojamiento de confianza en Canad\u00e1 para ofrecer una serie de opciones de alojamiento o estancia en familia que se adaptan a diferentes estilos de vida y presupuestos.[\/et_pb_text][\/et_pb_column][et_pb_column type=\u00bb2_5&#8243; _builder_version=\u00bb4.16&#8243; custom_padding=\u00bb|||\u00bb global_colors_info=\u00bb{}\u00bb custom_padding__hover=\u00bb|||\u00bb][\/et_pb_column][\/et_pb_row][\/et_pb_section][et_pb_section fb_built=\u00bb1&#8243; use_custom_gutter=\u00bbon\u00bb gutter_width=\u00bb2&#8243; specialty=\u00bbon\u00bb _builder_version=\u00bb4.23.4&#8243; _module_preset=\u00bbdefault\u00bb width=\u00bb100%\u00bb max_width=\u00bb100%\u00bb inner_max_width=\u00bb1400px\u00bb global_colors_info=\u00bb{}\u00bb][et_pb_column type=\u00bb1_3&#8243; _builder_version=\u00bb4.16&#8243; custom_padding=\u00bb|||\u00bb global_colors_info=\u00bb{}\u00bb custom_padding__hover=\u00bb|||\u00bb][pac_divi_table_of_contents title=\u00bbEsquema de admisi\u00f3n\u00bb opened_icon=\u00bb:||divi||400&#8243; closed_icon=\u00bb;||divi||400&#8243; included_headings=\u00bboff|on|off|off|off|off\u00bb title_container_bg_color=\u00bbgcid-e2b196e6-c1cd-4d7c-835d-4f50d20de00c\u00bb _builder_version=\u00bb4.23.4&#8243; _module_preset=\u00bbdefault\u00bb title_font_font=\u00bbMontserrat||||||||\u00bb title_text_align=\u00bbleft\u00bb title_font_size=\u00bb18px\u00bb keyword_highlight_font=\u00bbMontserrat||||||||\u00bb sticky_position=\u00bbtop\u00bb sticky_offset_top=\u00bb71px\u00bb sticky_limit_bottom=\u00bbsection\u00bb sticky_position_tablet=\u00bbnone\u00bb sticky_position_phone=\u00bbnone\u00bb sticky_position_last_edited=\u00bbon|desktop\u00bb border_radii=\u00bbon|10px|10px|10px|10px\u00bb global_colors_info=\u00bb{%22gcid-e2b196e6-c1cd-4d7c-835d-4f50d20de00c%22:%91%22title_container_bg_color%22%93}\u00bb][\/pac_divi_table_of_contents][\/et_pb_column][et_pb_column type=\u00bb2_3&#8243; specialty_columns=\u00bb2&#8243; _builder_version=\u00bb4.16&#8243; custom_padding=\u00bb|||\u00bb global_colors_info=\u00bb{}\u00bb custom_padding__hover=\u00bb|||\u00bb][et_pb_row_inner _builder_version=\u00bb4.24.3&#8243; _module_preset=\u00bbdefault\u00bb scroll_vertical_motion=\u00bb0|40|55|100|4|0|-4&#8243; scroll_blur=\u00bb0|30|60|100|10|0|0&#8243; motion_trigger_start=\u00bbtop\u00bb global_colors_info=\u00bb{}\u00bb][et_pb_column_inner saved_specialty_column_type=\u00bb2_3&#8243; _builder_version=\u00bb4.23.4&#8243; _module_preset=\u00bbdefault\u00bb global_colors_info=\u00bb{}\u00bb][et_pb_text _builder_version=\u00bb4.27.0&#8243; _module_preset=\u00bbdefault\u00bb text_font=\u00bbMontserrat|300|||||||\u00bb text_text_color=\u00bbgcid-d0328ec1-b9c5-42bf-af93-bacd6777b9fa\u00bb text_font_size=\u00bb16px\u00bb text_line_height=\u00bb1.8em\u00bb link_text_color=\u00bbgcid-e2b196e6-c1cd-4d7c-835d-4f50d20de00c\u00bb global_colors_info=\u00bb{%22gcid-d0328ec1-b9c5-42bf-af93-bacd6777b9fa%22:%91%22header_3_text_color%22,%22header_3_text_color%22,%22text_text_color%22%93,%22gcid-e2b196e6-c1cd-4d7c-835d-4f50d20de00c%22:%91%22link_text_color%22%93}\u00bb]<\/p>\n<p>Elegir el alojamiento adecuado no consiste s\u00f3lo en tener un lugar donde dormir, sino en crear un hogar que apoye tu crecimiento acad\u00e9mico y personal.<\/p>\n<p>Nuestra gama de opciones de alojamiento y servicios centrados en el estudiante garantizan que tu experiencia vital mejore tu estancia en SELC College, permiti\u00e9ndote centrarte en alcanzar tus objetivos acad\u00e9micos.<\/p>\n<h2>Nuestros socios de alojamiento para estudiantes en Canad\u00e1<\/h2>\n<p><a href=\"https:\/\/vanmates.com\/\" target=\"_blank\" rel=\"dofollow noopener\" title=\"  Vanmates Alojamiento\"><strong>Vanmates Alojamiento<\/strong><\/a><span style=\"box-sizing: border-box; margin: 0px; padding: 0px;\">  es una de las empresas de alojamiento para estudiantes m\u00e1s conocidas y mejor valoradas de Canad\u00e1. Ofrecen diversas opciones de alojamiento para estudiantes internacionales <\/span>.<\/p>\n<p>Los estudiantes pueden reservar su alojamiento utilizando el siguiente enlace.<\/p>\n<p>[\/et_pb_text][et_pb_button button_url=\u00bbhttps:\/\/vanmatescanada.typeform.com\/to\/UshnYNfy\u00bb button_text=\u00bbFormulario de solicitud de Vanmates\u00bb button_alignment=\u00bbleft\u00bb _builder_version=\u00bb4.27.0&#8243; _module_preset=\u00bbdefault\u00bb custom_button=\u00bbon\u00bb button_text_color=\u00bb#FFFFFF\u00bb button_bg_color=\u00bbgcid-e2b196e6-c1cd-4d7c-835d-4f50d20de00c\u00bb button_border_width=\u00bb0px\u00bb button_border_color=\u00bbgcid-e2b196e6-c1cd-4d7c-835d-4f50d20de00c\u00bb button_border_radius=\u00bb5px\u00bb button_font=\u00bbMontserrat|300|||||||\u00bb button_icon=\u00bb&#x3d;||divi||400&#8243; button_on_hover=\u00bboff\u00bb custom_padding=\u00bb20px|50px|20px|30px|false|false\u00bb locked=\u00bboff\u00bb global_colors_info=\u00bb{%22gcid-e2b196e6-c1cd-4d7c-835d-4f50d20de00c%22:%91%22button_bg_color%22,%22button_text_color__hover%22,%22button_border_color%22,%22button_border_color__hover%22%93}\u00bb button_bg_color__hover_enabled=\u00bbon|hover\u00bb button_text_size__hover_enabled=\u00bbon|hover\u00bb button_bg_color__hover=\u00bb#FFFFFF\u00bb button_bg_enable_color__hover=\u00bbon\u00bb button_text_color__hover_enabled=\u00bbon|desktop\u00bb button_text_color__hover=\u00bb#ed591e\u00bb button_text_size__hover=\u00bb21px\u00bb button_border_width__hover_enabled=\u00bbon|hover\u00bb button_border_width__hover=\u00bb1px\u00bb button_border_color__hover_enabled=\u00bbon|hover\u00bb button_border_color__hover=\u00bb#ed591e\u00bb][\/et_pb_button][et_pb_text _builder_version=\u00bb4.27.0&#8243; _module_preset=\u00bbdefault\u00bb text_font=\u00bbMontserrat|300|||||||\u00bb text_text_color=\u00bbgcid-d0328ec1-b9c5-42bf-af93-bacd6777b9fa\u00bb text_font_size=\u00bb16px\u00bb text_line_height=\u00bb1.8em\u00bb link_text_color=\u00bbgcid-e2b196e6-c1cd-4d7c-835d-4f50d20de00c\u00bb global_colors_info=\u00bb{%22gcid-d0328ec1-b9c5-42bf-af93-bacd6777b9fa%22:%91%22header_3_text_color%22,%22header_3_text_color%22,%22text_text_color%22%93,%22gcid-e2b196e6-c1cd-4d7c-835d-4f50d20de00c%22:%91%22link_text_color%22%93}\u00bb]<\/p>\n<p><a href=\"northwesthomestay.com\" target=\"_blank\" rel=\"nofollow noopener\" title=\"Agencia Noroeste\"><strong>Agencia Noroeste<\/strong><\/a><span style=\"box-sizing: border-box; margin: 0px; padding: 0px;\"> <span>est\u00e1 comprometida con tu satisfacci\u00f3n y con la calidad de los servicios que ofrecemos<\/span>. <\/span> <\/p>\n<p>Los estudiantes pueden reservar su alojamiento utilizando el siguiente enlace.<\/p>\n<p>[\/et_pb_text][et_pb_button button_url=\u00bbhttps:\/\/share.hsforms.com\/1DCplmT4RR4m1GxklLBO6rAc758g\u00bb button_text=\u00bbFormulario de solicitud del Noroeste\u00bb button_alignment=\u00bbleft\u00bb _builder_version=\u00bb4.27.0&#8243; _module_preset=\u00bbdefault\u00bb custom_button=\u00bbon\u00bb button_text_color=\u00bb#FFFFFF\u00bb button_bg_color=\u00bbgcid-e2b196e6-c1cd-4d7c-835d-4f50d20de00c\u00bb button_border_width=\u00bb0px\u00bb button_border_color=\u00bbgcid-e2b196e6-c1cd-4d7c-835d-4f50d20de00c\u00bb button_border_radius=\u00bb5px\u00bb button_font=\u00bbMontserrat|300|||||||\u00bb button_icon=\u00bb&#x3d;||divi||400&#8243; button_on_hover=\u00bboff\u00bb custom_padding=\u00bb20px|50px|20px|30px|false|false\u00bb locked=\u00bboff\u00bb global_colors_info=\u00bb{%22gcid-e2b196e6-c1cd-4d7c-835d-4f50d20de00c%22:%91%22button_bg_color%22,%22button_text_color__hover%22,%22button_border_color%22,%22button_border_color__hover%22%93}\u00bb button_bg_color__hover_enabled=\u00bbon|hover\u00bb button_text_size__hover_enabled=\u00bbon|hover\u00bb button_bg_color__hover=\u00bb#FFFFFF\u00bb button_bg_enable_color__hover=\u00bbon\u00bb button_text_color__hover_enabled=\u00bbon|desktop\u00bb button_text_color__hover=\u00bb#ed591e\u00bb button_text_size__hover=\u00bb21px\u00bb button_border_width__hover_enabled=\u00bbon|hover\u00bb button_border_width__hover=\u00bb1px\u00bb button_border_color__hover_enabled=\u00bbon|hover\u00bb button_border_color__hover=\u00bb#ed591e\u00bb][\/et_pb_button][et_pb_text _builder_version=\u00bb4.27.4&#8243; _module_preset=\u00bbdefault\u00bb text_font=\u00bbMontserrat|300|||||||\u00bb text_text_color=\u00bbgcid-d0328ec1-b9c5-42bf-af93-bacd6777b9fa\u00bb text_font_size=\u00bb16px\u00bb text_line_height=\u00bb1.8em\u00bb link_text_color=\u00bbgcid-e2b196e6-c1cd-4d7c-835d-4f50d20de00c\u00bb hover_enabled=\u00bb0&#8243; global_colors_info=\u00bb{%22gcid-d0328ec1-b9c5-42bf-af93-bacd6777b9fa%22:%91%22header_3_text_color%22,%22header_3_text_color%22,%22text_text_color%22%93,%22gcid-e2b196e6-c1cd-4d7c-835d-4f50d20de00c%22:%91%22link_text_color%22%93}\u00bb sticky_enabled=\u00bb0&#8243;]<\/p>\n<p><a href=\"https:\/\/www.homesweethomestay.com\" target=\"_blank\" rel=\"nofollow noopener\" title=\"Agencia Noroeste\"><strong>Home Sweet Homestay Canad\u00e1<\/strong><\/a><span style=\"box-sizing: border-box; margin: 0px; padding: 0px;\"> <span>es s un agente exclusivo\/proveedor directo de programas de alojamiento escolar.<\/span><\/span><\/p>\n<p><span style=\"box-sizing: border-box; margin: 0px; padding: 0px;\"><span>  Los estudiantes internacionales interesados en beneficiarse de los servicios premium de HSH pueden ponerse en contacto con un representante de su zona para organizar las reservas.<\/span><\/span><\/p>\n<p>[\/et_pb_text][et_pb_button button_url=\u00bbhttps:\/\/www.homesweethomestay.com\/students\/selc-student-application-form\/\u00bb button_text=\u00bbFormulario de solicitud de estancia en casa\u00bb button_alignment=\u00bbleft\u00bb _builder_version=\u00bb4.27.4&#8243; _module_preset=\u00bbdefault\u00bb custom_button=\u00bbon\u00bb button_text_color=\u00bb#FFFFFF\u00bb button_bg_color=\u00bbgcid-e2b196e6-c1cd-4d7c-835d-4f50d20de00c\u00bb button_border_width=\u00bb0px\u00bb button_border_color=\u00bbgcid-e2b196e6-c1cd-4d7c-835d-4f50d20de00c\u00bb button_border_radius=\u00bb5px\u00bb button_font=\u00bbMontserrat|300|||||||\u00bb button_icon=\u00bb&#x3d;||divi||400&#8243; button_on_hover=\u00bboff\u00bb custom_padding=\u00bb20px|50px|20px|30px|false|false\u00bb hover_enabled=\u00bb0&#8243; locked=\u00bboff\u00bb global_colors_info=\u00bb{%22gcid-e2b196e6-c1cd-4d7c-835d-4f50d20de00c%22:%91%22button_bg_color%22,%22button_text_color__hover%22,%22button_border_color%22,%22button_border_color__hover%22%93}\u00bb button_bg_color__hover_enabled=\u00bbon|hover\u00bb button_text_size__hover_enabled=\u00bbon|hover\u00bb button_bg_color__hover=\u00bb#FFFFFF\u00bb button_bg_enable_color__hover=\u00bbon\u00bb button_text_color__hover_enabled=\u00bbon|desktop\u00bb button_text_color__hover=\u00bb#ed591e\u00bb button_text_size__hover=\u00bb21px\u00bb button_border_width__hover_enabled=\u00bbon|hover\u00bb button_border_width__hover=\u00bb1px\u00bb button_border_color__hover_enabled=\u00bbon|hover\u00bb button_border_color__hover=\u00bb#ed591e\u00bb url_new_window=\u00bbon\u00bb sticky_enabled=\u00bb0&#8243;][\/et_pb_button][et_pb_text _builder_version=\u00bb4.27.0&#8243; _module_preset=\u00bbdefault\u00bb text_font=\u00bbMontserrat|300|||||||\u00bb text_text_color=\u00bbgcid-d0328ec1-b9c5-42bf-af93-bacd6777b9fa\u00bb text_font_size=\u00bb16px\u00bb text_line_height=\u00bb1.8em\u00bb global_colors_info=\u00bb{%22gcid-d0328ec1-b9c5-42bf-af93-bacd6777b9fa%22:%91%22header_3_text_color%22,%22text_text_color%22%93}\u00bb]<\/p>\n<h2>Tipos de alojamiento<\/h2>\n<p>&nbsp;<\/p>\n<h3>1. Alojamiento en el campus<\/h3>\n<p>Vivir en el campus ofrece la experiencia estudiantil m\u00e1s integrada. Estar\u00e1s a un paso de las clases, de las instalaciones del campus y de una vibrante comunidad estudiantil. Ideal para los estudiantes que quieren sumergirse totalmente en la vida del campus, la vivienda en el campus fomenta fuertes conexiones con los compa\u00f1eros, al tiempo que ofrece un equilibrio entre el estudio y la vida social.  <\/p>\n<p><strong>Caracter\u00edsticas:<\/strong><\/p>\n<ul>\n<li>Habitaciones totalmente amuebladas<\/li>\n<li>Planes de comidas y opciones gastron\u00f3micas<\/li>\n<li>Seguridad y personal de apoyo 24\/7<\/li>\n<li>Acceso a salas de estudiantes, zonas de estudio y espacios comunes<\/li>\n<li>Organizaci\u00f3n de actos sociales para mejorar la interacci\u00f3n entre los estudiantes<\/li>\n<\/ul>\n<p><strong>Ventajas<\/strong>:<\/p>\n<ul>\n<li>F\u00e1cil acceso a los recursos acad\u00e9micos y a las actividades del campus<\/li>\n<li>Mayor compromiso social y oportunidades de entablar amistades<\/li>\n<li>Log\u00edstica simplificada, con utilidades y otros servicios incluidos<\/li>\n<\/ul>\n<h3>2. Apartamentos fuera del campus<\/h3>\n<p>Si prefieres m\u00e1s independencia, nuestras opciones de apartamentos fuera del campus ofrecen mayor autonom\u00eda sin dejar de estar convenientemente situados cerca del campus.<\/p>\n<p>Elige entre una variedad de apartamentos dise\u00f1ados para la vida estudiantil, desde estudios a espacios compartidos con compa\u00f1eros de piso. Disfrutar\u00e1s de la libertad de gestionar tu propio espacio al tiempo que te beneficias de la seguridad y el apoyo de proveedores de alojamiento de confianza. <\/p>\n<p><strong>Caracter\u00edsticas<\/strong>:<\/p>\n<ul>\n<li>Opciones de apartamentos individuales o compartidos<\/li>\n<li>Cocinas y salas de estar totalmente equipadas<\/li>\n<li>Proximidad al transporte p\u00fablico y a los servicios locales<\/li>\n<li>Condiciones de alquiler flexibles adaptadas a los horarios de los estudiantes<\/li>\n<\/ul>\n<p><strong>Ventajas<\/strong>:<\/p>\n<ul>\n<li>M\u00e1s espacio personal e independencia<\/li>\n<li>Libertad para crear tu propio entorno vital<\/li>\n<li>Comunidades muy unidas dentro del complejo de apartamentos<\/li>\n<li>Opciones de precios asequibles que se ajustan a los presupuestos de los estudiantes<\/li>\n<\/ul>\n<p><strong>Programas de estancia en familia<\/strong><\/p>\n<p>Experimenta un intercambio cultural y las comodidades del hogar con nuestro programa de estancia en familia, en el que los estudiantes viven con familias locales. Esta opci\u00f3n es perfecta para los estudiantes que desean una conexi\u00f3n m\u00e1s profunda con la cultura y la comunidad locales, ya que ofrece una oportunidad \u00fanica para practicar el idioma y adaptarse al estilo de vida local. Las familias de acogida se seleccionan cuidadosamente para proporcionar un entorno acogedor y de apoyo.  <\/p>\n<p><strong>Caracter\u00edsticas:<\/strong><\/p>\n<ul>\n<li>Dormitorios privados o compartidos en una casa familiar<\/li>\n<li>Comidas caseras proporcionadas por la familia de acogida<\/li>\n<li>Entorno familiar de apoyo y exposici\u00f3n cultural local<\/li>\n<li>Oportunidades para practicar ingl\u00e9s o franc\u00e9s en las conversaciones diarias<\/li>\n<\/ul>\n<p><strong>Ventajas:<\/strong><\/p>\n<ul>\n<li>Apoyo personalizado de tu familia de acogida<\/li>\n<li>Inmersi\u00f3n cultural y mejor comprensi\u00f3n de la vida local<\/li>\n<li>Ideal para estudiantes internacionales que buscan facilitar la transici\u00f3n<\/li>\n<li>Opciones de vivienda asequibles con menos costes de vida adicionales<\/li>\n<\/ul>\n<h2>C\u00f3mo solicitar alojamiento<\/h2>\n<p>Solicitar alojamiento es sencillo y flexible para adaptarse a tus preferencias. He aqu\u00ed c\u00f3mo puedes empezar: <\/p>\n<p><strong>1. Explora tus opciones<\/strong>: Explora las opciones de alojamiento y decide qu\u00e9 tipo de alojamiento se adapta mejor a tus necesidades y estilo de vida.<\/p>\n<p><strong>2. Env\u00eda tu solicitud<\/strong>: Rellena el formulario de solicitud de alojamiento en l\u00ednea. Aseg\u00farate de proporcionar detalles precisos sobre tus preferencias de alojamiento y cualquier requisito espec\u00edfico (por ejemplo, necesidades diet\u00e9ticas, accesibilidad). <\/p>\n<p><strong>3. Recibir una oferta de alojamiento<\/strong>: Una vez procesada tu solicitud, recibir\u00e1s una oferta de alojamiento, en la que se detallar\u00e1 tu asignaci\u00f3n de vivienda y las fechas de mudanza.<\/p>\n<p><strong>4. Confirma tu plaza<\/strong>: Acepta la oferta de alojamiento y sigue las instrucciones para confirmar tu plaza. Aseg\u00farate de cumplir los plazos de pago o de presentar los documentos necesarios. <\/p>\n<p><strong>5. Prep\u00e1rate para la mudanza<\/strong>: Nuestro equipo de servicios estudiantiles te dar\u00e1 instrucciones detalladas el d\u00eda de tu mudanza y te ayudar\u00e1 a instalarte en tu nuevo hogar.<\/p>\n<p>[\/et_pb_text][ds_timeline _builder_version=\u00bb4.24.3&#8243; _module_preset=\u00bbdefault\u00bb global_colors_info=\u00bb{}\u00bb][\/ds_timeline][\/et_pb_column_inner][\/et_pb_row_inner][\/et_pb_column][\/et_pb_section]<\/p>\n","protected":false},"excerpt":{"rendered":"<p>Alojamiento para estudiantesEncontrar el lugar adecuado para vivir mientras cursas tus estudios es una de las decisiones m\u00e1s importantes que tomar\u00e1s como estudiante. Entendemos que un alojamiento seguro, c\u00f3modo y pr\u00e1ctico es clave para tu \u00e9xito acad\u00e9mico. Por eso nos hemos asociado con proveedores de alojamiento de confianza en Canad\u00e1 para ofrecer una serie de [&hellip;]<\/p>\n","protected":false},"author":22,"featured_media":259666,"parent":259778,"menu_order":0,"comment_status":"closed","ping_status":"closed","template":"","meta":{"_et_pb_use_builder":"on","_et_pb_old_content":"","_et_gb_content_width":"","inline_featured_image":false,"footnotes":""},"class_list":["post-259821","page","type-page","status-publish","has-post-thumbnail","hentry"],"_links":{"self":[{"href":"https:\/\/selcedu.com\/es\/wp-json\/wp\/v2\/pages\/259821","targetHints":{"allow":["GET"]}}],"collection":[{"href":"https:\/\/selcedu.com\/es\/wp-json\/wp\/v2\/pages"}],"about":[{"href":"https:\/\/selcedu.com\/es\/wp-json\/wp\/v2\/types\/page"}],"author":[{"embeddable":true,"href":"https:\/\/selcedu.com\/es\/wp-json\/wp\/v2\/users\/22"}],"replies":[{"embeddable":true,"href":"https:\/\/selcedu.com\/es\/wp-json\/wp\/v2\/comments?post=259821"}],"version-history":[{"count":3,"href":"https:\/\/selcedu.com\/es\/wp-json\/wp\/v2\/pages\/259821\/revisions"}],"predecessor-version":[{"id":262564,"href":"https:\/\/selcedu.com\/es\/wp-json\/wp\/v2\/pages\/259821\/revisions\/262564"}],"up":[{"embeddable":true,"href":"https:\/\/selcedu.com\/es\/wp-json\/wp\/v2\/pages\/259778"}],"wp:featuredmedia":[{"embeddable":true,"href":"https:\/\/selcedu.com\/es\/wp-json\/wp\/v2\/media\/259666"}],"wp:attachment":[{"href":"https:\/\/selcedu.com\/es\/wp-json\/wp\/v2\/media?parent=259821"}],"curies":[{"name":"wp","href":"https:\/\/api.w.org\/{rel}","templated":true}]}}